{"id":4183,"date":"2024-02-27T11:28:56","date_gmt":"2024-02-27T10:28:56","guid":{"rendered":"https:\/\/fatbike-de.com\/?post_type=product&#038;p=4183"},"modified":"2024-02-27T11:30:14","modified_gmt":"2024-02-27T10:30:14","slug":"tern-vektron-s10","status":"publish","type":"product","link":"https:\/\/fatbike-de.com\/index.php\/product\/tern-vektron-s10\/","title":{"rendered":"tern Vektron S10"},"content":{"rendered":"<h2 class=\"product--title\"><strong>tern<\/strong>\u00a0Vektron S10<\/h2>\n<p>Das Tern Vektron S10 kommt mit starkem Bosch-Antrieb, SHIMANO Deore 10-fach Schaltung, MAGURA MT-4 Scheibenbremsen und neu entwickeltem Rahmen. Zusammen mit dem sehr robusten ATLAS Gep\u00e4cktr\u00e4ger, guter Beleuchtung und Schutzblechen ist das E-Faltrad f\u00fcr jede Gelegenheit ger\u00fcstet.<\/p>\n<p>Das Vektron ist ein erstklassiges E-Bike, das sich in nur 10 Sekunden zusammenfalten l\u00e4sst, um es im Zug, Auto oder unter dem Schreibtisch zu verstauen. Mit einem elektrischen Antrieb sind die 20-Zoll-R\u00e4der beinah so schnell wie 28-Z\u00f6ller. Das hei\u00dft, Fahrer k\u00f6nnen von allen Vorteilen von kleinen R\u00e4dern profitieren \u2013 kleine Gr\u00f6\u00dfe, niedriger Schwerpunkt, schnelle Beschleunigung, gutes Handling und viel Stauraum \u2013 und dabei die Geschwindigkeit eines gro\u00dfen Rads genie\u00dfen.<\/p>\n<hr \/>\n<h3>Features &#8211; Tern Vektron S10<\/h3>\n<ul>\n<li>Bosch Performance Line Motor \u2013 bis zu 65 Nm Drehmoment und 300% Tretkraftunterst\u00fctzung<\/li>\n<li>10-Gang Shimano Deore Schaltung f\u00fcr Vielseitigkeit<\/li>\n<li>Hydraulische Magura MT-4 Scheibenbremsen f\u00fcr sicheres Bremsen bei jedem Wetter<\/li>\n<li>Tern Valo Scheinwerfer f\u00fcr Sichtbarkeit rund um die Uhr<\/li>\n<li>Bosch 500 Wattstunden Akku f\u00fcr gro\u00dfe Reichweite<\/li>\n<li>Andros Vorbau, in Sekundenschnelle einstellbar f\u00fcr Biker von ca. 147\u2013195 cm<\/li>\n<li>Stabiler Atlas Gep\u00e4cktr\u00e4ger f\u00fcr den Transport deiner Ausr\u00fcstung<\/li>\n<li><b>Gr\u00f6\u00dfe zusamengefaltet:<\/b>\u00a041 x 86 x 68 cm<\/li>\n<li><b>Maximale Zuladung:<\/b>\u00a0105 kg<\/li>\n<li><b>Empfohlene K\u00f6rpergr\u00f6\u00dfe:<\/b>\u00a0147 &#8211; 195 cm<\/li>\n<\/ul>\n<hr \/>\n<h3>Technologie<\/h3>\n<p><strong>OCL+\u2122 Rahmengelenk &#8211; ROBUSTE FALT-TECHNOLOGIE<\/strong><br \/> Das OCL+ kommt bereits im Longtail-Lastenrad Tern Cargo Node zum Einsatz und ist dank moderner Schwei\u00dfverfahren und solider Knotenbleche jederzeit steif und stabil.<\/p>\n<ul>\n<li><em>Stabiler dank Design<\/em><br \/> Stabilit\u00e4t und Steifheit konnten mehr als verdoppelt werden, da das Gelenk gr\u00f6\u00dfer wurde und die schwenkbaren Oberfl\u00e4chen aus der Mittelachse ger\u00fcckt wurden. Man sp\u00fcrt den Unterschied schon bei der ersten Fahrt.<\/li>\n<li><em>Leichte Handhabung<\/em><br \/> Das patentierte Design sieht vier igus\u00ae-Lager zwischen den beweglichen Aluminium- und Edelstahlteilen vor, so dass der Faltvorgang immer leicht und reibungsfrei vonstatten geht.<\/li>\n<li><em>Ineinandergreifendes Gelenk<\/em><br \/> Die vordere und hintere H\u00e4lfte des Faltgelenks greifen ineinander und lassen so keine torsionale Verwindung zu.<\/li>\n<li><em>Gute Haptik<\/em><br \/> Gro\u00dfe, abgerundete Oberfl\u00e4chen am Griff und an den Gelenken schmeicheln den H\u00e4nden und machen die Bedienung denkbar einfach.<\/li>\n<li><em>Doppelte Sicherheit<\/em><br \/> Beim Schlie\u00dfen des Hebels rastet der AutoLok\u2122 automatisch ein &#8211; f\u00fcr extra Sicherheit.<\/li>\n<li><em>Floating Point Technologie<\/em><br \/> Dank patentierter Technologie liegt der Hebel bei der Fahrt flach und gut gesch\u00fctzt am Gelenk an.<\/li>\n<li><em>Einfache Wartung<\/em><br \/> Gute Produkte sind lange haltbar &#8211; deshalb ist das OCL+ so konstruiert, dass es vom Fachh\u00e4ndler leicht gewartet werden kann. Wir haben haben alle Teile vorr\u00e4tig: und sollten die Lager doch einmal verschlei\u00dfen, kann sie jeder Fachh\u00e4ndler in ein paar Minuten ersetzen.<\/li>\n<li><em>Pr\u00e4zisionsfertigung<\/em><br \/> Eine Fertigungstoleranz von nur 50 Mikrometern stellt den absolut passenden Sitz aller Bauteile sicher und schlie\u00dft Ungenauigkeiten oder gar Klappern kategorisch aus.<\/li>\n<li><em>Bauteile aus rostfreiem Stahl<\/em><br \/> Kaltgeformter rostfreier Stahl garantiert jene Haltbarkeit und Belastbarkeit, die man f\u00fcr t\u00e4gliche Fahrten bei jedem Wetter braucht.<\/li>\n<\/ul>\n<p>&nbsp;<\/p>\n<h3>How to Fold and Roll the Vektron Electric Folding Bike<\/h3>\n<h3>How to Unfold the Vektron Electric Folding Bike after Rolling<\/h3>\n<h2>Ausstattung<\/h2>\n<div class=\"product--properties panel has--border\">\n<table class=\"product--properties-table\">\n<tbody>\n<tr class=\"product--properties-row row1\">\n<td class=\"product--properties-label is--bold\">Rahmen:<\/td>\n<td class=\"product--properties-value\">Tern Vektron, hydroformed 7005-AL, OCL+ joint, 3 patented technologies<\/td>\n<\/tr>\n<tr class=\"product--properties-row row2\">\n<td class=\"product--properties-label is--bold\">Farbe:<\/td>\n<td class=\"product--properties-value\">black \/ bronze<\/td>\n<\/tr>\n<tr class=\"product--properties-row row3\">\n<td class=\"product--properties-label is--bold\">Gabel:<\/td>\n<td class=\"product--properties-value\">Tern Tarsus, 6061-Al, hydroformed<\/td>\n<\/tr>\n<tr class=\"product--properties-row row4\">\n<td class=\"product--properties-label is--bold\">Bremsen:<\/td>\n<td class=\"product--properties-value\">Magura MT4, hydraulic disc<\/td>\n<\/tr>\n<tr class=\"product--properties-row row5\">\n<td class=\"product--properties-label is--bold\">Bremshebel:<\/td>\n<td class=\"product--properties-value\">Magura, hydraulic disc<\/td>\n<\/tr>\n<tr class=\"product--properties-row row6\">\n<td class=\"product--properties-label is--bold\">Steuersatz:<\/td>\n<td class=\"product--properties-value\">Flux Pro, angular contact bearings, Physis integrated<\/td>\n<\/tr>\n<tr class=\"product--properties-row row7\">\n<td class=\"product--properties-label is--bold\">Vorbau:<\/td>\n<td class=\"product--properties-value\">Tern Andros, adjustable, forged construction, Tern Physis 3D, 3D forged<\/td>\n<\/tr>\n<tr class=\"product--properties-row row8\">\n<td class=\"product--properties-label is--bold\">Lenker:<\/td>\n<td class=\"product--properties-value\">Kinetix Comp, double-butted 6061-AL, Tern Andros adapted<\/td>\n<\/tr>\n<tr class=\"product--properties-row row9\">\n<td class=\"product--properties-label is--bold\">Griffe:<\/td>\n<td class=\"product--properties-value\">Ergon<\/td>\n<\/tr>\n<tr class=\"product--properties-row row10\">\n<td class=\"product--properties-label is--bold\">Sattel:<\/td>\n<td class=\"product--properties-value\">Tern Porter+, patented GripPad design, PrimeGel padding<\/td>\n<\/tr>\n<tr class=\"product--properties-row row11\">\n<td class=\"product--properties-label is--bold\">Sattelst\u00fctze:<\/td>\n<td class=\"product--properties-value\">Tern Telescope, 34.9\/30.9 mm, 2014-AL<\/td>\n<\/tr>\n<tr class=\"product--properties-row row12\">\n<td class=\"product--properties-label is--bold\">Sattelklemme:<\/td>\n<td class=\"product--properties-value\">Tern Collar, 6061-AL, 2pc<\/td>\n<\/tr>\n<tr class=\"product--properties-row row13\">\n<td class=\"product--properties-label is--bold\">Kurbel:<\/td>\n<td class=\"product--properties-value\">Vektron custom, forged 6061-AL crankarm<\/td>\n<\/tr>\n<tr class=\"product--properties-row row14\">\n<td class=\"product--properties-label is--bold\">Tretlager\/Innenlager:<\/td>\n<td class=\"product--properties-value\">Motor integrated<\/td>\n<\/tr>\n<tr class=\"product--properties-row row15\">\n<td class=\"product--properties-label is--bold\">Schaltwerk:<\/td>\n<td class=\"product--properties-value\">Shimano Deore Shadow+<\/td>\n<\/tr>\n<\/tbody>\n<\/table>\n<table class=\"product--properties-table\">\n<tbody>\n<tr class=\"product--properties-row row16\">\n<td class=\"product--properties-label is--bold\">Schalthebel:<\/td>\n<td class=\"product--properties-value\">Shimano Deore, 1 x 10 spd<\/td>\n<\/tr>\n<tr class=\"product--properties-row row17\">\n<td class=\"product--properties-label is--bold\">Kassette:<\/td>\n<td class=\"product--properties-value\">Shimano 11-34T, 10 spd<\/td>\n<\/tr>\n<tr class=\"product--properties-row row18\">\n<td class=\"product--properties-label is--bold\">Kette:<\/td>\n<td class=\"product--properties-value\">10 spd, DHT for eBike, GST corrosion resistant coating<\/td>\n<\/tr>\n<tr class=\"product--properties-row row19\">\n<td class=\"product--properties-label is--bold\">Reifen:<\/td>\n<td class=\"product--properties-value\">Schwalbe Big Apple, Performance Line, 55-406, puncture protection, Reflex<\/td>\n<\/tr>\n<tr class=\"product--properties-row row20\">\n<td class=\"product--properties-label is--bold\">Naben:<\/td>\n<td class=\"product--properties-value\">Novatec, sealed cartridge bearing, disc<\/td>\n<\/tr>\n<tr class=\"product--properties-row row21\">\n<td class=\"product--properties-label is--bold\">Speichen:<\/td>\n<td class=\"product--properties-value\">Stainless steel, double-butted<\/td>\n<\/tr>\n<tr class=\"product--properties-row row22\">\n<td class=\"product--properties-label is--bold\">Felgen:<\/td>\n<td class=\"product--properties-value\">Kinetix Comp, for disc<\/td>\n<\/tr>\n<tr class=\"product--properties-row row23\">\n<td class=\"product--properties-label is--bold\">Display:<\/td>\n<td class=\"product--properties-value\">Bosch Purion, 4 mode selectable, walk assist<\/td>\n<\/tr>\n<tr class=\"product--properties-row row24\">\n<td class=\"product--properties-label is--bold\">Akku:<\/td>\n<td class=\"product--properties-value\">Bosch PowerPack 500 Wh<\/td>\n<\/tr>\n<tr class=\"product--properties-row row25\">\n<td class=\"product--properties-label is--bold\">Ladeger\u00e4t:<\/td>\n<td class=\"product--properties-value\">220V, 4A (EU)<\/td>\n<\/tr>\n<tr class=\"product--properties-row row26\">\n<td class=\"product--properties-label is--bold\">Motor:<\/td>\n<td class=\"product--properties-value\">Bosch Performance Line Cruise, 300% Assist, 65 Nm Torque, max speed 25 kph (EU)<\/td>\n<\/tr>\n<tr class=\"product--properties-row row27\">\n<td class=\"product--properties-label is--bold\">Scheinwerfer:<\/td>\n<td class=\"product--properties-value\">Tern Valo Direct, 190 lumens<\/td>\n<\/tr>\n<tr class=\"product--properties-row row28\">\n<td class=\"product--properties-label is--bold\">R\u00fccklicht:<\/td>\n<td class=\"product--properties-value\">Herrmans H-Trace, for eBike<\/td>\n<\/tr>\n<tr class=\"product--properties-row row29\">\n<td class=\"product--properties-label is--bold\">Gep\u00e4cktr\u00e4ger:<\/td>\n<td class=\"product--properties-value\">Atlas V Rack, integrated 8 point mounting<\/td>\n<\/tr>\n<tr class=\"product--properties-row row30\">\n<td class=\"product--properties-label is--bold\">Pedale:<\/td>\n<td class=\"product--properties-value\">MKS EZY<\/td>\n<\/tr>\n<tr class=\"product--properties-row row31\">\n<td class=\"product--properties-label is--bold\">Sonstiges:<\/td>\n<td class=\"product--properties-value\">Schutzblech, Kettenschutz, St\u00e4nder, Glocke<\/td>\n<\/tr>\n<tr class=\"product--properties-row row32\">\n<td class=\"product--properties-label is--bold\">Gewicht Komplettrad:<\/td>\n<td class=\"product--properties-value\">22,1 kg<\/td>\n<\/tr>\n<\/tbody>\n<\/table><\/div>\n","protected":false},"excerpt":{"rendered":"<p>tern\u00a0Vektron S10 Das Tern Vektron S10 kommt mit starkem Bosch-Antrieb, SHIMANO Deore 10-fach Schaltung, MAGURA MT-4 Scheibenbremsen und neu entwickeltem Rahmen. Zusammen mit dem sehr robusten ATLAS Gep\u00e4cktr\u00e4ger, guter Beleuchtung und Schutzblechen ist das E-Faltrad f\u00fcr jede Gelegenheit ger\u00fcstet. Das Vektron ist ein erstklassiges E-Bike, das sich in nur 10 Sekunden zusammenfalten l\u00e4sst, um es im Zug, Auto oder unter\u2026<\/p>\n","protected":false},"featured_media":4214,"comment_status":"closed","ping_status":"closed","template":"","meta":[],"product_brand":[],"product_cat":[93,99,102],"product_tag":[],"class_list":{"0":"post-4183","1":"product","2":"type-product","3":"status-publish","4":"has-post-thumbnail","6":"product_cat-e-bike","7":"product_cat-e-bike-faltrad","8":"product_cat-e-bikes-2022","10":"first","11":"instock","12":"sale","13":"shipping-taxable","14":"purchasable","15":"product-type-variable"},"_links":{"self":[{"href":"https:\/\/fatbike-de.com\/index.php\/wp-json\/wp\/v2\/product\/4183","targetHints":{"allow":["GET"]}}],"collection":[{"href":"https:\/\/fatbike-de.com\/index.php\/wp-json\/wp\/v2\/product"}],"about":[{"href":"https:\/\/fatbike-de.com\/index.php\/wp-json\/wp\/v2\/types\/product"}],"replies":[{"embeddable":true,"href":"https:\/\/fatbike-de.com\/index.php\/wp-json\/wp\/v2\/comments?post=4183"}],"wp:featuredmedia":[{"embeddable":true,"href":"https:\/\/fatbike-de.com\/index.php\/wp-json\/wp\/v2\/media\/4214"}],"wp:attachment":[{"href":"https:\/\/fatbike-de.com\/index.php\/wp-json\/wp\/v2\/media?parent=4183"}],"wp:term":[{"taxonomy":"product_brand","embeddable":true,"href":"https:\/\/fatbike-de.com\/index.php\/wp-json\/wp\/v2\/product_brand?post=4183"},{"taxonomy":"product_cat","embeddable":true,"href":"https:\/\/fatbike-de.com\/index.php\/wp-json\/wp\/v2\/product_cat?post=4183"},{"taxonomy":"product_tag","embeddable":true,"href":"https:\/\/fatbike-de.com\/index.php\/wp-json\/wp\/v2\/product_tag?post=4183"}],"curies":[{"name":"wp","href":"https:\/\/api.w.org\/{rel}","templated":true}]}}