{"id":4185,"date":"2024-02-27T11:28:56","date_gmt":"2024-02-27T10:28:56","guid":{"rendered":"https:\/\/fatbike-de.com\/?post_type=product&#038;p=4185"},"modified":"2024-02-27T11:30:14","modified_gmt":"2024-02-27T10:30:14","slug":"ghost-e-teru-y-universal-eq-630-wh-2022-275-zoll-diamant","status":"publish","type":"product","link":"https:\/\/fatbike-de.com\/index.php\/product\/ghost-e-teru-y-universal-eq-630-wh-2022-275-zoll-diamant\/","title":{"rendered":"Ghost E-Teru Y Universal EQ &#8211; 630 Wh &#8211; 2022 &#8211; 27,5 Zoll &#8211; Diamant"},"content":{"rendered":"<div class=\"col product-detail-name-container\">\n<div class=\"col product-detail-name-container\">\n<div class=\"col product-detail-name-container\">\n<h2 class=\"product-detail-name\">Ghost E-Teru Y Universal EQ &#8211; 630 Wh &#8211; 2022 &#8211; 27,5 Zoll &#8211; Diamant<\/h2>\n<p>Ghost E-Teru Y Universal Robust und universell einsetzbar &#8211; dieses E-Bike ist robust wie ein Mountainbike und trotzdem bereit f\u00fcr jede Situation des Alltags. Mit Lampen, Gep\u00e4cktr\u00e4ger und St\u00e4nder ist die Stra\u00dfenausstattung komplett, die sportliche Optik und die komfortable Federgabel zeugen aber eindeutig von seinen MTB-Genen. F\u00fcr das z\u00fcgige Vorankommen sorgt der hervorragende Yamaha-Motor.<\/p>\n<h4 class=\"h3 product-detail-description-title\">Produktinformationen &#8222;Ghost E-Teru Y Universal EQ &#8211; 630 Wh &#8211; 2022 &#8211; 27,5 Zoll &#8211; Diamant&#8220;<\/h4>\n<div class=\"product-detail-description-text\">\n<hr \/>\n<h3>Details<\/h3>\n<div>\n<table>\n<tbody>\n<tr>\n<td>Zul\u00e4ssiges Gewicht inkl. Fahrer und Zuladung<\/td>\n<td>120 kg<\/td>\n<\/tr>\n<tr>\n<td>Motor<\/td>\n<td>Yamaha PW-ST Mittelmotor 250W<\/td>\n<\/tr>\n<tr>\n<td>Drehmoment in Nm<\/td>\n<td>70 Nm<\/td>\n<\/tr>\n<tr>\n<td>Display<\/td>\n<td>Yamaha Display A<\/td>\n<\/tr>\n<tr>\n<td>Motorposition<\/td>\n<td>Mittelmotor<\/td>\n<\/tr>\n<tr>\n<td>Kette<\/td>\n<td>Shimano Deore CN-M6100<\/td>\n<\/tr>\n<tr>\n<td>Kassette<\/td>\n<td>Shimano Deore CS-M6100, 10-51 Z\u00e4hne, 12-fach<\/td>\n<\/tr>\n<tr>\n<td>Schaltung<\/td>\n<td>12-Gang Kettenschaltung<\/td>\n<\/tr>\n<tr>\n<td>Schaltwerk<\/td>\n<td>Shimano Deore RD-M6100, 12-fach<\/td>\n<\/tr>\n<tr>\n<td>Schalthebel<\/td>\n<td>Shimano Deore SL-M6100, 1-\/12-fach<\/td>\n<\/tr>\n<tr>\n<td>Kurbelgarnitur<\/td>\n<td>Miranda, 38 Z\u00e4hne<\/td>\n<\/tr>\n<tr>\n<td>Schaltungscode<\/td>\n<td>12-Gang Kette<\/td>\n<\/tr>\n<tr>\n<td>Bremsen vorne<\/td>\n<td>Shimano BR-MT200, hydraulische Scheibenbremse<\/td>\n<\/tr>\n<tr>\n<td>Bremsscheibe<\/td>\n<td>Shimano SM-RT10;180mm \/ 180mm<\/td>\n<\/tr>\n<tr>\n<td>Bremsen hinten<\/td>\n<td>Shimano BR-MT200, hydraulische Scheibenbremse<\/td>\n<\/tr>\n<tr>\n<td>Bremshebel<\/td>\n<td>Shimano BL-MT200<\/td>\n<\/tr>\n<tr>\n<td>Gabel<\/td>\n<td>SR Suntour XCM32 DS, 80mm Federweg<\/td>\n<\/tr>\n<tr>\n<td>Rahmen<\/td>\n<td>E-Teru AL<\/td>\n<\/tr>\n<tr>\n<td>Sattelklemme<\/td>\n<td>Kalloy XC-68 34.9mm<\/td>\n<\/tr>\n<tr>\n<td>Federweg vorne in mm<\/td>\n<td>80 mm<\/td>\n<\/tr>\n<tr>\n<td>Rahmenform<\/td>\n<td>Diamant<\/td>\n<\/tr>\n<tr>\n<td>Lenker<\/td>\n<td>Ground Fiftyone, 31.8mm, Breite\/Rise: 720\/20mm (S), 740\/27mm (M\/L), 760\/40mm (XL)<\/td>\n<\/tr>\n<tr>\n<td>Sattel<\/td>\n<td>Selle Royal 2315 HRN<\/td>\n<\/tr>\n<tr>\n<td>Vorbau<\/td>\n<td>Ground Fiftyone, 31.8mm<\/td>\n<\/tr>\n<tr>\n<td>Sattelst\u00fctze<\/td>\n<td>XLC 31.6mm<\/td>\n<\/tr>\n<tr>\n<td>Griffe<\/td>\n<td>Ground Fiftyone Ergo<\/td>\n<\/tr>\n<tr>\n<td>Speichen<\/td>\n<td>Sapim Leader<\/td>\n<\/tr>\n<tr>\n<td>Felgen<\/td>\n<td>Sch\u00fcrmann Craft Disc 30;Sch\u00fcrmann Craft Disc 30<\/td>\n<\/tr>\n<tr>\n<td>Reifen (vorne)<\/td>\n<td>Schwalbe Al Grounder, 27.5&#215;2.35&#8243; (60-584)<\/td>\n<\/tr>\n<tr>\n<td>Reifen (hinten)<\/td>\n<td>Schwalbe Al Grounder, 27.5&#215;2.35&#8243; (60-584)<\/td>\n<\/tr>\n<tr>\n<td>Nabe vorne<\/td>\n<td>Shimano HB-MT400-B, 15x110mm<\/td>\n<\/tr>\n<tr>\n<td>Nabe hinten<\/td>\n<td>Shimano FH-MT400-B, 12x148mm<\/td>\n<\/tr>\n<tr>\n<td>H\u00f6chstgeschwindigkeit<\/td>\n<td>25<\/td>\n<\/tr>\n<tr>\n<td>Ma\u00dfeinheit<\/td>\n<td>km\/h<\/td>\n<\/tr>\n<tr>\n<td>Felge hinten<\/td>\n<td>Sch\u00fcrmann Craft Disc 30<\/td>\n<\/tr>\n<tr>\n<td>Pedale<\/td>\n<td>VPE-461<\/td>\n<\/tr>\n<tr>\n<td>St\u00e4nder<\/td>\n<td>Ursus Mooi<\/td>\n<\/tr>\n<tr>\n<td>Schutzbleche<\/td>\n<td>Eurofender 65mm<\/td>\n<\/tr>\n<tr>\n<td>Gep\u00e4cktr\u00e4ger<\/td>\n<td>Ghost Carrier<\/td>\n<\/tr>\n<tr>\n<td>Beleuchtung vorn<\/td>\n<td>Herrmans H-Black MR8 E<\/td>\n<\/tr>\n<tr>\n<td>Beleuchtung hinten<\/td>\n<td>Axa Juno E-Bike<\/td>\n<\/tr>\n<tr>\n<td>Akku<\/td>\n<td>Simplo 630 Wh<\/td>\n<\/tr>\n<tr>\n<td>Ladeger\u00e4t<\/td>\n<td>Simplo Ladeger\u00e4t, 4 Ah<\/td>\n<\/tr>\n<tr>\n<td>Akku entnehmbar<\/td>\n<td>ja<\/td>\n<\/tr>\n<tr>\n<td>Beleuchtung<\/td>\n<td>mit Beleuchtung<\/td>\n<\/tr>\n<tr>\n<td>E-Bike Motor Hersteller<\/td>\n<td>Yamaha<\/td>\n<\/tr>\n<tr>\n<td>E-Bike Zulassungspflichtig<\/td>\n<td>Nein<\/td>\n<\/tr>\n<tr>\n<td>Farbe<\/td>\n<td>Blau<\/td>\n<\/tr>\n<tr>\n<td>Federung<\/td>\n<td>Mit Federung<\/td>\n<\/tr>\n<tr>\n<td>G\u00e4nge<\/td>\n<td>12 &#8211; G\u00e4nge<\/td>\n<\/tr>\n<tr>\n<td>Geschlecht<\/td>\n<td>Herren<\/td>\n<\/tr>\n<tr>\n<td>Marke<\/td>\n<td>Ghost<\/td>\n<\/tr>\n<tr>\n<td>Radgr\u00f6\u00dfe<\/td>\n<td>27,5 Zoll<\/td>\n<\/tr>\n<tr>\n<td>Rahmenmaterial<\/td>\n<td>Aluminium<\/td>\n<\/tr>\n<tr>\n<td>Saison<\/td>\n<td>2022<\/td>\n<\/tr>\n<tr>\n<td>Schaltart<\/td>\n<td>Kettenschaltung<\/td>\n<\/tr>\n<\/tbody>\n<\/table><\/div>\n<\/p><\/div>\n<\/p><\/div>\n<\/p><\/div>\n<\/p><\/div>\n","protected":false},"excerpt":{"rendered":"<p>Ghost E-Teru Y Universal EQ &#8211; 630 Wh &#8211; 2022 &#8211; 27,5 Zoll &#8211; Diamant Ghost E-Teru Y Universal Robust und universell einsetzbar &#8211; dieses E-Bike ist robust wie ein Mountainbike und trotzdem bereit f\u00fcr jede Situation des Alltags. Mit Lampen, Gep\u00e4cktr\u00e4ger und St\u00e4nder ist die Stra\u00dfenausstattung komplett, die sportliche Optik und die komfortable Federgabel zeugen aber eindeutig von seinen\u2026<\/p>\n","protected":false},"featured_media":4232,"comment_status":"closed","ping_status":"closed","template":"","meta":[],"product_brand":[],"product_cat":[93,97,102],"product_tag":[],"class_list":{"0":"post-4185","1":"product","2":"type-product","3":"status-publish","4":"has-post-thumbnail","6":"product_cat-e-bike","7":"product_cat-e-bike-trekking","8":"product_cat-e-bikes-2022","10":"first","11":"instock","12":"shipping-taxable","13":"purchasable","14":"product-type-variable"},"_links":{"self":[{"href":"https:\/\/fatbike-de.com\/index.php\/wp-json\/wp\/v2\/product\/4185","targetHints":{"allow":["GET"]}}],"collection":[{"href":"https:\/\/fatbike-de.com\/index.php\/wp-json\/wp\/v2\/product"}],"about":[{"href":"https:\/\/fatbike-de.com\/index.php\/wp-json\/wp\/v2\/types\/product"}],"replies":[{"embeddable":true,"href":"https:\/\/fatbike-de.com\/index.php\/wp-json\/wp\/v2\/comments?post=4185"}],"wp:featuredmedia":[{"embeddable":true,"href":"https:\/\/fatbike-de.com\/index.php\/wp-json\/wp\/v2\/media\/4232"}],"wp:attachment":[{"href":"https:\/\/fatbike-de.com\/index.php\/wp-json\/wp\/v2\/media?parent=4185"}],"wp:term":[{"taxonomy":"product_brand","embeddable":true,"href":"https:\/\/fatbike-de.com\/index.php\/wp-json\/wp\/v2\/product_brand?post=4185"},{"taxonomy":"product_cat","embeddable":true,"href":"https:\/\/fatbike-de.com\/index.php\/wp-json\/wp\/v2\/product_cat?post=4185"},{"taxonomy":"product_tag","embeddable":true,"href":"https:\/\/fatbike-de.com\/index.php\/wp-json\/wp\/v2\/product_tag?post=4185"}],"curies":[{"name":"wp","href":"https:\/\/api.w.org\/{rel}","templated":true}]}}