{"id":4229,"date":"2024-02-27T11:29:49","date_gmt":"2024-02-27T10:29:49","guid":{"rendered":"https:\/\/fatbike-de.com\/?post_type=product&#038;p=4229"},"modified":"2024-02-27T11:30:40","modified_gmt":"2024-02-27T10:30:40","slug":"gazelle-medeo-t10-hmb-500-wh-2022-28-zoll-diamant","status":"publish","type":"product","link":"https:\/\/fatbike-de.com\/index.php\/product\/gazelle-medeo-t10-hmb-500-wh-2022-28-zoll-diamant\/","title":{"rendered":"Gazelle Medeo T10 HMB &#8211; 500 Wh &#8211; 2022 &#8211; 28 Zoll &#8211; Diamant"},"content":{"rendered":"<h2>Gazelle Medeo T10 HMB &#8211; 500 Wh &#8211; 2022 &#8211; 28 Zoll &#8211; Diamant<\/h2>\n<p>Das Gazelle Medeo T10 Medeo rollt sportlich und bequem zu einem fantastischen E-Bike. Leistungs- und Stilkomponenten basieren auf Sportfahrr\u00e4dern, wobei Komfort und Benutzerfreundlichkeit von Stadtfahrr\u00e4dern abgeleitet sind. Das Ergebnis? Ein super bequemes, sportliches E-Bike-Mashup, das Sie in die Stadt oder \u00fcber den langen Weg zur Arbeit bringt. Breite Reifen und die Vorderradgabelfederung sind zwei weitere Gr\u00fcnde, weiterzulesen\u2026<\/p>\n<div class=\"h3 product-detail-description-title\">Produktinformationen &#8222;Gazelle Medeo T10 HMB &#8211; 500 Wh &#8211; 2022 &#8211; 28 Zoll &#8211; Diamant&#8220;<\/div>\n<div class=\"product-detail-description-text\">\n<hr \/>\n<h3>Details<\/h3>\n<div>\n<table>\n<tbody>\n<tr>\n<td>Zul\u00e4ssiges Gewicht inkl. Fahrer und Zuladung<\/td>\n<td>130 kg<\/td>\n<\/tr>\n<tr>\n<td>Gewicht in kg<\/td>\n<td>24<\/td>\n<\/tr>\n<tr>\n<td>Motor<\/td>\n<td>Bosch Mittelmotor Performance Line Gen3 250 Watt<\/td>\n<\/tr>\n<tr>\n<td>Display<\/td>\n<td>Bosch Intuvia<\/td>\n<\/tr>\n<tr>\n<td>Drehmoment in Nm<\/td>\n<td>65 Nm<\/td>\n<\/tr>\n<tr>\n<td>Motorposition<\/td>\n<td>Mittelmotor<\/td>\n<\/tr>\n<tr>\n<td>Schaltung<\/td>\n<td>10-Gang Kettenschaltung<\/td>\n<\/tr>\n<tr>\n<td>Schalthebel<\/td>\n<td>Shimano Deore, 10-fach<\/td>\n<\/tr>\n<tr>\n<td>Kurbelgarnitur<\/td>\n<td>Aluminium<\/td>\n<\/tr>\n<tr>\n<td>Kette<\/td>\n<td>extra stark, speziell f\u00fcr E-Bikes<\/td>\n<\/tr>\n<tr>\n<td>Kassette<\/td>\n<td>11-42 Z\u00e4hne<\/td>\n<\/tr>\n<tr>\n<td>Schaltwerk<\/td>\n<td>Shimano Deore, 10-fach<\/td>\n<\/tr>\n<tr>\n<td>Schaltungscode<\/td>\n<td>10-Gang Kette<\/td>\n<\/tr>\n<tr>\n<td>Bremsen vorne<\/td>\n<td>Shimano MT200, hydraulische Scheibenbremse<\/td>\n<\/tr>\n<tr>\n<td>Bremsen hinten<\/td>\n<td>Shimano MT200, hydraulische Scheibenbremse<\/td>\n<\/tr>\n<tr>\n<td>Bremsscheibe<\/td>\n<td>180mm \/ 160mm;180mm \/ 160mm<\/td>\n<\/tr>\n<tr>\n<td>Bremshebel<\/td>\n<td>Shimano BR-MT200<\/td>\n<\/tr>\n<tr>\n<td>Gabel<\/td>\n<td>Suntour NEX E25 HLO 50mm<\/td>\n<\/tr>\n<tr>\n<td>Rahmen<\/td>\n<td>Aluminium<\/td>\n<\/tr>\n<tr>\n<td>Federweg vorne in mm<\/td>\n<td>50 mm<\/td>\n<\/tr>\n<tr>\n<td>Rahmenform<\/td>\n<td>Diamant<\/td>\n<\/tr>\n<tr>\n<td>Rahmenh\u00f6he<\/td>\n<td>55 cm<\/td>\n<\/tr>\n<tr>\n<td>Griffe<\/td>\n<td>Herrmans DD36<\/td>\n<\/tr>\n<tr>\n<td>Lenker<\/td>\n<td>Aluminium, gerade<\/td>\n<\/tr>\n<tr>\n<td>Sattel<\/td>\n<td>BBB Diamond<\/td>\n<\/tr>\n<tr>\n<td>Vorbau<\/td>\n<td>Mit Werkzeug stufenlos verstellbar<\/td>\n<\/tr>\n<tr>\n<td>Sattelst\u00fctze<\/td>\n<td>Starr<\/td>\n<\/tr>\n<tr>\n<td>Speichen<\/td>\n<td>Edelstahl, extra stark<\/td>\n<\/tr>\n<tr>\n<td>Nabe vorne<\/td>\n<td>Shimano Deore<\/td>\n<\/tr>\n<tr>\n<td>Nabe hinten<\/td>\n<td>Shimano Deore<\/td>\n<\/tr>\n<tr>\n<td>Reifen (vorne)<\/td>\n<td>Schwalbe Big Apple, 28&#215;2.00&#8243; (50-622)<\/td>\n<\/tr>\n<tr>\n<td>Reifen (hinten)<\/td>\n<td>Schwalbe Big Apple, 28&#215;2.00&#8243; (50-622)<\/td>\n<\/tr>\n<tr>\n<td>Felgen<\/td>\n<td>Mach1 ER-10, Doppelwandig Aluminium f\u00fcr besondere Stabilit\u00e4t und gute Fahreigenschaften<\/td>\n<\/tr>\n<tr>\n<td>Schutzbleche<\/td>\n<td>Aluminium<\/td>\n<\/tr>\n<tr>\n<td>Beleuchtung vorn<\/td>\n<td>Axa Compactline 35<\/td>\n<\/tr>\n<tr>\n<td>Beleuchtung hinten<\/td>\n<td>Axa Blueline<\/td>\n<\/tr>\n<tr>\n<td>Akku<\/td>\n<td>Lithium-ion 500 Wh<\/td>\n<\/tr>\n<tr>\n<td>St\u00e4nder<\/td>\n<td>Ursus Mooi<\/td>\n<\/tr>\n<tr>\n<td>Steuersatz<\/td>\n<td>Nicht integriert, 1-1\/8&#8243;<\/td>\n<\/tr>\n<tr>\n<td>Gep\u00e4cktr\u00e4ger<\/td>\n<td>MIK-System Tr\u00e4ger aus Aluminium<\/td>\n<\/tr>\n<tr>\n<td>H\u00f6chstgeschwindigkeit<\/td>\n<td>25<\/td>\n<\/tr>\n<tr>\n<td>Ma\u00dfeinheit<\/td>\n<td>km\/h<\/td>\n<\/tr>\n<tr>\n<td>Beleuchtung<\/td>\n<td>mit Beleuchtung<\/td>\n<\/tr>\n<tr>\n<td>E-Bike Motor Hersteller<\/td>\n<td>Bosch<\/td>\n<\/tr>\n<tr>\n<td>E-Bike Zulassungspflichtig<\/td>\n<td>Nein<\/td>\n<\/tr>\n<tr>\n<td>Farbe<\/td>\n<td>Blau<\/td>\n<\/tr>\n<tr>\n<td>Federung<\/td>\n<td>Mit Federung<\/td>\n<\/tr>\n<tr>\n<td>G\u00e4nge<\/td>\n<td>10 &#8211; G\u00e4nge<\/td>\n<\/tr>\n<tr>\n<td>Geschlecht<\/td>\n<td>Herren<\/td>\n<\/tr>\n<tr>\n<td>Marke<\/td>\n<td>Gazelle<\/td>\n<\/tr>\n<tr>\n<td>Radgr\u00f6\u00dfe<\/td>\n<td>28 Zoll<\/td>\n<\/tr>\n<tr>\n<td>Rahmenmaterial<\/td>\n<td>Aluminium<\/td>\n<\/tr>\n<tr>\n<td>Saison<\/td>\n<td>2022<\/td>\n<\/tr>\n<tr>\n<td>Schaltart<\/td>\n<td>Kettenschaltung<\/td>\n<\/tr>\n<\/tbody>\n<\/table><\/div>\n<\/p><\/div>\n","protected":false},"excerpt":{"rendered":"<p>Gazelle Medeo T10 HMB &#8211; 500 Wh &#8211; 2022 &#8211; 28 Zoll &#8211; Diamant Das Gazelle Medeo T10 Medeo rollt sportlich und bequem zu einem fantastischen E-Bike. Leistungs- und Stilkomponenten basieren auf Sportfahrr\u00e4dern, wobei Komfort und Benutzerfreundlichkeit von Stadtfahrr\u00e4dern abgeleitet sind. Das Ergebnis? Ein super bequemes, sportliches E-Bike-Mashup, das Sie in die Stadt oder \u00fcber den langen Weg zur Arbeit\u2026<\/p>\n","protected":false},"featured_media":4253,"comment_status":"closed","ping_status":"closed","template":"","meta":[],"product_brand":[],"product_cat":[93,97,102],"product_tag":[],"class_list":{"0":"post-4229","1":"product","2":"type-product","3":"status-publish","4":"has-post-thumbnail","6":"product_cat-e-bike","7":"product_cat-e-bike-trekking","8":"product_cat-e-bikes-2022","10":"first","11":"instock","12":"shipping-taxable","13":"purchasable","14":"product-type-variable"},"_links":{"self":[{"href":"https:\/\/fatbike-de.com\/index.php\/wp-json\/wp\/v2\/product\/4229","targetHints":{"allow":["GET"]}}],"collection":[{"href":"https:\/\/fatbike-de.com\/index.php\/wp-json\/wp\/v2\/product"}],"about":[{"href":"https:\/\/fatbike-de.com\/index.php\/wp-json\/wp\/v2\/types\/product"}],"replies":[{"embeddable":true,"href":"https:\/\/fatbike-de.com\/index.php\/wp-json\/wp\/v2\/comments?post=4229"}],"wp:featuredmedia":[{"embeddable":true,"href":"https:\/\/fatbike-de.com\/index.php\/wp-json\/wp\/v2\/media\/4253"}],"wp:attachment":[{"href":"https:\/\/fatbike-de.com\/index.php\/wp-json\/wp\/v2\/media?parent=4229"}],"wp:term":[{"taxonomy":"product_brand","embeddable":true,"href":"https:\/\/fatbike-de.com\/index.php\/wp-json\/wp\/v2\/product_brand?post=4229"},{"taxonomy":"product_cat","embeddable":true,"href":"https:\/\/fatbike-de.com\/index.php\/wp-json\/wp\/v2\/product_cat?post=4229"},{"taxonomy":"product_tag","embeddable":true,"href":"https:\/\/fatbike-de.com\/index.php\/wp-json\/wp\/v2\/product_tag?post=4229"}],"curies":[{"name":"wp","href":"https:\/\/api.w.org\/{rel}","templated":true}]}}