{"id":4250,"date":"2024-02-27T11:30:17","date_gmt":"2024-02-27T10:30:17","guid":{"rendered":"https:\/\/fatbike-de.com\/?post_type=product&#038;p=4250"},"modified":"2024-02-27T11:31:09","modified_gmt":"2024-02-27T10:31:09","slug":"flyer-upstreet6-7-10-hs-d1-810-wh-2021-275-zoll-diamant","status":"publish","type":"product","link":"https:\/\/fatbike-de.com\/index.php\/product\/flyer-upstreet6-7-10-hs-d1-810-wh-2021-275-zoll-diamant\/","title":{"rendered":"Flyer Upstreet6 7.10 HS &#8211; D1 &#8211; 810 Wh &#8211; 2021 &#8211; 27,5 Zoll &#8211; Diamant"},"content":{"rendered":"<div class=\"col product-detail-name-container\">\n<h2 class=\"product-detail-name\">Flyer Upstreet6 7.10 HS &#8211; D1 &#8211; 810 Wh &#8211; 2021 &#8211; 27,5 Zoll &#8211; Diamant<\/h2>\n<p>Flyer Upstreet6 7.10 Mit Highspeed \u00fcber den Asphalt gleiten, Beschleunigung erleben, den Wind im Gesicht sp\u00fcren, die Dynamik des Bikes genie\u00dfen, ohne Parkplatzsorgen und ohne Stress stilvoll am Feierabendverkehr vorbeifahren und die bewundernden Blicke genie\u00dfen. Der Upstreet6 definiert Mobilit\u00e4t im Alltag neu: effizient, aktiv und nachhaltig. Das f\u00fcr Pendler konzipierte Highspeed-E-Bike (S-Pedelec) ist ausschlie\u00dflich mit Tretunterst\u00fctzung bis 45 km\/h erh\u00e4ltlich. Kraftvoll und nahezu ger\u00e4uschlos entfaltet der Nabenmotor sein Potenzial und garantiert eine ruhige und dynamische Fahrt. Auch optisch zeigt sich das Upstreet6 mit klaren Linien und Detaill\u00f6sungen wie dem perfekt in den Vorbau integrierten FIT D1 Display dynamisch. Der vollintegrierte FLYER FIB Akku mit 810 Wh ist f\u00fcr hohe Reichweiten ausgelegt und liefert auch auf l\u00e4ngeren Arbeitswegen und Umwegen konstant Power. Der Weg zur Arbeit hat noch nie so viel Spa\u00df gemacht.<\/p>\n<div class=\"h3 product-detail-description-title\">Produktinformationen &#8222;Flyer Upstreet6 7.10 HS &#8211; D1 &#8211; 810 Wh &#8211; 2021 &#8211; 27,5 Zoll &#8211; Diamant&#8220;<\/div>\n<div class=\"product-detail-description-text\">\n<hr \/>\n<h3>Details<\/h3>\n<div>\n<table>\n<tbody>\n<tr>\n<td>Zul\u00e4ssiges Gewicht inkl. Fahrer und Zuladung<\/td>\n<td>149 kg<\/td>\n<\/tr>\n<tr>\n<td>Motor<\/td>\n<td>TDCM HCA5 Hinterradmotor<\/td>\n<\/tr>\n<tr>\n<td>Display<\/td>\n<td>Flyer FIT D1, 3.5&#8243; Farbdisplay<\/td>\n<\/tr>\n<tr>\n<td>Drehmoment in Nm<\/td>\n<td>37 Nm<\/td>\n<\/tr>\n<tr>\n<td>Motorposition<\/td>\n<td>Hinterradmotor<\/td>\n<\/tr>\n<tr>\n<td>Kette<\/td>\n<td>Shimano CN-E6090, 10-fach<\/td>\n<\/tr>\n<tr>\n<td>Schaltung<\/td>\n<td>10-Gang Kettenschaltung<\/td>\n<\/tr>\n<tr>\n<td>Schalthebel<\/td>\n<td>Shimano Deore, 1&#215;10-fach<\/td>\n<\/tr>\n<tr>\n<td>Kassette<\/td>\n<td>Shimano Deore, 10-fach, 11-42 Z\u00e4hne<\/td>\n<\/tr>\n<tr>\n<td>Schaltwerk<\/td>\n<td>Shimano Deore, 10-fach<\/td>\n<\/tr>\n<tr>\n<td>Schaltungscode<\/td>\n<td>10-Gang Kette<\/td>\n<\/tr>\n<tr>\n<td>Bremsen vorne<\/td>\n<td>Magura MT4e, hydraulische Scheibenbremse<\/td>\n<\/tr>\n<tr>\n<td>Bremsen hinten<\/td>\n<td>Magura MT4e, hydraulische Scheibenbremse<\/td>\n<\/tr>\n<tr>\n<td>Bremsscheibe<\/td>\n<td>203mm \/ 180mm;203mm \/ 180mm<\/td>\n<\/tr>\n<tr>\n<td>Gabel<\/td>\n<td>SR Suntour MobiE 45 Air, Federweg: 60mm, 15x100mm Steckachse<\/td>\n<\/tr>\n<tr>\n<td>Rahmen<\/td>\n<td>Flyer Hardtail, Aluminium, 27.5&#8243;, hydroformed Tubing, interne Leitungsf\u00fchrung, 135mm Einbaubreite Hinterrad<\/td>\n<\/tr>\n<tr>\n<td>Federweg vorne in mm<\/td>\n<td>60 mm<\/td>\n<\/tr>\n<tr>\n<td>Rahmenform<\/td>\n<td>Diamant<\/td>\n<\/tr>\n<tr>\n<td>Lenker<\/td>\n<td>Satori Wien, Breite: 640mm, Backsweep: 15\u00b0<\/td>\n<\/tr>\n<tr>\n<td>Sattel<\/td>\n<td>Selle Royal Essenza+<\/td>\n<\/tr>\n<tr>\n<td>Vorbau<\/td>\n<td>Flyer integrierter Vorbau, L\u00e4nge: 95mm, einstellbarer Winkel<\/td>\n<\/tr>\n<tr>\n<td>Sattelst\u00fctze<\/td>\n<td>Flyer Aluminium, L\u00e4nge: 250 (S)\/ 300 (M)\/ 350 (L-XL) mm, Durchmesser: 31.6mm<\/td>\n<\/tr>\n<tr>\n<td>Nabe vorne<\/td>\n<td>Bear Pawls BMT-003, 32 Speichenloch<\/td>\n<\/tr>\n<tr>\n<td>Felgen<\/td>\n<td>Flyer Disc, 27.5&#8243;;Flyer Disc, 27.5&#8243;<\/td>\n<\/tr>\n<tr>\n<td>Nabe hinten<\/td>\n<td>TDCM HCA5, Nabenmotor, 32 Speichenloch<\/td>\n<\/tr>\n<tr>\n<td>Reifen (vorne)<\/td>\n<td>Continental Contact Plus City, 27.5&#215;2.20&#8243; (56-584)<\/td>\n<\/tr>\n<tr>\n<td>Reifen (hinten)<\/td>\n<td>Continental Contact Plus City, 27.5&#215;2.20&#8243; (56-584)<\/td>\n<\/tr>\n<tr>\n<td>Akku<\/td>\n<td>Flyer FIB-810 (810Wh \/ 16.75 Ah \/ 48V)<\/td>\n<\/tr>\n<tr>\n<td>Pedale<\/td>\n<td>Flyer Wellgo<\/td>\n<\/tr>\n<tr>\n<td>Schloss<\/td>\n<td>Abus Shield 5650L (Rahmenschloss gleichschliessend mit Akkuschloss)<\/td>\n<\/tr>\n<tr>\n<td>St\u00e4nder<\/td>\n<td>Pletscher Comp 40<\/td>\n<\/tr>\n<tr>\n<td>Ladeger\u00e4t<\/td>\n<td>Flyer Fast Charger, 5A, 48V<\/td>\n<\/tr>\n<tr>\n<td>Felge hinten<\/td>\n<td>Flyer Disc, 27.5&#8243;<\/td>\n<\/tr>\n<tr>\n<td>Schutzbleche<\/td>\n<td>Pletscher, 60mm<\/td>\n<\/tr>\n<tr>\n<td>Gep\u00e4cktr\u00e4ger<\/td>\n<td>Flyer Racktime mit Federklappe<\/td>\n<\/tr>\n<tr>\n<td>Beleuchtung vorn<\/td>\n<td>Busch &amp; M\u00fcller IQ-X<\/td>\n<\/tr>\n<tr>\n<td>Beleuchtung hinten<\/td>\n<td>Supernova M99 Tail Light 45<\/td>\n<\/tr>\n<tr>\n<td>H\u00f6chstgeschwindigkeit<\/td>\n<td>45<\/td>\n<\/tr>\n<tr>\n<td>Ma\u00dfeinheit<\/td>\n<td>km\/h<\/td>\n<\/tr>\n<tr>\n<td>Beleuchtung<\/td>\n<td>mit Beleuchtung<\/td>\n<\/tr>\n<tr>\n<td>E-Bike Motor Hersteller<\/td>\n<td>FLYER<\/td>\n<\/tr>\n<tr>\n<td>E-Bike Zulassungspflichtig<\/td>\n<td>Ja<\/td>\n<\/tr>\n<tr>\n<td>Farbe<\/td>\n<td>Schwarz<\/td>\n<\/tr>\n<tr>\n<td>Federung<\/td>\n<td>Mit Federung<\/td>\n<\/tr>\n<tr>\n<td>G\u00e4nge<\/td>\n<td>10 &#8211; G\u00e4nge<\/td>\n<\/tr>\n<tr>\n<td>Geschlecht<\/td>\n<td>Herren<\/td>\n<\/tr>\n<tr>\n<td>Marke<\/td>\n<td>Flyer<\/td>\n<\/tr>\n<tr>\n<td>Radgr\u00f6\u00dfe<\/td>\n<td>27,5 Zoll<\/td>\n<\/tr>\n<tr>\n<td>Rahmenmaterial<\/td>\n<td>Aluminium<\/td>\n<\/tr>\n<tr>\n<td>Saison<\/td>\n<td>2021<\/td>\n<\/tr>\n<tr>\n<td>Schaltart<\/td>\n<td>Kettenschaltung<\/td>\n<\/tr>\n<\/tbody>\n<\/table><\/div>\n<\/p><\/div>\n<\/p><\/div>\n","protected":false},"excerpt":{"rendered":"<p>Flyer Upstreet6 7.10 HS &#8211; D1 &#8211; 810 Wh &#8211; 2021 &#8211; 27,5 Zoll &#8211; Diamant Flyer Upstreet6 7.10 Mit Highspeed \u00fcber den Asphalt gleiten, Beschleunigung erleben, den Wind im Gesicht sp\u00fcren, die Dynamik des Bikes genie\u00dfen, ohne Parkplatzsorgen und ohne Stress stilvoll am Feierabendverkehr vorbeifahren und die bewundernden Blicke genie\u00dfen. Der Upstreet6 definiert Mobilit\u00e4t im Alltag neu: effizient, aktiv\u2026<\/p>\n","protected":false},"featured_media":4273,"comment_status":"closed","ping_status":"closed","template":"","meta":[],"product_brand":[],"product_cat":[93,97,109],"product_tag":[],"class_list":{"0":"post-4250","1":"product","2":"type-product","3":"status-publish","4":"has-post-thumbnail","6":"product_cat-e-bike","7":"product_cat-e-bike-trekking","8":"product_cat-e-bikes-2021","10":"first","11":"instock","12":"sale","13":"shipping-taxable","14":"purchasable","15":"product-type-variable"},"_links":{"self":[{"href":"https:\/\/fatbike-de.com\/index.php\/wp-json\/wp\/v2\/product\/4250","targetHints":{"allow":["GET"]}}],"collection":[{"href":"https:\/\/fatbike-de.com\/index.php\/wp-json\/wp\/v2\/product"}],"about":[{"href":"https:\/\/fatbike-de.com\/index.php\/wp-json\/wp\/v2\/types\/product"}],"replies":[{"embeddable":true,"href":"https:\/\/fatbike-de.com\/index.php\/wp-json\/wp\/v2\/comments?post=4250"}],"wp:featuredmedia":[{"embeddable":true,"href":"https:\/\/fatbike-de.com\/index.php\/wp-json\/wp\/v2\/media\/4273"}],"wp:attachment":[{"href":"https:\/\/fatbike-de.com\/index.php\/wp-json\/wp\/v2\/media?parent=4250"}],"wp:term":[{"taxonomy":"product_brand","embeddable":true,"href":"https:\/\/fatbike-de.com\/index.php\/wp-json\/wp\/v2\/product_brand?post=4250"},{"taxonomy":"product_cat","embeddable":true,"href":"https:\/\/fatbike-de.com\/index.php\/wp-json\/wp\/v2\/product_cat?post=4250"},{"taxonomy":"product_tag","embeddable":true,"href":"https:\/\/fatbike-de.com\/index.php\/wp-json\/wp\/v2\/product_tag?post=4250"}],"curies":[{"name":"wp","href":"https:\/\/api.w.org\/{rel}","templated":true}]}}