{"id":4283,"date":"2024-02-27T11:31:11","date_gmt":"2024-02-27T10:31:11","guid":{"rendered":"https:\/\/fatbike-de.com\/?post_type=product&#038;p=4283"},"modified":"2024-02-27T11:31:58","modified_gmt":"2024-02-27T10:31:58","slug":"flyer-upstreet3-7-23-750-wh-2022-275-zoll-diamant","status":"publish","type":"product","link":"https:\/\/fatbike-de.com\/index.php\/product\/flyer-upstreet3-7-23-750-wh-2022-275-zoll-diamant\/","title":{"rendered":"Flyer Upstreet3 7.23 &#8211; 750 Wh &#8211; 2022 &#8211; 27,5 Zoll &#8211; Diamant"},"content":{"rendered":"<div class=\"col product-detail-name-container\">\n<div class=\"col product-detail-name-container\">\n<h2 class=\"product-detail-name\">Flyer Upstreet3 7.23 &#8211; 750 Wh &#8211; 2022 &#8211; 27,5 Zoll &#8211; Diamant<\/h2>\n<\/p><\/div>\n<p>Das robuste Flyer Upstreet3 7.23 inspiriert zum Spa\u00df auf zwei R\u00e4dern und ist ideal f\u00fcr nahezu jeden. Das sportlich-elegante E-Bike ist sein Element sowohl auf dem flotten Weg zur Arbeit als auch auf dem Abstecher nach Feierabend \u00fcber Landstra\u00dfen.<\/p>\n<h4 class=\"h3 product-detail-description-title\">Produktinformationen &#8222;Flyer Upstreet3 7.23 &#8211; 750 Wh &#8211; 2022 &#8211; 27,5 Zoll &#8211; Diamant&#8220;<\/h4>\n<div class=\"product-detail-description-text\">\n<hr \/>\n<h3>Details<\/h3>\n<div>\n<table>\n<tbody>\n<tr>\n<td>Zul\u00e4ssiges Gewicht inkl. Fahrer und Zuladung<\/td>\n<td>180 kg<\/td>\n<\/tr>\n<tr>\n<td>Gewicht in kg<\/td>\n<td>31<\/td>\n<\/tr>\n<tr>\n<td>Motor<\/td>\n<td>Panasonic GX Ultimate Mittelmotor 36V 250 Watt<\/td>\n<\/tr>\n<tr>\n<td>Drehmoment in Nm<\/td>\n<td>90 Nm<\/td>\n<\/tr>\n<tr>\n<td>Display<\/td>\n<td>FIT D0 (2&#8243; Color Display)<\/td>\n<\/tr>\n<tr>\n<td>Motorposition<\/td>\n<td>Mittelmotor<\/td>\n<\/tr>\n<tr>\n<td>Kassette<\/td>\n<td>Gates CDX, 28 Z\u00e4hne<\/td>\n<\/tr>\n<tr>\n<td>Schalthebel<\/td>\n<td>enviolo TR Manual Controller<\/td>\n<\/tr>\n<tr>\n<td>Kurbelgarnitur<\/td>\n<td>Samox EC40, 170mm Kurbelarml\u00e4nge<\/td>\n<\/tr>\n<tr>\n<td>Schaltung<\/td>\n<td>stufenlose Getriebenabe<\/td>\n<\/tr>\n<tr>\n<td>Schaltungscode<\/td>\n<td>Automatiknabe Riemen Freilauf<\/td>\n<\/tr>\n<tr>\n<td>Bremsen vorne<\/td>\n<td>Magura MT5 4P<\/td>\n<\/tr>\n<tr>\n<td>Bremsen hinten<\/td>\n<td>Magura MT5 4P<\/td>\n<\/tr>\n<tr>\n<td>Gabel<\/td>\n<td>SR Suntour Mobie45 Air, 60mm Federweg, 15x100mm axle<\/td>\n<\/tr>\n<tr>\n<td>Sattelklemme<\/td>\n<td>Laminar CL07JB1 BK 39\/34.9<\/td>\n<\/tr>\n<tr>\n<td>Rahmen<\/td>\n<td>Aluminium<\/td>\n<\/tr>\n<tr>\n<td>Rahmenform<\/td>\n<td>Diamant<\/td>\n<\/tr>\n<tr>\n<td>Griffe<\/td>\n<td>Flyer Comfort<\/td>\n<\/tr>\n<tr>\n<td>Lenker<\/td>\n<td>Flyer Cruise, 42\u00b0, 55 mm , 640mm Lenkerbreite<\/td>\n<\/tr>\n<tr>\n<td>Sattel<\/td>\n<td>Selle Royal Viaggio<\/td>\n<\/tr>\n<tr>\n<td>Vorbau<\/td>\n<td>Satori All Up 1.5&#8243;, 35 x 95 mm, adjustable height 90 mm, adjustable angle<\/td>\n<\/tr>\n<tr>\n<td>Sattelst\u00fctze<\/td>\n<td>bySchulz G.2 ST, 31.6 x 350 mm<\/td>\n<\/tr>\n<tr>\n<td>Reifen (vorne)<\/td>\n<td>Schwalbe Super Moto 27.5 x 2.4 (62-584)<\/td>\n<\/tr>\n<tr>\n<td>Reifen (hinten)<\/td>\n<td>Schwalbe Super Moto 27.5 x 2.4 (62-584)<\/td>\n<\/tr>\n<tr>\n<td>Speichen<\/td>\n<td>Front: DT Swiss Champion 2.0 x 272\/270 mm \/ Rear: DT Swiss Champion 2.0 x 239 mm<\/td>\n<\/tr>\n<tr>\n<td>Nabe vorne<\/td>\n<td>Bear Pawls BMT-003, 36h<\/td>\n<\/tr>\n<tr>\n<td>Nabe hinten<\/td>\n<td>Enviolo TR CVP, 36h<\/td>\n<\/tr>\n<tr>\n<td>Felgen<\/td>\n<td>Mach1 Trucky;Mach1 Trucky<\/td>\n<\/tr>\n<tr>\n<td>H\u00f6chstgeschwindigkeit<\/td>\n<td>25<\/td>\n<\/tr>\n<tr>\n<td>Ma\u00dfeinheit<\/td>\n<td>km\/h<\/td>\n<\/tr>\n<tr>\n<td>Akku<\/td>\n<td>Flyer SIB-750 (750 Wh \/ 20.1 Ah \/ 36 V)<\/td>\n<\/tr>\n<tr>\n<td>Schloss<\/td>\n<td>Abus Shield 5650L; battery lock with YourPlus one key system<\/td>\n<\/tr>\n<tr>\n<td>St\u00e4nder<\/td>\n<td>Pletscher Comp 40 Flex<\/td>\n<\/tr>\n<tr>\n<td>Gep\u00e4cktr\u00e4ger<\/td>\n<td>Flyer Racktime, integrated spring flap<\/td>\n<\/tr>\n<tr>\n<td>Beleuchtung vorn<\/td>\n<td>Busch &amp; M\u00fcller IQ-XS Friendly<\/td>\n<\/tr>\n<tr>\n<td>Beleuchtung hinten<\/td>\n<td>Busch &amp; M\u00fcller 2C<\/td>\n<\/tr>\n<tr>\n<td>Pedale<\/td>\n<td>Flyer Wellgo<\/td>\n<\/tr>\n<tr>\n<td>Steuersatz<\/td>\n<td>Acros AZF-1029<\/td>\n<\/tr>\n<tr>\n<td>Schutzbleche<\/td>\n<td>SunnyWheel 70mm<\/td>\n<\/tr>\n<tr>\n<td>Ladeger\u00e4t<\/td>\n<td>Flyer Fast Charger 6A 36V<\/td>\n<\/tr>\n<tr>\n<td>Schl\u00e4uche<\/td>\n<td>SchwalbeAV21 40\/62-584<\/td>\n<\/tr>\n<tr>\n<td>Felge hinten<\/td>\n<td>Mach1 Trucky<\/td>\n<\/tr>\n<tr>\n<td>Riemen<\/td>\n<td>Gates CDX, 130t<\/td>\n<\/tr>\n<tr>\n<td>E-Bike Motor Hersteller<\/td>\n<td>Panasonic<\/td>\n<\/tr>\n<tr>\n<td>E-Bike Zulassungspflichtig<\/td>\n<td>Nein<\/td>\n<\/tr>\n<tr>\n<td>G\u00e4nge<\/td>\n<td>Stufenlos<\/td>\n<\/tr>\n<tr>\n<td>Geschlecht<\/td>\n<td>Herren<\/td>\n<\/tr>\n<tr>\n<td>Marke<\/td>\n<td>Flyer<\/td>\n<\/tr>\n<tr>\n<td>Radgr\u00f6\u00dfe<\/td>\n<td>27,5 Zoll<\/td>\n<\/tr>\n<tr>\n<td>Rahmenmaterial<\/td>\n<td>Aluminium<\/td>\n<\/tr>\n<tr>\n<td>Saison<\/td>\n<td>2022<\/td>\n<\/tr>\n<tr>\n<td>Schaltart<\/td>\n<td>Enviolo<\/td>\n<\/tr>\n<\/tbody>\n<\/table><\/div>\n<\/p><\/div>\n<p>&nbsp;<\/p>\n<\/p><\/div>\n","protected":false},"excerpt":{"rendered":"<p>Flyer Upstreet3 7.23 &#8211; 750 Wh &#8211; 2022 &#8211; 27,5 Zoll &#8211; Diamant Das robuste Flyer Upstreet3 7.23 inspiriert zum Spa\u00df auf zwei R\u00e4dern und ist ideal f\u00fcr nahezu jeden. Das sportlich-elegante E-Bike ist sein Element sowohl auf dem flotten Weg zur Arbeit als auch auf dem Abstecher nach Feierabend \u00fcber Landstra\u00dfen. Produktinformationen &#8222;Flyer Upstreet3 7.23 &#8211; 750 Wh &#8211;\u2026<\/p>\n","protected":false},"featured_media":4303,"comment_status":"closed","ping_status":"closed","template":"","meta":[],"product_brand":[],"product_cat":[93,101,97,102],"product_tag":[],"class_list":{"0":"post-4283","1":"product","2":"type-product","3":"status-publish","4":"has-post-thumbnail","6":"product_cat-e-bike","7":"product_cat-e-bike-city-urban","8":"product_cat-e-bike-trekking","9":"product_cat-e-bikes-2022","11":"first","12":"instock","13":"sale","14":"shipping-taxable","15":"purchasable","16":"product-type-variable"},"_links":{"self":[{"href":"https:\/\/fatbike-de.com\/index.php\/wp-json\/wp\/v2\/product\/4283","targetHints":{"allow":["GET"]}}],"collection":[{"href":"https:\/\/fatbike-de.com\/index.php\/wp-json\/wp\/v2\/product"}],"about":[{"href":"https:\/\/fatbike-de.com\/index.php\/wp-json\/wp\/v2\/types\/product"}],"replies":[{"embeddable":true,"href":"https:\/\/fatbike-de.com\/index.php\/wp-json\/wp\/v2\/comments?post=4283"}],"wp:featuredmedia":[{"embeddable":true,"href":"https:\/\/fatbike-de.com\/index.php\/wp-json\/wp\/v2\/media\/4303"}],"wp:attachment":[{"href":"https:\/\/fatbike-de.com\/index.php\/wp-json\/wp\/v2\/media?parent=4283"}],"wp:term":[{"taxonomy":"product_brand","embeddable":true,"href":"https:\/\/fatbike-de.com\/index.php\/wp-json\/wp\/v2\/product_brand?post=4283"},{"taxonomy":"product_cat","embeddable":true,"href":"https:\/\/fatbike-de.com\/index.php\/wp-json\/wp\/v2\/product_cat?post=4283"},{"taxonomy":"product_tag","embeddable":true,"href":"https:\/\/fatbike-de.com\/index.php\/wp-json\/wp\/v2\/product_tag?post=4283"}],"curies":[{"name":"wp","href":"https:\/\/api.w.org\/{rel}","templated":true}]}}