{"id":4297,"date":"2024-02-27T11:31:37","date_gmt":"2024-02-27T10:31:37","guid":{"rendered":"https:\/\/fatbike-de.com\/?post_type=product&#038;p=4297"},"modified":"2024-02-27T11:32:59","modified_gmt":"2024-02-27T10:32:59","slug":"flyer-goroc3-4-10-625-wh-2022-275-zoll-fully","status":"publish","type":"product","link":"https:\/\/fatbike-de.com\/index.php\/product\/flyer-goroc3-4-10-625-wh-2022-275-zoll-fully\/","title":{"rendered":"Flyer Goroc3 4.10 &#8211; 625 Wh &#8211; 2022 &#8211; 27,5 Zoll &#8211; Fully"},"content":{"rendered":"<div class=\"col product-detail-name-container\">\n<h2 class=\"product-detail-name\">Flyer Goroc3 4.10 &#8211; 625 Wh &#8211; 2022 &#8211; 27,5 Zoll &#8211; Fully<\/h2>\n<p>Das Goroc3 ist eines der vielseitigsten E-Bikes. Das Multitalent E-Bike mit Full-Suspension stiehlt sowohl in der Stadt als auch am Berg die Show. Seine Akkukapazit\u00e4t von bis zu 1125 Wh (mit DualBattery-Option) garantiert eine enorme Reichweite, die ideal f\u00fcr ausgedehnte Touren und gro\u00dfe H\u00f6henmeter ist.<\/p>\n<h3 class=\"h3 product-detail-description-title\">Produktinformationen &#8222;Flyer Goroc3 4.10 &#8211; 625 Wh &#8211; 2022 &#8211; 27,5 Zoll &#8211; Fully&#8220;<\/h3>\n<div class=\"product-detail-description-text\">\n<hr \/>\n<h3>Details<\/h3>\n<div>\n<table>\n<tbody>\n<tr>\n<td>Zul\u00e4ssiges Gewicht inkl. Fahrer und Zuladung<\/td>\n<td>150 kg<\/td>\n<\/tr>\n<tr>\n<td>Gewicht in kg<\/td>\n<td>28<\/td>\n<\/tr>\n<tr>\n<td>Motor<\/td>\n<td>Bosch Mittelmotor Performance Line CX Gen4 250 Watt<\/td>\n<\/tr>\n<tr>\n<td>Drehmoment in Nm<\/td>\n<td>85 Nm<\/td>\n<\/tr>\n<tr>\n<td>Display<\/td>\n<td>Bosch Intuvia<\/td>\n<\/tr>\n<tr>\n<td>Motorposition<\/td>\n<td>Mittelmotor<\/td>\n<\/tr>\n<tr>\n<td>Kassette<\/td>\n<td>Shimano Deore, 10-fach, 11-46 Z\u00e4hne<\/td>\n<\/tr>\n<tr>\n<td>Schaltwerk<\/td>\n<td>Shimano Deore RD-M5120-SGS, 10-fach<\/td>\n<\/tr>\n<tr>\n<td>Schalthebel<\/td>\n<td>Shimano Deore SL-M4100-R, 10-fach<\/td>\n<\/tr>\n<tr>\n<td>Kette<\/td>\n<td>Shimano CN-E6090<\/td>\n<\/tr>\n<tr>\n<td>Kurbelgarnitur<\/td>\n<td>Samox EC40, 170mm Kurbelarml\u00e4nge<\/td>\n<\/tr>\n<tr>\n<td>Schaltung<\/td>\n<td>10-Gang Kettenschaltung<\/td>\n<\/tr>\n<tr>\n<td>Schaltungscode<\/td>\n<td>10-Gang Kette<\/td>\n<\/tr>\n<tr>\n<td>Bremsen vorne<\/td>\n<td>Shimano BR-MT420, hydraulische Scheibenbremse<\/td>\n<\/tr>\n<tr>\n<td>Bremsen hinten<\/td>\n<td>Shimano BR-MT420, hydraulische Scheibenbremse<\/td>\n<\/tr>\n<tr>\n<td>Gabel<\/td>\n<td>SR Suntour Aion35 Evo, 140mm Federweg, 15x110mm Boost<\/td>\n<\/tr>\n<tr>\n<td>D\u00e4mpfer<\/td>\n<td>RockShox Deluxe Select R, 185 x 55mm Trunnion<\/td>\n<\/tr>\n<tr>\n<td>Sattelklemme<\/td>\n<td>Castello H2C-2 34.9\/30.9 mm<\/td>\n<\/tr>\n<tr>\n<td>Rahmen<\/td>\n<td>Aluminium<\/td>\n<\/tr>\n<tr>\n<td>Rahmenform<\/td>\n<td>Fully<\/td>\n<\/tr>\n<tr>\n<td>Griffe<\/td>\n<td>Flyer Urban<\/td>\n<\/tr>\n<tr>\n<td>Lenker<\/td>\n<td>Flyer Alloy 9\u00b0, 25mm, 740mm Lenkerbreite<\/td>\n<\/tr>\n<tr>\n<td>Sattel<\/td>\n<td>Selle Royal Essenza+<\/td>\n<\/tr>\n<tr>\n<td>Vorbau<\/td>\n<td>Flyer Alloy, 31.8 x 50 mm, 3\u00b0<\/td>\n<\/tr>\n<tr>\n<td>Sattelst\u00fctze<\/td>\n<td>Flyer Dropper Post MT171, 100 mm travel, 30.9 mm<\/td>\n<\/tr>\n<tr>\n<td>Reifen (vorne)<\/td>\n<td>Schwalbe Johnny Watts 27.5 x 2.35 (60-584)<\/td>\n<\/tr>\n<tr>\n<td>Reifen (hinten)<\/td>\n<td>Schwalbe Johnny Watts 27.5 x 2.35 (60-584)<\/td>\n<\/tr>\n<tr>\n<td>Speichen<\/td>\n<td>DT Swiss Champion 2.0 x 274\/272 mm<\/td>\n<\/tr>\n<tr>\n<td>Nabe vorne<\/td>\n<td>Formula DC-711, 32h<\/td>\n<\/tr>\n<tr>\n<td>Nabe hinten<\/td>\n<td>Formula EHL-148S, 32h<\/td>\n<\/tr>\n<tr>\n<td>Felgen<\/td>\n<td>Alexrims MD30;Alexrims MD30<\/td>\n<\/tr>\n<tr>\n<td>H\u00f6chstgeschwindigkeit<\/td>\n<td>25<\/td>\n<\/tr>\n<tr>\n<td>Ma\u00dfeinheit<\/td>\n<td>km\/h<\/td>\n<\/tr>\n<tr>\n<td>Akku<\/td>\n<td>Bosch PowerTube 625 (625 Wh \/ 17.4 Ah \/ 36 V)<\/td>\n<\/tr>\n<tr>\n<td>Schloss<\/td>\n<td>Abus battery lock with YourPlus one key system<\/td>\n<\/tr>\n<tr>\n<td>St\u00e4nder<\/td>\n<td>Pletscher Comp Flex<\/td>\n<\/tr>\n<tr>\n<td>Gep\u00e4cktr\u00e4ger<\/td>\n<td>Flyer Racktime, integrated spring flap<\/td>\n<\/tr>\n<tr>\n<td>Beleuchtung vorn<\/td>\n<td>Supernova Mini 2<\/td>\n<\/tr>\n<tr>\n<td>Beleuchtung hinten<\/td>\n<td>Busch &amp; M\u00fcller 2C<\/td>\n<\/tr>\n<tr>\n<td>Pedale<\/td>\n<td>VP 527<\/td>\n<\/tr>\n<tr>\n<td>Steuersatz<\/td>\n<td>Acros AZX-243 R1<\/td>\n<\/tr>\n<tr>\n<td>Schutzbleche<\/td>\n<td>Pletscher Alu R65<\/td>\n<\/tr>\n<tr>\n<td>Ladeger\u00e4t<\/td>\n<td>Bosch Standard Charger 4A<\/td>\n<\/tr>\n<tr>\n<td>Schl\u00e4uche<\/td>\n<td>Schwalbe 54\/75-584 MV Light<\/td>\n<\/tr>\n<tr>\n<td>Felge hinten<\/td>\n<td>Alexrims MD30<\/td>\n<\/tr>\n<tr>\n<td>E-Bike Motor Hersteller<\/td>\n<td>Bosch<\/td>\n<\/tr>\n<tr>\n<td>E-Bike Zulassungspflichtig<\/td>\n<td>Nein<\/td>\n<\/tr>\n<tr>\n<td>Farbe<\/td>\n<td>Braun<\/td>\n<\/tr>\n<tr>\n<td>G\u00e4nge<\/td>\n<td>10 &#8211; G\u00e4nge<\/td>\n<\/tr>\n<tr>\n<td>Geschlecht<\/td>\n<td>Herren<\/td>\n<\/tr>\n<tr>\n<td>Marke<\/td>\n<td>Flyer<\/td>\n<\/tr>\n<tr>\n<td>Radgr\u00f6\u00dfe<\/td>\n<td>27,5 Zoll<\/td>\n<\/tr>\n<tr>\n<td>Rahmenmaterial<\/td>\n<td>Aluminium<\/td>\n<\/tr>\n<tr>\n<td>Saison<\/td>\n<td>2022<\/td>\n<\/tr>\n<tr>\n<td>Schaltart<\/td>\n<td>Kettenschaltung<\/td>\n<\/tr>\n<\/tbody>\n<\/table><\/div>\n<\/p><\/div>\n<\/p><\/div>\n","protected":false},"excerpt":{"rendered":"<p>Flyer Goroc3 4.10 &#8211; 625 Wh &#8211; 2022 &#8211; 27,5 Zoll &#8211; Fully Das Goroc3 ist eines der vielseitigsten E-Bikes. Das Multitalent E-Bike mit Full-Suspension stiehlt sowohl in der Stadt als auch am Berg die Show. Seine Akkukapazit\u00e4t von bis zu 1125 Wh (mit DualBattery-Option) garantiert eine enorme Reichweite, die ideal f\u00fcr ausgedehnte Touren und gro\u00dfe H\u00f6henmeter ist. Produktinformationen &#8222;Flyer\u2026<\/p>\n","protected":false},"featured_media":4305,"comment_status":"closed","ping_status":"closed","template":"","meta":[],"product_brand":[],"product_cat":[93,101,97,102],"product_tag":[],"class_list":{"0":"post-4297","1":"product","2":"type-product","3":"status-publish","4":"has-post-thumbnail","6":"product_cat-e-bike","7":"product_cat-e-bike-city-urban","8":"product_cat-e-bike-trekking","9":"product_cat-e-bikes-2022","11":"first","12":"instock","13":"sale","14":"shipping-taxable","15":"purchasable","16":"product-type-variable"},"_links":{"self":[{"href":"https:\/\/fatbike-de.com\/index.php\/wp-json\/wp\/v2\/product\/4297","targetHints":{"allow":["GET"]}}],"collection":[{"href":"https:\/\/fatbike-de.com\/index.php\/wp-json\/wp\/v2\/product"}],"about":[{"href":"https:\/\/fatbike-de.com\/index.php\/wp-json\/wp\/v2\/types\/product"}],"replies":[{"embeddable":true,"href":"https:\/\/fatbike-de.com\/index.php\/wp-json\/wp\/v2\/comments?post=4297"}],"wp:featuredmedia":[{"embeddable":true,"href":"https:\/\/fatbike-de.com\/index.php\/wp-json\/wp\/v2\/media\/4305"}],"wp:attachment":[{"href":"https:\/\/fatbike-de.com\/index.php\/wp-json\/wp\/v2\/media?parent=4297"}],"wp:term":[{"taxonomy":"product_brand","embeddable":true,"href":"https:\/\/fatbike-de.com\/index.php\/wp-json\/wp\/v2\/product_brand?post=4297"},{"taxonomy":"product_cat","embeddable":true,"href":"https:\/\/fatbike-de.com\/index.php\/wp-json\/wp\/v2\/product_cat?post=4297"},{"taxonomy":"product_tag","embeddable":true,"href":"https:\/\/fatbike-de.com\/index.php\/wp-json\/wp\/v2\/product_tag?post=4297"}],"curies":[{"name":"wp","href":"https:\/\/api.w.org\/{rel}","templated":true}]}}