{"id":4310,"date":"2024-02-27T11:32:01","date_gmt":"2024-02-27T10:32:01","guid":{"rendered":"https:\/\/fatbike-de.com\/?post_type=product&#038;p=4310"},"modified":"2024-02-27T11:33:00","modified_gmt":"2024-02-27T10:33:00","slug":"flyer-goroc2-6-30-750-wh-2022-29-zoll-diamant","status":"publish","type":"product","link":"https:\/\/fatbike-de.com\/index.php\/product\/flyer-goroc2-6-30-750-wh-2022-29-zoll-diamant\/","title":{"rendered":"Flyer Goroc2 6.30 &#8211; 750 Wh &#8211; 2022 &#8211; 29 Zoll &#8211; Diamant"},"content":{"rendered":"<div class=\"col product-detail-name-container\">\n<h2 class=\"product-detail-name\">Flyer Goroc2 6.30 &#8211; 750 Wh &#8211; 2022 &#8211; 29 Zoll &#8211; Diamant<\/h2>\n<p>Fahren Sie einen \u00fcppigen SUV oder meistern Sie schwieriges Gel\u00e4nde lieber umweltschonend auf zwei R\u00e4dern? Der Goroc2 bringt Sie und Ihr Gep\u00e4ck bequem und mit einem L\u00e4cheln im Gesicht den n\u00e4chsten H\u00fcgel hinauf, wenn Sie in den \u201eBoost\u201c-Modus wechseln. Dieses alltagstaugliche SUV-Bike verbindet sportliches Design mit viel Power auf und abseits der Stra\u00dfe. Davon k\u00f6nnen andere Bikes nur tr\u00e4umen!<\/p>\n<h3 class=\"h3 product-detail-description-title\">Produktinformationen &#8222;Flyer Goroc2 6.30 &#8211; 750 Wh &#8211; 2022 &#8211; 29 Zoll &#8211; Diamant&#8220;<\/h3>\n<div class=\"product-detail-description-text\">\n<hr \/>\n<h3>Details<\/h3>\n<div>\n<table>\n<tbody>\n<tr>\n<td>Zul\u00e4ssiges Gewicht inkl. Fahrer und Zuladung<\/td>\n<td>150 kg<\/td>\n<\/tr>\n<tr>\n<td>Gewicht in kg<\/td>\n<td>30<\/td>\n<\/tr>\n<tr>\n<td>Motor<\/td>\n<td>Panasonic GX Ultimate Mittelmotor 36V 250 Watt<\/td>\n<\/tr>\n<tr>\n<td>Drehmoment in Nm<\/td>\n<td>90 Nm<\/td>\n<\/tr>\n<tr>\n<td>Display<\/td>\n<td>FIT DSP1-M (2&#8243; Color Display)<\/td>\n<\/tr>\n<tr>\n<td>Motorposition<\/td>\n<td>Mittelmotor<\/td>\n<\/tr>\n<tr>\n<td>Kassette<\/td>\n<td>Shimano Deore CS-M6100, 12-fach, 10-51 Z\u00e4hne<\/td>\n<\/tr>\n<tr>\n<td>Schaltwerk<\/td>\n<td>Shimano XT RD-M8100-SGS, 12 speed<\/td>\n<\/tr>\n<tr>\n<td>Schalthebel<\/td>\n<td>Shimano Deore SL-M6100-R, 12-fach<\/td>\n<\/tr>\n<tr>\n<td>Kette<\/td>\n<td>Shimano CN-M6100<\/td>\n<\/tr>\n<tr>\n<td>Kurbelgarnitur<\/td>\n<td>Samox EC40, 165mm Kurbelarml\u00e4nge<\/td>\n<\/tr>\n<tr>\n<td>Schaltung<\/td>\n<td>12-Gang Kettenschaltung<\/td>\n<\/tr>\n<tr>\n<td>Schaltungscode<\/td>\n<td>12-Gang Kette<\/td>\n<\/tr>\n<tr>\n<td>Bremsen vorne<\/td>\n<td>Shimano BR-MT520<\/td>\n<\/tr>\n<tr>\n<td>Bremsen hinten<\/td>\n<td>Shimano BR-MT520<\/td>\n<\/tr>\n<tr>\n<td>Gabel<\/td>\n<td>SR Suntour Zeron35 Air, 120mm Federweg, 1.8&#8243; steerer, 15x110mm Boost<\/td>\n<\/tr>\n<tr>\n<td>Sattelklemme<\/td>\n<td>Laminar CL07JB1 BK 39\/34.9<\/td>\n<\/tr>\n<tr>\n<td>Rahmen<\/td>\n<td>Aluminium<\/td>\n<\/tr>\n<tr>\n<td>Rahmenform<\/td>\n<td>Diamant<\/td>\n<\/tr>\n<tr>\n<td>Griffe<\/td>\n<td>Flyer Urban<\/td>\n<\/tr>\n<tr>\n<td>Lenker<\/td>\n<td>Flyer Alloy 7\u00b0, 25mm, 740mm Lenkerbreite<\/td>\n<\/tr>\n<tr>\n<td>Sattel<\/td>\n<td>Selle Royal Essenza+<\/td>\n<\/tr>\n<tr>\n<td>Vorbau<\/td>\n<td>Flyer Alloy, 35 x 50 mm, 0\u00b0<\/td>\n<\/tr>\n<tr>\n<td>Sattelst\u00fctze<\/td>\n<td>Flyer Alloy, 31.6 x 300 mm<\/td>\n<\/tr>\n<tr>\n<td>Reifen (vorne)<\/td>\n<td>Schwalbe Johnny Watts 29 x 2.60 (65-622)<\/td>\n<\/tr>\n<tr>\n<td>Reifen (hinten)<\/td>\n<td>Schwalbe Johnny Watts 29 x 2.60 (65-622)<\/td>\n<\/tr>\n<tr>\n<td>Speichen<\/td>\n<td>DT Swiss Champion 2.0 x 292\/290 mm<\/td>\n<\/tr>\n<tr>\n<td>Nabe vorne<\/td>\n<td>Formula DC-511, 32h<\/td>\n<\/tr>\n<tr>\n<td>Nabe hinten<\/td>\n<td>Formula EHL-148M, 32h<\/td>\n<\/tr>\n<tr>\n<td>Felgen<\/td>\n<td>Alexrims MD30;Alexrims MD30<\/td>\n<\/tr>\n<tr>\n<td>H\u00f6chstgeschwindigkeit<\/td>\n<td>25<\/td>\n<\/tr>\n<tr>\n<td>Ma\u00dfeinheit<\/td>\n<td>km\/h<\/td>\n<\/tr>\n<tr>\n<td>Akku<\/td>\n<td>Flyer FIB-750 36V FIT (750 Wh \/ 20.1 Ah \/ 36 V)<\/td>\n<\/tr>\n<tr>\n<td>Schloss<\/td>\n<td>Abus battery lock with YourPlus one key system<\/td>\n<\/tr>\n<tr>\n<td>St\u00e4nder<\/td>\n<td>Pletscher Comp Flex<\/td>\n<\/tr>\n<tr>\n<td>Gep\u00e4cktr\u00e4ger<\/td>\n<td>Flyer Racktime, integrated spring flap<\/td>\n<\/tr>\n<tr>\n<td>Beleuchtung vorn<\/td>\n<td>Supernova M99 Mini Pure 25<\/td>\n<\/tr>\n<tr>\n<td>Beleuchtung hinten<\/td>\n<td>Busch &amp; M\u00fcller 2C<\/td>\n<\/tr>\n<tr>\n<td>Pedale<\/td>\n<td>VP 527<\/td>\n<\/tr>\n<tr>\n<td>Steuersatz<\/td>\n<td>Acros AZX-262 Blocklock<\/td>\n<\/tr>\n<tr>\n<td>Schutzbleche<\/td>\n<td>SunnyWheel 65mm<\/td>\n<\/tr>\n<tr>\n<td>Ladeger\u00e4t<\/td>\n<td>FIT Fast Charger 36V 6A<\/td>\n<\/tr>\n<tr>\n<td>Schl\u00e4uche<\/td>\n<td>Schwalbe 54\/75-622 MV Light<\/td>\n<\/tr>\n<tr>\n<td>Felge hinten<\/td>\n<td>Alexrims MD30<\/td>\n<\/tr>\n<tr>\n<td>E-Bike Motor Hersteller<\/td>\n<td>Panasonic<\/td>\n<\/tr>\n<tr>\n<td>E-Bike Zulassungspflichtig<\/td>\n<td>Nein<\/td>\n<\/tr>\n<tr>\n<td>G\u00e4nge<\/td>\n<td>12 &#8211; G\u00e4nge<\/td>\n<\/tr>\n<tr>\n<td>Geschlecht<\/td>\n<td>Herren<\/td>\n<\/tr>\n<tr>\n<td>Marke<\/td>\n<td>Flyer<\/td>\n<\/tr>\n<tr>\n<td>Radgr\u00f6\u00dfe<\/td>\n<td>29 Zoll<\/td>\n<\/tr>\n<tr>\n<td>Rahmenmaterial<\/td>\n<td>Aluminium<\/td>\n<\/tr>\n<tr>\n<td>Saison<\/td>\n<td>2022<\/td>\n<\/tr>\n<tr>\n<td>Schaltart<\/td>\n<td>Kettenschaltung<\/td>\n<\/tr>\n<\/tbody>\n<\/table><\/div>\n<\/p><\/div>\n<\/p><\/div>\n","protected":false},"excerpt":{"rendered":"<p>Flyer Goroc2 6.30 &#8211; 750 Wh &#8211; 2022 &#8211; 29 Zoll &#8211; Diamant Fahren Sie einen \u00fcppigen SUV oder meistern Sie schwieriges Gel\u00e4nde lieber umweltschonend auf zwei R\u00e4dern? Der Goroc2 bringt Sie und Ihr Gep\u00e4ck bequem und mit einem L\u00e4cheln im Gesicht den n\u00e4chsten H\u00fcgel hinauf, wenn Sie in den \u201eBoost\u201c-Modus wechseln. Dieses alltagstaugliche SUV-Bike verbindet sportliches Design mit viel\u2026<\/p>\n","protected":false},"featured_media":4326,"comment_status":"closed","ping_status":"closed","template":"","meta":[],"product_brand":[],"product_cat":[93,97,102],"product_tag":[],"class_list":{"0":"post-4310","1":"product","2":"type-product","3":"status-publish","4":"has-post-thumbnail","6":"product_cat-e-bike","7":"product_cat-e-bike-trekking","8":"product_cat-e-bikes-2022","10":"first","11":"instock","12":"sale","13":"shipping-taxable","14":"purchasable","15":"product-type-variable"},"_links":{"self":[{"href":"https:\/\/fatbike-de.com\/index.php\/wp-json\/wp\/v2\/product\/4310","targetHints":{"allow":["GET"]}}],"collection":[{"href":"https:\/\/fatbike-de.com\/index.php\/wp-json\/wp\/v2\/product"}],"about":[{"href":"https:\/\/fatbike-de.com\/index.php\/wp-json\/wp\/v2\/types\/product"}],"replies":[{"embeddable":true,"href":"https:\/\/fatbike-de.com\/index.php\/wp-json\/wp\/v2\/comments?post=4310"}],"wp:featuredmedia":[{"embeddable":true,"href":"https:\/\/fatbike-de.com\/index.php\/wp-json\/wp\/v2\/media\/4326"}],"wp:attachment":[{"href":"https:\/\/fatbike-de.com\/index.php\/wp-json\/wp\/v2\/media?parent=4310"}],"wp:term":[{"taxonomy":"product_brand","embeddable":true,"href":"https:\/\/fatbike-de.com\/index.php\/wp-json\/wp\/v2\/product_brand?post=4310"},{"taxonomy":"product_cat","embeddable":true,"href":"https:\/\/fatbike-de.com\/index.php\/wp-json\/wp\/v2\/product_cat?post=4310"},{"taxonomy":"product_tag","embeddable":true,"href":"https:\/\/fatbike-de.com\/index.php\/wp-json\/wp\/v2\/product_tag?post=4310"}],"curies":[{"name":"wp","href":"https:\/\/api.w.org\/{rel}","templated":true}]}}