{"id":4346,"date":"2024-02-27T11:33:02","date_gmt":"2024-02-27T10:33:02","guid":{"rendered":"https:\/\/fatbike-de.com\/?post_type=product&#038;p=4346"},"modified":"2024-02-27T11:36:39","modified_gmt":"2024-02-27T10:36:39","slug":"diamant-juna-400-wh-2022-28-zoll-damen-sport","status":"publish","type":"product","link":"https:\/\/fatbike-de.com\/index.php\/product\/diamant-juna-400-wh-2022-28-zoll-damen-sport\/","title":{"rendered":"Diamant Juna+ &#8211; 400 Wh &#8211; 2022 &#8211; 28 Zoll &#8211; Damen Sport"},"content":{"rendered":"<div class=\"col product-detail-name-container\">\n<div class=\"col product-detail-name-container\">\n<h2 class=\"product-detail-name\">Diamant Juna+ &#8211; 400 Wh &#8211; 2022 &#8211; 28 Zoll &#8211; Damen Sport<\/h2>\n<p>Die neun Gerichte von Diamant Juna+ haben dich im urbanen Einsatz best\u00e4ndig und zuverl\u00e4ssig unterst\u00fctzt. Mit dem First-Hand-Gep\u00e4cktr\u00e4ger in passenden Farben haben Sie Ihre Handtasche oder Ihre Eink\u00e4ufe immer im Blick. Optisch haben wir auch Schultergurte f\u00fcr die Anh\u00e4ngertaschen und den externen Akku integriert.Ihr Fahrrad ist ein trendiges Accessoire. Es tr\u00e4gt Ihre Pers\u00f6nlichkeit und passt perfekt zu Ihrem Stil.<\/p>\n<h3 class=\"h3 product-detail-description-title\">Produktinformationen &#8222;Diamant Juna+ &#8211; 400 Wh &#8211; 2022 &#8211; 28 Zoll &#8211; Damen Sport&#8220;<\/h3>\n<div class=\"product-detail-description-text\">\n<hr \/>\n<h3>Details<\/h3>\n<div>\n<table>\n<tbody>\n<tr>\n<td>Zul\u00e4ssiges Gewicht inkl. Fahrer und Zuladung<\/td>\n<td>136 kg<\/td>\n<\/tr>\n<tr>\n<td>Gewicht in kg<\/td>\n<td>24.7<\/td>\n<\/tr>\n<tr>\n<td>Motor<\/td>\n<td>Bosch Mittelmotor Active Line Plus 250 Watt, 50Nm<\/td>\n<\/tr>\n<tr>\n<td>Drehmoment in Nm<\/td>\n<td>50 Nm<\/td>\n<\/tr>\n<tr>\n<td>Display<\/td>\n<td>Bosch Purion<\/td>\n<\/tr>\n<tr>\n<td>Motorposition<\/td>\n<td>Mittelmotor<\/td>\n<\/tr>\n<tr>\n<td>Kassette<\/td>\n<td>Shimano HG400 11-34 Z\u00e4hne, 9-Fach<\/td>\n<\/tr>\n<tr>\n<td>Schaltung<\/td>\n<td>9-Gang Kettenschaltung<\/td>\n<\/tr>\n<tr>\n<td>Schaltwerk<\/td>\n<td>Shimano Alivio, 9-fach<\/td>\n<\/tr>\n<tr>\n<td>Schalthebel<\/td>\n<td>Shimano Altus, 9-fach<\/td>\n<\/tr>\n<tr>\n<td>Kurbelgarnitur<\/td>\n<td>Aluminium, 38 Z\u00e4hne<\/td>\n<\/tr>\n<tr>\n<td>Schaltungscode<\/td>\n<td>09-Gang Kette<\/td>\n<\/tr>\n<tr>\n<td>Bremsen vorne<\/td>\n<td>Tektro Vela, hydraulische Scheibenbremse<\/td>\n<\/tr>\n<tr>\n<td>Bremsen hinten<\/td>\n<td>Tektro Vela, hydraulische Scheibenbremse<\/td>\n<\/tr>\n<tr>\n<td>Gabel<\/td>\n<td>starre Stahlgabel<\/td>\n<\/tr>\n<tr>\n<td>Rahmen<\/td>\n<td>komfortabler Aluminiumrahmen mit innenverlegter Kabelf\u00fchrung<\/td>\n<\/tr>\n<tr>\n<td>Rahmenform<\/td>\n<td>Damen Sport<\/td>\n<\/tr>\n<tr>\n<td>Griffe<\/td>\n<td>Diamant Retro umn\u00e4ht<\/td>\n<\/tr>\n<tr>\n<td>Lenker<\/td>\n<td>Bontrager Capital Urban, 25.4mm<\/td>\n<\/tr>\n<tr>\n<td>Sattel<\/td>\n<td>Diamant Retro<\/td>\n<\/tr>\n<tr>\n<td>Vorbau<\/td>\n<td>Aluminium Schaftvorbau geschmiedet<\/td>\n<\/tr>\n<tr>\n<td>Sattelst\u00fctze<\/td>\n<td>Aluminium gefedert<\/td>\n<\/tr>\n<tr>\n<td>Nabe vorne<\/td>\n<td>Shimano M475<\/td>\n<\/tr>\n<tr>\n<td>Felgen<\/td>\n<td>Hohlkammer Alufelgen mit \u00d6sen;Hohlkammer Alufelgen mit \u00d6sen<\/td>\n<\/tr>\n<tr>\n<td>Nabe hinten<\/td>\n<td>Shimano M475<\/td>\n<\/tr>\n<tr>\n<td>Reifen (vorne)<\/td>\n<td>Schwalbe Fat Frank mit KevlarGuard Pannenschutz, Reflexstreifen, 28&#215;2.00&#8243; (50-622)<\/td>\n<\/tr>\n<tr>\n<td>Reifen (hinten)<\/td>\n<td>Schwalbe Fat Frank mit KevlarGuard Pannenschutz, Reflexstreifen, 28&#215;2.00&#8243; (50-622)<\/td>\n<\/tr>\n<tr>\n<td>H\u00f6chstgeschwindigkeit<\/td>\n<td>25<\/td>\n<\/tr>\n<tr>\n<td>Ma\u00dfeinheit<\/td>\n<td>km\/h<\/td>\n<\/tr>\n<tr>\n<td>Akku<\/td>\n<td>Bosch PowerPack 400, Lithium-Ionen-Akku, kein Memory-Effekt, Akku abschlie\u00dfbar und abnehmbar<\/td>\n<\/tr>\n<tr>\n<td>Pedale<\/td>\n<td>Aluminium mit Gummstandfl\u00e4che<\/td>\n<\/tr>\n<tr>\n<td>Ladeger\u00e4t<\/td>\n<td>Bosch 4A Ladeger\u00e4t<\/td>\n<\/tr>\n<tr>\n<td>Felge hinten<\/td>\n<td>Hohlkammer Alufelgen mit \u00d6sen<\/td>\n<\/tr>\n<tr>\n<td>Beleuchtung vorn<\/td>\n<td>Spanninga Swingo, LED<\/td>\n<\/tr>\n<tr>\n<td>Beleuchtung hinten<\/td>\n<td>Spanninga Nr. 9, LED<\/td>\n<\/tr>\n<tr>\n<td>Akku entnehmbar<\/td>\n<td>ja<\/td>\n<\/tr>\n<tr>\n<td>E-Bike Motor Hersteller<\/td>\n<td>Bosch<\/td>\n<\/tr>\n<tr>\n<td>E-Bike Zulassungspflichtig<\/td>\n<td>Nein<\/td>\n<\/tr>\n<tr>\n<td>G\u00e4nge<\/td>\n<td>09 &#8211; G\u00e4nge<\/td>\n<\/tr>\n<tr>\n<td>Geschlecht<\/td>\n<td>Damen<\/td>\n<\/tr>\n<tr>\n<td>Marke<\/td>\n<td>Diamant<\/td>\n<\/tr>\n<tr>\n<td>Radgr\u00f6\u00dfe<\/td>\n<td>28 Zoll<\/td>\n<\/tr>\n<tr>\n<td>Rahmenmaterial<\/td>\n<td>Aluminium<\/td>\n<\/tr>\n<tr>\n<td>Saison<\/td>\n<td>2022<\/td>\n<\/tr>\n<tr>\n<td>Schaltart<\/td>\n<td>Kettenschaltung<\/td>\n<\/tr>\n<\/tbody>\n<\/table><\/div>\n<\/p><\/div>\n<\/p><\/div>\n<\/p><\/div>\n","protected":false},"excerpt":{"rendered":"<p>Diamant Juna+ &#8211; 400 Wh &#8211; 2022 &#8211; 28 Zoll &#8211; Damen Sport Die neun Gerichte von Diamant Juna+ haben dich im urbanen Einsatz best\u00e4ndig und zuverl\u00e4ssig unterst\u00fctzt. Mit dem First-Hand-Gep\u00e4cktr\u00e4ger in passenden Farben haben Sie Ihre Handtasche oder Ihre Eink\u00e4ufe immer im Blick. Optisch haben wir auch Schultergurte f\u00fcr die Anh\u00e4ngertaschen und den externen Akku integriert.Ihr Fahrrad ist ein\u2026<\/p>\n","protected":false},"featured_media":4377,"comment_status":"closed","ping_status":"closed","template":"","meta":[],"product_brand":[],"product_cat":[93,97,102],"product_tag":[],"class_list":{"0":"post-4346","1":"product","2":"type-product","3":"status-publish","4":"has-post-thumbnail","6":"product_cat-e-bike","7":"product_cat-e-bike-trekking","8":"product_cat-e-bikes-2022","10":"first","11":"instock","12":"sale","13":"shipping-taxable","14":"purchasable","15":"product-type-variable"},"_links":{"self":[{"href":"https:\/\/fatbike-de.com\/index.php\/wp-json\/wp\/v2\/product\/4346","targetHints":{"allow":["GET"]}}],"collection":[{"href":"https:\/\/fatbike-de.com\/index.php\/wp-json\/wp\/v2\/product"}],"about":[{"href":"https:\/\/fatbike-de.com\/index.php\/wp-json\/wp\/v2\/types\/product"}],"replies":[{"embeddable":true,"href":"https:\/\/fatbike-de.com\/index.php\/wp-json\/wp\/v2\/comments?post=4346"}],"wp:featuredmedia":[{"embeddable":true,"href":"https:\/\/fatbike-de.com\/index.php\/wp-json\/wp\/v2\/media\/4377"}],"wp:attachment":[{"href":"https:\/\/fatbike-de.com\/index.php\/wp-json\/wp\/v2\/media?parent=4346"}],"wp:term":[{"taxonomy":"product_brand","embeddable":true,"href":"https:\/\/fatbike-de.com\/index.php\/wp-json\/wp\/v2\/product_brand?post=4346"},{"taxonomy":"product_cat","embeddable":true,"href":"https:\/\/fatbike-de.com\/index.php\/wp-json\/wp\/v2\/product_cat?post=4346"},{"taxonomy":"product_tag","embeddable":true,"href":"https:\/\/fatbike-de.com\/index.php\/wp-json\/wp\/v2\/product_tag?post=4346"}],"curies":[{"name":"wp","href":"https:\/\/api.w.org\/{rel}","templated":true}]}}