{"id":4436,"date":"2024-02-27T11:39:13","date_gmt":"2024-02-27T10:39:13","guid":{"rendered":"https:\/\/fatbike-de.com\/?post_type=product&#038;p=4436"},"modified":"2024-02-27T11:42:21","modified_gmt":"2024-02-27T10:42:21","slug":"carver-route-e-440-500-wh-2022-28-zoll-damen-sport","status":"publish","type":"product","link":"https:\/\/fatbike-de.com\/index.php\/product\/carver-route-e-440-500-wh-2022-28-zoll-damen-sport\/","title":{"rendered":"Carver Route E.440 &#8211; 500 Wh &#8211; 2022 &#8211; 28 Zoll &#8211; Damen Sport"},"content":{"rendered":"<div class=\"col product-detail-name-container\">\n<div class=\"col product-detail-name-container\">\n<h2 class=\"product-detail-name\">Carver Route E.440 &#8211; 500 Wh &#8211; 2022 &#8211; 28 Zoll &#8211; Damen Sport<\/h2>\n<p>Carver Route E.440 Daf\u00fcr sorgt der sch\u00f6ne Damen Sport Rahmen aus Aluminium und der sinnig platzierte 500 Wh Intube-Akku. Gemeinsam mit den 28&#8243; Laufr\u00e4dern geht es daher z\u00fcgig voran.<\/p>\n<p>Zugegeben: manche E-Bikes kann man nicht gerade als Augenweiden bezeichnen. Nat\u00fcrlich hat auch der kr\u00e4ftige Bosch Performance Line Mittelmotor ein sch\u00f6nes Pl\u00e4tzchen gefunden, wo er seine 63 Nm Drehmoment entfalten kann. Das Route E.440 aus dem Hause Carver geh\u00f6rt zum Gl\u00fcck aber nicht zu dieser Kategorie. Egal, ob es dabei durch den hektischen Stadtverkehr oder durch die ruhige Natur gehen soll, dieses E-Trekkingbike sollte die Damen der Sch\u00f6pfung definitiv gl\u00fccklich machen.<\/p>\n<p>&nbsp;<\/p>\n<hr \/>\n<h3>Details<\/h3>\n<div>\n<table>\n<tbody>\n<tr>\n<td>Zul\u00e4ssiges Gewicht inkl. Fahrer und Zuladung<\/td>\n<td>140 kg<\/td>\n<\/tr>\n<tr>\n<td>Gewicht in kg<\/td>\n<td>24<\/td>\n<\/tr>\n<tr>\n<td>Drehmoment in Nm<\/td>\n<td>63 Nm<\/td>\n<\/tr>\n<tr>\n<td>Motor<\/td>\n<td>Bosch Mittelmotor Performance Line 250 Watt<\/td>\n<\/tr>\n<tr>\n<td>Display<\/td>\n<td>Bosch Intuvia<\/td>\n<\/tr>\n<tr>\n<td>Motorposition<\/td>\n<td>Mittelmotor<\/td>\n<\/tr>\n<tr>\n<td>Kurbelgarnitur<\/td>\n<td>FSA CK-220, Kettenblatt: 18 Z\u00e4hne<\/td>\n<\/tr>\n<tr>\n<td>Schaltung<\/td>\n<td>11-Gang Kettenschaltung<\/td>\n<\/tr>\n<tr>\n<td>Schaltwerk<\/td>\n<td>Shimano XT, 11-fach, Shadow Plus Design<\/td>\n<\/tr>\n<tr>\n<td>Schalthebel<\/td>\n<td>Shimano XT, 11-fach, Rapid Fire Plus<\/td>\n<\/tr>\n<tr>\n<td>Schaltungscode<\/td>\n<td>11-Gang Kette<\/td>\n<\/tr>\n<tr>\n<td>Bremsen vorne<\/td>\n<td>Shimano Deore, hydraulische Scheibenbremse<\/td>\n<\/tr>\n<tr>\n<td>Bremsen hinten<\/td>\n<td>Shimano Deore, hydraulische Scheibenbremse<\/td>\n<\/tr>\n<tr>\n<td>Bremsscheibe<\/td>\n<td>180mm \/ 160mm;180mm \/ 160mm<\/td>\n<\/tr>\n<tr>\n<td>Rahmen<\/td>\n<td>Aluminium<\/td>\n<\/tr>\n<tr>\n<td>Gabel<\/td>\n<td>RockShox Paragon Silver, 65mm Federweg<\/td>\n<\/tr>\n<tr>\n<td>Federweg vorne in mm<\/td>\n<td>65 mm<\/td>\n<\/tr>\n<tr>\n<td>Rahmenform<\/td>\n<td>Damen Sport<\/td>\n<\/tr>\n<tr>\n<td>Vorbau<\/td>\n<td>Humpert Octupus, Ahead verstellbar<\/td>\n<\/tr>\n<tr>\n<td>Lenker<\/td>\n<td>Humpert Ergo XL<\/td>\n<\/tr>\n<tr>\n<td>Griffe<\/td>\n<td>Ergon GP1<\/td>\n<\/tr>\n<tr>\n<td>Sattel<\/td>\n<td>Velo<\/td>\n<\/tr>\n<tr>\n<td>Sattelst\u00fctze<\/td>\n<td>Humpert Atar<\/td>\n<\/tr>\n<tr>\n<td>Nabe vorne<\/td>\n<td>Shimano Deore<\/td>\n<\/tr>\n<tr>\n<td>Nabe hinten<\/td>\n<td>Shimano Deore<\/td>\n<\/tr>\n<tr>\n<td>Reifen (vorne)<\/td>\n<td>Schwalbe Energizer Plus (28&#8243; x 2,00 \/ 50-622)<\/td>\n<\/tr>\n<tr>\n<td>Reifen (hinten)<\/td>\n<td>Schwalbe Energizer Plus (28&#8243; x 2,00 \/ 50-622)<\/td>\n<\/tr>\n<tr>\n<td>Laufr\u00e4der<\/td>\n<td>Carver, Doublewall, 28&#8243;<\/td>\n<\/tr>\n<tr>\n<td>Beleuchtung vorn<\/td>\n<td>Trelock Airflow (70 Lux)<\/td>\n<\/tr>\n<tr>\n<td>Beleuchtung hinten<\/td>\n<td>AXA LS611 Duo Flat<\/td>\n<\/tr>\n<tr>\n<td>Schutzbleche<\/td>\n<td>SKS<\/td>\n<\/tr>\n<tr>\n<td>Akku<\/td>\n<td>Bosch, 500 Wh<\/td>\n<\/tr>\n<tr>\n<td>Gep\u00e4cktr\u00e4ger<\/td>\n<td>Carver<\/td>\n<\/tr>\n<tr>\n<td>H\u00f6chstgeschwindigkeit<\/td>\n<td>25<\/td>\n<\/tr>\n<tr>\n<td>Ma\u00dfeinheit<\/td>\n<td>km\/h<\/td>\n<\/tr>\n<tr>\n<td>Beleuchtung<\/td>\n<td>mit Beleuchtung<\/td>\n<\/tr>\n<tr>\n<td>E-Bike Motor Hersteller<\/td>\n<td>Bosch<\/td>\n<\/tr>\n<tr>\n<td>E-Bike Zulassungspflichtig<\/td>\n<td>Nein<\/td>\n<\/tr>\n<tr>\n<td>Farbe<\/td>\n<td>Grau<\/td>\n<\/tr>\n<tr>\n<td>Federung<\/td>\n<td>Mit Federung<\/td>\n<\/tr>\n<tr>\n<td>G\u00e4nge<\/td>\n<td>11 &#8211; G\u00e4nge<\/td>\n<\/tr>\n<tr>\n<td>Geschlecht<\/td>\n<td>Damen<\/td>\n<\/tr>\n<tr>\n<td>Marke<\/td>\n<td>Carver<\/td>\n<\/tr>\n<tr>\n<td>Radgr\u00f6\u00dfe<\/td>\n<td>28 Zoll<\/td>\n<\/tr>\n<tr>\n<td>Rahmenmaterial<\/td>\n<td>Aluminium<\/td>\n<\/tr>\n<tr>\n<td>Saison<\/td>\n<td>2022<\/td>\n<\/tr>\n<tr>\n<td>Schaltart<\/td>\n<td>Kettenschaltung<\/td>\n<\/tr>\n<\/tbody>\n<\/table><\/div>\n<\/p><\/div>\n<\/p><\/div>\n","protected":false},"excerpt":{"rendered":"<p>Carver Route E.440 &#8211; 500 Wh &#8211; 2022 &#8211; 28 Zoll &#8211; Damen Sport Carver Route E.440 Daf\u00fcr sorgt der sch\u00f6ne Damen Sport Rahmen aus Aluminium und der sinnig platzierte 500 Wh Intube-Akku. Gemeinsam mit den 28&#8243; Laufr\u00e4dern geht es daher z\u00fcgig voran. Zugegeben: manche E-Bikes kann man nicht gerade als Augenweiden bezeichnen. Nat\u00fcrlich hat auch der kr\u00e4ftige Bosch Performance\u2026<\/p>\n","protected":false},"featured_media":4470,"comment_status":"closed","ping_status":"closed","template":"","meta":[],"product_brand":[],"product_cat":[93,97,102],"product_tag":[],"class_list":{"0":"post-4436","1":"product","2":"type-product","3":"status-publish","4":"has-post-thumbnail","6":"product_cat-e-bike","7":"product_cat-e-bike-trekking","8":"product_cat-e-bikes-2022","10":"first","11":"instock","12":"shipping-taxable","13":"purchasable","14":"product-type-variable"},"_links":{"self":[{"href":"https:\/\/fatbike-de.com\/index.php\/wp-json\/wp\/v2\/product\/4436","targetHints":{"allow":["GET"]}}],"collection":[{"href":"https:\/\/fatbike-de.com\/index.php\/wp-json\/wp\/v2\/product"}],"about":[{"href":"https:\/\/fatbike-de.com\/index.php\/wp-json\/wp\/v2\/types\/product"}],"replies":[{"embeddable":true,"href":"https:\/\/fatbike-de.com\/index.php\/wp-json\/wp\/v2\/comments?post=4436"}],"wp:featuredmedia":[{"embeddable":true,"href":"https:\/\/fatbike-de.com\/index.php\/wp-json\/wp\/v2\/media\/4470"}],"wp:attachment":[{"href":"https:\/\/fatbike-de.com\/index.php\/wp-json\/wp\/v2\/media?parent=4436"}],"wp:term":[{"taxonomy":"product_brand","embeddable":true,"href":"https:\/\/fatbike-de.com\/index.php\/wp-json\/wp\/v2\/product_brand?post=4436"},{"taxonomy":"product_cat","embeddable":true,"href":"https:\/\/fatbike-de.com\/index.php\/wp-json\/wp\/v2\/product_cat?post=4436"},{"taxonomy":"product_tag","embeddable":true,"href":"https:\/\/fatbike-de.com\/index.php\/wp-json\/wp\/v2\/product_tag?post=4436"}],"curies":[{"name":"wp","href":"https:\/\/api.w.org\/{rel}","templated":true}]}}