{"id":4603,"date":"2024-02-27T11:48:55","date_gmt":"2024-02-27T10:48:55","guid":{"rendered":"https:\/\/fatbike-de.com\/?post_type=product&#038;p=4603"},"modified":"2024-02-27T11:51:55","modified_gmt":"2024-02-27T10:51:55","slug":"bergamont-e-horizon-edition-625-wh-2022-28-zoll-diamant","status":"publish","type":"product","link":"https:\/\/fatbike-de.com\/index.php\/product\/bergamont-e-horizon-edition-625-wh-2022-28-zoll-diamant\/","title":{"rendered":"Bergamont E-Horizon Edition &#8211; 625 Wh &#8211; 2022 &#8211; 28 Zoll &#8211; Diamant"},"content":{"rendered":"<div class=\"col product-detail-name-container\">\n<h2 class=\"product-detail-name\">Bergamont E-Horizon Edition &#8211; 625 Wh &#8211; 2022 &#8211; 28 Zoll &#8211; Diamant<\/h2>\n<p class=\"product-detail-name\">E-Horizon Edition Das Rahmendesign und die Ausstattung des E-Horizon Sport sind bis ins kleinste Detail f\u00fcr die Nutzung im Trekking Alltag optimiert. Der\u00a0<strong>28 Zoll Diamant <\/strong>\u00fcberzeugt mit seiner modernen Silhouette und seiner hohen Agilit\u00e4t. Zudem begeistert der Rahmen mit einem hohen Ma\u00df an Integration. So sind Antrieb und Batterie komplett im Rahmeninneren integriert und tragen zu dem \u00e4sthetischen Design bei.<\/p>\n<h3>Details<\/h3>\n<div>\n<table>\n<tbody>\n<tr>\n<td>Zul\u00e4ssiges Gewicht inkl. Fahrer und Zuladung<\/td>\n<td>140 kg<\/td>\n<\/tr>\n<tr>\n<td>Gewicht in kg<\/td>\n<td>25.6<\/td>\n<\/tr>\n<tr>\n<td>Motor<\/td>\n<td>Bosch Mittelmotor Performance Line Gen3 250 Watt<\/td>\n<\/tr>\n<tr>\n<td>Drehmoment in Nm<\/td>\n<td>65 Nm<\/td>\n<\/tr>\n<tr>\n<td>Display<\/td>\n<td>Bosch Purion<\/td>\n<\/tr>\n<tr>\n<td>Motorposition<\/td>\n<td>Mittelmotor<\/td>\n<\/tr>\n<tr>\n<td>Kette<\/td>\n<td>KMC e10S<\/td>\n<\/tr>\n<tr>\n<td>Kassette<\/td>\n<td>Shimano Deore, CS-M4100, 11-42 Z\u00e4hne<\/td>\n<\/tr>\n<tr>\n<td>Schalthebel<\/td>\n<td>Shimano Deore, SL-M4100, 1&#215;10-fach, Rapidfire Plus-Schalthebel<\/td>\n<\/tr>\n<tr>\n<td>Kurbelgarnitur<\/td>\n<td>FSA CK-200, 38 Z\u00e4hne<\/td>\n<\/tr>\n<tr>\n<td>Schaltwerk<\/td>\n<td>Shimano Deore, RD-M4120, Shadow<\/td>\n<\/tr>\n<tr>\n<td>Schaltung<\/td>\n<td>10-Gang Kettenschaltung<\/td>\n<\/tr>\n<tr>\n<td>Schaltungscode<\/td>\n<td>10-Gang Kette<\/td>\n<\/tr>\n<tr>\n<td>Bremshebel<\/td>\n<td>Shimano BL-MT200, hydraulische Scheibenbremse<\/td>\n<\/tr>\n<tr>\n<td>Bremsen vorne<\/td>\n<td>Shimano BR-MT200, hydraulische Scheibenbremse<\/td>\n<\/tr>\n<tr>\n<td>Bremsscheibe<\/td>\n<td>Shimano SM-RT10, 180 mm \/ Shimano SM-RT10, 160 mm;180mm \/ 160mm<\/td>\n<\/tr>\n<tr>\n<td>Bremsen hinten<\/td>\n<td>Shimano BR-MT200, hydraulische Scheibenbremse<\/td>\n<\/tr>\n<tr>\n<td>Gabel<\/td>\n<td>Suntour NEX E25, 63mm<\/td>\n<\/tr>\n<tr>\n<td>Rahmen<\/td>\n<td>28&#8243;, ultra lite AL-6061 Rohrsatz, PowerTube Akku<\/td>\n<\/tr>\n<tr>\n<td>Rahmenform<\/td>\n<td>Diamant<\/td>\n<\/tr>\n<tr>\n<td>Felgen<\/td>\n<td>Ryde Rival 23 Disc, ge\u00f6st<\/td>\n<\/tr>\n<tr>\n<td>Speichen<\/td>\n<td>Sapim Leader<\/td>\n<\/tr>\n<tr>\n<td>Nabe vorne<\/td>\n<td>Shimano, Centerlock, Disc, Schnellspanner<\/td>\n<\/tr>\n<tr>\n<td>Nabe hinten<\/td>\n<td>Shimano, Centerlock, Disc, Schnellspanner<\/td>\n<\/tr>\n<tr>\n<td>Reifen (vorne)<\/td>\n<td>Schwalbe Energizer Active Plus, Reflex-Streifen, 47-622<\/td>\n<\/tr>\n<tr>\n<td>Reifen (hinten)<\/td>\n<td>Schwalbe Energizer Active Plus, Reflex-Streifen, 47-622<\/td>\n<\/tr>\n<tr>\n<td>Griffe<\/td>\n<td>BGM Comfort, Ergo, Double Density, Schraubgriffe<\/td>\n<\/tr>\n<tr>\n<td>Lenker<\/td>\n<td>BGM Pro, Riser Lenker, Kr\u00f6pfung: 15\u00b0, H\u00f6he: 5mm<\/td>\n<\/tr>\n<tr>\n<td>Sattel<\/td>\n<td>Selle Royal Essenza, gent<\/td>\n<\/tr>\n<tr>\n<td>Vorbau<\/td>\n<td>BGM Pro, einstellbar<\/td>\n<\/tr>\n<tr>\n<td>Sattelst\u00fctze<\/td>\n<td>BGM Pro<\/td>\n<\/tr>\n<tr>\n<td>H\u00f6chstgeschwindigkeit<\/td>\n<td>25<\/td>\n<\/tr>\n<tr>\n<td>Ma\u00dfeinheit<\/td>\n<td>km\/h<\/td>\n<\/tr>\n<tr>\n<td>Akku<\/td>\n<td>Bosch PowerTube, 36 V Li Ion, 625 Wh<\/td>\n<\/tr>\n<tr>\n<td>Pedale<\/td>\n<td>Trekking Aluminium<\/td>\n<\/tr>\n<tr>\n<td>St\u00e4nder<\/td>\n<td>Atran<\/td>\n<\/tr>\n<tr>\n<td>Ladeger\u00e4t<\/td>\n<td>Bosch Compact Charger, 2A<\/td>\n<\/tr>\n<tr>\n<td>Tretlager<\/td>\n<td>Bosch, Isis<\/td>\n<\/tr>\n<tr>\n<td>Steuersatz<\/td>\n<td>FSA NO.57SC-1, A-Headset, semi-integriert, Tapered<\/td>\n<\/tr>\n<tr>\n<td>Schutzbleche<\/td>\n<td>Racktime Wingee<\/td>\n<\/tr>\n<tr>\n<td>Gep\u00e4cktr\u00e4ger<\/td>\n<td>Racktime \/ BGM Trekking Pro, Snapit 2.0 System, integrierte Schutzblechaufnahme<\/td>\n<\/tr>\n<tr>\n<td>Beleuchtung vorn<\/td>\n<td>B+M Dopp, 35 Lux, LED<\/td>\n<\/tr>\n<tr>\n<td>Beleuchtung hinten<\/td>\n<td>B+M Toplight 2 C, LED<\/td>\n<\/tr>\n<tr>\n<td>Kettenschutz<\/td>\n<td>SKS Chainbooster<\/td>\n<\/tr>\n<tr>\n<td>E-Bike Motor Hersteller<\/td>\n<td>Bosch<\/td>\n<\/tr>\n<tr>\n<td>E-Bike Zulassungspflichtig<\/td>\n<td>Nein<\/td>\n<\/tr>\n<tr>\n<td>Farbe<\/td>\n<td>Schwarz<\/td>\n<\/tr>\n<tr>\n<td>G\u00e4nge<\/td>\n<td>10 &#8211; G\u00e4nge<\/td>\n<\/tr>\n<tr>\n<td>Geschlecht<\/td>\n<td>Herren<\/td>\n<\/tr>\n<tr>\n<td>Marke<\/td>\n<td>Bergamont<\/td>\n<\/tr>\n<tr>\n<td>Radgr\u00f6\u00dfe<\/td>\n<td>28 Zoll<\/td>\n<\/tr>\n<tr>\n<td>Rahmenmaterial<\/td>\n<td>Aluminium<\/td>\n<\/tr>\n<tr>\n<td>Saison<\/td>\n<td>2022<\/td>\n<\/tr>\n<tr>\n<td>Schaltart<\/td>\n<td>Kettenschaltung<\/td>\n<\/tr>\n<\/tbody>\n<\/table><\/div>\n<\/p><\/div>\n","protected":false},"excerpt":{"rendered":"<p>Bergamont E-Horizon Edition &#8211; 625 Wh &#8211; 2022 &#8211; 28 Zoll &#8211; Diamant E-Horizon Edition Das Rahmendesign und die Ausstattung des E-Horizon Sport sind bis ins kleinste Detail f\u00fcr die Nutzung im Trekking Alltag optimiert. Der\u00a028 Zoll Diamant \u00fcberzeugt mit seiner modernen Silhouette und seiner hohen Agilit\u00e4t. Zudem begeistert der Rahmen mit einem hohen Ma\u00df an Integration. So sind Antrieb\u2026<\/p>\n","protected":false},"featured_media":4633,"comment_status":"closed","ping_status":"closed","template":"","meta":[],"product_brand":[],"product_cat":[93,97,102],"product_tag":[],"class_list":{"0":"post-4603","1":"product","2":"type-product","3":"status-publish","4":"has-post-thumbnail","6":"product_cat-e-bike","7":"product_cat-e-bike-trekking","8":"product_cat-e-bikes-2022","10":"first","11":"instock","12":"sale","13":"shipping-taxable","14":"purchasable","15":"product-type-variable"},"_links":{"self":[{"href":"https:\/\/fatbike-de.com\/index.php\/wp-json\/wp\/v2\/product\/4603","targetHints":{"allow":["GET"]}}],"collection":[{"href":"https:\/\/fatbike-de.com\/index.php\/wp-json\/wp\/v2\/product"}],"about":[{"href":"https:\/\/fatbike-de.com\/index.php\/wp-json\/wp\/v2\/types\/product"}],"replies":[{"embeddable":true,"href":"https:\/\/fatbike-de.com\/index.php\/wp-json\/wp\/v2\/comments?post=4603"}],"wp:featuredmedia":[{"embeddable":true,"href":"https:\/\/fatbike-de.com\/index.php\/wp-json\/wp\/v2\/media\/4633"}],"wp:attachment":[{"href":"https:\/\/fatbike-de.com\/index.php\/wp-json\/wp\/v2\/media?parent=4603"}],"wp:term":[{"taxonomy":"product_brand","embeddable":true,"href":"https:\/\/fatbike-de.com\/index.php\/wp-json\/wp\/v2\/product_brand?post=4603"},{"taxonomy":"product_cat","embeddable":true,"href":"https:\/\/fatbike-de.com\/index.php\/wp-json\/wp\/v2\/product_cat?post=4603"},{"taxonomy":"product_tag","embeddable":true,"href":"https:\/\/fatbike-de.com\/index.php\/wp-json\/wp\/v2\/product_tag?post=4603"}],"curies":[{"name":"wp","href":"https:\/\/api.w.org\/{rel}","templated":true}]}}