{"id":4655,"date":"2024-02-27T11:51:58","date_gmt":"2024-02-27T10:51:58","guid":{"rendered":"https:\/\/fatbike-de.com\/?post_type=product&#038;p=4655"},"modified":"2024-02-27T11:53:07","modified_gmt":"2024-02-27T10:53:07","slug":"giant-explr-e2-sta-blau","status":"publish","type":"product","link":"https:\/\/fatbike-de.com\/index.php\/product\/giant-explr-e2-sta-blau\/","title":{"rendered":"Giant Explr E+2 STA blau"},"content":{"rendered":"<h2 class=\"product-name cyc-typo_display-3 cyc-margin_bottom-1 cyc-no-texttransform js-productName\">Giant Explr E+2 STA blau<\/h2>\n<p>W\u00e4hle dein Ziel aus und entdecke die Freude am Weg dorthin. Dieses neue E-Bike Giant Explr E+2 ist wie gemacht f\u00fcr Trekkingtouren, indem es dir die Unterst\u00fctzung liefert, die du ben\u00f6tigst, um weiter und mit mehr Spa\u00df zu fahren.<\/p>\n<p>Das neue Explore E+ wurde entwickelt, um das meiste aus jedem E-Bike Ausflug herauszuholen. Den ALUXX Aluminiumrahmen gibt es wahlweise mit tieferem Einstieg, was das Auf- und Absteigen auf&#8217;s Bike erleichtert. Sein kraftvoller und individuell einstellbarer SyncDrive Sport Motor und der integrierte EnergyPak Akku liefern einen gleichm\u00e4\u00dfigen, ruckelfreien Antrieb, so dass du gr\u00f6\u00dfere Distanzen und steile Anstiege m\u00fchelos fahren kannst. Die integrierte Gep\u00e4cktr\u00e4gerhalterung l\u00e4sst dich die Cargo-Kapazit\u00e4ten des Trekking E-Bikes voll aussch\u00f6pfen, so dass du auf deinen kurzen und langen Reisen immer genug Platz f\u00fcr deine Ausr\u00fcstung hast.<\/p>\n<p><b>Zuverl\u00e4ssige Stabilit\u00e4t<\/b><br \/> Der ALUXX Aluminiumrahmen und der SyncDrive Sport Motor bewirken ein leichtes Handling sowie eine gleichm\u00e4\u00dfige Beschleunigung &#8211; egal auf welcher Stra\u00dfe du f\u00e4hrst oder welchen Berg du hinauffahren m\u00f6chtest.<\/p>\n<p><b>SyncDrive Sport<\/b><br \/> Dieser schlanke Mittelmotor liefert ein maximales Drehmoment von 70 Nm und ist f\u00fcr seine Leistung und Zuverl\u00e4ssigkeit bekannt. Er \u00fcberzeugt mit seinem direkten Ansprechverhalten und einer sanften Kraft\u00fcbertragung, die sich wie eine nat\u00fcrliche Erweiterung der eigenen Tretkraft anf\u00fchlt.<\/p>\n<p><b>Gr\u00f6\u00dfere Reichweite<\/b><br \/> Das Explore E+ bringt mit seinem starken EnergyPak Akku alle Voraussetzungen mit, um dich noch weiter fahren zu lassen.<\/p>\n<h2 class=\"cyc-typo_display-2 pdp__headline\">Ausstattung<\/h2>\n<p>&nbsp;<\/p>\n<div class=\"widgetBoxBottomRound\">\n<div id=\"attributes\" class=\"ui-tabs-panel ui-widget-content ui-corner-bottom\" role=\"tabpanel\" aria-labelledby=\"ui-id-1\" aria-expanded=\"true\" aria-hidden=\"false\">\n<table class=\"attributes\">\n<tbody>\n<tr>\n<th id=\"attrTitle_1\"><strong>Akku<\/strong><\/th>\n<td id=\"attrValue_1\">EnergyPak Smart Integrated 625 Wh<\/td>\n<\/tr>\n<tr>\n<th id=\"attrTitle_2\"><strong>Akkuleistung (Wh)<\/strong><\/th>\n<td id=\"attrValue_2\">625<\/td>\n<\/tr>\n<tr>\n<th id=\"attrTitle_3\"><strong>Bremse<\/strong><\/th>\n<td id=\"attrValue_3\">Shimano BR-MT200 (2-Kolben), 180\/180 mm<\/td>\n<\/tr>\n<tr>\n<th id=\"attrTitle_4\"><strong>Bremshebel<\/strong><\/th>\n<td id=\"attrValue_4\">Shimano BL-MT200<\/td>\n<\/tr>\n<tr>\n<th id=\"attrTitle_5\"><strong>Display<\/strong><\/th>\n<td id=\"attrValue_5\">RideDash EVO &#8211; SG<\/td>\n<\/tr>\n<tr>\n<th id=\"attrTitle_6\"><strong>Farbe<\/strong><\/th>\n<td id=\"attrValue_6\">Gunmetal Black Matt Gloss<\/td>\n<\/tr>\n<tr>\n<th id=\"attrTitle_7\"><strong>Farbzuordnung<\/strong><\/th>\n<td id=\"attrValue_7\">Grau \/ Schwarz \/ Wei\u00df \/ Gr\u00fcn<\/td>\n<\/tr>\n<tr>\n<th id=\"attrTitle_8\"><strong>Felgen<\/strong><\/th>\n<td id=\"attrValue_8\">GIANT eX-2, Tubeless Ready<\/td>\n<\/tr>\n<tr>\n<th id=\"attrTitle_9\"><strong>Gabel<\/strong><\/th>\n<td id=\"attrValue_9\">SR Suntour NEX E25 NLO, 63 mm Federweg, 15&#215;100 mm<\/td>\n<\/tr>\n<tr>\n<th id=\"attrTitle_10\"><strong>Gep\u00e4cktr\u00e4ger<\/strong><\/th>\n<td id=\"attrValue_10\">GIANT Rack-It Metro MIK<\/td>\n<\/tr>\n<tr>\n<th id=\"attrTitle_12\"><strong>Griffe<\/strong><\/th>\n<td id=\"attrValue_12\">GIANT Contact Ergo Max Plus<\/td>\n<\/tr>\n<tr>\n<th id=\"attrTitle_13\"><strong>Kategorie<\/strong><\/th>\n<td id=\"attrValue_13\">E-Bikes \/ Pedelecs \/ Trekking\/Touren<\/td>\n<\/tr>\n<tr>\n<th id=\"attrTitle_14\"><strong>Kette<\/strong><\/th>\n<td id=\"attrValue_14\">KMC e.10 Sport, e-optimized<\/td>\n<\/tr>\n<tr>\n<th id=\"attrTitle_15\"><strong>Kurbelsatz<\/strong><\/th>\n<td id=\"attrValue_15\">Forged Alloy, 48\/36T Kettenbl\u00e4tter<\/td>\n<\/tr>\n<tr>\n<th id=\"attrTitle_16\"><strong>Lenker<\/strong><\/th>\n<td id=\"attrValue_16\">GIANT Connect XC Riser 31.8, 19 mm rise<\/td>\n<\/tr>\n<tr>\n<th id=\"attrTitle_17\"><strong>Modelljahr<\/strong><\/th>\n<td id=\"attrValue_17\">2022<\/td>\n<\/tr>\n<tr>\n<th id=\"attrTitle_18\"><strong>Motorart<\/strong><\/th>\n<td id=\"attrValue_18\">SyncDrive Sport, 70 Nm<\/td>\n<\/tr>\n<tr>\n<th id=\"attrTitle_19\"><strong>Naben<\/strong><\/th>\n<td id=\"attrValue_19\">,<\/td>\n<\/tr>\n<tr>\n<th id=\"attrTitle_20\"><strong>Pedale<\/strong><\/th>\n<td id=\"attrValue_20\">im Lieferumfang<\/td>\n<\/tr>\n<tr>\n<th id=\"attrTitle_21\"><strong>Rahmenform<\/strong><\/th>\n<td id=\"attrValue_21\">Wave<\/td>\n<\/tr>\n<tr>\n<th id=\"attrTitle_22\"><strong>Rahmengr\u00f6\u00dfe<\/strong><\/th>\n<td id=\"attrValue_22\">XL<\/td>\n<\/tr>\n<tr>\n<th id=\"attrTitle_23\"><strong>Rahmenmaterial<\/strong><\/th>\n<td id=\"attrValue_23\">AluxX SL Rahmen, EnergyPak Plus kompatibel (nur GTS), 135 mm QR<\/td>\n<\/tr>\n<tr>\n<th id=\"attrTitle_24\"><strong>Reifen<\/strong><\/th>\n<td id=\"attrValue_24\">GIANT Crosscut Gravel 2, 700x45c, Tubeless Ready, mit Reflexstreifen, Auslieferung mit Schlauch<\/td>\n<\/tr>\n<tr>\n<th id=\"attrTitle_25\"><strong>Sattel<\/strong><\/th>\n<td id=\"attrValue_25\">Selle Royal Vivo Ergo Moderate Unisex<\/td>\n<\/tr>\n<tr>\n<th id=\"attrTitle_26\"><strong>Sattelst\u00fctze<\/strong><\/th>\n<td id=\"attrValue_26\">GIANT 30.9mm<\/td>\n<\/tr>\n<tr>\n<th id=\"attrTitle_27\"><strong>Schalthebel<\/strong><\/th>\n<td id=\"attrValue_27\">Shimano Deore M5100, 2-fach<\/td>\n<\/tr>\n<tr>\n<th id=\"attrTitle_28\"><strong>Schaltung<\/strong><\/th>\n<td id=\"attrValue_28\">Shimano Deore M5120 Shadow+, 10-fach<\/td>\n<\/tr>\n<tr>\n<th id=\"attrTitle_29\"><strong>St\u00e4nder<\/strong><\/th>\n<td id=\"attrValue_29\">GIANT KSA18<\/td>\n<\/tr>\n<tr>\n<th id=\"attrTitle_30\"><strong>Umwerfer<\/strong><\/th>\n<td id=\"attrValue_30\">Shimano Deore<\/td>\n<\/tr>\n<tr>\n<th id=\"attrTitle_31\"><strong>Vorbau<\/strong><\/th>\n<td id=\"attrValue_31\">GIANT Contact<\/td>\n<\/tr>\n<tr>\n<th id=\"attrTitle_32\"><strong>Zahnkr\u00e4nze<\/strong><\/th>\n<td id=\"attrValue_32\">Shimano Deore CS-M4100, 11-42T<\/td>\n<\/tr>\n<tr>\n<th id=\"attrTitle_33\"><strong>Zustand<\/strong><\/th>\n<td id=\"attrValue_33\">neu<\/td>\n<\/tr>\n<\/tbody>\n<\/table><\/div>\n<\/p><\/div>\n","protected":false},"excerpt":{"rendered":"<p>Giant Explr E+2 STA blau W\u00e4hle dein Ziel aus und entdecke die Freude am Weg dorthin. Dieses neue E-Bike Giant Explr E+2 ist wie gemacht f\u00fcr Trekkingtouren, indem es dir die Unterst\u00fctzung liefert, die du ben\u00f6tigst, um weiter und mit mehr Spa\u00df zu fahren. Das neue Explore E+ wurde entwickelt, um das meiste aus jedem E-Bike Ausflug herauszuholen. Den ALUXX\u2026<\/p>\n","protected":false},"featured_media":4687,"comment_status":"closed","ping_status":"closed","template":"","meta":[],"product_brand":[],"product_cat":[93,97,102],"product_tag":[],"class_list":{"0":"post-4655","1":"product","2":"type-product","3":"status-publish","4":"has-post-thumbnail","6":"product_cat-e-bike","7":"product_cat-e-bike-trekking","8":"product_cat-e-bikes-2022","10":"first","11":"instock","12":"sale","13":"shipping-taxable","14":"purchasable","15":"product-type-variable"},"_links":{"self":[{"href":"https:\/\/fatbike-de.com\/index.php\/wp-json\/wp\/v2\/product\/4655","targetHints":{"allow":["GET"]}}],"collection":[{"href":"https:\/\/fatbike-de.com\/index.php\/wp-json\/wp\/v2\/product"}],"about":[{"href":"https:\/\/fatbike-de.com\/index.php\/wp-json\/wp\/v2\/types\/product"}],"replies":[{"embeddable":true,"href":"https:\/\/fatbike-de.com\/index.php\/wp-json\/wp\/v2\/comments?post=4655"}],"wp:featuredmedia":[{"embeddable":true,"href":"https:\/\/fatbike-de.com\/index.php\/wp-json\/wp\/v2\/media\/4687"}],"wp:attachment":[{"href":"https:\/\/fatbike-de.com\/index.php\/wp-json\/wp\/v2\/media?parent=4655"}],"wp:term":[{"taxonomy":"product_brand","embeddable":true,"href":"https:\/\/fatbike-de.com\/index.php\/wp-json\/wp\/v2\/product_brand?post=4655"},{"taxonomy":"product_cat","embeddable":true,"href":"https:\/\/fatbike-de.com\/index.php\/wp-json\/wp\/v2\/product_cat?post=4655"},{"taxonomy":"product_tag","embeddable":true,"href":"https:\/\/fatbike-de.com\/index.php\/wp-json\/wp\/v2\/product_tag?post=4655"}],"curies":[{"name":"wp","href":"https:\/\/api.w.org\/{rel}","templated":true}]}}