{"id":4980,"date":"2024-02-27T12:02:42","date_gmt":"2024-02-27T11:02:42","guid":{"rendered":"https:\/\/fatbike-de.com\/?post_type=product&#038;p=4980"},"modified":"2024-02-27T12:05:05","modified_gmt":"2024-02-27T11:05:05","slug":"e-bike-manufaktur-13zehn-trapez-disc-performance-cx-gen4","status":"publish","type":"product","link":"https:\/\/fatbike-de.com\/index.php\/product\/e-bike-manufaktur-13zehn-trapez-disc-performance-cx-gen4\/","title":{"rendered":"e-bike manufaktur 13ZEHN Trapez Disc Performance CX Gen4"},"content":{"rendered":"<h2 class=\"product-name cyc-typo_display-3 cyc-margin_bottom-1 cyc-no-texttransform js-productName\">e-bike manufaktur 13ZEHN Trapez Disc Performance CX Gen4 625Wh schwarz<\/h2>\n<p>Das in drei Rahmenformen erh\u00e4ltliche E-Bike 13ZEHN epowered by BOSCH ist das neue Trekking-Modell der \u201egehobenen Mittelklasse\u201c. Es besticht durch sein vollintegriertes Rahmendesign <a href=\"http:\/\/1-1\">ebenso<\/a>, wie durch sportliche Funktionalit\u00e4t und eine hochwertige Gesamtausstattung. In urbaner Umgebung f\u00fchlt sich das 13ZEHN ebenso zuhause, wie auf unbefestigten Wegen.<\/p>\n<p>e-bike manufaktur 13ZEHN Trapez Disc Performance CX Gen4 625Wh schwarz, Unterst\u00fctzt werden Sie auf Ihren Touren vom High-End-Antriebssystem der BOSCH Performance Line CX mit 625 Wh-Akku und Nyon-Display. Sportlich unterwegs ist man dank einer zuverl\u00e4ssigen und robusten Shimano Deore XT 11-Gang Schaltung und der pfeilschnelle Bereifung Schwalbe Super Moto-X.<\/p>\n<p><b>Shimano Deore XT Shadow+ 11-fach<\/b><br \/> Robust und bew\u00e4hrt \u2013 mit einer \u00dcbersetzungsbandbreite von nahezu 400% bietet das XT 11-Gang Schaltwerk in der schmalen Shadow plus-Ausf\u00fchrung samtweiche, pr\u00e4szise Schaltvorg\u00e4nge an jedem Anstieg und in jedem Terrain.<\/p>\n<p><b>ABUS Schloss \u2013 Plus an Sicherheit<\/b><br \/> Hochwertige E-Bikes sollten besonders gut gesichert werden. Auf das Faltschloss ABUS Bordo ist Verlass. Flexibel, kompakt und leicht mitzunehmen, ist es das optimale Plus an Sicherheit f\u00fcr Sie und Ihr E-Bike. Clever: Der Schl\u00fcssel des ABUS Bordo passt gleichzeitig auch f\u00fcr das Akkuschloss.<\/p>\n<p><b>Ergonomie \u2013 komfortabel und gesund<\/b><br \/> Je l\u00e4nger und h\u00e4ufiger ein E-Bike genutzt wird, desto wichtiger ist ergonomisches Zusammenspiel der Komponenten. Die harmonische Kombination aus komfortablem Sattel, Vorbau und Lenker von Ergotec und ausgezeichneten Griffen von Ergon sorgen f\u00fcr erstklassigen Sitz- und Fahrkomfort \u2013 das schont R\u00fccken und Gelenke.<\/p>\n<p><b>Bosch Performance Line CX &#8211; Powerpaket<\/b><br \/> Sportlich, agil, druckvoll \u2013 die Bosch Performance Line CX bietet dynamische Power bei perfekter Kontrolle. Ein max. Drehmoment von 85 Nm, der 625 Wh Akku und die Extended Boost-Funktion sorgen f\u00fcr ein kraftvolles Antriebspaket, mit dem Sie selbst gro\u00dfe Herausforderungen spielerisch meistern. Dabei ist der leichte, kompakte Antrieb perfekt vor Steinschlag und Spritzwasser gesch\u00fctzt.<\/p>\n<h2 class=\"cyc-typo_display-2 pdp__headline\">Ausstattung<\/h2>\n<p>&nbsp;<\/p>\n<div class=\"widgetBoxBottomRound\">\n<div id=\"attributes\" class=\"ui-tabs-panel ui-widget-content ui-corner-bottom\" role=\"tabpanel\" aria-labelledby=\"ui-id-1\" aria-expanded=\"true\" aria-hidden=\"false\">\n<table class=\"attributes\">\n<tbody>\n<tr>\n<th id=\"attrTitle_1\"><strong>Akku<\/strong><\/th>\n<td id=\"attrValue_1\">Bosch Rahmenakku vollintegriert, Lithium Ionen<\/td>\n<\/tr>\n<tr>\n<th id=\"attrTitle_2\"><strong>Akkuleistung (Wh)<\/strong><\/th>\n<td id=\"attrValue_2\">625<\/td>\n<\/tr>\n<tr>\n<th id=\"attrTitle_3\"><strong>Akkuposition<\/strong><\/th>\n<td id=\"attrValue_3\">intube<\/td>\n<\/tr>\n<tr>\n<th id=\"attrTitle_4\"><strong>Beleuchtung<\/strong><\/th>\n<td id=\"attrValue_4\">Busch &amp; M\u00fcller IQ-XS-E, 70 LUX mit Standlicht<\/td>\n<\/tr>\n<tr>\n<th id=\"attrTitle_5\"><strong>Bremshebel<\/strong><\/th>\n<td id=\"attrValue_5\">Shimano Deore BL-M4100<\/td>\n<\/tr>\n<tr>\n<th id=\"attrTitle_6\"><strong>Bremssystem<\/strong><\/th>\n<td id=\"attrValue_6\">Scheibenbremse<\/td>\n<\/tr>\n<tr>\n<th id=\"attrTitle_7\"><strong>Display<\/strong><\/th>\n<td id=\"attrValue_7\">Intuvia<\/td>\n<\/tr>\n<tr>\n<th id=\"attrTitle_8\"><strong>Durchmesser Scheibenbremse hinten<\/strong><\/th>\n<td id=\"attrValue_8\">180.00<\/td>\n<\/tr>\n<tr>\n<th id=\"attrTitle_9\"><strong>Durchmesser Scheibenbremse vorn<\/strong><\/th>\n<td id=\"attrValue_9\">180.00<\/td>\n<\/tr>\n<tr>\n<th id=\"attrTitle_10\"><strong>Farbe<\/strong><\/th>\n<td id=\"attrValue_10\">schwarz matt<\/td>\n<\/tr>\n<tr>\n<th id=\"attrTitle_11\"><strong>Federung<\/strong><\/th>\n<td id=\"attrValue_11\">stahlgefedert<\/td>\n<\/tr>\n<tr>\n<th id=\"attrTitle_12\"><strong>Federweg in mm<\/strong><\/th>\n<td id=\"attrValue_12\">100.00<\/td>\n<\/tr>\n<tr>\n<th id=\"attrTitle_13\"><strong>Felgen<\/strong><\/th>\n<td id=\"attrValue_13\">Sch\u00fcrmann YAK 25 Disc Aluminium Hohlkammer<\/td>\n<\/tr>\n<tr>\n<th id=\"attrTitle_14\"><strong>Gabel<\/strong><\/th>\n<td id=\"attrValue_14\">Suntour Mobie25 Coil, 100 mm Federweg mit Lockout-Funktion, 27,5&#8243; Aluminium<\/td>\n<\/tr>\n<tr>\n<th id=\"attrTitle_15\"><strong>Gabelhersteller<\/strong><\/th>\n<td id=\"attrValue_15\">SR Suntour<\/td>\n<\/tr>\n<tr>\n<th id=\"attrTitle_16\"><strong>Ganganzahl<\/strong><\/th>\n<td id=\"attrValue_16\">11<\/td>\n<\/tr>\n<tr>\n<th id=\"attrTitle_17\"><strong>Gep\u00e4cktr\u00e4ger<\/strong><\/th>\n<td id=\"attrValue_17\">in Rahmen integriert, mit Racktime System, mit Federklappe<\/td>\n<\/tr>\n<tr>\n<th id=\"attrTitle_19\"><strong>Gewicht<\/strong><\/th>\n<td id=\"attrValue_19\">29.00<\/td>\n<\/tr>\n<tr>\n<th id=\"attrTitle_20\"><strong>Griffe<\/strong><\/th>\n<td id=\"attrValue_20\">Ergon GP1, mit Schraubklemmung<\/td>\n<\/tr>\n<tr>\n<th id=\"attrTitle_21\"><strong>Kategorie<\/strong><\/th>\n<td id=\"attrValue_21\">E-Bikes \/ Pedelecs \/ Trekking\/Touren<\/td>\n<\/tr>\n<tr>\n<th id=\"attrTitle_22\"><strong>Kette<\/strong><\/th>\n<td id=\"attrValue_22\">KMC E11 EPT<\/td>\n<\/tr>\n<tr>\n<th id=\"attrTitle_23\"><strong>Kurbelsatz<\/strong><\/th>\n<td id=\"attrValue_23\">Miranda Aluminium, 170 mm, KMC Kettenblatt 38 Z\u00e4hne<\/td>\n<\/tr>\n<tr>\n<th id=\"attrTitle_24\"><strong>Lenker<\/strong><\/th>\n<td id=\"attrValue_24\">Humpert Ergotec Ergob\u00fcgel, 630 mm<\/td>\n<\/tr>\n<tr>\n<th id=\"attrTitle_25\"><strong>Modelljahr<\/strong><\/th>\n<td id=\"attrValue_25\">2021<\/td>\n<\/tr>\n<tr>\n<th id=\"attrTitle_26\"><strong>Motorart<\/strong><\/th>\n<td id=\"attrValue_26\">Bosch Performance Line CX, Gen. 4, 36 Mittelmotor, 250 Watt<\/td>\n<\/tr>\n<tr>\n<th id=\"attrTitle_27\"><strong>Motorposition<\/strong><\/th>\n<td id=\"attrValue_27\">Mittelmotor<\/td>\n<\/tr>\n<tr>\n<th id=\"attrTitle_28\"><strong>Naben<\/strong><\/th>\n<td id=\"attrValue_28\">Shimano Alivio HB-MT400, Shimano Alivio FH-MT400<\/td>\n<\/tr>\n<tr>\n<th id=\"attrTitle_29\"><strong>Pedale<\/strong><\/th>\n<td id=\"attrValue_29\">Marwi SP-823<\/td>\n<\/tr>\n<tr>\n<th id=\"attrTitle_30\"><strong>Rahmenform<\/strong><\/th>\n<td id=\"attrValue_30\">Trapez<\/td>\n<\/tr>\n<tr>\n<th id=\"attrTitle_31\"><strong>Rahmengr\u00f6\u00dfe<\/strong><\/th>\n<td id=\"attrValue_31\">M<\/td>\n<\/tr>\n<tr>\n<th id=\"attrTitle_32\"><strong>Rahmenmaterial<\/strong><\/th>\n<td id=\"attrValue_32\">Aluminium<\/td>\n<\/tr>\n<tr>\n<th id=\"attrTitle_33\"><strong>R\u00fcckleuchte<\/strong><\/th>\n<td id=\"attrValue_33\">Busch &amp; M\u00fcller Shine Evo LED, mit Standlicht<\/td>\n<\/tr>\n<tr>\n<th id=\"attrTitle_34\"><strong>Sattel<\/strong><\/th>\n<td id=\"attrValue_34\">Selle Royal Essenza<\/td>\n<\/tr>\n<tr>\n<th id=\"attrTitle_35\"><strong>Sattelst\u00fctze<\/strong><\/th>\n<td id=\"attrValue_35\">Humpert Ergotec Atar, patent, 31,6 mm, 300 mm<\/td>\n<\/tr>\n<tr>\n<th id=\"attrTitle_36\"><strong>Schaltart<\/strong><\/th>\n<td id=\"attrValue_36\">Kettenschaltung<\/td>\n<\/tr>\n<tr>\n<th id=\"attrTitle_37\"><strong>Schalthebel<\/strong><\/th>\n<td id=\"attrValue_37\">Shimano Deore SL-M5100, I-Spec EV, 11-fach<\/td>\n<\/tr>\n<tr>\n<th id=\"attrTitle_38\"><strong>Schaltung<\/strong><\/th>\n<td id=\"attrValue_38\">Shimano Deore BR-MT410 (180 mm)<\/td>\n<\/tr>\n<tr>\n<th id=\"attrTitle_39\"><strong>Schutzbleche<\/strong><\/th>\n<td id=\"attrValue_39\">Racktime Wingee Aluminium<\/td>\n<\/tr>\n<tr>\n<th id=\"attrTitle_40\"><strong>Speichen<\/strong><\/th>\n<td id=\"attrValue_40\">Niro 2,0 mm, schwarz<\/td>\n<\/tr>\n<tr>\n<th id=\"attrTitle_41\"><strong>Steuersatz<\/strong><\/th>\n<td id=\"attrValue_41\">Acros AZX-212, tapered<\/td>\n<\/tr>\n<tr>\n<th id=\"attrTitle_42\"><strong>St\u00e4nder<\/strong><\/th>\n<td id=\"attrValue_42\">Pletscher Comp Flex, Hinterbaust\u00e4nder<\/td>\n<\/tr>\n<tr>\n<th id=\"attrTitle_43\"><strong>Vorbau<\/strong><\/th>\n<td id=\"attrValue_43\">Humpert Ergotec Octopus 50, winkelverstellbar<\/td>\n<\/tr>\n<tr>\n<th id=\"attrTitle_44\"><strong>Zahnkr\u00e4nze<\/strong><\/th>\n<td id=\"attrValue_44\">Shimano SLX CS-M7000, 11-46 Z\u00e4hne<\/td>\n<\/tr>\n<tr>\n<th id=\"attrTitle_45\"><strong>Zustand<\/strong><\/th>\n<td id=\"attrValue_45\">neu<\/td>\n<\/tr>\n<\/tbody>\n<\/table><\/div>\n<\/p><\/div>\n","protected":false},"excerpt":{"rendered":"<p>e-bike manufaktur 13ZEHN Trapez Disc Performance CX Gen4 625Wh schwarz Das in drei Rahmenformen erh\u00e4ltliche E-Bike 13ZEHN epowered by BOSCH ist das neue Trekking-Modell der \u201egehobenen Mittelklasse\u201c. Es besticht durch sein vollintegriertes Rahmendesign ebenso, wie durch sportliche Funktionalit\u00e4t und eine hochwertige Gesamtausstattung. In urbaner Umgebung f\u00fchlt sich das 13ZEHN ebenso zuhause, wie auf unbefestigten Wegen. e-bike manufaktur 13ZEHN Trapez Disc\u2026<\/p>\n","protected":false},"featured_media":5028,"comment_status":"closed","ping_status":"closed","template":"","meta":[],"product_brand":[],"product_cat":[93,97,102],"product_tag":[],"class_list":{"0":"post-4980","1":"product","2":"type-product","3":"status-publish","4":"has-post-thumbnail","6":"product_cat-e-bike","7":"product_cat-e-bike-trekking","8":"product_cat-e-bikes-2022","10":"first","11":"instock","12":"sale","13":"shipping-taxable","14":"purchasable","15":"product-type-variable"},"_links":{"self":[{"href":"https:\/\/fatbike-de.com\/index.php\/wp-json\/wp\/v2\/product\/4980","targetHints":{"allow":["GET"]}}],"collection":[{"href":"https:\/\/fatbike-de.com\/index.php\/wp-json\/wp\/v2\/product"}],"about":[{"href":"https:\/\/fatbike-de.com\/index.php\/wp-json\/wp\/v2\/types\/product"}],"replies":[{"embeddable":true,"href":"https:\/\/fatbike-de.com\/index.php\/wp-json\/wp\/v2\/comments?post=4980"}],"wp:featuredmedia":[{"embeddable":true,"href":"https:\/\/fatbike-de.com\/index.php\/wp-json\/wp\/v2\/media\/5028"}],"wp:attachment":[{"href":"https:\/\/fatbike-de.com\/index.php\/wp-json\/wp\/v2\/media?parent=4980"}],"wp:term":[{"taxonomy":"product_brand","embeddable":true,"href":"https:\/\/fatbike-de.com\/index.php\/wp-json\/wp\/v2\/product_brand?post=4980"},{"taxonomy":"product_cat","embeddable":true,"href":"https:\/\/fatbike-de.com\/index.php\/wp-json\/wp\/v2\/product_cat?post=4980"},{"taxonomy":"product_tag","embeddable":true,"href":"https:\/\/fatbike-de.com\/index.php\/wp-json\/wp\/v2\/product_tag?post=4980"}],"curies":[{"name":"wp","href":"https:\/\/api.w.org\/{rel}","templated":true}]}}