{"id":4985,"date":"2024-02-27T12:02:42","date_gmt":"2024-02-27T11:02:42","guid":{"rendered":"https:\/\/fatbike-de.com\/?post_type=product&#038;p=4985"},"modified":"2024-02-27T12:05:05","modified_gmt":"2024-02-27T11:05:05","slug":"e-bike-manufaktur-15zehn-ext-diamant-performance-cx","status":"publish","type":"product","link":"https:\/\/fatbike-de.com\/index.php\/product\/e-bike-manufaktur-15zehn-ext-diamant-performance-cx\/","title":{"rendered":"e-bike manufaktur 15ZEHN EXT Diamant Performance CX"},"content":{"rendered":"<h2 class=\"product-name cyc-typo_display-3 cyc-margin_bottom-1 cyc-no-texttransform js-productName\">e-bike manufaktur 15ZEHN EXT Diamant Performance CX Gen4 1125Wh blau<\/h2>\n<p>Kraftpaket mit Reichweite plus \u2013 mit diesem Dual-Battery-Modell pr\u00e4sentiert e-bike manufaktur erstmals ein Trekking-E-Bike mit dem neuen BOSCH-Antrieb der Performance Line CX bei dem beide Akkus komplett im Rahmen integriert sind.<\/p>\n<p>e-bike manufaktur 15ZEHN EXT Diamant Performance CX Gen4 1125Wh blau, Mit einer Kapazit\u00e4t von 1.125 Wh ist das 15ZEHN EXT der perfekte Begleiter f\u00fcr Pendler und ambitionierte Tourenfahrer. Dabei macht die Kombination des sportlich urbanen Diamant-Rahmendesigns mit einer hochwertigen Gesamtausstattung das 15ZEHN EXT zum Premium-Modell der Trekking-Serie: Shimano Deore XT 12-Gang Schaltung, Shimano 180 mm Scheibenbremsen, eine bullige Schwalbe Super Moto-X Bereifung, integrierter Rahmengep\u00e4cktr\u00e4ger mit Racktime System, Sattel von Selle Royal und Griffe von Ergon.<\/p>\n<p><b>Nyon Display \u2013 E-Bike Connectivity<\/b><br \/> Smart, intuitiv, vernetzt \u2013 robust und perfekt ablesbbar punktet das 3,2&#8243; Farb-Touchdisplay mit cleverer Navigation. Zudem wird das Top-Display von Bosch per eBike Connect-App f\u00fcr Smartphones zum vernetzten All-In-One-Bordcomputer.<\/p>\n<p><b>Shimano Deore XT 12-fach<\/b><br \/> Mit einer \u00dcbersetzungsbandbreite von 510% ist die bew\u00e4hrt zuverl\u00e4ssig perfekt f\u00fcr knackige Anstiege: Die aktuelle XT-Serie bietet einen top 12-fach-Antrieb mit einer 10-51 Kassette, die dank Hyperglide+ Technologie schnelle und pr\u00e4zise Schaltvorg\u00e4nge in jeder Situation erlaubt.<\/p>\n<p><b>Shimano Deore XT Disc<\/b><br \/> Die \u00e4u\u00dferst robuste, hydraulische Trekking-Version der Shimano Deore XT Scheibenbremse basiert auf der Entwicklung der im Rennsport bew\u00e4hrten MTB-XT-Gruppe. Bei jeder Witterung bremst die 2-Kolben-Bremse unvergleichlich kraftvoll und ist dabei besonders pr\u00e4zise dosierbar.<\/p>\n<p><b>Dual Battery \u2013 doppelt stark<\/b><br \/> Bist du\u00a0gerne l\u00e4nger unterwegs? Die 2-Akku-L\u00f6sung liefert 1.125 Wh und ist ideal f\u00fcr Tourenfahrer oder Langstreckenpendler. Die Bosch-Powertubes werden durch ein intelligentes Battery-System intelligent gesteuert \u2013 sowohl beim Fahren, als auch beim Laden.<\/p>\n<h2 class=\"cyc-typo_display-2 pdp__headline\">Ausstattung<\/h2>\n<table class=\"attributes\">\n<tbody>\n<tr>\n<th id=\"attrTitle_1\"><strong>Gewicht<\/strong><\/th>\n<td id=\"attrValue_1\">34.40<\/td>\n<\/tr>\n<tr>\n<th id=\"attrTitle_2\"><strong>Farbe<\/strong><\/th>\n<td id=\"attrValue_2\">blaugrau matt<\/td>\n<\/tr>\n<tr>\n<th id=\"attrTitle_3\"><strong>Rahmenform<\/strong><\/th>\n<td id=\"attrValue_3\">Diamant<\/td>\n<\/tr>\n<tr>\n<th id=\"attrTitle_4\"><strong>Durchmesser Scheibenbremse vorn<\/strong><\/th>\n<td id=\"attrValue_4\">180.00<\/td>\n<\/tr>\n<tr>\n<th id=\"attrTitle_5\"><strong>Ganganzahl<\/strong><\/th>\n<td id=\"attrValue_5\">10<\/td>\n<\/tr>\n<tr>\n<th id=\"attrTitle_6\"><strong>Federweg in mm<\/strong><\/th>\n<td id=\"attrValue_6\">100.00<\/td>\n<\/tr>\n<tr>\n<th id=\"attrTitle_7\"><strong>Durchmesser Scheibenbremse hinten<\/strong><\/th>\n<td id=\"attrValue_7\">180.00<\/td>\n<\/tr>\n<tr>\n<th id=\"attrTitle_8\"><strong>Motorposition<\/strong><\/th>\n<td id=\"attrValue_8\">Mittelmotor<\/td>\n<\/tr>\n<tr>\n<th id=\"attrTitle_9\"><strong>Gabelhersteller<\/strong><\/th>\n<td id=\"attrValue_9\">SR Suntour<\/td>\n<\/tr>\n<tr>\n<th id=\"attrTitle_10\"><strong>Akkuposition<\/strong><\/th>\n<td id=\"attrValue_10\">intube<\/td>\n<\/tr>\n<tr>\n<th id=\"attrTitle_11\"><strong>Federung<\/strong><\/th>\n<td id=\"attrValue_11\">luftgefedert<\/td>\n<\/tr>\n<tr>\n<th id=\"attrTitle_12\"><strong>Schaltart<\/strong><\/th>\n<td id=\"attrValue_12\">Kettenschaltung<\/td>\n<\/tr>\n<tr>\n<th id=\"attrTitle_13\"><strong>Bremssystem<\/strong><\/th>\n<td id=\"attrValue_13\">Scheibenbremse<\/td>\n<\/tr>\n<tr>\n<th id=\"attrTitle_14\"><strong>Rahmenmaterial<\/strong><\/th>\n<td id=\"attrValue_14\">Aluminium<\/td>\n<\/tr>\n<tr>\n<th id=\"attrTitle_15\"><strong>Schaltung<\/strong><\/th>\n<td id=\"attrValue_15\">Magura MT-E (180 mm)<\/td>\n<\/tr>\n<tr>\n<th id=\"attrTitle_16\"><strong>Beleuchtung<\/strong><\/th>\n<td id=\"attrValue_16\">Busch &amp; M\u00fcller Lumotec IQ-X E, 150 LUX mit Standlicht<\/td>\n<\/tr>\n<tr>\n<th id=\"attrTitle_17\"><strong>Motorart<\/strong><\/th>\n<td id=\"attrValue_17\">Bosch Performance Line Speed, Gen. 4, 36 Mittelmotor, 250 Watt<\/td>\n<\/tr>\n<tr>\n<th id=\"attrTitle_18\"><strong>Pedale<\/strong><\/th>\n<td id=\"attrValue_18\">VP-617, Aluminium<\/td>\n<\/tr>\n<tr>\n<th id=\"attrTitle_19\"><strong>Gabel<\/strong><\/th>\n<td id=\"attrValue_19\">Suntour Mobie45 Air, 100 mm Federweg mit Lockout-Funktion, 27,5&#8243; Aluminium<\/td>\n<\/tr>\n<tr>\n<th id=\"attrTitle_20\"><strong>Lenker<\/strong><\/th>\n<td id=\"attrValue_20\">Humpert Ergotec Ergob\u00fcgel, 630 mm<\/td>\n<\/tr>\n<tr>\n<th id=\"attrTitle_21\"><strong>Schutzbleche<\/strong><\/th>\n<td id=\"attrValue_21\">Racktime Wingee Aluminium<\/td>\n<\/tr>\n<tr>\n<th id=\"attrTitle_22\"><strong>Schalthebel<\/strong><\/th>\n<td id=\"attrValue_22\">Shimano Deore SL-M6000, 10-fach<\/td>\n<\/tr>\n<tr>\n<th id=\"attrTitle_23\"><strong>Zahnkr\u00e4nze<\/strong><\/th>\n<td id=\"attrValue_23\">Shimano Deore 11-36 Z\u00e4hne<\/td>\n<\/tr>\n<tr>\n<th id=\"attrTitle_24\"><strong>Speichen<\/strong><\/th>\n<td id=\"attrValue_24\">Niro ED 2,34 mm, schwarz<\/td>\n<\/tr>\n<tr>\n<th id=\"attrTitle_25\"><strong>Naben<\/strong><\/th>\n<td id=\"attrValue_25\">Shimano Alivio HB-MT400, Shimano Alivio FH-MT400<\/td>\n<\/tr>\n<tr>\n<th id=\"attrTitle_26\"><strong>Sattelst\u00fctze<\/strong><\/th>\n<td id=\"attrValue_26\">Humpert Ergotec Skalar, patent, 31,6 mm, 400 mm, safety level 6<\/td>\n<\/tr>\n<tr>\n<th id=\"attrTitle_27\"><strong>Vorbau<\/strong><\/th>\n<td id=\"attrValue_27\">Humpert Ergotec Piranha 2, safety level 6<\/td>\n<\/tr>\n<tr>\n<th id=\"attrTitle_28\"><strong>St\u00e4nder<\/strong><\/th>\n<td id=\"attrValue_28\">Pletscher Comp Flex, Hinterbaust\u00e4nder<\/td>\n<\/tr>\n<tr>\n<th id=\"attrTitle_29\"><strong>Kurbelsatz<\/strong><\/th>\n<td id=\"attrValue_29\">Lasco Aluminium, 170 mm, KMC Kettenblatt 38 Z\u00e4hne<\/td>\n<\/tr>\n<tr>\n<th id=\"attrTitle_30\"><strong>Felgen<\/strong><\/th>\n<td id=\"attrValue_30\">Ryde Andra 40 Disc Aluminium Hohlkammer<\/td>\n<\/tr>\n<tr>\n<th id=\"attrTitle_31\"><strong>Sattel<\/strong><\/th>\n<td id=\"attrValue_31\">Selle Royal Essenza<\/td>\n<\/tr>\n<tr>\n<th id=\"attrTitle_32\"><strong>Steuersatz<\/strong><\/th>\n<td id=\"attrValue_32\">Acros AZX-212, tapered<\/td>\n<\/tr>\n<tr>\n<th id=\"attrTitle_33\"><strong>R\u00fcckleuchte<\/strong><\/th>\n<td id=\"attrValue_33\">Supernova M99, Bremslicht<\/td>\n<\/tr>\n<tr>\n<th id=\"attrTitle_34\"><strong>Griffe<\/strong><\/th>\n<td id=\"attrValue_34\">Ergon GP1, mit Schraubklemmug<\/td>\n<\/tr>\n<tr>\n<th id=\"attrTitle_35\"><strong>Gep\u00e4cktr\u00e4ger<\/strong><\/th>\n<td id=\"attrValue_35\">in Rahmen integriert, mit Racktime System, mit Federklappe<\/td>\n<\/tr>\n<tr>\n<th id=\"attrTitle_36\"><strong>Bremshebel<\/strong><\/th>\n<td id=\"attrValue_36\">Magura MT-E, 3-Finger Bremshebel mit Kugelkopf<\/td>\n<\/tr>\n<tr>\n<th id=\"attrTitle_37\"><strong>Display<\/strong><\/th>\n<td id=\"attrValue_37\">Kiox, Farbdisplay mit Remote, Bluetooth<\/td>\n<\/tr>\n<tr>\n<th id=\"attrTitle_38\"><strong>Kette<\/strong><\/th>\n<td id=\"attrValue_38\">KMC E10 EPT Sport<\/td>\n<\/tr>\n<tr>\n<th id=\"attrTitle_39\"><strong>Akkuleistung (Wh)<\/strong><\/th>\n<td id=\"attrValue_39\">1125<\/td>\n<\/tr>\n<tr>\n<th id=\"attrTitle_40\"><strong>Akku<\/strong><\/th>\n<td id=\"attrValue_40\">Bosch Rahmenakku vollintegriert, Lithium Ionen<\/td>\n<\/tr>\n<tr>\n<th id=\"attrTitle_41\"><strong>Modelljahr<\/strong><\/th>\n<td id=\"attrValue_41\">2021<\/td>\n<\/tr>\n<tr>\n<th id=\"attrTitle_42\"><strong>Kategorie<\/strong><\/th>\n<td id=\"attrValue_42\">Schnelle E-bikes \/ S Pedelecs bis 45km\/h \/ E-Bikes \/ Pedelecs<\/td>\n<\/tr>\n<tr>\n<th id=\"attrTitle_43\"><strong>Zustand<\/strong><\/th>\n<td id=\"attrValue_43\">neu<\/td>\n<\/tr>\n<\/tbody>\n<\/table>\n","protected":false},"excerpt":{"rendered":"<p>e-bike manufaktur 15ZEHN EXT Diamant Performance CX Gen4 1125Wh blau Kraftpaket mit Reichweite plus \u2013 mit diesem Dual-Battery-Modell pr\u00e4sentiert e-bike manufaktur erstmals ein Trekking-E-Bike mit dem neuen BOSCH-Antrieb der Performance Line CX bei dem beide Akkus komplett im Rahmen integriert sind. e-bike manufaktur 15ZEHN EXT Diamant Performance CX Gen4 1125Wh blau, Mit einer Kapazit\u00e4t von 1.125 Wh ist das 15ZEHN\u2026<\/p>\n","protected":false},"featured_media":5047,"comment_status":"closed","ping_status":"closed","template":"","meta":[],"product_brand":[],"product_cat":[93,97,109],"product_tag":[],"class_list":{"0":"post-4985","1":"product","2":"type-product","3":"status-publish","4":"has-post-thumbnail","6":"product_cat-e-bike","7":"product_cat-e-bike-trekking","8":"product_cat-e-bikes-2021","10":"first","11":"instock","12":"sale","13":"shipping-taxable","14":"purchasable","15":"product-type-variable"},"_links":{"self":[{"href":"https:\/\/fatbike-de.com\/index.php\/wp-json\/wp\/v2\/product\/4985","targetHints":{"allow":["GET"]}}],"collection":[{"href":"https:\/\/fatbike-de.com\/index.php\/wp-json\/wp\/v2\/product"}],"about":[{"href":"https:\/\/fatbike-de.com\/index.php\/wp-json\/wp\/v2\/types\/product"}],"replies":[{"embeddable":true,"href":"https:\/\/fatbike-de.com\/index.php\/wp-json\/wp\/v2\/comments?post=4985"}],"wp:featuredmedia":[{"embeddable":true,"href":"https:\/\/fatbike-de.com\/index.php\/wp-json\/wp\/v2\/media\/5047"}],"wp:attachment":[{"href":"https:\/\/fatbike-de.com\/index.php\/wp-json\/wp\/v2\/media?parent=4985"}],"wp:term":[{"taxonomy":"product_brand","embeddable":true,"href":"https:\/\/fatbike-de.com\/index.php\/wp-json\/wp\/v2\/product_brand?post=4985"},{"taxonomy":"product_cat","embeddable":true,"href":"https:\/\/fatbike-de.com\/index.php\/wp-json\/wp\/v2\/product_cat?post=4985"},{"taxonomy":"product_tag","embeddable":true,"href":"https:\/\/fatbike-de.com\/index.php\/wp-json\/wp\/v2\/product_tag?post=4985"}],"curies":[{"name":"wp","href":"https:\/\/api.w.org\/{rel}","templated":true}]}}