{"id":5077,"date":"2024-02-27T12:05:09","date_gmt":"2024-02-27T11:05:09","guid":{"rendered":"https:\/\/fatbike-de.com\/?post_type=product&#038;p=5077"},"modified":"2024-02-27T12:12:56","modified_gmt":"2024-02-27T11:12:56","slug":"cannondale-tesoro-neo-x-1-mantis-2020-29","status":"publish","type":"product","link":"https:\/\/fatbike-de.com\/index.php\/product\/cannondale-tesoro-neo-x-1-mantis-2020-29\/","title":{"rendered":"Cannondale Tesoro Neo X 1 Mantis 2020 &#8211; 29 &#8211;"},"content":{"rendered":"<h2 class=\"pageTitle\">Cannondale Tesoro Neo X 1 Mantis 2020 &#8211; 29 &#8211;<\/h2>\n<div class=\"tobasket\">\n<div class=\"tobasketFunction clear\">\n<div class=\"price-outer\">\n<p>Das Cannondale Tesoro Neo ist der elektrisierende Trek-KING!<br \/> Exakt wie ein Uhrwerk wechselt die Shimano SLX Kettenschaltung durch die G\u00e4nge damit Sie, egal ob bergauf oder bergab, mit konstanter Kadenz in die Pedale treten k\u00f6nnen. Der Mittelmotor von Bosch greift Ihnen dabei helfend unter die Arme, damit Sie sich nicht nur auf Ihre Beine verlassen m\u00fcssen. Er hat mit 250 Watt eine zuverl\u00e4ssige Schubhilfe bei einer Geschwindigkeit bis zu 25 km\/h. Mit dem starken 500 Wh Akku ist das Rad wie gemacht f\u00fcr Tagesausfl\u00fcge. Damit Sie dabei nicht zu schnell den Berg wieder hinunter fahren gibt Cannondale Ihnen eine hydraulische Scheibenbremse mit auf die Reise die Sie auch mit Gep\u00e4ck zuverl\u00e4ssig zum Stehen bringt. Die Rahmenform und die erstklassischen Komponenten bieten alle M\u00f6glichkeiten&#8230;Wie Sie dieses motorunterst\u00fctzte Rad nutzen liegt ganz allein an Ihnen.<\/p>\n<p>Nat\u00fcrlich kommt das Ladeger\u00e4t gleich mit.<\/p>\n<p><em>Falls Fragen auftauchen oder Sie mit der Rahmengr\u00f6\u00dfe nicht sicher sind, bitten wir Sie um einen Anruf oder senden Sie eine Mail, wir beraten Sie gerne.<\/em><\/p>\n<h2>Ausstattung<\/h2>\n<h2>Zus\u00e4tzliche Information<\/h2>\n<table class=\"shop_attributes\">\n<tbody>\n<tr>\n<th class=\"attr_header\" colspan=\"2\">IM \u00dcBERBLICK<\/th>\n<\/tr>\n<tr>\n<th>e-Bike Typ<\/th>\n<td>Trekking e-Bike<\/td>\n<\/tr>\n<tr>\n<th>Modelljahr<\/th>\n<td>2020<\/td>\n<\/tr>\n<tr>\n<th>Motorunterst\u00fctzung<\/th>\n<td>25<\/td>\n<\/tr>\n<tr>\n<th>Schaltung Hersteller<\/th>\n<td>Shimano<\/td>\n<\/tr>\n<tr>\n<th>Schaltungstyp<\/th>\n<td>Kettenschaltung<\/td>\n<\/tr>\n<tr>\n<th>Federung<\/th>\n<td>Federgabel<\/td>\n<\/tr>\n<tr>\n<th>Federung mm<\/th>\n<td>100<\/td>\n<\/tr>\n<tr>\n<th>Bremsentyp<\/th>\n<td>Hydraulische Scheibenbremse<\/td>\n<\/tr>\n<tr>\n<th>Farbe<\/th>\n<td>grau, gr\u00fcn<\/td>\n<\/tr>\n<tr>\n<th>Rahmengr\u00f6\u00dfe<\/th>\n<td>S, M, L, XL<\/td>\n<\/tr>\n<tr>\n<th>Reifengr\u00f6\u00dfe<\/th>\n<td>29&#8220;<\/td>\n<\/tr>\n<tr>\n<th>Rahmenform<\/th>\n<td>Trapez, Diamant<\/td>\n<\/tr>\n<tr>\n<th class=\"attr_header\" colspan=\"2\">ANTRIEBSEINHEIT<\/th>\n<\/tr>\n<tr>\n<th>Motor<\/th>\n<td>Bosch Performance Line CX 4.0 36V 250W<\/td>\n<\/tr>\n<tr>\n<th>Akku<\/th>\n<td>500 Wh<\/td>\n<\/tr>\n<tr>\n<th>Display<\/th>\n<td>Bosch Kiox<\/td>\n<\/tr>\n<tr>\n<th>Ladeger\u00e4t<\/th>\n<td>Bosch 4a<\/td>\n<\/tr>\n<tr>\n<th class=\"attr_header\" colspan=\"2\">SCHALTUNG &amp; ANTRIEB<\/th>\n<\/tr>\n<tr>\n<th>Schaltung<\/th>\n<td>Shimano SLX, 12-Gang<\/td>\n<\/tr>\n<tr>\n<th>Schalthebel<\/th>\n<td>Shimano SLX, 12-Gang<\/td>\n<\/tr>\n<tr>\n<th>Schaltwerk<\/th>\n<td>Shimano SLX, SGS Shadow Plus<\/td>\n<\/tr>\n<tr>\n<th>Kurbelsatz<\/th>\n<td>Bosch Gen4 w\/ custom Ai offset, 38T<\/td>\n<\/tr>\n<tr>\n<th>Kassette<\/th>\n<td>Shimano SLX, 10-51, 12-Gang<\/td>\n<\/tr>\n<tr>\n<th>Kette<\/th>\n<td>KMC X12, 12-Gang<\/td>\n<\/tr>\n<tr>\n<th class=\"attr_header\" colspan=\"2\">RAHMEN &amp; GABEL<\/th>\n<\/tr>\n<tr>\n<th>Rahmen<\/th>\n<td>Remixte Step-Thru, SmartForm C1 Alu, 148x12mm Steckachse<\/td>\n<\/tr>\n<tr>\n<th>Gabel<\/th>\n<td>SR Suntour Raidon 34, 100mm, 46mm offset<\/td>\n<\/tr>\n<tr>\n<th>Steuersatz<\/th>\n<td>Integrated Sealed Bearing, konisch<\/td>\n<\/tr>\n<tr>\n<th class=\"attr_header\" colspan=\"2\">BREMSE<\/th>\n<\/tr>\n<tr>\n<th>Bremsanlage<\/th>\n<td>Shimano MT200, v: 180mm\/h: 180mm, RT30 rotors<\/td>\n<\/tr>\n<tr>\n<th>Bremshebel<\/th>\n<td>Shimano MT200<\/td>\n<\/tr>\n<tr>\n<th class=\"attr_header\" colspan=\"2\">LAUFR\u00c4DER<\/th>\n<\/tr>\n<tr>\n<th>Felgen<\/th>\n<td>WTB STX i29 TCS, 32h, tubeless ready<\/td>\n<\/tr>\n<tr>\n<th>Naben (V\/H)<\/th>\n<td>Shimano MT400 \/ 15x110mm\/Shimano MT510<\/td>\n<\/tr>\n<tr>\n<th>Reifen<\/th>\n<td>Schwalbe G-One Allround Performance, 29 x 2,25&#8220;<\/td>\n<\/tr>\n<tr>\n<th class=\"attr_header\" colspan=\"2\">COCKPIT<\/th>\n<\/tr>\n<tr>\n<th>Lenker<\/th>\n<td>Cannondale 3, 6061 Alu, 20mm rise, 9\u00b0 back, 720mm<\/td>\n<\/tr>\n<tr>\n<th>Vorbau<\/th>\n<td>Cannondale Adjustable, A-headset, 31,8mm<\/td>\n<\/tr>\n<tr>\n<th>Lenkergriffe<\/th>\n<td>Cannondale Ergo Performance, Lock-On<\/td>\n<\/tr>\n<tr>\n<th>Sattelst\u00fctze<\/th>\n<td>Gefederte Sattelst\u00fctze, 350mm<\/td>\n<\/tr>\n<tr>\n<th>Pedale<\/th>\n<td>Cannondale Fitness<\/td>\n<\/tr>\n<tr>\n<th>Sattel<\/th>\n<td>Cannondale Ergo Touring<\/td>\n<\/tr>\n<tr>\n<th class=\"attr_header\" colspan=\"2\">AUSSTATTUNG<\/th>\n<\/tr>\n<tr>\n<th>Frontlicht<\/th>\n<td>Supernova V521S<\/td>\n<\/tr>\n<tr>\n<th>R\u00fccklicht<\/th>\n<td>Herrmans H-Trace Micro<\/td>\n<\/tr>\n<tr>\n<th>Gep\u00e4cktr\u00e4ger<\/th>\n<td>Tubus (max. 25 kg)<\/td>\n<\/tr>\n<tr>\n<th>Schutzbleche<\/th>\n<td>Tubus Wingee<\/td>\n<\/tr>\n<tr>\n<th class=\"attr_header\" colspan=\"2\">SONSTIGES<\/th>\n<\/tr>\n<tr>\n<th>Gewicht<\/th>\n<td>23,3 kg<\/td>\n<\/tr>\n<tr>\n<th>Zul\u00e4ssiges Gesamtgewicht<\/th>\n<td>150 kg<\/td>\n<\/tr>\n<\/tbody>\n<\/table><\/div>\n<\/p><\/div>\n<\/p><\/div>\n","protected":false},"excerpt":{"rendered":"<p>Cannondale Tesoro Neo X 1 Mantis 2020 &#8211; 29 &#8211; Das Cannondale Tesoro Neo ist der elektrisierende Trek-KING! Exakt wie ein Uhrwerk wechselt die Shimano SLX Kettenschaltung durch die G\u00e4nge damit Sie, egal ob bergauf oder bergab, mit konstanter Kadenz in die Pedale treten k\u00f6nnen. Der Mittelmotor von Bosch greift Ihnen dabei helfend unter die Arme, damit Sie sich nicht\u2026<\/p>\n","protected":false},"featured_media":5081,"comment_status":"closed","ping_status":"closed","template":"","meta":[],"product_brand":[],"product_cat":[93,97,100,102],"product_tag":[],"class_list":{"0":"post-5077","1":"product","2":"type-product","3":"status-publish","4":"has-post-thumbnail","6":"product_cat-e-bike","7":"product_cat-e-bike-trekking","8":"product_cat-e-bike-fahrrad","9":"product_cat-e-bikes-2022","11":"first","12":"instock","13":"sale","14":"shipping-taxable","15":"purchasable","16":"product-type-variable"},"_links":{"self":[{"href":"https:\/\/fatbike-de.com\/index.php\/wp-json\/wp\/v2\/product\/5077","targetHints":{"allow":["GET"]}}],"collection":[{"href":"https:\/\/fatbike-de.com\/index.php\/wp-json\/wp\/v2\/product"}],"about":[{"href":"https:\/\/fatbike-de.com\/index.php\/wp-json\/wp\/v2\/types\/product"}],"replies":[{"embeddable":true,"href":"https:\/\/fatbike-de.com\/index.php\/wp-json\/wp\/v2\/comments?post=5077"}],"wp:featuredmedia":[{"embeddable":true,"href":"https:\/\/fatbike-de.com\/index.php\/wp-json\/wp\/v2\/media\/5081"}],"wp:attachment":[{"href":"https:\/\/fatbike-de.com\/index.php\/wp-json\/wp\/v2\/media?parent=5077"}],"wp:term":[{"taxonomy":"product_brand","embeddable":true,"href":"https:\/\/fatbike-de.com\/index.php\/wp-json\/wp\/v2\/product_brand?post=5077"},{"taxonomy":"product_cat","embeddable":true,"href":"https:\/\/fatbike-de.com\/index.php\/wp-json\/wp\/v2\/product_cat?post=5077"},{"taxonomy":"product_tag","embeddable":true,"href":"https:\/\/fatbike-de.com\/index.php\/wp-json\/wp\/v2\/product_tag?post=5077"}],"curies":[{"name":"wp","href":"https:\/\/api.w.org\/{rel}","templated":true}]}}