{"id":5112,"date":"2024-02-27T12:13:00","date_gmt":"2024-02-27T11:13:00","guid":{"rendered":"https:\/\/fatbike-de.com\/?post_type=product&#038;p=5112"},"modified":"2024-02-27T12:14:09","modified_gmt":"2024-02-27T11:14:09","slug":"diamant-zing-deluxe-dravitgrau-metallic-2022","status":"publish","type":"product","link":"https:\/\/fatbike-de.com\/index.php\/product\/diamant-zing-deluxe-dravitgrau-metallic-2022\/","title":{"rendered":"Diamant Zing Deluxe+ Dravitgrau Metallic 2022"},"content":{"rendered":"<h2>Diamant Zing Deluxe+ Dravitgrau Metallic 2022<\/h2>\n<p>Den Testsieg teilt sich das Diamant Zing Deluxe+ mit einem Rad von Giant. Beide sind die einzigen R\u00e4der im Test mit Bosch Performance CX-Motor, aber das Giant ist ein Tiefeinsteiger mit integrierter 625Wh-Batterie. Das Zing+ bietet \u201enur\u201c 500Wh. Daf\u00fcr spart unser Rad acht Kilogramm gegen\u00fcber dem Giant ein, denn das Giant wiegt \u00fcber 30kg. Mit 22.7kg ist das Zing+ sogar immer noch vier Kilogramm leichter als das zweitleichteste Rad im Test. Anfahren, Treppe tragen, \u00fcber den Bordstein heben, bei plattem Reifen einmal anheben\u2026 Diamanten werden ja oft besser, je teurer sie sind, aber bei unseren R\u00e4dern rechtfertigen wir mehr Karat nur mit mehr Nutzen f\u00fcr die Fahrer.<\/p>\n<p>Die beste Bewertung im Testfeld erreicht das Zing+ auch bei der Fahrsicherheit. Aus unserer Sicht tragen die kleineren, aber breiten 27.5\u2033-Reifen dazu bei. Wir haben sie beim Vorg\u00e4ngermodell einstmals eingef\u00fchrt und waren damals fr\u00fch auf einen wichtigen Trend aufgesprungen. Diese Reifen bieten aber nicht nur mehr Traktion. Sie geben auch mehr Federkomfort. Deshalb k\u00f6nnen wir auf eine Federgabel mit viel Federweg verzichten, was einer tourentauglichen Geometrie zugute kommt. Die MyBike findet auch: das Pedelec f\u00e4hrt sich wendig und agil. \u201eMit dem Diamant Zing+ ist ein spritziges, fahrsicheres Alltags-Pedelec mit breitem Einsatzbereich gelungen.\u201c<\/p>\n<h2>Ausstattung<\/h2>\n<table class=\"attributes\">\n<tbody>\n<tr>\n<th id=\"attrTitle_1\"><strong>Gewicht<\/strong><\/th>\n<td id=\"attrValue_1\">21.80<\/td>\n<\/tr>\n<tr>\n<th id=\"attrTitle_2\"><strong>Farbe<\/strong><\/th>\n<td id=\"attrValue_2\">Dravitgrau Metallic<\/td>\n<\/tr>\n<tr>\n<th id=\"attrTitle_3\"><strong>Rahmenform<\/strong><\/th>\n<td id=\"attrValue_3\">Diamant<\/td>\n<\/tr>\n<tr>\n<th id=\"attrTitle_4\"><strong>Ganganzahl<\/strong><\/th>\n<td id=\"attrValue_4\">10<\/td>\n<\/tr>\n<tr>\n<th id=\"attrTitle_5\"><strong>Federweg in mm<\/strong><\/th>\n<td id=\"attrValue_5\">50.00<\/td>\n<\/tr>\n<tr>\n<th id=\"attrTitle_6\"><strong>Schaltart<\/strong><\/th>\n<td id=\"attrValue_6\">Kettenschaltung<\/td>\n<\/tr>\n<tr>\n<th id=\"attrTitle_7\"><strong>Motorposition<\/strong><\/th>\n<td id=\"attrValue_7\">Mittelmotor<\/td>\n<\/tr>\n<tr>\n<th id=\"attrTitle_8\"><strong>Gabelhersteller<\/strong><\/th>\n<td id=\"attrValue_8\">SR Suntour<\/td>\n<\/tr>\n<tr>\n<th id=\"attrTitle_9\"><strong>Akkuposition<\/strong><\/th>\n<td id=\"attrValue_9\">ontube<\/td>\n<\/tr>\n<tr>\n<th id=\"attrTitle_10\"><strong>Federung<\/strong><\/th>\n<td id=\"attrValue_10\">stahlgefedert<\/td>\n<\/tr>\n<tr>\n<th id=\"attrTitle_11\"><strong>Bremssystem<\/strong><\/th>\n<td id=\"attrValue_11\">Scheibenbremse, hydraulisch<\/td>\n<\/tr>\n<tr>\n<th id=\"attrTitle_12\"><strong>Rahmenmaterial<\/strong><\/th>\n<td id=\"attrValue_12\">Aluminium<\/td>\n<\/tr>\n<tr>\n<th id=\"attrTitle_13\"><strong>Schaltung<\/strong><\/th>\n<td id=\"attrValue_13\">Shimano Deore Shadow Plus<\/td>\n<\/tr>\n<tr>\n<th id=\"attrTitle_14\"><strong>Motorart<\/strong><\/th>\n<td id=\"attrValue_14\">Bosch Performance CX<\/td>\n<\/tr>\n<tr>\n<th id=\"attrTitle_15\"><strong>Gabel<\/strong><\/th>\n<td id=\"attrValue_15\">SR Suntour Mobie-e25 Magnesium, blockierbar und einstellbar, 50mm Federweg, mit Steckachse<\/td>\n<\/tr>\n<tr>\n<th id=\"attrTitle_16\"><strong>Griffe<\/strong><\/th>\n<td id=\"attrValue_16\">Bontrager Satellite Elite, Triple-Density<\/td>\n<\/tr>\n<tr>\n<th id=\"attrTitle_17\"><strong>Bremse<\/strong><\/th>\n<td id=\"attrValue_17\">hydraulische Shimano MT200 Scheibenbremse<\/td>\n<\/tr>\n<tr>\n<th id=\"attrTitle_18\"><strong>Pedale<\/strong><\/th>\n<td id=\"attrValue_18\">Aluminium mit Gummstandfl\u00e4che<\/td>\n<\/tr>\n<tr>\n<th id=\"attrTitle_19\"><strong>Lenker<\/strong><\/th>\n<td id=\"attrValue_19\">Bontrager Riser, 31.8mm, 25mm hochgezogen<\/td>\n<\/tr>\n<tr>\n<th id=\"attrTitle_20\"><strong>Schalthebel<\/strong><\/th>\n<td id=\"attrValue_20\">Shimano Deore, 10 G\u00e4nge<\/td>\n<\/tr>\n<tr>\n<th id=\"attrTitle_21\"><strong>Zahnkr\u00e4nze<\/strong><\/th>\n<td id=\"attrValue_21\">Shimano M4100, 11-46, 10-fach<\/td>\n<\/tr>\n<tr>\n<th id=\"attrTitle_22\"><strong>Sattelst\u00fctze<\/strong><\/th>\n<td id=\"attrValue_22\">Bontrager SSR<\/td>\n<\/tr>\n<tr>\n<th id=\"attrTitle_23\"><strong>Vorbau<\/strong><\/th>\n<td id=\"attrValue_23\">Bontrager, 7-Grad<\/td>\n<\/tr>\n<tr>\n<th id=\"attrTitle_24\"><strong>Kurbelsatz<\/strong><\/th>\n<td id=\"attrValue_24\">Aluminium, 40 Z\u00e4hne<\/td>\n<\/tr>\n<tr>\n<th id=\"attrTitle_25\"><strong>Sattel<\/strong><\/th>\n<td id=\"attrValue_25\">Selle Royal Vivo Moderate Ergo<\/td>\n<\/tr>\n<tr>\n<th id=\"attrTitle_26\"><strong>Akkuleistung (Wh)<\/strong><\/th>\n<td id=\"attrValue_26\">500<\/td>\n<\/tr>\n<tr>\n<th id=\"attrTitle_27\"><strong>Akku<\/strong><\/th>\n<td id=\"attrValue_27\">Bosch PowerPack 500, Lithium-Ionen-Akku<\/td>\n<\/tr>\n<tr>\n<th id=\"attrTitle_28\"><strong>Modelljahr<\/strong><\/th>\n<td id=\"attrValue_28\">2022<\/td>\n<\/tr>\n<tr>\n<th id=\"attrTitle_29\"><strong>Kategorie<\/strong><\/th>\n<td id=\"attrValue_29\">Trekking\/Touren \/ E-Bikes \/ Pedelecs<\/td>\n<\/tr>\n<tr>\n<th id=\"attrTitle_30\"><strong>Zustand<\/strong><\/th>\n<td id=\"attrValue_30\">neu<\/td>\n<\/tr>\n<\/tbody>\n<\/table>\n","protected":false},"excerpt":{"rendered":"<p>Diamant Zing Deluxe+ Dravitgrau Metallic 2022 Den Testsieg teilt sich das Diamant Zing Deluxe+ mit einem Rad von Giant. Beide sind die einzigen R\u00e4der im Test mit Bosch Performance CX-Motor, aber das Giant ist ein Tiefeinsteiger mit integrierter 625Wh-Batterie. Das Zing+ bietet \u201enur\u201c 500Wh. Daf\u00fcr spart unser Rad acht Kilogramm gegen\u00fcber dem Giant ein, denn das Giant wiegt \u00fcber 30kg.\u2026<\/p>\n","protected":false},"featured_media":5142,"comment_status":"closed","ping_status":"closed","template":"","meta":[],"product_brand":[],"product_cat":[93,97,100,102],"product_tag":[],"class_list":{"0":"post-5112","1":"product","2":"type-product","3":"status-publish","4":"has-post-thumbnail","6":"product_cat-e-bike","7":"product_cat-e-bike-trekking","8":"product_cat-e-bike-fahrrad","9":"product_cat-e-bikes-2022","11":"first","12":"instock","13":"sale","14":"shipping-taxable","15":"purchasable","16":"product-type-variable"},"_links":{"self":[{"href":"https:\/\/fatbike-de.com\/index.php\/wp-json\/wp\/v2\/product\/5112","targetHints":{"allow":["GET"]}}],"collection":[{"href":"https:\/\/fatbike-de.com\/index.php\/wp-json\/wp\/v2\/product"}],"about":[{"href":"https:\/\/fatbike-de.com\/index.php\/wp-json\/wp\/v2\/types\/product"}],"replies":[{"embeddable":true,"href":"https:\/\/fatbike-de.com\/index.php\/wp-json\/wp\/v2\/comments?post=5112"}],"wp:featuredmedia":[{"embeddable":true,"href":"https:\/\/fatbike-de.com\/index.php\/wp-json\/wp\/v2\/media\/5142"}],"wp:attachment":[{"href":"https:\/\/fatbike-de.com\/index.php\/wp-json\/wp\/v2\/media?parent=5112"}],"wp:term":[{"taxonomy":"product_brand","embeddable":true,"href":"https:\/\/fatbike-de.com\/index.php\/wp-json\/wp\/v2\/product_brand?post=5112"},{"taxonomy":"product_cat","embeddable":true,"href":"https:\/\/fatbike-de.com\/index.php\/wp-json\/wp\/v2\/product_cat?post=5112"},{"taxonomy":"product_tag","embeddable":true,"href":"https:\/\/fatbike-de.com\/index.php\/wp-json\/wp\/v2\/product_tag?post=5112"}],"curies":[{"name":"wp","href":"https:\/\/api.w.org\/{rel}","templated":true}]}}