{"id":5117,"date":"2024-02-27T12:13:00","date_gmt":"2024-02-27T11:13:00","guid":{"rendered":"https:\/\/fatbike-de.com\/?post_type=product&#038;p=5117"},"modified":"2024-02-27T12:14:09","modified_gmt":"2024-02-27T11:14:09","slug":"diamant-zouma-deluxe-tiefschwarz-2022","status":"publish","type":"product","link":"https:\/\/fatbike-de.com\/index.php\/product\/diamant-zouma-deluxe-tiefschwarz-2022\/","title":{"rendered":"Diamant Zouma Deluxe+ Tiefschwarz 2022"},"content":{"rendered":"<h2 class=\"pageTitle\">Diamant Zouma Deluxe+ Tiefschwarz 2022<\/h2>\n<p>Diamant Zouma Deluxe, Leistung ist Ihnen wichtig. Du willst ein voll ausgestattetes Sportbike f\u00fcr alle Eins\u00e4tze, auch abseits des Asphalts. Sie werden eine modernere und \u00e4sthetisch ansprechendere eingebaute Batterie finden.<\/p>\n<p>Dank seines 625h Akkus geht dem Bosch Performance CX nicht so schnell die Puste aus. Mit Range Boost f\u00fcr Mann- und Trapezrahmen k\u00f6nnen Sie einen externen Akku hinzuf\u00fcgen und die Reichweite erh\u00f6hen. Die Shimano Deore 10-fach Kettenschaltung bietet auch in schwierigem Gel\u00e4nde die richtige \u00dcbersetzung. Das macht es zu einem idealen Laufrad f\u00fcr Pendler, auch wenn die Fahrt hin und her geht.Im Rahmen ist der saubere und unsichtbare 625-Wh-Akku integriert, der f\u00fcr viele sportliche Kilometer ausreicht.<\/p>\n<p>Der Bosch Performance CX beschleunigt schnell und wiegt \u00fcberraschend wenig f\u00fcr ein bergtaugliches Training. Mit seinen gro\u00dfen 27,5&#8243;-Laufr\u00e4dern genie\u00dfen Sie ein sportliches Ansprechverhalten und ein vertrauenerweckendes Handling. Die Shimano Deore Kettenschaltung gibt dir 10 G\u00e4nge zwischen \u201eHier ist es super stark\u201c und \u201eMeine pers\u00f6nliche Bestzeit\u201c.<\/p>\n<h2>Ausstattung<\/h2>\n<table class=\"attributes\">\n<tbody>\n<tr>\n<th id=\"attrTitle_1\"><strong>Gewicht<\/strong><\/th>\n<td id=\"attrValue_1\">25.70<\/td>\n<\/tr>\n<tr>\n<th id=\"attrTitle_2\"><strong>Farbe<\/strong><\/th>\n<td id=\"attrValue_2\">Tiefschwarz<\/td>\n<\/tr>\n<tr>\n<th id=\"attrTitle_3\"><strong>Rahmenform<\/strong><\/th>\n<td id=\"attrValue_3\">Diamant<\/td>\n<\/tr>\n<tr>\n<th id=\"attrTitle_4\"><strong>Ganganzahl<\/strong><\/th>\n<td id=\"attrValue_4\">10<\/td>\n<\/tr>\n<tr>\n<th id=\"attrTitle_5\"><strong>Federweg in mm<\/strong><\/th>\n<td id=\"attrValue_5\">50.00<\/td>\n<\/tr>\n<tr>\n<th id=\"attrTitle_6\"><strong>Schaltart<\/strong><\/th>\n<td id=\"attrValue_6\">Kettenschaltung<\/td>\n<\/tr>\n<tr>\n<th id=\"attrTitle_7\"><strong>Motorposition<\/strong><\/th>\n<td id=\"attrValue_7\">Mittelmotor<\/td>\n<\/tr>\n<tr>\n<th id=\"attrTitle_8\"><strong>Gabelhersteller<\/strong><\/th>\n<td id=\"attrValue_8\">SR Suntour<\/td>\n<\/tr>\n<tr>\n<th id=\"attrTitle_9\"><strong>Akkuposition<\/strong><\/th>\n<td id=\"attrValue_9\">intube<\/td>\n<\/tr>\n<tr>\n<th id=\"attrTitle_10\"><strong>Federung<\/strong><\/th>\n<td id=\"attrValue_10\">stahlgefedert<\/td>\n<\/tr>\n<tr>\n<th id=\"attrTitle_11\"><strong>Bremssystem<\/strong><\/th>\n<td id=\"attrValue_11\">Scheibenbremse, hydraulisch<\/td>\n<\/tr>\n<tr>\n<th id=\"attrTitle_12\"><strong>Rahmenmaterial<\/strong><\/th>\n<td id=\"attrValue_12\">Aluminium<\/td>\n<\/tr>\n<tr>\n<th id=\"attrTitle_13\"><strong>Schaltung<\/strong><\/th>\n<td id=\"attrValue_13\">Shimano Deore Shadow Plus<\/td>\n<\/tr>\n<tr>\n<th id=\"attrTitle_14\"><strong>Motorart<\/strong><\/th>\n<td id=\"attrValue_14\">Bosch Performance CX<\/td>\n<\/tr>\n<tr>\n<th id=\"attrTitle_15\"><strong>Gabel<\/strong><\/th>\n<td id=\"attrValue_15\">SR Suntour Mobie-e25 Magnesium, blockierbar und einstellbar, 50mm Federweg, mit Steckachse<\/td>\n<\/tr>\n<tr>\n<th id=\"attrTitle_16\"><strong>Griffe<\/strong><\/th>\n<td id=\"attrValue_16\">Bontrager Satellite Elite, Triple-Density<\/td>\n<\/tr>\n<tr>\n<th id=\"attrTitle_17\"><strong>Bremse<\/strong><\/th>\n<td id=\"attrValue_17\">hydraulische Shimano MT200 Scheibenbremse<\/td>\n<\/tr>\n<tr>\n<th id=\"attrTitle_18\"><strong>Pedale<\/strong><\/th>\n<td id=\"attrValue_18\">Aluminium mit Gummstandfl\u00e4che<\/td>\n<\/tr>\n<tr>\n<th id=\"attrTitle_19\"><strong>Lenker<\/strong><\/th>\n<td id=\"attrValue_19\">Bontrager Riser, 31.8mm, 25mm hochgezogen<\/td>\n<\/tr>\n<tr>\n<th id=\"attrTitle_20\"><strong>Schalthebel<\/strong><\/th>\n<td id=\"attrValue_20\">Shimano Deore Rapidfire, 10 G\u00e4nge<\/td>\n<\/tr>\n<tr>\n<th id=\"attrTitle_21\"><strong>Zahnkr\u00e4nze<\/strong><\/th>\n<td id=\"attrValue_21\">Shimano HG500 11-46, 10-Fach<\/td>\n<\/tr>\n<tr>\n<th id=\"attrTitle_22\"><strong>Sattelst\u00fctze<\/strong><\/th>\n<td id=\"attrValue_22\">Bontrager SSR<\/td>\n<\/tr>\n<tr>\n<th id=\"attrTitle_23\"><strong>Vorbau<\/strong><\/th>\n<td id=\"attrValue_23\">Bontrager, 7-Grad<\/td>\n<\/tr>\n<tr>\n<th id=\"attrTitle_24\"><strong>Kurbelsatz<\/strong><\/th>\n<td id=\"attrValue_24\">Alumnium, 40 Z\u00e4hne.<\/td>\n<\/tr>\n<tr>\n<th id=\"attrTitle_25\"><strong>Sattel<\/strong><\/th>\n<td id=\"attrValue_25\">Selle Royal Vivo Moderate Ergo<\/td>\n<\/tr>\n<tr>\n<th id=\"attrTitle_26\"><strong>Akkuleistung (Wh)<\/strong><\/th>\n<td id=\"attrValue_26\">625<\/td>\n<\/tr>\n<tr>\n<th id=\"attrTitle_27\"><strong>Akku<\/strong><\/th>\n<td id=\"attrValue_27\">Bosch PowerTube 625, Lithium-Ionen-Akku<\/td>\n<\/tr>\n<tr>\n<th id=\"attrTitle_28\"><strong>Modelljahr<\/strong><\/th>\n<td id=\"attrValue_28\">2022<\/td>\n<\/tr>\n<tr>\n<th id=\"attrTitle_29\"><strong>Kategorie<\/strong><\/th>\n<td id=\"attrValue_29\">Trekking\/Touren \/ E-Bikes \/ Pedelecs<\/td>\n<\/tr>\n<tr>\n<th id=\"attrTitle_30\"><strong>Zustand<\/strong><\/th>\n<td id=\"attrValue_30\">neu<\/td>\n<\/tr>\n<\/tbody>\n<\/table>\n","protected":false},"excerpt":{"rendered":"<p>Diamant Zouma Deluxe+ Tiefschwarz 2022 Diamant Zouma Deluxe, Leistung ist Ihnen wichtig. Du willst ein voll ausgestattetes Sportbike f\u00fcr alle Eins\u00e4tze, auch abseits des Asphalts. Sie werden eine modernere und \u00e4sthetisch ansprechendere eingebaute Batterie finden. Dank seines 625h Akkus geht dem Bosch Performance CX nicht so schnell die Puste aus. Mit Range Boost f\u00fcr Mann- und Trapezrahmen k\u00f6nnen Sie einen\u2026<\/p>\n","protected":false},"featured_media":5143,"comment_status":"closed","ping_status":"closed","template":"","meta":[],"product_brand":[],"product_cat":[93,97,102],"product_tag":[],"class_list":{"0":"post-5117","1":"product","2":"type-product","3":"status-publish","4":"has-post-thumbnail","6":"product_cat-e-bike","7":"product_cat-e-bike-trekking","8":"product_cat-e-bikes-2022","10":"first","11":"instock","12":"sale","13":"shipping-taxable","14":"purchasable","15":"product-type-variable"},"_links":{"self":[{"href":"https:\/\/fatbike-de.com\/index.php\/wp-json\/wp\/v2\/product\/5117","targetHints":{"allow":["GET"]}}],"collection":[{"href":"https:\/\/fatbike-de.com\/index.php\/wp-json\/wp\/v2\/product"}],"about":[{"href":"https:\/\/fatbike-de.com\/index.php\/wp-json\/wp\/v2\/types\/product"}],"replies":[{"embeddable":true,"href":"https:\/\/fatbike-de.com\/index.php\/wp-json\/wp\/v2\/comments?post=5117"}],"wp:featuredmedia":[{"embeddable":true,"href":"https:\/\/fatbike-de.com\/index.php\/wp-json\/wp\/v2\/media\/5143"}],"wp:attachment":[{"href":"https:\/\/fatbike-de.com\/index.php\/wp-json\/wp\/v2\/media?parent=5117"}],"wp:term":[{"taxonomy":"product_brand","embeddable":true,"href":"https:\/\/fatbike-de.com\/index.php\/wp-json\/wp\/v2\/product_brand?post=5117"},{"taxonomy":"product_cat","embeddable":true,"href":"https:\/\/fatbike-de.com\/index.php\/wp-json\/wp\/v2\/product_cat?post=5117"},{"taxonomy":"product_tag","embeddable":true,"href":"https:\/\/fatbike-de.com\/index.php\/wp-json\/wp\/v2\/product_tag?post=5117"}],"curies":[{"name":"wp","href":"https:\/\/api.w.org\/{rel}","templated":true}]}}