{"id":5187,"date":"2024-02-27T12:14:39","date_gmt":"2024-02-27T11:14:39","guid":{"rendered":"https:\/\/fatbike-de.com\/?post_type=product&#038;p=5187"},"modified":"2024-02-27T12:16:20","modified_gmt":"2024-02-27T11:16:20","slug":"riese-und-muller-charger-vario","status":"publish","type":"product","link":"https:\/\/fatbike-de.com\/index.php\/product\/riese-und-muller-charger-vario\/","title":{"rendered":"Riese und M\u00fcller Charger Vario"},"content":{"rendered":"<h2 class=\"pageTitle\">Riese und M\u00fcller Charger Vario<\/h2>\n<div class=\"tobasket\">\n<div class=\"tobasketFunction clear\">\n<div class=\"price-outer\">\n<p class=\"price-current\">Um alle Ihre Fahrten in der Stadt und auf dem Land sicherzustellen, l\u00e4dt Riese &amp; M\u00fcller Sie ein, das Modell Charger GH vario auszuprobieren. Dieses neueste Mitglied der Marke verf\u00fcgt \u00fcber einen leistungsstarken Bosch Drive Unit Performance CX-Motor, der Sie kraftvoll auf eine Geschwindigkeit von 25 km\/h antreiben kann. Die Maschine wird von einem Powertube 500-Akku mit einer mehr als bemerkenswerten Autonomie angetrieben. Dieses Modell bietet durch seine breiten Schwalbe Super Moto-X-Reifen einen vorbildlichen Fahrkomfort. Aber auch Sicherheit und Komfort sind mit Unterst\u00fctzung des hydraulischen Magura MT4-Scheibenbremssystems, der Suntor Aion 34-Federung der Spitzenklasse, der Cane Creek-Parallelogramm-Sattelst\u00fctze &#8230; mit 160 kg vorhanden, Ihre Ausfl\u00fcge in die Stadt sind Ihre Gro\u00dfe Wanderungen werden zum Anlass f\u00fcr Abenteuer und Vergn\u00fcgen.<\/p>\n<h2>Zus\u00e4tzliche Information<\/h2>\n<table class=\"shop_attributes\">\n<tbody>\n<tr>\n<th class=\"attr_header\" colspan=\"2\">IM \u00dcBERBLICK<\/th>\n<\/tr>\n<tr>\n<th>e-Bike Typ<\/th>\n<td>Trekking e-Bike<\/td>\n<\/tr>\n<tr>\n<th>Modelljahr<\/th>\n<td>2021<\/td>\n<\/tr>\n<tr>\n<th>Motorunterst\u00fctzung<\/th>\n<td>25<\/td>\n<\/tr>\n<tr>\n<th>Schaltung Hersteller<\/th>\n<td>enviolo<\/td>\n<\/tr>\n<tr>\n<th>Schaltungstyp<\/th>\n<td>Nabenschaltung<\/td>\n<\/tr>\n<tr>\n<th>Federung<\/th>\n<td>Federgabel<\/td>\n<\/tr>\n<tr>\n<th>Bremsentyp<\/th>\n<td>Hydraulische Scheibenbremse<\/td>\n<\/tr>\n<tr>\n<th>Farbe<\/th>\n<td>weiss, schwarz, rot<\/td>\n<\/tr>\n<tr>\n<th>Rahmengr\u00f6\u00dfe<\/th>\n<td>44, 48, 54, 57<\/td>\n<\/tr>\n<tr>\n<th>Reifengr\u00f6\u00dfe<\/th>\n<td>28&#8220;<\/td>\n<\/tr>\n<tr>\n<th>Rahmenform<\/th>\n<td>Diamant<\/td>\n<\/tr>\n<tr>\n<th class=\"attr_header\" colspan=\"2\">ANTRIEBSEINHEIT<\/th>\n<\/tr>\n<tr>\n<th>Motor<\/th>\n<td>Bosch Performance CX 36V 250W<\/td>\n<\/tr>\n<tr>\n<th>Akku<\/th>\n<td>500, 1000 Wh<\/td>\n<\/tr>\n<tr>\n<th>Display<\/th>\n<td>Bosch Intuvia<\/td>\n<\/tr>\n<tr>\n<th class=\"attr_header\" colspan=\"2\">SCHALTUNG &amp; ANTRIEB<\/th>\n<\/tr>\n<tr>\n<th>Schaltung<\/th>\n<td>enviolo 380 R&amp;M Custom, stufenlose Nabenschaltung<\/td>\n<\/tr>\n<tr>\n<th>Schalthebel<\/th>\n<td>enviolo Drehgriffschalter, stufenlos<\/td>\n<\/tr>\n<tr>\n<th>Kurbelsatz<\/th>\n<td>FSA\/Riese &amp; M\u00fcller, 170 mm<\/td>\n<\/tr>\n<tr>\n<th>Kette<\/th>\n<td>Gates drive belt CDX<\/td>\n<\/tr>\n<tr>\n<th class=\"attr_header\" colspan=\"2\">RAHMEN &amp; GABEL<\/th>\n<\/tr>\n<tr>\n<th>Gabel<\/th>\n<td>Suntour XCR32, konisch, schwarz<\/td>\n<\/tr>\n<tr>\n<th>Steuersatz<\/th>\n<td>Acros AZX-220, konisch, block lock<\/td>\n<\/tr>\n<tr>\n<th class=\"attr_header\" colspan=\"2\">BREMSE<\/th>\n<\/tr>\n<tr>\n<th>Bremsanlage<\/th>\n<td>Shimano Deore<\/td>\n<\/tr>\n<tr>\n<th class=\"attr_header\" colspan=\"2\">LAUFR\u00c4DER<\/th>\n<\/tr>\n<tr>\n<th>Felgen<\/th>\n<td>Mach1 650, 28&#8220;<\/td>\n<\/tr>\n<tr>\n<th>Naben (V\/H)<\/th>\n<td>enviolo 380 R&amp;M Custom \/ 36H (hinten)<\/td>\n<\/tr>\n<tr>\n<th>Reifen<\/th>\n<td>Schwalbe Big Ben Plus, 50-622, Reflex<\/td>\n<\/tr>\n<tr>\n<th class=\"attr_header\" colspan=\"2\">COCKPIT<\/th>\n<\/tr>\n<tr>\n<th>Lenker<\/th>\n<td>Humpert ergotec ErgoXXL, 31,8 mm<\/td>\n<\/tr>\n<tr>\n<th>Vorbau<\/th>\n<td>Humpert ergotec Barracuda, 90 mm, 20\u00b0<\/td>\n<\/tr>\n<tr>\n<th>Lenkergriffe<\/th>\n<td>Ergon ergonomic<\/td>\n<\/tr>\n<tr>\n<th>Sattelst\u00fctze<\/th>\n<td>Cane Creek Thudbuster ST<\/td>\n<\/tr>\n<tr>\n<th>Pedale<\/th>\n<td>VP-183<\/td>\n<\/tr>\n<tr>\n<th>Sattel<\/th>\n<td>Selle Royal New Lookin Moderate Male<\/td>\n<\/tr>\n<tr>\n<th class=\"attr_header\" colspan=\"2\">AUSSTATTUNG<\/th>\n<\/tr>\n<tr>\n<th>Frontlicht<\/th>\n<td>Supernova E3 E-Bike<\/td>\n<\/tr>\n<tr>\n<th>R\u00fccklicht<\/th>\n<td>Busch &amp; M\u00fcller Toplight 2C, LED<\/td>\n<\/tr>\n<tr>\n<th>Gep\u00e4cktr\u00e4ger<\/th>\n<td>Charger carrier<\/td>\n<\/tr>\n<tr>\n<th>Schutzbleche<\/th>\n<td>Curana CLite 55<\/td>\n<\/tr>\n<tr>\n<th>Kettenschutz<\/th>\n<td>SKS<\/td>\n<\/tr>\n<tr>\n<th>St\u00e4nder<\/th>\n<td>Pletscher Comp 18 Flex<\/td>\n<\/tr>\n<tr>\n<th>Schloss<\/th>\n<td>ABUS Bordo Plus<\/td>\n<\/tr>\n<tr>\n<th class=\"attr_header\" colspan=\"2\">SONSTIGES<\/th>\n<\/tr>\n<tr>\n<th>Gewicht<\/th>\n<td>26,3 kg<\/td>\n<\/tr>\n<tr>\n<th>Zul\u00e4ssiges Gesamtgewicht<\/th>\n<td>140 kg<\/td>\n<\/tr>\n<\/tbody>\n<\/table><\/div>\n<\/p><\/div>\n<\/p><\/div>\n","protected":false},"excerpt":{"rendered":"<p>Riese und M\u00fcller Charger Vario Um alle Ihre Fahrten in der Stadt und auf dem Land sicherzustellen, l\u00e4dt Riese &amp; M\u00fcller Sie ein, das Modell Charger GH vario auszuprobieren. Dieses neueste Mitglied der Marke verf\u00fcgt \u00fcber einen leistungsstarken Bosch Drive Unit Performance CX-Motor, der Sie kraftvoll auf eine Geschwindigkeit von 25 km\/h antreiben kann. Die Maschine wird von einem Powertube\u2026<\/p>\n","protected":false},"featured_media":5206,"comment_status":"closed","ping_status":"closed","template":"","meta":[],"product_brand":[],"product_cat":[93,97,100],"product_tag":[],"class_list":{"0":"post-5187","1":"product","2":"type-product","3":"status-publish","4":"has-post-thumbnail","6":"product_cat-e-bike","7":"product_cat-e-bike-trekking","8":"product_cat-e-bike-fahrrad","10":"first","11":"instock","12":"sale","13":"shipping-taxable","14":"purchasable","15":"product-type-variable"},"_links":{"self":[{"href":"https:\/\/fatbike-de.com\/index.php\/wp-json\/wp\/v2\/product\/5187","targetHints":{"allow":["GET"]}}],"collection":[{"href":"https:\/\/fatbike-de.com\/index.php\/wp-json\/wp\/v2\/product"}],"about":[{"href":"https:\/\/fatbike-de.com\/index.php\/wp-json\/wp\/v2\/types\/product"}],"replies":[{"embeddable":true,"href":"https:\/\/fatbike-de.com\/index.php\/wp-json\/wp\/v2\/comments?post=5187"}],"wp:featuredmedia":[{"embeddable":true,"href":"https:\/\/fatbike-de.com\/index.php\/wp-json\/wp\/v2\/media\/5206"}],"wp:attachment":[{"href":"https:\/\/fatbike-de.com\/index.php\/wp-json\/wp\/v2\/media?parent=5187"}],"wp:term":[{"taxonomy":"product_brand","embeddable":true,"href":"https:\/\/fatbike-de.com\/index.php\/wp-json\/wp\/v2\/product_brand?post=5187"},{"taxonomy":"product_cat","embeddable":true,"href":"https:\/\/fatbike-de.com\/index.php\/wp-json\/wp\/v2\/product_cat?post=5187"},{"taxonomy":"product_tag","embeddable":true,"href":"https:\/\/fatbike-de.com\/index.php\/wp-json\/wp\/v2\/product_tag?post=5187"}],"curies":[{"name":"wp","href":"https:\/\/api.w.org\/{rel}","templated":true}]}}