{"id":5342,"date":"2024-02-27T12:19:40","date_gmt":"2024-02-27T11:19:40","guid":{"rendered":"https:\/\/fatbike-de.com\/?post_type=product&#038;p=5342"},"modified":"2024-02-27T12:20:06","modified_gmt":"2024-02-27T11:20:06","slug":"kalkhoff-entice-5-b-advance-abs","status":"publish","type":"product","link":"https:\/\/fatbike-de.com\/index.php\/product\/kalkhoff-entice-5-b-advance-abs\/","title":{"rendered":"Kalkhoff Entice 5.B Advance+ ABS"},"content":{"rendered":"<h2 class=\"product--title\"><strong>Kalkhoff<\/strong>\u00a0Entice 5.B Advance+ ABS<\/h2>\n<p class=\"product--rating-container\">Mit dem Kalkhoff Entice 5.B Advance+ ABS sind deiner Abenteuerlust keine Grenzen gesetzt \u2013 dank des starken Bosch Smart Systems brichst du jeden Tag pers\u00f6nliche Rekorde. Und mit dem innovativen E-Bike ABS kannst du dabei immer die volle Bremskraft einsetzen. Intuitiv und effizient. Von au\u00dfen ist das Bremssystem dezent verarbeitet und formsch\u00f6n integriert \u2013 so f\u00e4llt es nur durch seine Leistung auf.<\/p>\n<hr \/>\n<h3>Features &#8211; Kalkhoff Entice 5.B Advance+ ABS<\/h3>\n<ul>\n<li>Plus Setup &#8211; bis zu 170 kg zul\u00e4ssiges Gesamtgewicht<\/li>\n<li>Starkes Bosch Performance Line CX System<\/li>\n<li>Integrierte 625 Wh Batterie<\/li>\n<li>Solide und robuste Anbauteile<\/li>\n<li>Ergonomische Touchpoints<\/li>\n<li>Verstellbarer Lenkervorbau mit Kabelintegration<\/li>\n<li>Sicheres R\u00fccklicht mit Stoplicht<\/li>\n<\/ul>\n<p><b>Erlebe das neue Plus+ von Kalkhoff<\/b><br \/> PLUS+ steht f\u00fcr noch mehr Belastung und noch mehr Flexibilit\u00e4t. Die Modelle der neuen PLUS+ Serie bieten mit einer Traglast von bis zu 170 kg Gesamtgewicht ein extra hohes Ma\u00df an Fahrkomfort auf jedem Terrain. Auch f\u00fcr das Extra an Sicherheit ist gesorgt. F\u00fcr alle, die ein PLUS+ an Freiheit lieben.<\/p>\n<hr \/>\n<h3>Die Kalkhoff Entice 5 Familie<\/h3>\n<p>N\u00e4chstes Ziel: Australische W\u00fcste! Zugegeben, das h\u00f6rt sich im ersten Moment utopisch an. Wenn du das Entice 5+ allerdings einmal ausprobiert hast, wirst du wissen, was Kalkhoff meint. Ob entspannte Urlaubsradtour in Italien oder wildes E-Bike Abenteuer in den Alpen \u2013 das sportliche Allroad-E-Bike mit SUV-Konzept performt auf asphaltierten Radautobahnen genauso wie auf anspruchsvollen Schotterpfaden und Touren durchs Gel\u00e4nde. Ideal f\u00fcr l\u00e4ngere Strecken und gro\u00dfe Ziele: Das besonders belastbare Set-Up. Das Kalkhoff Entice 5+ nimmt Anh\u00e4nger, Packtaschen und Ausr\u00fcstung bis zu einem zugelassenen Gesamtgewicht von 170 kg mit. Ein E-Bike, das dank der zuverl\u00e4ssigen Batterie mit Smart Charger, den extra-breiten Touring-Reifen und dem leistungsstarken Bosch Smart System auch dann noch f\u00e4hrt, wenn viele andere schon umkehren. Vielleicht sogar bis in die australische W\u00fcste.<\/p>\n<hr \/>\n<h3>MIK HD Adapterplatte<\/h3>\n<p>Familie im Gep\u00e4ck mit nur einem Klick: Die Neue MIK Heavy Duty (HD) Adapterplatte ist f\u00fcr Kindersitze zugelassen. Extrastark. Extrasicher. Extrapraktisch.<\/p>\n<p>Mit dem innovativen Adapter-System lassen sich Kindersitze schnell und unkompliziert auf den Gep\u00e4cktr\u00e4ger einklicken &#8211; und pl\u00f6tzlich ist Platz f\u00fcr Zwei. Morgens in die Kita, kurz zum Markt oder einfach mal raus mit der ganzen Familie, die Kleinsten fahren immer sicher mit. Und wenn du allein das Abenteuer suchst, l\u00e4sst sich der Kindersitz genauso intuitiv gegen Fahrradtasche, Korb oder Kiste tauschen. Schon nimmt dein E-Bike dir die Einkaufst\u00fcten, das Picknick oder die Touring-Ausr\u00fcstung ab \u2013 mit einer Traglast von bis zu 27 Kilogramm. So passt es sich t\u00e4glich deinen Bed\u00fcrfnissen an, familienfreundlich und f\u00fcr jede Herausforderung zu haben.<\/p>\n<table width=\"100%\">\n<tbody>\n<tr>\n<td width=\"300\"><img fetchpriority=\"high\" decoding=\"async\" src=\"https:\/\/cd.bike-discount.de\/media\/image\/b8\/30\/53\/MIK-HD-Adapterplatte.jpg\" alt=\"\" width=\"300\" height=\"193\" data-src=\"media\/image\/MIK-HD-Adapterplatte.jpg\" \/><\/td>\n<td><strong>MIK HD ist deine Transportl\u00f6sung f\u00fcr mehr Flexibilit\u00e4t in allen Lebenslagen<\/strong><\/p>\n<ul>\n<li>Die MIK HD Adapterplatte mit Zweistep-Sicherung wurde speziell f\u00fcr Kindersitze entwickelt und ist bereits in verschiedene Kindersitzmodelle integriert<\/li>\n<li>MIK HD ist ein innovatives Open-Platform-System, deshalb kannst du dein Zubeh\u00f6r aus vielen bekannten Marken w\u00e4hlen \u2013 und in Sekundenschnelle austauschen<\/li>\n<li>Alle heutigen und zuk\u00fcnftigen MIK K\u00f6rbe und Taschen passen immer in die MIK-HD Gep\u00e4ck-tr\u00e4ger und in die normalen MIK-Gep\u00e4cktr\u00e4ger!<\/li>\n<li>MIK-HD Tr\u00e4ger: das sind extra starke Gep\u00e4cktr\u00e4ger, belastbar bis 27 kg (EN 11243)<\/li>\n<\/ul>\n<\/td>\n<\/tr>\n<\/tbody>\n<\/table>\n<hr \/>\n<h3>ABS Technology by BOSCH<\/h3>\n<p><img decoding=\"async\" src=\"https:\/\/cd.bike-discount.de\/media\/image\/34\/21\/90\/bosch_abs_unit.jpg\" width=\"217\" height=\"315\" data-src=\"media\/image\/bosch_abs_unit.jpg\" \/><\/p>\n<p><strong>Bremst dein Bike, nicht deinen Flow<\/strong><br \/> Viele bremsen bisher aus Vorsicht oder Angst nur mit der Hinterradbremse. Das neue Bosch eBike ABS l\u00e4sst dich nun sicherer und selbstsicherer mit beiden Bremsen gleichzeitig bremsen. Es wirkt einem blockierenden oder wegrutschenden Vorderrad entgegen. So bleibst du auch bei spontanen Bremsvorg\u00e4ngen sicher im Sattel \u2013 egal, ob du dich auf festem Asphalt oder rutschigen Schotterwegen befindest. Weil jedes eBike anders ist, gibt es nicht ein ABS f\u00fcr alle, sondern das richtige ABS f\u00fcr deinen eBike-Typ \u2013 so unterst\u00fctzt es deinen Bremsvorgang auf optimale Weise.<\/p>\n<table width=\"100%\">\n<tbody>\n<tr>\n<td width=\"150\"><img decoding=\"async\" src=\"https:\/\/cd.bike-discount.de\/media\/image\/0b\/16\/5a\/bosch_abs_icon.jpg\" alt=\"\" width=\"150\" height=\"110\" data-src=\"media\/image\/bosch_abs_icon.jpg\" \/><\/td>\n<td><strong>Antiblockierfunktion<br \/> <\/strong>Die Antiblockierfunktion am Vorderrad erh\u00f6ht die Fahrstabilit\u00e4t und die Lenkbarkeit in kritischen Bremssituationen und kann somit das Wegrutschen des Vorderrads verhindern. Sensoren messen die Radgeschwindigkeit und regeln den Bremsdruck \u2013 f\u00fcr effizientes Bremsen.<\/td>\n<\/tr>\n<tr>\n<td><img loading=\"lazy\" decoding=\"async\" src=\"https:\/\/cd.bike-discount.de\/media\/image\/0d\/27\/25\/bosch_abs_benefit.jpg\" alt=\"\" width=\"150\" height=\"110\" data-src=\"media\/image\/bosch_abs_benefit.jpg\" \/><\/td>\n<td><strong>Hinterrad-Abheberegelung<br \/> <\/strong>Hinterrad-Abheberegelung kann das Abheben des Hinterrads verhindern und sorgt f\u00fcr eine verminderte \u00dcberschlagsgefahr.<strong><br \/> <\/strong><\/td>\n<\/tr>\n<tr>\n<td><img loading=\"lazy\" decoding=\"async\" src=\"https:\/\/cd.bike-discount.de\/media\/image\/fd\/67\/62\/bosch_abs_imagebild_benefit__282_29.jpg\" alt=\"\" width=\"150\" height=\"100\" data-src=\"media\/image\/bosch_abs_imagebild_benefit__282_29.jpg\" \/><\/td>\n<td><strong>Sorgloser fahren<\/strong><br \/> Das Bosch eBike ABS sorgt f\u00fcr mehr Sicherheit, Stabilit\u00e4t und Komfort beim Bremsen.<\/td>\n<\/tr>\n<tr>\n<td><img loading=\"lazy\" decoding=\"async\" src=\"https:\/\/cd.bike-discount.de\/media\/image\/7d\/2c\/f3\/bosch_abs_imagebild_benefit__281_29.jpg\" width=\"150\" height=\"100\" data-src=\"media\/image\/bosch_abs_imagebild_benefit__281_29.jpg\" \/><\/td>\n<td><strong>Dein eBike-Typ Von eCity bis eMTB<\/strong><br \/> Bosch eBike ABS erm\u00f6glicht optimales Bremsen f\u00fcr jeden eBike-Typ und Untergrund.<\/td>\n<\/tr>\n<tr>\n<td><img loading=\"lazy\" decoding=\"async\" src=\"https:\/\/cd.bike-discount.de\/media\/image\/86\/6b\/60\/bosch_abs_imagebild_benefit__283_29.jpg\" alt=\"\" width=\"150\" height=\"100\" data-src=\"media\/image\/bosch_abs_imagebild_benefit__283_29.jpg\" \/><\/td>\n<td><strong>Unsichtbarer Helfer<\/strong><br \/> Der kleine, unauff\u00e4llige Bremsassistent f\u00fcgt sich formsch\u00f6n in dein eBike- Design ein.<\/td>\n<\/tr>\n<tr>\n<td><img loading=\"lazy\" decoding=\"async\" src=\"https:\/\/cd.bike-discount.de\/media\/image\/4a\/b6\/33\/bosch_abs_imagebild_benefit__284_29.jpg\" alt=\"\" width=\"150\" height=\"100\" data-src=\"media\/image\/bosch_abs_imagebild_benefit__284_29.jpg\" \/><\/td>\n<td><strong>Fundiertes Knowhow<\/strong><br \/> Das Bosch eBike ABS st\u00fctzt sich auf die Technik der Bosch ABSTechnologien f\u00fcr PKWs und Motorr\u00e4der.<\/td>\n<\/tr>\n<\/tbody>\n<\/table>\n<div class=\"tab-menu--product js--tab-menu\">\n<div class=\"tab--container-list\">\n<div class=\"tab--container has--content is--active\">\n<div class=\"tab--content\">\n<div class=\"content--description\">\n<div class=\"product--description\">\n<h2>Ausstattung<\/h2>\n<div class=\"product--properties panel has--border\">\n<table class=\"product--properties-table\">\n<tbody>\n<tr class=\"product--properties-row row1\">\n<td class=\"product--properties-label is--bold\">Rahmen:<\/td>\n<td class=\"product--properties-value\">Integrale 0.6 CX, Aluminium<\/td>\n<\/tr>\n<tr class=\"product--properties-row row2\">\n<td class=\"product--properties-label is--bold\">Rahmenmaterial:<\/td>\n<td class=\"product--properties-value\">Aluminium<\/td>\n<\/tr>\n<tr class=\"product--properties-row row3\">\n<td class=\"product--properties-label is--bold\">Laufradgr\u00f6\u00dfe:<\/td>\n<td class=\"product--properties-value\">29&#8243;<\/td>\n<\/tr>\n<tr class=\"product--properties-row row4\">\n<td class=\"product--properties-label is--bold\">Farbe:<\/td>\n<td class=\"product--properties-value\">moonstonegrey matt<\/td>\n<\/tr>\n<tr class=\"product--properties-row row5\">\n<td class=\"product--properties-label is--bold\">Gabel:<\/td>\n<td class=\"product--properties-value\">Suntour Mobie34 ABS Air, 15 mm thru axle, 100 mm Travel<\/td>\n<\/tr>\n<tr class=\"product--properties-row row6\">\n<td class=\"product--properties-label is--bold\">Federweg:<\/td>\n<td class=\"product--properties-value\">100 mm<\/td>\n<\/tr>\n<tr class=\"product--properties-row row7\">\n<td class=\"product--properties-label is--bold\">Bremsen:<\/td>\n<td class=\"product--properties-value\">Magura MTC ABS, 2-Piston, hydraulic disc brake<\/td>\n<\/tr>\n<tr class=\"product--properties-row row8\">\n<td class=\"product--properties-label is--bold\">Bremsscheiben:<\/td>\n<td class=\"product--properties-value\">180 mm \/ 180 mm<\/td>\n<\/tr>\n<tr class=\"product--properties-row row9\">\n<td class=\"product--properties-label is--bold\">Vorbau:<\/td>\n<td class=\"product--properties-value\">Concept EX, adjustable (M: 80 mm \/ L\/XL\/XXL: 100 mm)<\/td>\n<\/tr>\n<tr class=\"product--properties-row row10\">\n<td class=\"product--properties-label is--bold\">Lenker:<\/td>\n<td class=\"product--properties-value\">Concept EX Riser<\/td>\n<\/tr>\n<tr class=\"product--properties-row row11\">\n<td class=\"product--properties-label is--bold\">Griffe:<\/td>\n<td class=\"product--properties-value\">Ergon GA30<\/td>\n<\/tr>\n<tr class=\"product--properties-row row12\">\n<td class=\"product--properties-label is--bold\">Sattel:<\/td>\n<td class=\"product--properties-value\">Selle Royal Vivo<\/td>\n<\/tr>\n<tr class=\"product--properties-row row13\">\n<td class=\"product--properties-label is--bold\">Sattelst\u00fctze:<\/td>\n<td class=\"product--properties-value\">By Schulz Parallelogramm G.2, suspension<\/td>\n<\/tr>\n<tr class=\"product--properties-row row14\">\n<td class=\"product--properties-label is--bold\">Kurbel:<\/td>\n<td class=\"product--properties-value\">aluminium, 170 mm, 38T<\/td>\n<\/tr>\n<tr class=\"product--properties-row row15\">\n<td class=\"product--properties-label is--bold\">Schaltwerk:<\/td>\n<td class=\"product--properties-value\">Shimano Deore XT M8130, 11-Speed<\/td>\n<\/tr>\n<\/tbody>\n<\/table>\n<table class=\"product--properties-table\">\n<tbody>\n<tr class=\"product--properties-row row16\">\n<td class=\"product--properties-label is--bold\">Schalthebel:<\/td>\n<td class=\"product--properties-value\">Shimano Deore XT<\/td>\n<\/tr>\n<tr class=\"product--properties-row row17\">\n<td class=\"product--properties-label is--bold\">Kassette:<\/td>\n<td class=\"product--properties-value\">Shimano Deore XT, 11-50T<\/td>\n<\/tr>\n<tr class=\"product--properties-row row18\">\n<td class=\"product--properties-label is--bold\">Kette:<\/td>\n<td class=\"product--properties-value\">Shimano CN-LG50<\/td>\n<\/tr>\n<tr class=\"product--properties-row row19\">\n<td class=\"product--properties-label is--bold\">Reifen:<\/td>\n<td class=\"product--properties-value\">Maxxis Rekon Race 57-622<\/td>\n<\/tr>\n<tr class=\"product--properties-row row20\">\n<td class=\"product--properties-label is--bold\">Nabe Vorderrad:<\/td>\n<td class=\"product--properties-value\">Thru axle, 15&#215;100 mm<\/td>\n<\/tr>\n<tr class=\"product--properties-row row21\">\n<td class=\"product--properties-label is--bold\">Nabe Hinterrad:<\/td>\n<td class=\"product--properties-value\">Shimano GRX RS470, 12&#215;142 mm thru axle<\/td>\n<\/tr>\n<tr class=\"product--properties-row row22\">\n<td class=\"product--properties-label is--bold\">Speichen:<\/td>\n<td class=\"product--properties-value\">Niro<\/td>\n<\/tr>\n<tr class=\"product--properties-row row23\">\n<td class=\"product--properties-label is--bold\">Felgen:<\/td>\n<td class=\"product--properties-value\">Rodi Cyclone with eyelets<\/td>\n<\/tr>\n<tr class=\"product--properties-row row24\">\n<td class=\"product--properties-label is--bold\">Display:<\/td>\n<td class=\"product--properties-value\">Bosch Kiox 300 colour display with walk assist<\/td>\n<\/tr>\n<tr class=\"product--properties-row row25\">\n<td class=\"product--properties-label is--bold\">Akku:<\/td>\n<td class=\"product--properties-value\">Bosch PowerTube 625 Wh<\/td>\n<\/tr>\n<tr class=\"product--properties-row row26\">\n<td class=\"product--properties-label is--bold\">Ladeger\u00e4t:<\/td>\n<td class=\"product--properties-value\">Bosch, 4A<\/td>\n<\/tr>\n<tr class=\"product--properties-row row27\">\n<td class=\"product--properties-label is--bold\">Motor:<\/td>\n<td class=\"product--properties-value\">Bosch Performance Line CX Smart System, 36 V \/ 250 W \/ 85 Nm<\/td>\n<\/tr>\n<tr class=\"product--properties-row row28\">\n<td class=\"product--properties-label is--bold\">Scheinwerfer:<\/td>\n<td class=\"product--properties-value\">Litemove LED, 110 LUX<\/td>\n<\/tr>\n<tr class=\"product--properties-row row29\">\n<td class=\"product--properties-label is--bold\">R\u00fccklicht:<\/td>\n<td class=\"product--properties-value\">Trelock COB Line, LED<\/td>\n<\/tr>\n<tr class=\"product--properties-row row30\">\n<td class=\"product--properties-label is--bold\">Gep\u00e4cktr\u00e4ger:<\/td>\n<td class=\"product--properties-value\">MIK HD Rear Carrier<\/td>\n<\/tr>\n<tr class=\"product--properties-row row31\">\n<td class=\"product--properties-label is--bold\">Pedale:<\/td>\n<td class=\"product--properties-value\">MTB Flat, aluminium, with reflector<\/td>\n<\/tr>\n<tr class=\"product--properties-row row32\">\n<td class=\"product--properties-label is--bold\">Sonstiges:<\/td>\n<td class=\"product--properties-value\">Schutzblech, St\u00e4nder<\/td>\n<\/tr>\n<tr class=\"product--properties-row row33\">\n<td class=\"product--properties-label is--bold\">Zul\u00e4ssiges Gesamtgewicht:<\/td>\n<td class=\"product--properties-value\">170 kg (K\u00f6rpergewicht + Fahrrad + Ausr\u00fcstung)<\/td>\n<\/tr>\n<\/tbody>\n<\/table><\/div>\n<\/p><\/div>\n<\/p><\/div>\n<\/p><\/div>\n<\/p><\/div>\n<\/p><\/div>\n<\/p><\/div>\n","protected":false},"excerpt":{"rendered":"<div class=\"tab-menu--product js--tab-menu\">\n<div class=\"tab--container-list\">\n<div class=\"tab--container description has--content is--active\">\n<div class=\"tab--content box-description\">\n<div class=\"content--description\">\n<div class=\"ean-box\"><label>Modelljahr: <span style=\"font-size: 16px\">2023<\/span><\/label><\/div>\n<\/p><\/div>\n<\/p><\/div>\n<\/p><\/div>\n<\/p><\/div>\n<\/p><\/div>\n<p><a class=\"rating-link-info--box\" name=\"product--publish-comment\"><\/a><\/p>\n<div id=\"detail--product-reviews\" class=\"content--product-reviews 123\"><\/div>\n","protected":false},"featured_media":5366,"comment_status":"closed","ping_status":"closed","template":"","meta":[],"product_brand":[],"product_cat":[93,97,100,98],"product_tag":[],"class_list":{"0":"post-5342","1":"product","2":"type-product","3":"status-publish","4":"has-post-thumbnail","6":"product_cat-e-bike","7":"product_cat-e-bike-trekking","8":"product_cat-e-bike-fahrrad","9":"product_cat-e-bikes-2023","11":"first","12":"instock","13":"sale","14":"shipping-taxable","15":"purchasable","16":"product-type-variable"},"_links":{"self":[{"href":"https:\/\/fatbike-de.com\/index.php\/wp-json\/wp\/v2\/product\/5342","targetHints":{"allow":["GET"]}}],"collection":[{"href":"https:\/\/fatbike-de.com\/index.php\/wp-json\/wp\/v2\/product"}],"about":[{"href":"https:\/\/fatbike-de.com\/index.php\/wp-json\/wp\/v2\/types\/product"}],"replies":[{"embeddable":true,"href":"https:\/\/fatbike-de.com\/index.php\/wp-json\/wp\/v2\/comments?post=5342"}],"wp:featuredmedia":[{"embeddable":true,"href":"https:\/\/fatbike-de.com\/index.php\/wp-json\/wp\/v2\/media\/5366"}],"wp:attachment":[{"href":"https:\/\/fatbike-de.com\/index.php\/wp-json\/wp\/v2\/media?parent=5342"}],"wp:term":[{"taxonomy":"product_brand","embeddable":true,"href":"https:\/\/fatbike-de.com\/index.php\/wp-json\/wp\/v2\/product_brand?post=5342"},{"taxonomy":"product_cat","embeddable":true,"href":"https:\/\/fatbike-de.com\/index.php\/wp-json\/wp\/v2\/product_cat?post=5342"},{"taxonomy":"product_tag","embeddable":true,"href":"https:\/\/fatbike-de.com\/index.php\/wp-json\/wp\/v2\/product_tag?post=5342"}],"curies":[{"name":"wp","href":"https:\/\/api.w.org\/{rel}","templated":true}]}}