{"id":5377,"date":"2024-02-27T12:20:08","date_gmt":"2024-02-27T11:20:08","guid":{"rendered":"https:\/\/fatbike-de.com\/?post_type=product&#038;p=5377"},"modified":"2024-02-27T12:21:00","modified_gmt":"2024-02-27T11:21:00","slug":"kalkhoff-endeavour-5-b-move-wave","status":"publish","type":"product","link":"https:\/\/fatbike-de.com\/index.php\/product\/kalkhoff-endeavour-5-b-move-wave\/","title":{"rendered":"Kalkhoff Endeavour 5.B Move+ Wave"},"content":{"rendered":"<div class=\"product--headername\">\n<h2 class=\"product--title\"><strong>Kalkhoff<\/strong>\u00a0Endeavour 5.B Move+ Wave<\/h2>\n<p class=\"product--rating-container\">Egal, wohin dich deine Touren mit dem Kalkhoff Endeavour 5.8 Move+ f\u00fchren: Mit dem kraftvollen Bosch Performance Line CX Antrieb und 625 Wh Akku, den breiten Touring-Reifen und der leuchtstarken Lichtanlage bist du jederzeit perfekt ausger\u00fcstet. So meistert du die t\u00e4glichen Herausforderungen im Sattel auf dem gleichen hohen Niveau wie deine Wochenendausfl\u00fcge \u2013 und das Endeavour wird damit zu deinem Auto-Ersatz. Praktisch: Mit der Zulassung bis 170 kg Gesamtgewicht ist das Multitalent auch f\u00fcr gro\u00dfe Aufgaben bereit.<\/p>\n<hr \/>\n<h3>Features &#8211; Kalkhoff Endeavour 5.B Move+<\/h3>\n<ul>\n<li>Starke Bosch Motoren<\/li>\n<li>Integrierte 625 Wh Batterie<\/li>\n<li>Solide und robuste Anbauteile<\/li>\n<li>Ergonomische Touchpoints<\/li>\n<li>Verstellbarer Lenkervorbau mit Kabel integration<\/li>\n<\/ul>\n<p><b>Erlebe das neue Plus+ von Kalkhoff<\/b><br \/> PLUS+ steht f\u00fcr noch mehr Belastung und noch mehr Flexibilit\u00e4t. Die Modelle der neuen PLUS+ Serie bieten mit einer Traglast von bis zu 170 kg Gesamtgewicht ein extra hohes Ma\u00df an Fahrkomfort auf jedem Terrain. Auch f\u00fcr das Extra an Sicherheit ist gesorgt. F\u00fcr alle, die ein PLUS+ an Freiheit lieben.<\/p>\n<hr \/>\n<h3>Die Kalkhoff Endeavour 5+ Familie<\/h3>\n<p>Wenn sich deine Nachbarn pl\u00f6tzlich nicht mehr deinen Rasenm\u00e4her, sondern dein E-Bike ausleihen wollen &#8211; dann wei\u00dft du, dass du die richtige Entscheidung getroffen hast. Beim Endeavour 5 k\u00f6nnte dir genau das passieren. Dieses Trekking E-Bike ist ein Multitalent, das dich \u00fcberall hinbringt. Ins B\u00fcro, in den Supermarkt, an den Badesee \u2014ja, sogar auf eine Mehrtagestour entlang ganzer Fl\u00fcsse. Und dank des starken Plus-Konzepts mit einer zugelassenen Traglast von bis zu 170 kg kannst du obendrauf noch jede Menge mitnehmen. Dabei macht es keinen Unterschied, ob du Sch\u00f6nwetterfahrer oder Ganzjahrespendler bist: Formsch\u00f6n, voll integriert und top ausgestattet wird mit diesem Onroad-Pedelec mit Offroad-Touch jeder Kilometer zum Genuss \u2014 und das in s\u00e4mtlichen Lebenslagen. Daf\u00fcr sorgen nicht zuletzt zahlreiche durchdachte Ausstattungspakete, schicke Designvarianten und das Qualit\u00e4tsversprechen \u201eMade in Germany. Kurzum: Das Endeavour 5 ein Talent f\u00fcr s\u00e4mtliche Herausforderungen. Deine Nachbarn werden neidisch sein.<\/p>\n<h2>Ausstattung<\/h2>\n<div class=\"product--properties panel has--border\">\n<table class=\"product--properties-table\">\n<tbody>\n<tr class=\"product--properties-row row1\">\n<td class=\"product--properties-label is--bold\">Rahmen:<\/td>\n<td class=\"product--properties-value\">Integrale 0.6, Aluminium<\/td>\n<\/tr>\n<tr class=\"product--properties-row row2\">\n<td class=\"product--properties-label is--bold\">Rahmenmaterial:<\/td>\n<td class=\"product--properties-value\">Aluminium<\/td>\n<\/tr>\n<tr class=\"product--properties-row row3\">\n<td class=\"product--properties-label is--bold\">Laufradgr\u00f6\u00dfe:<\/td>\n<td class=\"product--properties-value\">29&#8243;<\/td>\n<\/tr>\n<tr class=\"product--properties-row row4\">\n<td class=\"product--properties-label is--bold\">Farbe:<\/td>\n<td class=\"product--properties-value\">racingred\/magicblack matt<\/td>\n<\/tr>\n<tr class=\"product--properties-row row5\">\n<td class=\"product--properties-label is--bold\">Gabel:<\/td>\n<td class=\"product--properties-value\">Suntour Mobie25 Air, lockout, 15 mm thru axle<\/td>\n<\/tr>\n<tr class=\"product--properties-row row6\">\n<td class=\"product--properties-label is--bold\">Federweg:<\/td>\n<td class=\"product--properties-value\">75 mm<\/td>\n<\/tr>\n<tr class=\"product--properties-row row7\">\n<td class=\"product--properties-label is--bold\">Bremsen:<\/td>\n<td class=\"product--properties-value\">Tektro M530, 4-Piston\/2-Piston, hydraulic disc brake, 180 mm \/ 180 mm<\/td>\n<\/tr>\n<tr class=\"product--properties-row row8\">\n<td class=\"product--properties-label is--bold\">Vorbau:<\/td>\n<td class=\"product--properties-value\">Concept EX, adjustable<\/td>\n<\/tr>\n<tr class=\"product--properties-row row9\">\n<td class=\"product--properties-label is--bold\">Lenker:<\/td>\n<td class=\"product--properties-value\">Concept EX Riser<\/td>\n<\/tr>\n<tr class=\"product--properties-row row10\">\n<td class=\"product--properties-label is--bold\">Griffe:<\/td>\n<td class=\"product--properties-value\">Ergon GA30<\/td>\n<\/tr>\n<tr class=\"product--properties-row row11\">\n<td class=\"product--properties-label is--bold\">Sattel:<\/td>\n<td class=\"product--properties-value\">Selle Royal Essenza Plus<\/td>\n<\/tr>\n<tr class=\"product--properties-row row12\">\n<td class=\"product--properties-label is--bold\">Sattelst\u00fctze:<\/td>\n<td class=\"product--properties-value\">Aluminium, 31,6mm<\/td>\n<\/tr>\n<tr class=\"product--properties-row row13\">\n<td class=\"product--properties-label is--bold\">Kurbel:<\/td>\n<td class=\"product--properties-value\">aluminium, 170 mm, 38T<\/td>\n<\/tr>\n<tr class=\"product--properties-row row14\">\n<td class=\"product--properties-label is--bold\">Schaltwerk:<\/td>\n<td class=\"product--properties-value\">Shimano Deore M5130<\/td>\n<\/tr>\n<tr class=\"product--properties-row row15\">\n<td class=\"product--properties-label is--bold\">Schalthebel:<\/td>\n<td class=\"product--properties-value\">Shimano Deore<\/td>\n<\/tr>\n<\/tbody>\n<\/table>\n<table class=\"product--properties-table\" style=\"height: 483px\" width=\"636\">\n<tbody>\n<tr class=\"product--properties-row row16\">\n<td class=\"product--properties-label is--bold\">Kassette:<\/td>\n<td class=\"product--properties-value\">Shimano Deore, 11-43T<\/td>\n<\/tr>\n<tr class=\"product--properties-row row17\">\n<td class=\"product--properties-label is--bold\">Kette:<\/td>\n<td class=\"product--properties-value\">Shimano CN-LG50<\/td>\n<\/tr>\n<tr class=\"product--properties-row row18\">\n<td class=\"product--properties-label is--bold\">Reifen:<\/td>\n<td class=\"product--properties-value\">Schwalbe Marathon Almotion Performance, 55-622<\/td>\n<\/tr>\n<tr class=\"product--properties-row row19\">\n<td class=\"product--properties-label is--bold\">Nabe Vorderrad:<\/td>\n<td class=\"product--properties-value\">Shimano Alivio MT400, 15&#215;100 mm with QR<\/td>\n<\/tr>\n<tr class=\"product--properties-row row20\">\n<td class=\"product--properties-label is--bold\">Nabe Hinterrad:<\/td>\n<td class=\"product--properties-value\">Shimano Alivio MT400, 12&#215;142 mm thru axle<\/td>\n<\/tr>\n<tr class=\"product--properties-row row21\">\n<td class=\"product--properties-label is--bold\">Speichen:<\/td>\n<td class=\"product--properties-value\">Niro<\/td>\n<\/tr>\n<tr class=\"product--properties-row row22\">\n<td class=\"product--properties-label is--bold\">Felgen:<\/td>\n<td class=\"product--properties-value\">Road Airline Plus, with eyelets<\/td>\n<\/tr>\n<tr class=\"product--properties-row row23\">\n<td class=\"product--properties-label is--bold\">Display:<\/td>\n<td class=\"product--properties-value\">Bosch Intuvia LCD, with control panel and walk assist<\/td>\n<\/tr>\n<tr class=\"product--properties-row row24\">\n<td class=\"product--properties-label is--bold\">Akku:<\/td>\n<td class=\"product--properties-value\">Bosch PowerTube 625 Wh<\/td>\n<\/tr>\n<tr class=\"product--properties-row row25\">\n<td class=\"product--properties-label is--bold\">Ladeger\u00e4t:<\/td>\n<td class=\"product--properties-value\">Bosch, 2A<\/td>\n<\/tr>\n<tr class=\"product--properties-row row26\">\n<td class=\"product--properties-label is--bold\">Motor:<\/td>\n<td class=\"product--properties-value\">Bosch Performance Line CX, 36 V \/ 250 W \/ 85 Nm<\/td>\n<\/tr>\n<tr class=\"product--properties-row row27\">\n<td class=\"product--properties-label is--bold\">Scheinwerfer:<\/td>\n<td class=\"product--properties-value\">Herrmans H-Black MR8, LED<\/td>\n<\/tr>\n<tr class=\"product--properties-row row28\">\n<td class=\"product--properties-label is--bold\">R\u00fccklicht:<\/td>\n<td class=\"product--properties-value\">Trelock COB Line, LED<\/td>\n<\/tr>\n<tr class=\"product--properties-row row29\">\n<td class=\"product--properties-label is--bold\">Gep\u00e4cktr\u00e4ger:<\/td>\n<td class=\"product--properties-value\">Aluminium with Snap-IT System<\/td>\n<\/tr>\n<tr class=\"product--properties-row row30\">\n<td class=\"product--properties-label is--bold\">Pedale:<\/td>\n<td class=\"product--properties-value\">Comfort, with anti slip protection and reflector<\/td>\n<\/tr>\n<tr class=\"product--properties-row row31\">\n<td class=\"product--properties-label is--bold\">Sonstiges:<\/td>\n<td class=\"product--properties-value\">Schutzblech, St\u00e4nder<\/td>\n<\/tr>\n<tr class=\"product--properties-row row32\">\n<td class=\"product--properties-label is--bold\">Zul\u00e4ssiges Gesamtgewicht:<\/td>\n<td class=\"product--properties-value\">170 kg (K\u00f6rpergewicht + Fahrrad + Ausr\u00fcstung)<\/td>\n<\/tr>\n<\/tbody>\n<\/table><\/div>\n<\/p><\/div>\n","protected":false},"excerpt":{"rendered":"<p>Kalkhoff\u00a0Endeavour 5.B Move+ Wave Egal, wohin dich deine Touren mit dem Kalkhoff Endeavour 5.8 Move+ f\u00fchren: Mit dem kraftvollen Bosch Performance Line CX Antrieb und 625 Wh Akku, den breiten Touring-Reifen und der leuchtstarken Lichtanlage bist du jederzeit perfekt ausger\u00fcstet. So meistert du die t\u00e4glichen Herausforderungen im Sattel auf dem gleichen hohen Niveau wie deine Wochenendausfl\u00fcge \u2013 und das Endeavour\u2026<\/p>\n","protected":false},"featured_media":5402,"comment_status":"closed","ping_status":"closed","template":"","meta":[],"product_brand":[],"product_cat":[93,97,100,102],"product_tag":[],"class_list":{"0":"post-5377","1":"product","2":"type-product","3":"status-publish","4":"has-post-thumbnail","6":"product_cat-e-bike","7":"product_cat-e-bike-trekking","8":"product_cat-e-bike-fahrrad","9":"product_cat-e-bikes-2022","11":"first","12":"instock","13":"sale","14":"shipping-taxable","15":"purchasable","16":"product-type-variable"},"_links":{"self":[{"href":"https:\/\/fatbike-de.com\/index.php\/wp-json\/wp\/v2\/product\/5377","targetHints":{"allow":["GET"]}}],"collection":[{"href":"https:\/\/fatbike-de.com\/index.php\/wp-json\/wp\/v2\/product"}],"about":[{"href":"https:\/\/fatbike-de.com\/index.php\/wp-json\/wp\/v2\/types\/product"}],"replies":[{"embeddable":true,"href":"https:\/\/fatbike-de.com\/index.php\/wp-json\/wp\/v2\/comments?post=5377"}],"wp:featuredmedia":[{"embeddable":true,"href":"https:\/\/fatbike-de.com\/index.php\/wp-json\/wp\/v2\/media\/5402"}],"wp:attachment":[{"href":"https:\/\/fatbike-de.com\/index.php\/wp-json\/wp\/v2\/media?parent=5377"}],"wp:term":[{"taxonomy":"product_brand","embeddable":true,"href":"https:\/\/fatbike-de.com\/index.php\/wp-json\/wp\/v2\/product_brand?post=5377"},{"taxonomy":"product_cat","embeddable":true,"href":"https:\/\/fatbike-de.com\/index.php\/wp-json\/wp\/v2\/product_cat?post=5377"},{"taxonomy":"product_tag","embeddable":true,"href":"https:\/\/fatbike-de.com\/index.php\/wp-json\/wp\/v2\/product_tag?post=5377"}],"curies":[{"name":"wp","href":"https:\/\/api.w.org\/{rel}","templated":true}]}}