{"id":5831,"date":"2024-02-27T12:47:34","date_gmt":"2024-02-27T11:47:34","guid":{"rendered":"https:\/\/fatbike-de.com\/?post_type=product&#038;p=5831"},"modified":"2024-02-27T12:48:20","modified_gmt":"2024-02-27T11:48:20","slug":"radon-scart-light-10-0","status":"publish","type":"product","link":"https:\/\/fatbike-de.com\/index.php\/product\/radon-scart-light-10-0\/","title":{"rendered":"Radon Scart Light 10.0"},"content":{"rendered":"<h2 class=\"content--title\"><strong>Radon<\/strong>\u00a0Scart Light 10.0<\/h2>\n<p class=\"product--description\">Das Topmodell Radon SCART LIGHT 10.0 pr\u00e4sentiert sich mit edlem Design und feinster Ausstattung.<\/p>\n<hr \/>\n<h3>Die Highlights des Scart Light 10.0<\/h3>\n<p>Die ausgezeichnete RockShox Paragon Gold an der Front geh\u00f6rt zu den besten Cross-Luftfedergabeln und atmet Unebenheiten und Schl\u00e4ge einfach so weg. Mit Shimano XT Komponenten macht man immer alles richtig, deshalb haben wir dem Rad gleich den kompletten Antrieb mit Kurbel, Umwerfer und Schaltwerk plus hydraulische XT BR-M8100 Bremse spendiert. Auf diese Gruppe kann man sich sowohl beim Beschleunigen als auch beim Abbremsen immer verlassen. Zusammen mit dem sportlichen Selle Italia X3 Sattel und den leicht rollenden Schwalbe G-One Pneus wird jede Ausfahrt zu einem sorgenfreien Genuss.<\/p>\n<hr \/>\n<h3>Die Scart Light Familie<\/h3>\n<p>Beim SCART LIGHT stimmt nicht nur die Optik. Der hydrogeformte Aluminiumrahmen mit interner Zugverlegung ist nat\u00fcrlich ein Hingucker, aber ohne die passenden Komponenten und das laufruhige Fahrverhalten w\u00e4re unser High-End Crossbike nicht mehrfach ausgezeichnet worden. Das Rad rollt auf 28 Zoll Profilreifnen und verf\u00fcgt \u00fcber eine Luftfedergabel und hydraulische Scheibenbremsen und garantiert damit auch abseits asphaltierter Stra\u00dfen jede Menge Spa\u00df &#8211; auch in der Lady-Variante mit wundersch\u00f6nem Trapezrahmen.<\/p>\n<h2>Ausstattung<\/h2>\n<div class=\"product--properties panel has--border\">\n<table class=\"product--properties-table\">\n<tbody>\n<tr class=\"product--properties-row row1\">\n<td class=\"product--properties-label is--bold\">Rahmen:<\/td>\n<td class=\"product--properties-value\">SCART LIGHT<\/td>\n<\/tr>\n<tr class=\"product--properties-row row2\">\n<td class=\"product--properties-label is--bold\">Rahmenmaterial:<\/td>\n<td class=\"product--properties-value\">Aluminium<\/td>\n<\/tr>\n<tr class=\"product--properties-row row3\">\n<td class=\"product--properties-label is--bold\">Laufradgr\u00f6\u00dfe:<\/td>\n<td class=\"product--properties-value\">28&#8243;<\/td>\n<\/tr>\n<tr class=\"product--properties-row row4\">\n<td class=\"product--properties-label is--bold\">Farbe:<\/td>\n<td class=\"product--properties-value\">deepblack \/ brilliantcoal<\/td>\n<\/tr>\n<tr class=\"product--properties-row row5\">\n<td class=\"product--properties-label is--bold\">Gabel:<\/td>\n<td class=\"product--properties-value\">Rock Shox Paragon Gold, Air<\/td>\n<\/tr>\n<tr class=\"product--properties-row row6\">\n<td class=\"product--properties-label is--bold\">Federweg:<\/td>\n<td class=\"product--properties-value\">65mm<\/td>\n<\/tr>\n<tr class=\"product--properties-row row7\">\n<td class=\"product--properties-label is--bold\">Bremsen:<\/td>\n<td class=\"product--properties-value\">Shimano XT BR-M8100<\/td>\n<\/tr>\n<tr class=\"product--properties-row row8\">\n<td class=\"product--properties-label is--bold\">Bremsscheiben:<\/td>\n<td class=\"product--properties-value\">Shimano SM-RT56, 180\/160mm, 6-bolt<\/td>\n<\/tr>\n<tr class=\"product--properties-row row9\">\n<td class=\"product--properties-label is--bold\">Steuersatz:<\/td>\n<td class=\"product--properties-value\">VP, ZS44\/IS52<\/td>\n<\/tr>\n<tr class=\"product--properties-row row10\">\n<td class=\"product--properties-label is--bold\">Vorbau:<\/td>\n<td class=\"product--properties-value\">LEVELNINE Race, \u00d831.8mm (48cm: 75mm, 52cm: 90mm, 56cm: 90mm, 60cm: 100mm, 64cm: 100mm)<\/td>\n<\/tr>\n<tr class=\"product--properties-row row11\">\n<td class=\"product--properties-label is--bold\">Lenker:<\/td>\n<td class=\"product--properties-value\">RADON Comfort Trail Bar, 31.8 x 660mm<\/td>\n<\/tr>\n<tr class=\"product--properties-row row12\">\n<td class=\"product--properties-label is--bold\">Griffe:<\/td>\n<td class=\"product--properties-value\">Ergon GA30<\/td>\n<\/tr>\n<tr class=\"product--properties-row row13\">\n<td class=\"product--properties-label is--bold\">Sattel:<\/td>\n<td class=\"product--properties-value\">Selle Italia X3<\/td>\n<\/tr>\n<tr class=\"product--properties-row row14\">\n<td class=\"product--properties-label is--bold\">Sattelst\u00fctze:<\/td>\n<td class=\"product--properties-value\">LEVELNINE Race, 27.2 x 350mm<\/td>\n<\/tr>\n<tr class=\"product--properties-row row15\">\n<td class=\"product--properties-label is--bold\">Kurbel:<\/td>\n<td class=\"product--properties-value\">Shimano XT FC-T8000, 48x36x26T, 175mm<\/td>\n<\/tr>\n<\/tbody>\n<\/table>\n<table class=\"product--properties-table\">\n<tbody>\n<tr class=\"product--properties-row row16\">\n<td class=\"product--properties-label is--bold\">Tretlager\/Innenlager:<\/td>\n<td class=\"product--properties-value\">Shimano SM-BB52<\/td>\n<\/tr>\n<tr class=\"product--properties-row row17\">\n<td class=\"product--properties-label is--bold\">Schaltwerk:<\/td>\n<td class=\"product--properties-value\">Shimano XT RD-T8000-SGS, 10-speed<\/td>\n<\/tr>\n<tr class=\"product--properties-row row18\">\n<td class=\"product--properties-label is--bold\">Schalthebel:<\/td>\n<td class=\"product--properties-value\">Shimano XT SL-T8000, 3&#215;10<\/td>\n<\/tr>\n<tr class=\"product--properties-row row19\">\n<td class=\"product--properties-label is--bold\">Umwerfer:<\/td>\n<td class=\"product--properties-value\">Shimano XT FD-T8000, 31.8mm, topswing, clamp-on<\/td>\n<\/tr>\n<tr class=\"product--properties-row row20\">\n<td class=\"product--properties-label is--bold\">Kassette:<\/td>\n<td class=\"product--properties-value\">Shimano CS-HG500, 11-34<\/td>\n<\/tr>\n<tr class=\"product--properties-row row21\">\n<td class=\"product--properties-label is--bold\">Kette:<\/td>\n<td class=\"product--properties-value\">Shimano Deore CN-HG54<\/td>\n<\/tr>\n<tr class=\"product--properties-row row22\">\n<td class=\"product--properties-label is--bold\">Reifen:<\/td>\n<td class=\"product--properties-value\">Schwalbe G-One Allround, Performance-Line, Kevlar, 28&#8243; x 40mm<\/td>\n<\/tr>\n<tr class=\"product--properties-row row23\">\n<td class=\"product--properties-label is--bold\">Laufradsatz:<\/td>\n<td class=\"product--properties-value\">DT Swiss X1900, 22.5mm, 100\/135mm<\/td>\n<\/tr>\n<tr class=\"product--properties-row row24\">\n<td class=\"product--properties-label is--bold\">Pedale:<\/td>\n<td class=\"product--properties-value\">nicht im Lieferumfang enthalten<\/td>\n<\/tr>\n<tr class=\"product--properties-row row25\">\n<td class=\"product--properties-label is--bold\">Zul\u00e4ssiges Gesamtgewicht:<\/td>\n<td class=\"product--properties-value\">115 kg (K\u00f6rpergewicht + Fahrrad + Ausr\u00fcstung)<\/td>\n<\/tr>\n<tr class=\"product--properties-row row26\">\n<td class=\"product--properties-label is--bold\">Gewicht Komplettrad:<\/td>\n<td class=\"product--properties-value\">ab 11,05 kg<\/td>\n<\/tr>\n<\/tbody>\n<\/table><\/div>\n<hr \/>\n<p><img fetchpriority=\"high\" decoding=\"async\" title=\"BikeSize Scart Light\" src=\"https:\/\/cd.bike-discount.de\/media\/image\/95\/ea\/dd\/bikesize_scartlight.jpg\" alt=\"\" width=\"640\" height=\"488\" data-mid=\"662378\" data-src=\"media\/image\/bikesize_scartlight.jpg\" \/><\/p>\n<hr \/>\n<p><a href=\"https:\/\/www.radon-bikes.de\/trekking-cross\/cross\/scart-light\/scart-light-100-2022\/\" target=\"_blank\" rel=\"noopener\"><img decoding=\"async\" title=\"Mehr Informationen\" src=\"https:\/\/cd.bike-discount.de\/media\/image\/6d\/27\/22\/radon_de.png\" alt=\"Mehr Informationen\" width=\"640\" height=\"100\" data-src=\"media\/image\/radon_de.png\" \/><\/a><\/p>\n","protected":false},"excerpt":{"rendered":"<p><label>EAN:<\/label>\u00a0<span class=\"netz-ean\">4054571381460<\/span><br \/> <label>Modelljahr:<\/label>\u00a02022<\/p>\n","protected":false},"featured_media":5862,"comment_status":"closed","ping_status":"closed","template":"","meta":[],"product_brand":[],"product_cat":[110,95],"product_tag":[],"class_list":{"0":"post-5831","1":"product","2":"type-product","3":"status-publish","4":"has-post-thumbnail","6":"product_cat-cross-fitnessbike","7":"product_cat-fahrrad","9":"first","10":"instock","11":"sale","12":"shipping-taxable","13":"purchasable","14":"product-type-variable"},"_links":{"self":[{"href":"https:\/\/fatbike-de.com\/index.php\/wp-json\/wp\/v2\/product\/5831","targetHints":{"allow":["GET"]}}],"collection":[{"href":"https:\/\/fatbike-de.com\/index.php\/wp-json\/wp\/v2\/product"}],"about":[{"href":"https:\/\/fatbike-de.com\/index.php\/wp-json\/wp\/v2\/types\/product"}],"replies":[{"embeddable":true,"href":"https:\/\/fatbike-de.com\/index.php\/wp-json\/wp\/v2\/comments?post=5831"}],"wp:featuredmedia":[{"embeddable":true,"href":"https:\/\/fatbike-de.com\/index.php\/wp-json\/wp\/v2\/media\/5862"}],"wp:attachment":[{"href":"https:\/\/fatbike-de.com\/index.php\/wp-json\/wp\/v2\/media?parent=5831"}],"wp:term":[{"taxonomy":"product_brand","embeddable":true,"href":"https:\/\/fatbike-de.com\/index.php\/wp-json\/wp\/v2\/product_brand?post=5831"},{"taxonomy":"product_cat","embeddable":true,"href":"https:\/\/fatbike-de.com\/index.php\/wp-json\/wp\/v2\/product_cat?post=5831"},{"taxonomy":"product_tag","embeddable":true,"href":"https:\/\/fatbike-de.com\/index.php\/wp-json\/wp\/v2\/product_tag?post=5831"}],"curies":[{"name":"wp","href":"https:\/\/api.w.org\/{rel}","templated":true}]}}