{"id":6591,"date":"2024-02-27T13:17:08","date_gmt":"2024-02-27T12:17:08","guid":{"rendered":"https:\/\/fatbike-de.com\/?post_type=product&#038;p=6591"},"modified":"2024-02-27T13:17:41","modified_gmt":"2024-02-27T12:17:41","slug":"ibera-ib-st9-doppel-fahrradhalter","status":"publish","type":"product","link":"https:\/\/fatbike-de.com\/index.php\/product\/ibera-ib-st9-doppel-fahrradhalter\/","title":{"rendered":"IBERA IB-ST9 Doppel-Fahrradhalter"},"content":{"rendered":"<h2 class=\"product--title\"><strong>IBERA<\/strong>\u00a0IB-ST9 Doppel-Fahrradhalter<\/h2>\n<p>Sehr&#8220; IBERA IB-ST9&#8243; Doppel mit einer Belastbarkeit von bis zu 36 kg zur <a href=\"http:\/\/1-1\">Aufbewahrung<\/a> von 2 Fahrr\u00e4dern.<\/p>\n<hr \/>\n<h3>Features<\/h3>\n<ul>\n<li>F\u00fcr Lagerung und Wartung<\/li>\n<li>Geeignet f\u00fcr die meisten g\u00e4ngigen Fahrradrahmen<\/li>\n<li>Die L\u00e4nge des Aufh\u00e4ngers ist verstellbar, um schmale oder breite Lenker zu montieren<\/li>\n<li>Die Rahmenhalterungen sind in der Position verstellbar, um die R\u00e4der waagerecht zu halten<\/li>\n<li>Gepolsterte Rahmenhalterungen verhindern das Verkratzen des Fahrrads<\/li>\n<li>Helme oder andere Fahrradausr\u00fcstung k\u00f6nnen an Aufh\u00e4ngeb\u00fcgeln aufgeh\u00e4ngt werden<\/li>\n<\/ul>\n<h3>Produkteigenschaften<\/h3>\n<ul>\n<li><strong>Material<\/strong>: Aluminium\/Stahl<\/li>\n<li><strong>Maximallast<\/strong>: 36kg (18kg pro Rad)<\/li>\n<li><strong>Max. Oberrohrdurchmesser:<\/strong>\u00a050mm<\/li>\n<li><strong>Gr\u00f6\u00dfe<\/strong>: 210 x 83 x 72cm<\/li>\n<\/ul>\n<h3>Farbe<\/h3>\n<ul>\n<li>schwarz<\/li>\n<\/ul>\n<h3>Gewicht<\/h3>\n<ul>\n<li>6500g (Herstellerangabe)<\/li>\n<\/ul>\n<hr \/>\n<h3>Lieferumfang<\/h3>\n<ul>\n<li>1 x Doppel-Fahrradhalter<\/li>\n<\/ul>\n","protected":false},"excerpt":{"rendered":"<p>IBERA\u00a0IB-ST9 Doppel-Fahrradhalter Sehr&#8220; IBERA IB-ST9&#8243; Doppel mit einer Belastbarkeit von bis zu 36 kg zur Aufbewahrung von 2 Fahrr\u00e4dern. Features F\u00fcr Lagerung und Wartung Geeignet f\u00fcr die meisten g\u00e4ngigen Fahrradrahmen Die L\u00e4nge des Aufh\u00e4ngers ist verstellbar, um schmale oder breite Lenker zu montieren Die Rahmenhalterungen sind in der Position verstellbar, um die R\u00e4der waagerecht zu halten Gepolsterte Rahmenhalterungen verhindern das\u2026<\/p>\n","protected":false},"featured_media":6638,"comment_status":"closed","ping_status":"closed","template":"","meta":[],"product_brand":[],"product_cat":[112,113],"product_tag":[],"class_list":{"0":"post-6591","1":"product","2":"type-product","3":"status-publish","4":"has-post-thumbnail","6":"product_cat-aufbewahrung","7":"product_cat-zubehor","9":"first","10":"instock","11":"sale","12":"shipping-taxable","13":"purchasable","14":"product-type-simple"},"_links":{"self":[{"href":"https:\/\/fatbike-de.com\/index.php\/wp-json\/wp\/v2\/product\/6591","targetHints":{"allow":["GET"]}}],"collection":[{"href":"https:\/\/fatbike-de.com\/index.php\/wp-json\/wp\/v2\/product"}],"about":[{"href":"https:\/\/fatbike-de.com\/index.php\/wp-json\/wp\/v2\/types\/product"}],"replies":[{"embeddable":true,"href":"https:\/\/fatbike-de.com\/index.php\/wp-json\/wp\/v2\/comments?post=6591"}],"wp:featuredmedia":[{"embeddable":true,"href":"https:\/\/fatbike-de.com\/index.php\/wp-json\/wp\/v2\/media\/6638"}],"wp:attachment":[{"href":"https:\/\/fatbike-de.com\/index.php\/wp-json\/wp\/v2\/media?parent=6591"}],"wp:term":[{"taxonomy":"product_brand","embeddable":true,"href":"https:\/\/fatbike-de.com\/index.php\/wp-json\/wp\/v2\/product_brand?post=6591"},{"taxonomy":"product_cat","embeddable":true,"href":"https:\/\/fatbike-de.com\/index.php\/wp-json\/wp\/v2\/product_cat?post=6591"},{"taxonomy":"product_tag","embeddable":true,"href":"https:\/\/fatbike-de.com\/index.php\/wp-json\/wp\/v2\/product_tag?post=6591"}],"curies":[{"name":"wp","href":"https:\/\/api.w.org\/{rel}","templated":true}]}}