{"id":6865,"date":"2024-02-27T13:20:26","date_gmt":"2024-02-27T12:20:26","guid":{"rendered":"https:\/\/fatbike-de.com\/?post_type=product&#038;p=6865"},"modified":"2024-02-27T13:21:01","modified_gmt":"2024-02-27T12:21:01","slug":"bh-ultimate-rc-7-0-shimano-deore-xt-12s-29-blau-2022","status":"publish","type":"product","link":"https:\/\/fatbike-de.com\/index.php\/product\/bh-ultimate-rc-7-0-shimano-deore-xt-12s-29-blau-2022\/","title":{"rendered":"BH ULTIMATE RC 7.0 SHIMANO DEORE XT 12S 29&#8220; BLAU 2022"},"content":{"rendered":"<div id=\"product-header-order-name\" class=\"col-lg-20 col-md-20 col-sm-20 col-xs-20\">\n<h2 class=\"heading-title-text\">BH ULTIMATE RC 7.0 SHIMANO DEORE XT 12S 29&#8220; BLAU \/ ORANGE 2022<\/h2>\n<\/p><\/div>\n<div id=\"product-header-order-form\" class=\"js-reload-on-event col-lg-20 col-md-20 col-sm-20 col-xs-20\" data-to-watch=\"body\" data-event=\"alltricks:cartChanged\" data-url=\"\/ajax\/product\/ajouter\/F-11947-velos-complets-vtt\/P-2256129-bh_ultimate_rc_7_0_shimano_deore_xt_12s_29___blau___orange_2022\">\n<div class=\"col col-sm-12 col-md-12 col-lg-12\">\n<div class=\"col col-sm-12 col-md-12 col-lg-12\">\n<p>Das <strong>Ultimate<\/strong> <strong>RC 7.0<\/strong>\u00a0ist das ideale Rad f\u00fcr Fahrer, die XC-Radfahren wollen. Dieses aggressive Rad erleichtert technische Abfahrten und vermittelt Vertrauen und Fahrstabilit\u00e4t. Es verf\u00fcgt \u00fcber das gleiche Design und die gleiche Form wie der Ultimate-Rahmen, mit einem l\u00e4ngeren Oberrohr, k\u00fcrzeren Sitzstreben und einem schlanken Steuerrohr. Der Rahmen besteht aus Toray T800- und T700-Carbonfasern, die ein perfektes Gleichgewicht zwischen Steifigkeit und Leichtigkeit bieten.<\/p>\n<\/p><\/div>\n<div class=\"prodsheet_bullets col col-sm-8 col-md-8 col-lg-8\">\n<h4>HAUPTMERKMALE:<\/h4>\n<ul>\n<li>Ultimate RC Carbon-Rahmen.<\/li>\n<li>Shimano Deore XT 12-Gang-Schaltung.<\/li>\n<li>Hydraulische Scheibenbremsen Shimano MT201 180\/160 mm.<\/li>\n<\/ul><\/div>\n<div class=\"prodsheet_specs1 col col-sm-12 col-md-12 col-lg-12\">\n<h4>EINZELHEITEN:<\/h4>\n<table class=\"table table-striped\">\n<tbody>\n<tr>\n<td>Rahmen<\/td>\n<td>Carbon: Ultimate RC 2021 Carbon 29&#8243;, 148X12, BlockLock Steuersatz<\/td>\n<\/tr>\n<tr>\n<td>Gabel<\/td>\n<td>Rock Shox Recon RL 100mm<\/td>\n<\/tr>\n<tr>\n<td>Schaltung<\/td>\n<td>Shimano Deore 6100 1&#215;12 Gang<\/td>\n<\/tr>\n<tr>\n<td>Schaltwerk<\/td>\n<td>Shimano XT 8100 12-fach<\/td>\n<\/tr>\n<tr>\n<td>Kassette<\/td>\n<td>Shimano Deore 6100 10\/51 Z\u00e4hne<\/td>\n<\/tr>\n<tr>\n<td>Kette<\/td>\n<td>Shimano Deore<\/td>\n<\/tr>\n<tr>\n<td>Kurbelgarnitur<\/td>\n<td>Shimano MT510, 175mm<\/td>\n<\/tr>\n<tr>\n<td>Bremsen<\/td>\n<td>Shimano MT201 180\/160 mm<\/td>\n<\/tr>\n<tr>\n<td>Laufr\u00e4der<\/td>\n<td>BH Lite<\/td>\n<\/tr>\n<tr>\n<td>Bereifung<\/td>\n<td>Maxxis Ikon 2.20\/ Continental Race King 2.20<\/td>\n<\/tr>\n<tr>\n<td>Lenker<\/td>\n<td>BH Lite Flach 780mm<\/td>\n<\/tr>\n<tr>\n<td>Griffe<\/td>\n<td>BH Lock On<\/td>\n<\/tr>\n<tr>\n<td>Vorbau<\/td>\n<td>BH SL 80mm, 31.8mm, +\/-6\u00ba<\/td>\n<\/tr>\n<tr>\n<td>Steuersatz<\/td>\n<td>BH Evo By Accros BlockLock Integriertes, abgedichtetes Lager<\/td>\n<\/tr>\n<tr>\n<td>Sattel<\/td>\n<td>Prologo Nago RS<\/td>\n<\/tr>\n<tr>\n<td>Sattelst\u00fctze<\/td>\n<td>BH Lite 27,2mm, 420mm<\/td>\n<\/tr>\n<tr>\n<td>Sattelklemme<\/td>\n<td>Ultimate 31,8mm<\/td>\n<\/tr>\n<tr>\n<td>Gewicht<\/td>\n<td>11.5kg<\/td>\n<\/tr>\n<\/tbody>\n<\/table><\/div>\n<div class=\"prodsheet_specs2 col col-sm-8 col-md-8 col-lg-8\">\n<h4>GEOMETRIEN :<\/h4>\n<p><img decoding=\"async\" src=\"http:\/\/media1.alltricks.fr\/ckfinder\/images\/hardtail_en.jpg\" \/><\/p>\n<table class=\"table table-striped\">\n<tbody>\n<tr>\n<td>Rahmengr\u00f6\u00dfe<\/td>\n<td>S<\/td>\n<td>M<\/td>\n<td>L<\/td>\n<td>XL<\/td>\n<\/tr>\n<tr>\n<td>Radgr\u00f6\u00dfe (Zoll)<\/td>\n<td>29<\/td>\n<td>29<\/td>\n<td>29<\/td>\n<td>29<\/td>\n<\/tr>\n<tr>\n<td>Sitzrohr (mm)<\/td>\n<td>400<\/td>\n<td>440<\/td>\n<td>480<\/td>\n<td>545<\/td>\n<\/tr>\n<tr>\n<td>Oberrohr (mm)<\/td>\n<td>580<\/td>\n<td>595.5<\/td>\n<td>629.4<\/td>\n<td>648.5<\/td>\n<\/tr>\n<tr>\n<td>L\u00e4nge der Basis (mm)<\/td>\n<td>420<\/td>\n<td>420<\/td>\n<td>420<\/td>\n<td>420<\/td>\n<\/tr>\n<tr>\n<td>Lenkungsmuffe (mm)<\/td>\n<td>95<\/td>\n<td>100<\/td>\n<td>115<\/td>\n<td>130<\/td>\n<\/tr>\n<tr>\n<td>Lenkungswinkel (\u00b0)<\/td>\n<td>68.5<\/td>\n<td>68<\/td>\n<td>68<\/td>\n<td>68<\/td>\n<\/tr>\n<tr>\n<td>Sitzrohrwinkel (\u00b0)<\/td>\n<td>74.2<\/td>\n<td>74<\/td>\n<td>74<\/td>\n<td>73.8<\/td>\n<\/tr>\n<tr>\n<td>Radstand (mm)<\/td>\n<td>1093.4<\/td>\n<td>1114.6<\/td>\n<td>1145.5<\/td>\n<td>1165.9<\/td>\n<\/tr>\n<tr>\n<td>Stapel (mm)<\/td>\n<td>605.5<\/td>\n<td>610.1<\/td>\n<td>624.1<\/td>\n<td>648.5<\/td>\n<\/tr>\n<tr>\n<td>Reichweite (mm)<\/td>\n<td>402.5<\/td>\n<td>424.5<\/td>\n<td>448<\/td>\n<td>462.5<\/td>\n<\/tr>\n<\/tbody>\n<\/table><\/div>\n<h4>WELCHE GR\u00d6SSE BRAUCHEN SIE?<\/h4>\n<\/p><\/div>\n<div class=\"prodsheet_specs2 col col-sm-8 col-md-8 col-lg-8\">\n<p>Die Wahl der richtigen Fahrradgr\u00f6\u00dfe h\u00e4ngt von der Art des Fahrrads, Ihrer K\u00f6rpergr\u00f6\u00dfe, Ihrem Fahrstil und Ihren Vorlieben ab. Ein gut sitzendes Fahrrad ist komfortabler, effizienter und macht mehr Spa\u00df zu fahren.<\/p>\n<p>Messen Sie sich genau<\/p>\n<p>Messen Sie zun\u00e4chst Ihre Gr\u00f6\u00dfe und verwenden Sie die Gr\u00f6\u00dfentabelle, die in jeder Produktbeschreibung verf\u00fcgbar ist.<\/p>\n<p>Was ist, wenn Sie zwischen zwei Fahrradgr\u00f6\u00dfen liegen?<\/p>\n<p>Wenn Sie sich an der Grenze zwischen zwei verschiedenen Fahrradgr\u00f6\u00dfen befinden, machen Sie sich keine Sorgen, Sie werden wahrscheinlich mit beiden Gr\u00f6\u00dfen einverstanden sein (anstatt zu denken, dass eine Gr\u00f6\u00dfe schrecklich sein wird und die andere passen wird). Das liegt daran, dass die Fahrr\u00e4der verstellbar sind: Die Sattelst\u00fctze kann nach oben und unten gleiten, der Sattel kann sich hin und her bewegen, und Sie k\u00f6nnen sogar Teile wie den Vorbau gegen andere Gr\u00f6\u00dfen austauschen, um das Fahrrad besser anzupassen.<\/p>\n<p>Zu entscheiden, ob Sie sich f\u00fcr einen gr\u00f6\u00dferen oder kleineren Rahmen entscheiden sollten, ist manchmal so einfach wie Ihre pers\u00f6nlichen Vorlieben, aber es gibt ein paar einfache M\u00f6glichkeiten, um festzustellen, welcher f\u00fcr Sie der richtige ist:<br \/> Wenn Sie flexibel sind, bevorzugen Sie m\u00f6glicherweise ein k\u00fcrzeres Steuerrohr, sodass die kleinere Gr\u00f6\u00dfe m\u00f6glicherweise besser zu Ihnen passt. Sie k\u00f6nnen eine l\u00e4ngere Stange verwenden, um die Reichweite angenehmer zu gestalten.<br \/> Bei einem gr\u00f6\u00dferen Fahrrad ist die Lenkerreichweite l\u00e4nger. Das bedeutet, dass Sie sich mit einem gr\u00f6\u00dferen Rahmen wohler f\u00fchlen, wenn Sie proportional l\u00e4ngere Arme haben.<\/p>\n<\/p><\/div>\n<\/p><\/div>\n","protected":false},"excerpt":{"rendered":"<p>BH ULTIMATE RC 7.0 SHIMANO DEORE XT 12S 29&#8220; BLAU \/ ORANGE 2022 Das Ultimate RC 7.0\u00a0ist das ideale Rad f\u00fcr Fahrer, die XC-Radfahren wollen. Dieses aggressive Rad erleichtert technische Abfahrten und vermittelt Vertrauen und Fahrstabilit\u00e4t. Es verf\u00fcgt \u00fcber das gleiche Design und die gleiche Form wie der Ultimate-Rahmen, mit einem l\u00e4ngeren Oberrohr, k\u00fcrzeren Sitzstreben und einem schlanken Steuerrohr. Der\u2026<\/p>\n","protected":false},"featured_media":6884,"comment_status":"closed","ping_status":"closed","template":"","meta":[],"product_brand":[],"product_cat":[111],"product_tag":[],"class_list":{"0":"post-6865","1":"product","2":"type-product","3":"status-publish","4":"has-post-thumbnail","6":"product_cat-accessories","8":"first","9":"instock","10":"sale","11":"shipping-taxable","12":"purchasable","13":"product-type-variable"},"_links":{"self":[{"href":"https:\/\/fatbike-de.com\/index.php\/wp-json\/wp\/v2\/product\/6865","targetHints":{"allow":["GET"]}}],"collection":[{"href":"https:\/\/fatbike-de.com\/index.php\/wp-json\/wp\/v2\/product"}],"about":[{"href":"https:\/\/fatbike-de.com\/index.php\/wp-json\/wp\/v2\/types\/product"}],"replies":[{"embeddable":true,"href":"https:\/\/fatbike-de.com\/index.php\/wp-json\/wp\/v2\/comments?post=6865"}],"wp:featuredmedia":[{"embeddable":true,"href":"https:\/\/fatbike-de.com\/index.php\/wp-json\/wp\/v2\/media\/6884"}],"wp:attachment":[{"href":"https:\/\/fatbike-de.com\/index.php\/wp-json\/wp\/v2\/media?parent=6865"}],"wp:term":[{"taxonomy":"product_brand","embeddable":true,"href":"https:\/\/fatbike-de.com\/index.php\/wp-json\/wp\/v2\/product_brand?post=6865"},{"taxonomy":"product_cat","embeddable":true,"href":"https:\/\/fatbike-de.com\/index.php\/wp-json\/wp\/v2\/product_cat?post=6865"},{"taxonomy":"product_tag","embeddable":true,"href":"https:\/\/fatbike-de.com\/index.php\/wp-json\/wp\/v2\/product_tag?post=6865"}],"curies":[{"name":"wp","href":"https:\/\/api.w.org\/{rel}","templated":true}]}}