{"id":6975,"date":"2024-02-27T13:21:22","date_gmt":"2024-02-27T12:21:22","guid":{"rendered":"https:\/\/fatbike-de.com\/?post_type=product&#038;p=6975"},"modified":"2024-02-27T13:21:47","modified_gmt":"2024-02-27T12:21:47","slug":"mountainbike-all-suspendable-santa-cruz-nomad-2022","status":"publish","type":"product","link":"https:\/\/fatbike-de.com\/index.php\/product\/mountainbike-all-suspendable-santa-cruz-nomad-2022\/","title":{"rendered":"MOUNTAINBIKE ALL-SUSPENDABLE SANTA CRUZ NOMAD 2022"},"content":{"rendered":"<div id=\"product-header-order-name\" class=\"col-lg-20 col-md-20 col-sm-20 col-xs-20\">\n<h2 class=\"heading-title-text\">MOUNTAINBIKE ALL-SUSPENDABLE SANTA CRUZ NOMAD C SRAM GX EAGLE 12V 27.5&#8220; BRAUN 2022<\/h2>\n<div class=\"col col-sm-12 col-md-12 col-lg-12\">\n<p>Um die besten Spots zu befahren, muss man einen nomadischen Lebensstil f\u00fchren. Treffen Sie sich mit Freunden auf einem abgelegenen Parkplatz, suchen Sie Wege aus, die vielleicht nicht einmal fahrbar sind, fahren Sie immer wieder die Wege, die fahrbar sind, und achten Sie dabei sehr genau auf die Ausr\u00fcstung, die dies erm\u00f6glicht. Die sch\u00f6nsten Spielzeuge sind dazu da, benutzt, missbraucht und repariert zu werden. So ist das Leben, so sind die Dinge, und deshalb wurde der <strong>Santa Cruz<\/strong> <strong>Nomad<\/strong>\u00a0erfunden.<\/p>\n<p>Wahrscheinlich das am meisten missbrauchte Modell bei Santa Cruz, hat jeder\u00a0<strong>Nomad<\/strong>\u00a0seine eigene Geschichte und verlangt immer wieder nach mehr. Es handelt sich hierbei nicht um das Stockholm-Syndrom, sondern lediglich um eine Versicherung, dass das Rad dank seiner robusten Konstruktion, dem kostenlosen, lebenslangen Austausch der Lager und dem Schmieranschluss an der unteren Kurbelstange immer zuverl\u00e4ssig ist. Warum sollten Sie Ihr Fahrrad wechseln, wenn ein einfacher Austausch der Lager Ihrem Fahrrad eine neue Jugend verleihen kann? Das ist unsere Vision von Nachhaltigkeit und der Grund, warum Carbon f\u00fcr uns nicht nur leicht ist, sondern auch stabil, mit lebenslanger Garantie und einem gro\u00dfz\u00fcgigen Crash Replacement-Programm, wenn es n\u00f6tig ist.<\/p>\n<\/p><\/div>\n<div class=\"prodsheet_bullets col col-sm-8 col-md-8 col-lg-8\">\n<h4>DIE PRODUKTVORTEILE :<\/h4>\n<ul>\n<li>Santa Cruz Nomad C-Rahmen aus Kohlefaser.<\/li>\n<li>Fox 38 Float Performance Gabel, 170 mm Federweg, 27.5&#8243;<\/li>\n<li>Rockshox Super Deluxe Select+ Sto\u00dfd\u00e4mpfer.<\/li>\n<li>Sram GX Eagle 1&#215;12-Gang Gruppe.<\/li>\n<li>Sram Code R 200\/200 mm Bremsen.<\/li>\n<\/ul><\/div>\n<div class=\"prodsheet_specs1 col col-sm-12 col-md-12 col-lg-12\">\n<h4>DETAILS :<\/h4>\n<table class=\"table table-striped\">\n<tbody>\n<tr>\n<td>Rahmen<\/td>\n<td>Carbon: Santa Cruz Nomad C, 170 mm<\/td>\n<\/tr>\n<tr>\n<td>Gabel<\/td>\n<td>FOX 38 Float Performance, 170 mm, 27.5&#8243;<\/td>\n<\/tr>\n<tr>\n<td>Sto\u00dfd\u00e4mpfer<\/td>\n<td>RockShox Super Deluxe Select+<\/td>\n<\/tr>\n<tr>\n<td>Schalthebel<\/td>\n<td>SRAM GX Eagle, 1&#215;12 G\u00e4nge<\/td>\n<\/tr>\n<tr>\n<td>Umwerfer Hinten<\/td>\n<td>SRAM GX Eagle, 12-Gang<\/td>\n<\/tr>\n<tr>\n<td>Kassette<\/td>\n<td>SRAM XG1275 Eagle 10-50 Z\u00e4hne<\/td>\n<\/tr>\n<tr>\n<td>Kette<\/td>\n<td>SRAM GX Eagle 12 SPD<\/td>\n<\/tr>\n<tr>\n<td>Tretlager<\/td>\n<td>SRAM GX Eagle 148 DUB, 32 Z\u00e4hne<\/td>\n<\/tr>\n<tr>\n<td>Tretlagergeh\u00e4use<\/td>\n<td>SRAM DUB 68\/73mm Threaded BB<\/td>\n<\/tr>\n<tr>\n<td>Bremsen<\/td>\n<td>SRAM Code R \/ Rotoren: Avid Centerline 200\/200 mm<\/td>\n<\/tr>\n<tr>\n<td>Laufr\u00e4der<\/td>\n<td>RaceFace AR Offset 30 27.5&#8243;<\/td>\n<\/tr>\n<tr>\n<td>Reifen<\/td>\n<td>F: Maxxis Assegai 27.5 &#8222;x2.5&#8220;, 3C, MaxxGRIP, EXO+, TR<br \/> R: Maxxis Minion DHR II 27.5 &#8222;x2.4&#8220;, 3C, EXO+<\/td>\n<\/tr>\n<tr>\n<td>Lenker<\/td>\n<td>Burgtec Alloy Bar, 800mm, 30mm Rise<\/td>\n<\/tr>\n<tr>\n<td>Griffe<\/td>\n<td>Santa Cruz House Grips oder Burgtec Bartender Pro Grip Minnaar<\/td>\n<\/tr>\n<tr>\n<td>Vorbau<\/td>\n<td>Burgtec Enduro MK3, 42.5mm<\/td>\n<\/tr>\n<tr>\n<td>Steuersatz<\/td>\n<td>Cane Creek 40 IS Integrated Headset<\/td>\n<\/tr>\n<tr>\n<td>Sattel<\/td>\n<td>WTB Silverado Pro Saddle oder WTB Volt<\/td>\n<\/tr>\n<tr>\n<td>Sattelst\u00fctze<\/td>\n<td>RockShox Reverb Stealth 31.6<\/td>\n<\/tr>\n<tr>\n<td>Gewicht<\/td>\n<td>15.04 kg<\/td>\n<\/tr>\n<tr>\n<td>Farben<\/td>\n<td>Adder Green und Magenta<\/td>\n<\/tr>\n<\/tbody>\n<\/table><\/div>\n<div class=\"prodsheet_specs2 col col-sm-8 col-md-8 col-lg-8\">\n<h4>GEOMETRIEN:<\/h4>\n<p><strong>Position Niedrig :<\/strong>\u00a0<img decoding=\"async\" src=\"http:\/\/media1.alltricks.fr\/ckfinder\/images\/cube_Full-Suspension_geo_fr.jpg\" \/><\/p>\n<table class=\"table table-striped\">\n<tbody>\n<tr>\n<th>Gr\u00f6\u00dfe Rahmen<\/th>\n<th>S<\/th>\n<th>M<\/th>\n<th>L<\/th>\n<th>XL<\/th>\n<\/tr>\n<\/tbody>\n<tbody>\n<tr>\n<td>Reach (mm)<\/td>\n<td>422<\/td>\n<td>447<\/td>\n<td>472<\/td>\n<td>497<\/td>\n<\/tr>\n<tr>\n<td>Stack (mm)<\/td>\n<td>603<\/td>\n<td>617<\/td>\n<td>626<\/td>\n<td>648<\/td>\n<\/tr>\n<tr>\n<td>Winkel des Steuerrohrs (\u00b0)<\/td>\n<td>63.7<\/td>\n<td>63.7<\/td>\n<td>63.7<\/td>\n<td>63.7<\/td>\n<\/tr>\n<tr>\n<td>L\u00e4nge der Sattelst\u00fctze (mm)<\/td>\n<td>380<\/td>\n<td>405<\/td>\n<td>430<\/td>\n<td>460<\/td>\n<\/tr>\n<tr>\n<td>Front Center (mm)<\/td>\n<td>760<\/td>\n<td>792<\/td>\n<td>821<\/td>\n<td>857<\/td>\n<\/tr>\n<tr>\n<td>H\u00f6he des Tretlagers (mm)<\/td>\n<td>340<\/td>\n<td>340<\/td>\n<td>340<\/td>\n<td>340<\/td>\n<\/tr>\n<tr>\n<td>BB Drop (mm)<\/td>\n<td>14<\/td>\n<td>14<\/td>\n<td>14<\/td>\n<td>14<\/td>\n<\/tr>\n<tr>\n<td>Radstand (mm)<\/td>\n<td>1186<\/td>\n<td>1223<\/td>\n<td>1257<\/td>\n<td>1298<\/td>\n<\/tr>\n<tr>\n<td>L\u00e4nge der Basis (mm)<\/td>\n<td>426<\/td>\n<td>431<\/td>\n<td>436<\/td>\n<td>441<\/td>\n<\/tr>\n<tr>\n<td>L\u00e4nge des Steuerrohrs (mm)<\/td>\n<td>115<\/td>\n<td>130<\/td>\n<td>140<\/td>\n<td>165<\/td>\n<\/tr>\n<tr>\n<td>L\u00e4nge des Oberrohrs (mm)<\/td>\n<td>552<\/td>\n<td>582<\/td>\n<td>610<\/td>\n<td>644<\/td>\n<\/tr>\n<tr>\n<td>Winkel des Sattelrohrs (\u00b0)<\/td>\n<td>77.9<\/td>\n<td>77.7<\/td>\n<td>77.5<\/td>\n<td>77.2<\/td>\n<\/tr>\n<tr>\n<td>Standover (mm)<\/td>\n<td>706<\/td>\n<td>727<\/td>\n<td>728<\/td>\n<td>727<\/td>\n<\/tr>\n<\/tbody>\n<\/table><\/div>\n<\/p><\/div>\n<div id=\"product-header-order-form\" class=\"js-reload-on-event col-lg-20 col-md-20 col-sm-20 col-xs-20\" data-to-watch=\"body\" data-event=\"alltricks:cartChanged\" data-url=\"\/ajax\/product\/ajouter\/F-11947-velos-complets-vtt\/P-2127994-mountainbike_all_suspendable_santa_cruz_nomad_c_sram_gx_eagle_12v_27_5___braun_2022\"><\/div>\n","protected":false},"excerpt":{"rendered":"<table class=\"table table-striped\">\n<tbody>\n<tr>\n<td class=\"spec-name\">Geschlecht<\/td>\n<td class=\"spec-value\">Herren<\/td>\n<\/tr>\n<tr>\n<td class=\"spec-name\">Gruppe<\/td>\n<td class=\"spec-value\">Sram GX Eagle 12V<\/td>\n<\/tr>\n<tr>\n<td class=\"spec-name\">collection<\/td>\n<td class=\"spec-value\">2022<\/td>\n<\/tr>\n<tr>\n<td class=\"spec-name\">decimal weight<\/td>\n<td class=\"spec-value\">15.04<\/td>\n<\/tr>\n<\/tbody>\n<\/table>\n","protected":false},"featured_media":7002,"comment_status":"closed","ping_status":"closed","template":"","meta":[],"product_brand":[],"product_cat":[111],"product_tag":[],"class_list":{"0":"post-6975","1":"product","2":"type-product","3":"status-publish","4":"has-post-thumbnail","6":"product_cat-accessories","8":"first","9":"instock","10":"sale","11":"shipping-taxable","12":"purchasable","13":"product-type-variable"},"_links":{"self":[{"href":"https:\/\/fatbike-de.com\/index.php\/wp-json\/wp\/v2\/product\/6975","targetHints":{"allow":["GET"]}}],"collection":[{"href":"https:\/\/fatbike-de.com\/index.php\/wp-json\/wp\/v2\/product"}],"about":[{"href":"https:\/\/fatbike-de.com\/index.php\/wp-json\/wp\/v2\/types\/product"}],"replies":[{"embeddable":true,"href":"https:\/\/fatbike-de.com\/index.php\/wp-json\/wp\/v2\/comments?post=6975"}],"wp:featuredmedia":[{"embeddable":true,"href":"https:\/\/fatbike-de.com\/index.php\/wp-json\/wp\/v2\/media\/7002"}],"wp:attachment":[{"href":"https:\/\/fatbike-de.com\/index.php\/wp-json\/wp\/v2\/media?parent=6975"}],"wp:term":[{"taxonomy":"product_brand","embeddable":true,"href":"https:\/\/fatbike-de.com\/index.php\/wp-json\/wp\/v2\/product_brand?post=6975"},{"taxonomy":"product_cat","embeddable":true,"href":"https:\/\/fatbike-de.com\/index.php\/wp-json\/wp\/v2\/product_cat?post=6975"},{"taxonomy":"product_tag","embeddable":true,"href":"https:\/\/fatbike-de.com\/index.php\/wp-json\/wp\/v2\/product_tag?post=6975"}],"curies":[{"name":"wp","href":"https:\/\/api.w.org\/{rel}","templated":true}]}}