{"id":6980,"date":"2024-02-27T13:21:22","date_gmt":"2024-02-27T12:21:22","guid":{"rendered":"https:\/\/fatbike-de.com\/?post_type=product&#038;p=6980"},"modified":"2024-02-27T13:21:47","modified_gmt":"2024-02-27T12:21:47","slug":"cannondale-trail-sl-3-hardtail-mtb-shimano-2021","status":"publish","type":"product","link":"https:\/\/fatbike-de.com\/index.php\/product\/cannondale-trail-sl-3-hardtail-mtb-shimano-2021\/","title":{"rendered":"CANNONDALE TRAIL SL 3 HARDTAIL MTB SHIMANO 2021"},"content":{"rendered":"<div id=\"product-header-order-name\" class=\"col-lg-20 col-md-20 col-sm-20 col-xs-20\">\n<h2 class=\"heading-title-text\">CANNONDALE TRAIL SL 3 HARDTAIL MTB SHIMANO DEORE 12S 29&#8220; RALLYE ROT SCHWARZ 2021<\/h2>\n<div class=\"col col-sm-12 col-md-12 col-lg-12\">\n<p>Aufleveln! Das\u00a0<strong>Cannondale Trail SL 3<\/strong>\u00a0ist ein Mountainbike, das entwickelt wurde, um Ihr Spiel zu verbessern und eine Leidenschaft f\u00fcr den Trail zu wecken. Entworfen f\u00fcr die Berge und bereit f\u00fcr alles. Smartform C2-Legierung: Aluminiumkonstruktion, die einen Schnitt h\u00f6her ist. Hochleistungsrohrformen, umfangreiches gewichtssparendes Sto\u00dfen und nahtlose Double-Pass-Schwei\u00dfn\u00e4hte sorgen f\u00fcr ein Fahrgef\u00fchl, das seinesgleichen sucht. Die &#8222;SAVE&#8220; -Mikrofederung sorgt dank strategisch konstruierter Flexzonen im hinteren Dreieck des Rahmens f\u00fcr ein ruhigeres und kontrollierteres Fahrverhalten.<\/p>\n<p>Ein\u00a0<strong>integrierter Radsensor<\/strong>\u00a0liefert \u00fcber die kostenlose Cannondale-App \u00e4u\u00dferst genaue Geschwindigkeits-, Routen- und Entfernungsinformationen, registriert Ihr Fahrrad, erinnert Sie an den erforderlichen Service und vieles mehr.<\/p>\n<p>Im Vergleich zum Trail SE ist der Cannondale Trail SL leichter, rassiger und auf Schnelligkeit ausgelegt.<\/p>\n<\/p><\/div>\n<div class=\"prodsheet_bullets col col-sm-8 col-md-8 col-lg-8\">\n<h4>HAUPTEIGENSCHAFTEN:<\/h4>\n<ul>\n<li>Ein Mountainbike, das gebaut wurde, um Ihr Spiel zu verbessern und eine Leidenschaft f\u00fcr den Trail zu wecken.<\/li>\n<li>Smartform C2 Aluminiumrahmen.<\/li>\n<li>Shimano Deore 1&#215;12-Gang-Antrieb.<\/li>\n<li>Hydraulische Scheibenbremsen Shimano MT200, 160\/160 mm.<\/li>\n<\/ul><\/div>\n<div class=\"prodsheet_specs1 col col-sm-12 col-md-12 col-lg-12\">\n<h4>EIGENSCHAFTEN:<\/h4>\n<table class=\"table table-striped\">\n<tbody>\n<tr>\n<td>Rahmen<\/td>\n<td>Aluminium: Neuwertig, Smartform C2-Legierung, SAVE-Sitzstreben, konisches Steuerrohr, nachmontierte Scheibe, StraightShot-interne Kabelf\u00fchrung, tropfenpfostenkompatibler BSA 73, 12 mm Steckachse, Boost 148<\/td>\n<\/tr>\n<tr>\n<td>Gabel<\/td>\n<td>RockShox Judy Silver TK, 100 mm Federweg, Solo Air, 15&#215;110 Steckachse, Fernverriegelung, 51 mm Versatz<\/td>\n<\/tr>\n<tr>\n<td>Headset<\/td>\n<td>Integriertes abgedichtetes Lager, konisch<\/td>\n<\/tr>\n<tr>\n<td>Stengel<\/td>\n<td>6061 Legierung, 31,8 mm, 7 \u00b0<\/td>\n<\/tr>\n<tr>\n<td>Lenker<\/td>\n<td>FSA Alloy Riser, 15 mm Anstieg, 760 mm<\/td>\n<\/tr>\n<tr>\n<td>Griffe<\/td>\n<td>Cannondale Verriegelungsgriffe<\/td>\n<\/tr>\n<tr>\n<td>Schalthebel<\/td>\n<td>Shimano Deore M6100, 1&#215;12-Geschwindigkeit<\/td>\n<\/tr>\n<tr>\n<td>Schaltwerk<\/td>\n<td>Shimano Deore M6100, 12-Gang<\/td>\n<\/tr>\n<tr>\n<td>Kurbelgarnitur<\/td>\n<td>Shimano M5100, 30T<\/td>\n<\/tr>\n<tr>\n<td>Tretlager<\/td>\n<td>Shimano Hollowtech II<\/td>\n<\/tr>\n<tr>\n<td>Kette<\/td>\n<td>KMC X12, 12-Gang<\/td>\n<\/tr>\n<tr>\n<td>Kassette<\/td>\n<td>Sunrace, 11-51T, 12-Gang<\/td>\n<\/tr>\n<tr>\n<td>Bremshebel<\/td>\n<td>Shimano MT200<\/td>\n<\/tr>\n<tr>\n<td>Bremsen<\/td>\n<td>Shimano MT200 Hydraulikscheibe, 160\/160 mm RT10 Rotoren<\/td>\n<\/tr>\n<tr>\n<td>Sattel<\/td>\n<td>Cannondale Ergo XC<\/td>\n<\/tr>\n<tr>\n<td>Sattelst\u00fctze<\/td>\n<td>Cannondale C3, 6061-Legierung, 27,2 x 350 mm (S), 400 mm (M-XL)<\/td>\n<\/tr>\n<tr>\n<td>Radsatz<\/td>\n<td>WTB STX i23 TCS, 32h, schlauchlos bereit<\/td>\n<\/tr>\n<tr>\n<td>Vorderradnabe<\/td>\n<td>Shimano MT400, 15&#215;110 mm Steckachse<\/td>\n<\/tr>\n<tr>\n<td>Hinterradnabe<\/td>\n<td>Shimano MT400 12&#215;148<\/td>\n<\/tr>\n<tr>\n<td>Reifen<\/td>\n<td>Schwalbe Rocket Rick, K-Guard, 29 x 2,25 &#8222;<\/td>\n<\/tr>\n<tr>\n<td>Gewicht<\/td>\n<td>&#8212;<\/td>\n<\/tr>\n<tr>\n<td>Farbe<\/td>\n<td>Rally Red<\/td>\n<\/tr>\n<\/tbody>\n<\/table><\/div>\n<div class=\"prodsheet_specs2 col col-sm-8 col-md-8 col-lg-8\">\n<h4>GEOMETRIEN:<\/h4>\n<p><img decoding=\"async\" src=\"http:\/\/media1.alltricks.fr\/ckfinder\/images\/hardtail_en.jpg\" \/><\/p>\n<table class=\"table table-striped\">\n<tbody>\n<tr>\n<td>Rahmengr\u00f6\u00dfe<\/td>\n<td>S<\/td>\n<td>M<\/td>\n<td>L<\/td>\n<td>XL<\/td>\n<\/tr>\n<tr>\n<td>Radgr\u00f6\u00dfe (Zoll)<\/td>\n<td>29<\/td>\n<td>29<\/td>\n<td>29<\/td>\n<td>29<\/td>\n<\/tr>\n<tr>\n<td>Sitzrohr (mm)<\/td>\n<td>390<\/td>\n<td>440<\/td>\n<td>470<\/td>\n<td>520<\/td>\n<\/tr>\n<tr>\n<td>Oberrohr (mm)<\/td>\n<td>561<\/td>\n<td>593<\/td>\n<td>621<\/td>\n<td>648<\/td>\n<\/tr>\n<tr>\n<td>Kettenstreben (mm)<\/td>\n<td>435<\/td>\n<td>435<\/td>\n<td>435<\/td>\n<td>435<\/td>\n<\/tr>\n<tr>\n<td>Steuerrohrl\u00e4nge (mm)<\/td>\n<td>90<\/td>\n<td>100<\/td>\n<td>110<\/td>\n<td>120<\/td>\n<\/tr>\n<tr>\n<td>Steuerrohrwinkel (\u00b0)<\/td>\n<td>68<\/td>\n<td>68<\/td>\n<td>68<\/td>\n<td>68<\/td>\n<\/tr>\n<tr>\n<td>Sitzrohrwinkel (\u00b0)<\/td>\n<td>75<\/td>\n<td>75<\/td>\n<td>75<\/td>\n<td>75<\/td>\n<\/tr>\n<tr>\n<td>Radstand (mm)<\/td>\n<td>1090<\/td>\n<td>1123<\/td>\n<td>1152<\/td>\n<td>1180<\/td>\n<\/tr>\n<tr>\n<td>Stapel (mm)<\/td>\n<td>598<\/td>\n<td>608<\/td>\n<td>617<\/td>\n<td>626<\/td>\n<\/tr>\n<tr>\n<td>Reichweite (mm)<\/td>\n<td>389<\/td>\n<td>419<\/td>\n<td>444<\/td>\n<td>469<\/td>\n<\/tr>\n<\/tbody>\n<\/table><\/div>\n<\/p><\/div>\n<div id=\"product-header-order-form\" class=\"js-reload-on-event col-lg-20 col-md-20 col-sm-20 col-xs-20\" data-to-watch=\"body\" data-event=\"alltricks:cartChanged\" data-url=\"\/ajax\/product\/ajouter\/F-11947-velos-complets-vtt\/P-1596483-cannondale_trail_sl_3_hardtail_mtb_shimano_deore_12s_29___rallye_rot_schwarz_2021\"><\/div>\n","protected":false},"excerpt":{"rendered":"<table class=\"table table-striped\">\n<tbody>\n<tr>\n<td class=\"spec-name\">Geschlecht<\/td>\n<td class=\"spec-value\">Herren<\/td>\n<\/tr>\n<tr>\n<td class=\"spec-name\">Gruppe<\/td>\n<td class=\"spec-value\">Shimano Deore 12S<\/td>\n<\/tr>\n<tr>\n<td class=\"spec-name\">collection<\/td>\n<td class=\"spec-value\">2021<\/td>\n<\/tr>\n<\/tbody>\n<\/table>\n","protected":false},"featured_media":7003,"comment_status":"closed","ping_status":"closed","template":"","meta":[],"product_brand":[],"product_cat":[111],"product_tag":[],"class_list":{"0":"post-6980","1":"product","2":"type-product","3":"status-publish","4":"has-post-thumbnail","6":"product_cat-accessories","8":"first","9":"instock","10":"sale","11":"shipping-taxable","12":"purchasable","13":"product-type-variable"},"_links":{"self":[{"href":"https:\/\/fatbike-de.com\/index.php\/wp-json\/wp\/v2\/product\/6980","targetHints":{"allow":["GET"]}}],"collection":[{"href":"https:\/\/fatbike-de.com\/index.php\/wp-json\/wp\/v2\/product"}],"about":[{"href":"https:\/\/fatbike-de.com\/index.php\/wp-json\/wp\/v2\/types\/product"}],"replies":[{"embeddable":true,"href":"https:\/\/fatbike-de.com\/index.php\/wp-json\/wp\/v2\/comments?post=6980"}],"wp:featuredmedia":[{"embeddable":true,"href":"https:\/\/fatbike-de.com\/index.php\/wp-json\/wp\/v2\/media\/7003"}],"wp:attachment":[{"href":"https:\/\/fatbike-de.com\/index.php\/wp-json\/wp\/v2\/media?parent=6980"}],"wp:term":[{"taxonomy":"product_brand","embeddable":true,"href":"https:\/\/fatbike-de.com\/index.php\/wp-json\/wp\/v2\/product_brand?post=6980"},{"taxonomy":"product_cat","embeddable":true,"href":"https:\/\/fatbike-de.com\/index.php\/wp-json\/wp\/v2\/product_cat?post=6980"},{"taxonomy":"product_tag","embeddable":true,"href":"https:\/\/fatbike-de.com\/index.php\/wp-json\/wp\/v2\/product_tag?post=6980"}],"curies":[{"name":"wp","href":"https:\/\/api.w.org\/{rel}","templated":true}]}}