{"id":8153,"date":"2024-02-27T14:23:14","date_gmt":"2024-02-27T13:23:14","guid":{"rendered":"https:\/\/fatbike-de.com\/?post_type=product&#038;p=8153"},"modified":"2024-02-27T14:23:46","modified_gmt":"2024-02-27T13:23:46","slug":"park-tool-pcs-4-2-montagestander-mit-micro-adjust","status":"publish","type":"product","link":"https:\/\/fatbike-de.com\/index.php\/product\/park-tool-pcs-4-2-montagestander-mit-micro-adjust\/","title":{"rendered":"Park Tool PCS-4-2 Montagest\u00e4nder mit Micro-Adjust"},"content":{"rendered":"<h2 class=\"product--title\"><strong>Park Tool<\/strong>\u00a0PCS-4-2 Montagest\u00e4nder mit Micro-Adjust<\/h2>\n<div class=\"product--description\">\n<p>Der Park Tool PCS-4-2 ist ein faltbarer, sehr robuster\u00a0 mit der neuen\u00a0 Halteklaue 100-5D.Mit solidem Vierpunkt- Standsystem und pulverbeschichteten Stahlrohren ist dieses Modell optimal f\u00fcr intensiveren Heimeinsatz oder als zus\u00e4tzlicher Bedarfsarbeitsplatz in der Profi-Werkstatt geeignet.<\/p>\n<p>&nbsp;<\/p>\n<h3>Features<\/h3>\n<ul>\n<li>Die Halteklaue ist um 360\u00b0 drehbar und auf eine maximale Arbeitsh\u00f6he von 170 cm (67\u201c) einstellbar<\/li>\n<\/ul>\n<p>&nbsp;<\/p>\n<h3>Gewicht<\/h3>\n<ul>\n<li>1,61 kg<\/li>\n<\/ul>\n<p><em><strong>Hinweis:<\/strong><\/em>\u00a0Der St\u00e4nder kann Fahrr\u00e4der bis zu einem Gewicht von 45 kg tragen, vorausgesetzt, dass das Gewicht \u00fcber den F\u00fc\u00dfen zentriert ist.<\/p>\n<\/p><\/div>\n","protected":false},"excerpt":{"rendered":"<p>Park Tool\u00a0PCS-4-2 Montagest\u00e4nder mit Micro-Adjust Der Park Tool PCS-4-2 ist ein faltbarer, sehr robuster\u00a0 mit der neuen\u00a0 Halteklaue 100-5D.Mit solidem Vierpunkt- Standsystem und pulverbeschichteten Stahlrohren ist dieses Modell optimal f\u00fcr intensiveren Heimeinsatz oder als zus\u00e4tzlicher Bedarfsarbeitsplatz in der Profi-Werkstatt geeignet. &nbsp; Features Die Halteklaue ist um 360\u00b0 drehbar und auf eine maximale Arbeitsh\u00f6he von 170 cm (67\u201c) einstellbar &nbsp; Gewicht\u2026<\/p>\n","protected":false},"featured_media":8194,"comment_status":"closed","ping_status":"closed","template":"","meta":[],"product_brand":[],"product_cat":[117,113],"product_tag":[],"class_list":{"0":"post-8153","1":"product","2":"type-product","3":"status-publish","4":"has-post-thumbnail","6":"product_cat-werkzeug-wartung","7":"product_cat-zubehor","9":"first","10":"instock","11":"sale","12":"shipping-taxable","13":"purchasable","14":"product-type-simple"},"_links":{"self":[{"href":"https:\/\/fatbike-de.com\/index.php\/wp-json\/wp\/v2\/product\/8153","targetHints":{"allow":["GET"]}}],"collection":[{"href":"https:\/\/fatbike-de.com\/index.php\/wp-json\/wp\/v2\/product"}],"about":[{"href":"https:\/\/fatbike-de.com\/index.php\/wp-json\/wp\/v2\/types\/product"}],"replies":[{"embeddable":true,"href":"https:\/\/fatbike-de.com\/index.php\/wp-json\/wp\/v2\/comments?post=8153"}],"wp:featuredmedia":[{"embeddable":true,"href":"https:\/\/fatbike-de.com\/index.php\/wp-json\/wp\/v2\/media\/8194"}],"wp:attachment":[{"href":"https:\/\/fatbike-de.com\/index.php\/wp-json\/wp\/v2\/media?parent=8153"}],"wp:term":[{"taxonomy":"product_brand","embeddable":true,"href":"https:\/\/fatbike-de.com\/index.php\/wp-json\/wp\/v2\/product_brand?post=8153"},{"taxonomy":"product_cat","embeddable":true,"href":"https:\/\/fatbike-de.com\/index.php\/wp-json\/wp\/v2\/product_cat?post=8153"},{"taxonomy":"product_tag","embeddable":true,"href":"https:\/\/fatbike-de.com\/index.php\/wp-json\/wp\/v2\/product_tag?post=8153"}],"curies":[{"name":"wp","href":"https:\/\/api.w.org\/{rel}","templated":true}]}}