{"id":8188,"date":"2024-02-27T14:23:37","date_gmt":"2024-02-27T13:23:37","guid":{"rendered":"https:\/\/fatbike-de.com\/?post_type=product&#038;p=8188"},"modified":"2024-02-27T14:24:24","modified_gmt":"2024-02-27T13:24:24","slug":"evoc-bike-bag-280l-radreisetasche","status":"publish","type":"product","link":"https:\/\/fatbike-de.com\/index.php\/product\/evoc-bike-bag-280l-radreisetasche\/","title":{"rendered":"Evoc Bike Bag 280L &#8211; Radreisetasche"},"content":{"rendered":"<h2 class=\"product--title\"><strong>Evoc<\/strong>\u00a0Bike Bag 280L &#8211; Radreisetasche<\/h2>\n<p>Die Evoc Bike Bag \u00fcberarbeitete von Evoc ist die kompakte L\u00f6sung f\u00fcr den Transport von nahezu jedem Bike-Typ. Im Handumdrehen ist das Rad im BIKE BAG sicher und stabil verpackt und komfortabel zum Start des n\u00e4chsten Abenteuers transportiert.<\/p>\n<p>Durch die aufrechte Platzierung des Rahmens in der Tasche werden die belastbaren Bereiche beim Fahrrad zur Ableitung von \u00e4u\u00dferem Druck aktiv genutzt (Sattel, Sattelrohr, Hinterbau, Vorbau, Steuerrohr, Gabel).<\/p>\n<p>Laufradtaschen und Hauptgewicht des Rahmens liegen im hinteren Teil der Tasche, so dass sich beim Transport der gesamte Schwerpunkt auf das breite, kippstabile Fahrwerk verlagert.<\/p>\n<hr \/>\n<h3>Features &#8211; EVOC BIKE BAG<\/h3>\n<ul>\n<li>Bike Fitting Proof &#8211; nur die Laufr\u00e4der und Pedalen m\u00fcssen abmontiert werden<\/li>\n<li>Einfach zu transportieren &#8211; dank des extrabreiten Fahrwerks<\/li>\n<li>Inklusive BIKE BLOCK f\u00fcr einen stabilen Stand des Rads und zum Schutz von Kettenblatt und Schaltwerk<\/li>\n<li>Passt f\u00fcr Renn-, Gravel-, XC-, FR-, Enduro-, DH-, \u226429\u201c-R\u00e4der<\/li>\n<li>Skate-Rolle austauschbar<\/li>\n<\/ul>\n<h3>Produkteigenschaften<\/h3>\n<ul>\n<li><strong>Maximaler Radstand:<\/strong>\u00a0126 cm<\/li>\n<li><strong>Ma\u00dfe innen:<\/strong>\u00a0138 x 36 x 85 cm<\/li>\n<li><strong>Ma\u00dfe au\u00dfen:<\/strong>\u00a0130 x 27 x 80 cm<\/li>\n<li><strong>Ma\u00dfe gefaltet:<\/strong>\u00a0136 x 36 x 25 cm<\/li>\n<li><strong>Volumen:<\/strong>\u00a0280 Liter<\/li>\n<\/ul>\n<h3>Material<\/h3>\n<ul>\n<li>P 600D<\/li>\n<\/ul>\n<h3>Farbe (Variante w\u00e4hlen)<\/h3>\n<ul>\n<li>black<\/li>\n<li>steel<\/li>\n<\/ul>\n<h3>Gewicht<\/h3>\n<ul>\n<li>8600 g (Herstellerangabe)<\/li>\n<\/ul>\n","protected":false},"excerpt":{"rendered":"<p>Evoc\u00a0Bike Bag 280L &#8211; Radreisetasche Die Evoc Bike Bag \u00fcberarbeitete von Evoc ist die kompakte L\u00f6sung f\u00fcr den Transport von nahezu jedem Bike-Typ. Im Handumdrehen ist das Rad im BIKE BAG sicher und stabil verpackt und komfortabel zum Start des n\u00e4chsten Abenteuers transportiert. Durch die aufrechte Platzierung des Rahmens in der Tasche werden die belastbaren Bereiche beim Fahrrad zur Ableitung\u2026<\/p>\n","protected":false},"featured_media":8220,"comment_status":"closed","ping_status":"closed","template":"","meta":[],"product_brand":[],"product_cat":[118,113],"product_tag":[],"class_list":{"0":"post-8188","1":"product","2":"type-product","3":"status-publish","4":"has-post-thumbnail","6":"product_cat-transport","7":"product_cat-zubehor","9":"first","10":"instock","11":"sale","12":"shipping-taxable","13":"purchasable","14":"product-type-simple"},"_links":{"self":[{"href":"https:\/\/fatbike-de.com\/index.php\/wp-json\/wp\/v2\/product\/8188","targetHints":{"allow":["GET"]}}],"collection":[{"href":"https:\/\/fatbike-de.com\/index.php\/wp-json\/wp\/v2\/product"}],"about":[{"href":"https:\/\/fatbike-de.com\/index.php\/wp-json\/wp\/v2\/types\/product"}],"replies":[{"embeddable":true,"href":"https:\/\/fatbike-de.com\/index.php\/wp-json\/wp\/v2\/comments?post=8188"}],"wp:featuredmedia":[{"embeddable":true,"href":"https:\/\/fatbike-de.com\/index.php\/wp-json\/wp\/v2\/media\/8220"}],"wp:attachment":[{"href":"https:\/\/fatbike-de.com\/index.php\/wp-json\/wp\/v2\/media?parent=8188"}],"wp:term":[{"taxonomy":"product_brand","embeddable":true,"href":"https:\/\/fatbike-de.com\/index.php\/wp-json\/wp\/v2\/product_brand?post=8188"},{"taxonomy":"product_cat","embeddable":true,"href":"https:\/\/fatbike-de.com\/index.php\/wp-json\/wp\/v2\/product_cat?post=8188"},{"taxonomy":"product_tag","embeddable":true,"href":"https:\/\/fatbike-de.com\/index.php\/wp-json\/wp\/v2\/product_tag?post=8188"}],"curies":[{"name":"wp","href":"https:\/\/api.w.org\/{rel}","templated":true}]}}