{"id":8214,"date":"2024-02-27T14:24:05","date_gmt":"2024-02-27T13:24:05","guid":{"rendered":"https:\/\/fatbike-de.com\/?post_type=product&#038;p=8214"},"modified":"2024-02-27T14:24:50","modified_gmt":"2024-02-27T13:24:50","slug":"thule-velospace-xt-2-938-fahrradtrager","status":"publish","type":"product","link":"https:\/\/fatbike-de.com\/index.php\/product\/thule-velospace-xt-2-938-fahrradtrager\/","title":{"rendered":"Thule VeloSpace XT 2 938 &#8211; Fahrradtr\u00e4ger"},"content":{"rendered":"<h2 class=\"product--title\"><strong>Thule<\/strong>\u00a0VeloSpace XT 2 938 &#8211; Fahrradtr\u00e4ger<\/h2>\n<p>Der Thule VeloSpace XT kompakte und <a href=\"http:\/\/1-1\">leichte<\/a> VeloCompact\u00a0 Fahrradtr\u00e4ger f\u00fcr 3 R\u00e4der von Thule f\u00fcr den Alltagsgebrauch. Die lassen sich durch abnehmbare Fahrradhaltearme mit abschlie\u00dfbaren Drehkn\u00f6pfen bequem aufladen.<\/p>\n<hr \/>\n<h3>Features &#8211; VeloCompact 926 Fahrradtr\u00e4ger f\u00fcr 3 R\u00e4der<\/h3>\n<ul>\n<li>Einfache Montage und Einstellung des Fahrradtr\u00e4gers vor dem Schlie\u00dfen des Spannhebels dank der stabilen Verbindung zur Anh\u00e4ngekupplung<\/li>\n<li>Die Transportkapazit\u00e4t l\u00e4sst sich durch Hinzuf\u00fcgen eines vierten Fahrradadapters auf 4 Fahrr\u00e4der erh\u00f6hen<\/li>\n<li>Bequemes Aufladen der Fahrr\u00e4der durch abnehmbare Fahrradhaltearme mit abschlie\u00dfbaren Drehkn\u00f6pfen<\/li>\n<li>Transportiert Fahrr\u00e4der mit gro\u00dfem Radstand dank einfach ausziehbarer Felgenhalter Praktischer Abklappmechanismus mit Fu\u00dfpedal erm\u00f6glicht einfachen Zugang zum Kofferraum, selbst mit Fahrr\u00e4dern auf dem Tr\u00e4ger<\/li>\n<li>Einfaches Befestigen der R\u00e4der durch lange Felgenhalteb\u00e4nder mit Ratschenfunktion<\/li>\n<li>Einfach zusammenzufalten und zu verstauen \u2013 passt in die Gep\u00e4ckr\u00e4ume der meisten Pkw<\/li>\n<li>Die Fahrr\u00e4der k\u00f6nnen am Fahrradtr\u00e4ger und der Fahrradtr\u00e4ger an der Anh\u00e4ngekupplung gesichert werden (Schl\u00f6sser im Lieferumfang enthalten)<\/li>\n<li>Vormontiert, kein Werkzeug erforderlich<\/li>\n<\/ul>\n<p><em><strong>Steckeranschluss &#8211; Nur f\u00fcr Fahrzeuge mit 13-poligem Stecker geeignet (Deutschland &amp; \u00d6sterreich)!<\/strong><\/em><\/p>\n<h3>Produkteigenschaften<\/h3>\n<ul>\n<li><strong>Max. Anzahl Fahrr\u00e4der:<\/strong>\u00a03<\/li>\n<li><strong>Zuladung:<\/strong>\u00a060 kg<\/li>\n<li><strong>Max. Gewicht pro Fahrrad:<\/strong>\u00a025 kg<\/li>\n<li><strong>Ma\u00dfe:\u00a0<\/strong>126 x 74 x 80 cm<\/li>\n<li><strong>Ma\u00dfe zusammengeklappt:<\/strong>\u00a0103 x 74 x 35 cm<\/li>\n<li><strong>Eignung f\u00fcr Rahmengr\u00f6\u00dfen:\u00a0<\/strong>22\u201380 mm<\/li>\n<li><strong>Abnehmbare Rahmenhalter:<\/strong>\u00a0Ja<\/li>\n<li><strong>Abstand zwischen Fahrr\u00e4dern:<\/strong>\u00a019 cm<\/li>\n<li><strong>Radmontage an verstellbaren Haltern:<\/strong>\u00a0Pump buckles<\/li>\n<li><strong>Abklappbar (mit Fahrr\u00e4dern):<\/strong>\u00a0Ja<\/li>\n<li><strong>R\u00fcckleuchten:\u00a0<\/strong>Ja<\/li>\n<li><strong>Steckeranschluss:<\/strong>\u00a013-pin<\/li>\n<li><strong>Fahrrad am Tr\u00e4ger abschlie\u00dfbar:\u00a0<\/strong>Ja<\/li>\n<li><strong>Tr\u00e4ger abschlie\u00dfbar am Fahrzeug:\u00a0<\/strong>Ja<\/li>\n<\/ul>\n<h3>Kompatibilit\u00e4t<\/h3>\n<ul>\n<li style=\"list-style-type: none\">\n<ul>\n<li>Kompatibel mit One-Key System<\/li>\n<li>Geeignet f\u00fcr Fahrzeuge mit Ersatzrad am Heck mit Adapter &#8222;Thule VeloCompact Spare Wheel Adapter&#8220;<\/li>\n<li><strong>Max. Reifenbreite:<\/strong>\u00a02,55\u201c<\/li>\n<li><strong>Max. Felgendurchmesser:<\/strong>\u00a029&#8243;<\/li>\n<li><strong>Max. Radabstand:<\/strong>\u00a01300mm<\/li>\n<\/ul>\n<\/li>\n<\/ul>\n<h3>Gewicht<\/h3>\n<ul>\n<li>19kg (Herstellerangabe)<\/li>\n<\/ul>\n<hr \/>\n<h3>Lieferumfang<\/h3>\n<ul>\n<li>1 Thule VeloCompact 926 Fahrradtr\u00e4ger f\u00fcr 3 R\u00e4der<\/li>\n<\/ul>\n<hr \/>\n<h3>Fahrradtr\u00e4ger &#8211; Thule VeloCompact 926<\/h3>\n","protected":false},"excerpt":{"rendered":"<p>Thule\u00a0VeloSpace XT 2 938 &#8211; Fahrradtr\u00e4ger Der Thule VeloSpace XT kompakte und leichte VeloCompact\u00a0 Fahrradtr\u00e4ger f\u00fcr 3 R\u00e4der von Thule f\u00fcr den Alltagsgebrauch. Die lassen sich durch abnehmbare Fahrradhaltearme mit abschlie\u00dfbaren Drehkn\u00f6pfen bequem aufladen. Features &#8211; VeloCompact 926 Fahrradtr\u00e4ger f\u00fcr 3 R\u00e4der Einfache Montage und Einstellung des Fahrradtr\u00e4gers vor dem Schlie\u00dfen des Spannhebels dank der stabilen Verbindung zur Anh\u00e4ngekupplung Die\u2026<\/p>\n","protected":false},"featured_media":8248,"comment_status":"closed","ping_status":"closed","template":"","meta":[],"product_brand":[],"product_cat":[118,113],"product_tag":[],"class_list":{"0":"post-8214","1":"product","2":"type-product","3":"status-publish","4":"has-post-thumbnail","6":"product_cat-transport","7":"product_cat-zubehor","9":"first","10":"instock","11":"sale","12":"shipping-taxable","13":"purchasable","14":"product-type-simple"},"_links":{"self":[{"href":"https:\/\/fatbike-de.com\/index.php\/wp-json\/wp\/v2\/product\/8214","targetHints":{"allow":["GET"]}}],"collection":[{"href":"https:\/\/fatbike-de.com\/index.php\/wp-json\/wp\/v2\/product"}],"about":[{"href":"https:\/\/fatbike-de.com\/index.php\/wp-json\/wp\/v2\/types\/product"}],"replies":[{"embeddable":true,"href":"https:\/\/fatbike-de.com\/index.php\/wp-json\/wp\/v2\/comments?post=8214"}],"wp:featuredmedia":[{"embeddable":true,"href":"https:\/\/fatbike-de.com\/index.php\/wp-json\/wp\/v2\/media\/8248"}],"wp:attachment":[{"href":"https:\/\/fatbike-de.com\/index.php\/wp-json\/wp\/v2\/media?parent=8214"}],"wp:term":[{"taxonomy":"product_brand","embeddable":true,"href":"https:\/\/fatbike-de.com\/index.php\/wp-json\/wp\/v2\/product_brand?post=8214"},{"taxonomy":"product_cat","embeddable":true,"href":"https:\/\/fatbike-de.com\/index.php\/wp-json\/wp\/v2\/product_cat?post=8214"},{"taxonomy":"product_tag","embeddable":true,"href":"https:\/\/fatbike-de.com\/index.php\/wp-json\/wp\/v2\/product_tag?post=8214"}],"curies":[{"name":"wp","href":"https:\/\/api.w.org\/{rel}","templated":true}]}}