{"id":8362,"date":"2024-02-27T14:25:59","date_gmt":"2024-02-27T13:25:59","guid":{"rendered":"https:\/\/fatbike-de.com\/?post_type=product&#038;p=8362"},"modified":"2024-02-27T14:27:24","modified_gmt":"2024-02-27T13:27:24","slug":"burley-cub-x-kinderanhanger","status":"publish","type":"product","link":"https:\/\/fatbike-de.com\/index.php\/product\/burley-cub-x-kinderanhanger\/","title":{"rendered":"Burley CUB X Kinderanh\u00e4nger"},"content":{"rendered":"<div class=\"product--headername\">\n<h2 class=\"product--title\"><strong>Burley<\/strong>\u00a0CUB X Kinderanh\u00e4nger<\/h2>\n<\/p><\/div>\n<p>Der Burley CUB X punktet durch Premium-Ausstattung mit einzeln verstellbaren Sitzen und zus\u00e4tzlichem Walking-Set. Die robuste und gefederte Kunststoffbodenwanne ist speziell entwickelt f\u00fcr hohe Belastungen und anspruchsvolle Bedingungen.<\/p>\n<hr \/>\n<h3>Features &#8211; CUB X Kinderanh\u00e4nger<\/h3>\n<ul>\n<li>Robuster Begleiter mit Top-Ausstattung<\/li>\n<li>Walking-Option zur zus\u00e4tzlichen Verwendung als Schiebewagen<\/li>\n<li>Fahrrad-Option mit Deichsel und Kupplung zur Befestigung am Zugfahrrad<\/li>\n<li>Robuste Kunststoffbodenwanne<\/li>\n<li>Sto\u00dfabsorbierende und d\u00e4mpfende Federung, nach Gewicht einstellbar<\/li>\n<li>Zwei unabh\u00e4ngig voneinander verstellbare Sitze, 3 Positionen von aufrecht bis Halb-Liegeposition<\/li>\n<li>Premium Sitz-Polsterung mit abnehmbaren Kopfst\u00fctzen und Paspeln in Verdeckfarbe<\/li>\n<li>Gepolstertes 5-Punkte-Sicherheitsgurtsystem<\/li>\n<li>Extra Ellbogenfreiheit und mehr Innenraum durch Verbreiterung im Schulterbereich<\/li>\n<li>Wasserabweisendes Allwetterverdeck mit integriertem Insektennetz und wasserfesten Rei\u00dfverschl\u00fcssen<\/li>\n<li>Verstellbarer Sonnenschutz, im Verdeck versenkbar<\/li>\n<li>Rundum Fensterscheiben mit hohem UV Schutz<\/li>\n<li>Abgetrennter Stauraum hinten, zahlreiche Innentaschen<\/li>\n<li>R\u00fcckenlehne abclipbar, zum LastentransportNeue bedienfreundliche Deichselaufnahme zum schnellen Umr\u00fcsten der Burley-Sets<\/li>\n<li>Leichtlaufende 20\u201c Push-Button-Laufr\u00e4der, kugelgelagert, mit d\u00e4mpfender Komfort-Bereifung und seitlichen Reflektorstreifen<\/li>\n<li>Stabile Fahrgastzelle aus hochfestem Aluminium<\/li>\n<li>Ergonomisch geformter Schiebeb\u00fcgel, individuell einstellbar mit Sicherheitsfangleine<\/li>\n<li>Einfach per Fu\u00df zu bedienende Feststellbremse<\/li>\n<li>Integrierte, seitliche Radabweiser verhindern \u201eEinf\u00e4deln\u201c an Hindernissen<\/li>\n<li>LED-R\u00fccklicht und Rundum-Reflektoren f\u00fcr optimale Sichtbarkeit in der D\u00e4mmerung und Dunkelheit<\/li>\n<li>Kompakt zusammenfaltbar f\u00fcr Transport und AufbewahrungKompatibel mit fast allen Burley Zubeh\u00f6r-Sets<\/li>\n<\/ul>\n<h3>Produkteigenschaften<\/h3>\n<ul>\n<li><strong>Sitzpl\u00e4tze:<\/strong>\u00a02<\/li>\n<li><strong>Zuladung:\u00a0<\/strong>45kg<\/li>\n<li><strong>Stauraum:<\/strong>\u00a051,6 L<\/li>\n<li><strong>Radgr\u00f6\u00dfe:\u00a0<\/strong>20\u201d<\/li>\n<li><strong>H\u00f6he Schiebeb\u00fcgel:<\/strong>\u00a076,2 &#8211; 129,5cm<\/li>\n<li><strong>UV-Schutzgrad Fenster:\u00a0<\/strong>UPF 50+<\/li>\n<\/ul>\n<h3>Abmessungen<\/h3>\n<ul>\n<li><strong>Sitzh\u00f6he innen:<\/strong>\u00a057,1cm<\/li>\n<li><strong>Schulterbreite innen:<\/strong>\u00a066cm<\/li>\n<li><strong>Sitzbreite innen:<\/strong>\u00a057,1cm<\/li>\n<li><strong>Beinfreiheit:<\/strong>\u00a049,5cm<\/li>\n<li><strong>H\u00f6he Schiebeb\u00fcgel:<\/strong>\u00a076,2 &#8211; 129,5cm<\/li>\n<li><strong>Gr\u00f6\u00dfe ge\u00f6ffnet LxBxH:\u00a0<\/strong>92,7 x 76,2 x 99cm<\/li>\n<li><strong>Gr\u00f6\u00dfe gefaltet LxBxH:\u00a0<\/strong>92,7 x 76,2 x 38,1cm<\/li>\n<\/ul>\n<h3>Farbe<\/h3>\n<ul>\n<li>hellrot<\/li>\n<\/ul>\n<h3>Gewicht<\/h3>\n<ul>\n<li>17,2kg (Herstellerangabe)<\/li>\n<\/ul>\n<hr \/>\n<h3>Lieferumfang<\/h3>\n<ul>\n<li>1 Burley CUB X Kinderanh\u00e4nger<\/li>\n<li>1 Burley Anh\u00e4ngerkupplung mit 1-Rad-Kinderwagen und Kupplung<\/li>\n<li>1 Burley Sicherheitsflagge<\/li>\n<li>1 Burley Benutzer-Handbuch<\/li>\n<li>2 Burley R\u00e4der<\/li>\n<li>2 Burley Radschutzb\u00fcgel<\/li>\n<\/ul>\n<hr \/>\n<h3>Burley CUB X Kinderanh\u00e4nger<\/h3>\n","protected":false},"excerpt":{"rendered":"<p>Burley\u00a0CUB X Kinderanh\u00e4nger Der Burley CUB X punktet durch Premium-Ausstattung mit einzeln verstellbaren Sitzen und zus\u00e4tzlichem Walking-Set. Die robuste und gefederte Kunststoffbodenwanne ist speziell entwickelt f\u00fcr hohe Belastungen und anspruchsvolle Bedingungen. Features &#8211; CUB X Kinderanh\u00e4nger Robuster Begleiter mit Top-Ausstattung Walking-Option zur zus\u00e4tzlichen Verwendung als Schiebewagen Fahrrad-Option mit Deichsel und Kupplung zur Befestigung am Zugfahrrad Robuste Kunststoffbodenwanne Sto\u00dfabsorbierende und d\u00e4mpfende\u2026<\/p>\n","protected":false},"featured_media":8427,"comment_status":"closed","ping_status":"closed","template":"","meta":[],"product_brand":[],"product_cat":[121,113],"product_tag":[],"class_list":{"0":"post-8362","1":"product","2":"type-product","3":"status-publish","4":"has-post-thumbnail","6":"product_cat-fahrradanhanger","7":"product_cat-zubehor","9":"first","10":"instock","11":"sale","12":"shipping-taxable","13":"purchasable","14":"product-type-simple"},"_links":{"self":[{"href":"https:\/\/fatbike-de.com\/index.php\/wp-json\/wp\/v2\/product\/8362","targetHints":{"allow":["GET"]}}],"collection":[{"href":"https:\/\/fatbike-de.com\/index.php\/wp-json\/wp\/v2\/product"}],"about":[{"href":"https:\/\/fatbike-de.com\/index.php\/wp-json\/wp\/v2\/types\/product"}],"replies":[{"embeddable":true,"href":"https:\/\/fatbike-de.com\/index.php\/wp-json\/wp\/v2\/comments?post=8362"}],"wp:featuredmedia":[{"embeddable":true,"href":"https:\/\/fatbike-de.com\/index.php\/wp-json\/wp\/v2\/media\/8427"}],"wp:attachment":[{"href":"https:\/\/fatbike-de.com\/index.php\/wp-json\/wp\/v2\/media?parent=8362"}],"wp:term":[{"taxonomy":"product_brand","embeddable":true,"href":"https:\/\/fatbike-de.com\/index.php\/wp-json\/wp\/v2\/product_brand?post=8362"},{"taxonomy":"product_cat","embeddable":true,"href":"https:\/\/fatbike-de.com\/index.php\/wp-json\/wp\/v2\/product_cat?post=8362"},{"taxonomy":"product_tag","embeddable":true,"href":"https:\/\/fatbike-de.com\/index.php\/wp-json\/wp\/v2\/product_tag?post=8362"}],"curies":[{"name":"wp","href":"https:\/\/api.w.org\/{rel}","templated":true}]}}