{"id":8365,"date":"2024-02-27T14:26:00","date_gmt":"2024-02-27T13:26:00","guid":{"rendered":"https:\/\/fatbike-de.com\/?post_type=product&#038;p=8365"},"modified":"2024-02-27T14:28:05","modified_gmt":"2024-02-27T13:28:05","slug":"thule-chariot-sport-2","status":"publish","type":"product","link":"https:\/\/fatbike-de.com\/index.php\/product\/thule-chariot-sport-2\/","title":{"rendered":"Thule Chariot Sport 2"},"content":{"rendered":"<div class=\"product--headername\">\n<h2 class=\"product--title\"><strong>Thule<\/strong> Chariot Sport 2<\/h2>\n<\/p><\/div>\n<div>\n<p>Der Thule Chariot Sport, Joggingtransporter und <a href=\"http:\/\/1-1\">Buggy<\/a> in gro\u00dfartiger Ausf\u00fchrung, mit tollem Komfort und Stil f\u00fcr sportlich Aktive und deren Kinder.<\/p>\n<hr \/>\n<h3>Features &#8211; Thule Chariot Sport 2<\/h3>\n<ul>\n<li>4 Aktivit\u00e4ten \u2013 bestens geeignet f\u00fcr alle vier Aktivit\u00e4ten: Radfahren, Joggen, Spazierengehen und Skilanglauf<\/li>\n<li>Kompakt zusammenklappbar zum Transport<\/li>\n<li>Liegesitz \u2013 mit einer Hand praktisch zu verstellen<\/li>\n<li>Das Thule VersaWing System \u2013 erm\u00f6glicht schnelles und einfaches Umr\u00fcsten zwischen verschiedenen Aktivit\u00e4ten unabh\u00e4ngig vom verwendeten Set<\/li>\n<li>Einstellbare Federung \u2013 Blattfedern sorgen f\u00fcr eine sanfte Fahrt<\/li>\n<li>Handbet\u00e4tigte Scheibenbremse \u2013 f\u00fcr eine verbesserte Kontrolle bei starkem Gef\u00e4lle und beim Laufen<\/li>\n<li>Einstellbare Federung, vollst\u00e4ndig gepolsterte Sitze und ein klimatisierter Innenraum mit abnehmbaren Fenstern und mehrfach verstellbarer Sonnenblende sorgen f\u00fcr eine sanfte Fahrt<\/li>\n<li>Klimatisierter Innenraum \u2013 mit abnehmbaren Fenstern und mehrfach verstellbarer Sonnenblende<\/li>\n<li>R\u00fcckleuchte f\u00fcr erh\u00f6hte Sichtbarkeit und Sicherheit im Lieferumfang enthalten<\/li>\n<li>Thule Click n\u2019 Store \u2013 bequemes Mitf\u00fchren des Spazier-, Jogging- und Radfahr-Sets an Bord, wenn du zwischen verschiedenen Aktivit\u00e4ten wechseln m\u00f6chten<\/li>\n<li>Verstellbarer Schiebeb\u00fcgel \u2013 der ergonomische, verstellbare Schiebeb\u00fcgel bietet Eltern maximalen Komfort<\/li>\n<li>Besonders komfortabel mit vollst\u00e4ndig gepolsterten Sitzen \u2013 herausnehmbar und leicht zu reinigen<\/li>\n<li>XL-Laderaum \u2013 l\u00e4sst sich f\u00fcr mehr Beinfreiheit beim Joggen verstauen<\/li>\n<li>Thule Click n\u2019 Store \u2013 bequemes Mitf\u00fchren des Spazier-, Jogging- und Radfahr-Sets an Bord, wenn du zwischen verschiedenen Aktivit\u00e4ten wechseln m\u00f6chtest<\/li>\n<li>Leicht verstellbare L\u00fcftungsschlitze sorgen f\u00fcr einen optimalen Luftstrom und Klimatisierung, abnehmbare Klemmen sorgen f\u00fcr mehr Bel\u00fcftung bei Verwendung eines Regenverdecks<\/li>\n<li>Fahrradanh\u00e4nger- und Buggy-Set inbegriffen<\/li>\n<\/ul>\n<h3>Produkteigenschaften<\/h3>\n<ul>\n<li><strong>Tragf\u00e4higkeit<\/strong>: 45 kg<\/li>\n<li><strong>Ma\u00dfe zusammengeklappt<\/strong>: 87 x 80 x 37,5 cm<\/li>\n<li><strong>Schulterbreite<\/strong>: 57 cm<\/li>\n<li><strong>Sitzh\u00f6he<\/strong>: 68 cm<\/li>\n<li><strong>Kompatible T\u00fcrsteher<\/strong>: 80 cm<\/li>\n<li><strong>Sicherheitsgurt<\/strong>: 5-point<\/li>\n<li><strong>Erf\u00fcllt die Sicherheitsnormen:<\/strong>\u00a0Ja<\/li>\n<li><strong>Kinder<\/strong>: 1-2<\/li>\n<\/ul>\n<h3>Farbe<\/h3>\n<ul>\n<li>midnight black<\/li>\n<\/ul>\n<h3>Gewicht<\/h3>\n<ul>\n<li>15,9kg<\/li>\n<\/ul>\n<hr \/>\n<h3>Lieferumfang<\/h3>\n<ul>\n<li>Thule Chariot Sport 2<\/li>\n<li>Fahrrad- und Buggyset<\/li>\n<\/ul>\n<p><em>Jogging- und Langlauf-Kit k\u00f6nnen separat erworben werden<\/em><\/p>\n<hr \/>\n<h3>Multisport trailer<\/h3>\n<\/p><\/div>\n<div class=\"image-slider--container\"><\/div>\n","protected":false},"excerpt":{"rendered":"<p>Thule Chariot Sport 2 Der Thule Chariot Sport, Joggingtransporter und Buggy in gro\u00dfartiger Ausf\u00fchrung, mit tollem Komfort und Stil f\u00fcr sportlich Aktive und deren Kinder. Features &#8211; Thule Chariot Sport 2 4 Aktivit\u00e4ten \u2013 bestens geeignet f\u00fcr alle vier Aktivit\u00e4ten: Radfahren, Joggen, Spazierengehen und Skilanglauf Kompakt zusammenklappbar zum Transport Liegesitz \u2013 mit einer Hand praktisch zu verstellen Das Thule VersaWing\u2026<\/p>\n","protected":false},"featured_media":8456,"comment_status":"closed","ping_status":"closed","template":"","meta":[],"product_brand":[],"product_cat":[121,113],"product_tag":[],"class_list":{"0":"post-8365","1":"product","2":"type-product","3":"status-publish","4":"has-post-thumbnail","6":"product_cat-fahrradanhanger","7":"product_cat-zubehor","9":"first","10":"instock","11":"sale","12":"shipping-taxable","13":"purchasable","14":"product-type-variable"},"_links":{"self":[{"href":"https:\/\/fatbike-de.com\/index.php\/wp-json\/wp\/v2\/product\/8365","targetHints":{"allow":["GET"]}}],"collection":[{"href":"https:\/\/fatbike-de.com\/index.php\/wp-json\/wp\/v2\/product"}],"about":[{"href":"https:\/\/fatbike-de.com\/index.php\/wp-json\/wp\/v2\/types\/product"}],"replies":[{"embeddable":true,"href":"https:\/\/fatbike-de.com\/index.php\/wp-json\/wp\/v2\/comments?post=8365"}],"wp:featuredmedia":[{"embeddable":true,"href":"https:\/\/fatbike-de.com\/index.php\/wp-json\/wp\/v2\/media\/8456"}],"wp:attachment":[{"href":"https:\/\/fatbike-de.com\/index.php\/wp-json\/wp\/v2\/media?parent=8365"}],"wp:term":[{"taxonomy":"product_brand","embeddable":true,"href":"https:\/\/fatbike-de.com\/index.php\/wp-json\/wp\/v2\/product_brand?post=8365"},{"taxonomy":"product_cat","embeddable":true,"href":"https:\/\/fatbike-de.com\/index.php\/wp-json\/wp\/v2\/product_cat?post=8365"},{"taxonomy":"product_tag","embeddable":true,"href":"https:\/\/fatbike-de.com\/index.php\/wp-json\/wp\/v2\/product_tag?post=8365"}],"curies":[{"name":"wp","href":"https:\/\/api.w.org\/{rel}","templated":true}]}}