{"id":8496,"date":"2024-02-27T14:28:09","date_gmt":"2024-02-27T13:28:09","guid":{"rendered":"https:\/\/fatbike-de.com\/?post_type=product&#038;p=8496"},"modified":"2024-02-27T14:28:25","modified_gmt":"2024-02-27T13:28:25","slug":"mondraker-foxy-29","status":"publish","type":"product","link":"https:\/\/fatbike-de.com\/index.php\/product\/mondraker-foxy-29\/","title":{"rendered":"Mondraker FOXY 29"},"content":{"rendered":"<h2 class=\"content--title\"><strong>Mondraker<\/strong>\u00a0FOXY 29<\/h2>\n<p>Das leichte Enduro Mondraker FOXY 29 der spanischen Edelmarke Mondraker erf\u00fcllt alle Anspr\u00fcche. Das Bike mit Fox-Fahrwerk vorne 160mm und hinten 150mm bietet genug Reserven f\u00fcr wilde Ausritte auf den h\u00e4rtesten Trails und ist auch bergauf richtig fix. Es bietet enorm viel Bike f\u00fcrs Geld und ist ein starker Kandidat f\u00fcr DAS Enduro Bike der Saison.<\/p>\n<hr \/>\n<h3>Features &#8211; MONDRAKER FOXY 29<\/h3>\n<p>Der cool designte Rahmen mit auff\u00e4lliger Formgebung bietet einen hohen Wiedererkennungswert und ist sofort als Mondraker MTB zu identifizieren. Dazu sieht der Rahmen des Foxy nicht einfach nur gut aus, er wirkt auch gestreckter als bei anderen Mountainbikes. Und tats\u00e4chlich \u2013 der Eindruck t\u00e4uscht nicht. Dies liegt an der innovativen Mondraker Forward Geometry: der l\u00e4ngere Reach, der durch das verl\u00e4ngerte Oberrohr entsteht, erm\u00f6glicht einen l\u00e4ngeren Radstand, was mehr Kontrolle und Souver\u00e4nit\u00e4t verspricht. Der Fahrer r\u00fcckt weiter vom Vorderrad weg, weshalb der Vorbau mit 30mm sehr kurz ausf\u00e4llt.<\/p>\n<p>Der SRAM Eagle 1&#215;12-fach Antrieb bietet gen\u00fcgend Bandbreite f\u00fcr harte Anstiege. Bei knackigen Abfahrten wird das Bike zuverl\u00e4ssig durch die SRAM Bremsanlage verz\u00f6gert. Die Bremsscheiben mit einem Durchmesser von 200 mm vorne und 180 mm hinten bieten gen\u00fcgend Reserven, um sicher vom h\u00f6chsten Gipfel nach unten zu kommen. Dabei sorgen die Maxxis Reifen f\u00fcr zuverl\u00e4ssigen Grip.<\/p>\n<hr \/>\n<h3>Technologien<\/h3>\n<h4><strong>ZERO SUSPENSION SYSTEM<\/strong><\/h4>\n<p>Zero ist Mondrakers patentiertes effizientestes und leistungsst\u00e4rkstes Premium-Federungssystem. ist eine Dual-Link-Konstruktion mit einem D\u00e4mpfer, der schwimmend zwischen den beiden Gelenken gelagert ist und an beiden Enden Kr\u00e4fte aufnehmen kann. Dadurch spricht die hintere Federung extrem sensibel auf kleine St\u00f6\u00dfe an und schluckt zugleich gro\u00dfe Schl\u00e4ge.<\/p>\n<p>Die wesentlichen Vorteile der \u00fcberlegenen Zero-Technologie sind null Leistungsverlust \u2013 dank absolut wippfreiem Fahren beim Pedalieren; null Pedalr\u00fcckschlag \u2013 dank minimaler Kettenl\u00e4ngung beim Einfedern; null Brems-Federungsverh\u00e4rtung \u2013 dank isolierter Brems- und Federkr\u00e4fte; und null St\u00f6\u00dfe \u2013 dank ihrer herausragenden F\u00e4higkeit, jeden Sto\u00df aufzusaugen und so wirksam den Bodenkontakt des Hinterrads zu halten.<\/p>\n<h4><strong>FORWARD GEOMETRY<\/strong><\/h4>\n<p>Mondrakers propriet\u00e4re Forward Geometry ist bis heute technologisch einzigartig und f\u00fchrend. Sie hat bewiesen, dass sie die Geometriereferenz f\u00fcr heutige High-End-Performance Mountainbikes ist.<\/p>\n<p>Die entscheidenden Vorteile der Forward Geometry sind eine erh\u00f6hte Sicherheit und ein gr\u00f6\u00dferes Zutrauen beim Fahren von steilen Abfahrten \u2013 auch bei hohen Geschwindigkeiten; ein reaktiveres, pr\u00e4ziseres und direkteres Handling; h\u00f6here Uphill-Pr\u00e4zision und mehr Stabilit\u00e4t auf technischen und rauen Terrains dank besserem Grip und insgesamt verbesserter Kontrolle. In dieser Saison bieten wir dir die gr\u00f6\u00dfte Auswahl an FG-Modellen.<\/p>\n<p>Basierend auf einer Geometrie mit l\u00e4ngerem Reach und l\u00e4ngeren Oberrohren, ist die Sitzposition mit FG30-Vorbau (30 mm) perfekt ausbalanciert f\u00fcr jedes Bike-Modell und jeden Einsatzzweck. Die Extra-Verl\u00e4ngerung des Oberrohrs wird bei allen FG-Modellen und jeder Rahmengr\u00f6\u00dfe mit unserem patentierten FG30-Vorbau ausgeglichen. Der Front-Mitte-Abstand vergr\u00f6\u00dfert sich und bewirkt ein verl\u00e4ssliches Fahrverhalten, das dich schneller und leichter fahren l\u00e4sst und noch mehr Fahrspa\u00df bietet.<\/p>\n<h4><strong>STEALTH ALLOY<\/strong><\/h4>\n<p>Stealth Alloy umfasst alle Prozesse der Rahmenentwicklung, von der Konstruktion bis zur spezifischen Fertigung jedes einzelnen Rohres mit der Berechnung der pr\u00e4zisesten Details. Jedes Rohr und Bauteil wird sorgf\u00e4ltig konstruiert, damit es eine spezifische Funktion erf\u00fcllt, und dabei wird das geringstm\u00f6gliche Gewicht angestrebt. Die Stealth-Technologie wird Jahr f\u00fcr Jahr durch optimierte Formen und interne Neuerungen weiterentwickelt, um das beste Fahrerlebnis mit den Mondraker-Aluminiumrahmen zu bieten.<\/p>\n<h2>Ausstattung<\/h2>\n<div class=\"product--properties panel has--border\">\n<table class=\"product--properties-table\">\n<tbody>\n<tr class=\"product--properties-row row1\">\n<td class=\"product--properties-label is--bold\">Rahmen:<\/td>\n<td class=\"product--properties-value\">Foxy 29 6061 Alloy Stealth Evo, hydroformed tubing, Zero Suspension System, 150mm travel, Forward Geometry, one piece Monoblock upper link, Boost 12x148mm rear axle, 73mm BSA bottom bracket, dedicated 1x drivetrain design, telescopic seatpost internal rou<\/td>\n<\/tr>\n<tr class=\"product--properties-row row2\">\n<td class=\"product--properties-label is--bold\">Rahmenmaterial:<\/td>\n<td class=\"product--properties-value\">Aluminium<\/td>\n<\/tr>\n<tr class=\"product--properties-row row3\">\n<td class=\"product--properties-label is--bold\">Laufradgr\u00f6\u00dfe:<\/td>\n<td class=\"product--properties-value\">29&#8243;<\/td>\n<\/tr>\n<tr class=\"product--properties-row row4\">\n<td class=\"product--properties-label is--bold\">Farbe:<\/td>\n<td class=\"product--properties-value\">Black &#8211; Nimbus Grey &#8211; Flame Red<\/td>\n<\/tr>\n<tr class=\"product--properties-row row5\">\n<td class=\"product--properties-label is--bold\">Gabel:<\/td>\n<td class=\"product--properties-value\">Fox 36 29 Float GRIP EVOL Rhythm, 160mm, tapered steerer tube, Boost 15x110mm axle, offset 44mm. Settings: sweep adjust compression, low-speed rebound, air preload<\/td>\n<\/tr>\n<tr class=\"product--properties-row row6\">\n<td class=\"product--properties-label is--bold\">D\u00e4mpfer:<\/td>\n<td class=\"product--properties-value\">Fox Float DPS LV EVOL Performance, 205&#215;62.5mm. Settings: rebound, 3-position compression adjustment (Open\/Mid\/Lock), air preload. Trunnion top mount, 22.2x10mm bottom bushings<\/td>\n<\/tr>\n<tr class=\"product--properties-row row7\">\n<td class=\"product--properties-label is--bold\">Federweg:<\/td>\n<td class=\"product--properties-value\">160mm<\/td>\n<\/tr>\n<tr class=\"product--properties-row row8\">\n<td class=\"product--properties-label is--bold\">Bremsen:<\/td>\n<td class=\"product--properties-value\">Sram G2 R, 4-piston caliper, Centerline IS 6 bolts one-piece rotor, steel-backed organic pads<\/td>\n<\/tr>\n<tr class=\"product--properties-row row9\">\n<td class=\"product--properties-label is--bold\">Bremsscheiben:<\/td>\n<td class=\"product--properties-value\">200mm \/ 180mm<\/td>\n<\/tr>\n<tr class=\"product--properties-row row10\">\n<td class=\"product--properties-label is--bold\">Bremshebel:<\/td>\n<td class=\"product--properties-value\">Sram G2 R, tool-free reach adjust<\/td>\n<\/tr>\n<tr class=\"product--properties-row row11\">\n<td class=\"product--properties-label is--bold\">Steuersatz:<\/td>\n<td class=\"product--properties-value\">Onoff Saturn tapered for 1-1\/8\u201d to 1-1\/2\u201d head tube, ACB sealed bearings, top 41&#215;30.2x7x45\u00bax45\u00ba, bottom 51.9x40x8x45\u00bax45\u00ba<\/td>\n<\/tr>\n<tr class=\"product--properties-row row12\">\n<td class=\"product--properties-label is--bold\">Vorbau:<\/td>\n<td class=\"product--properties-value\">Onoff Sulfur FG 30mm 0\u00ba, 6061 forged alloy, 31.8mm barbore<\/td>\n<\/tr>\n<tr class=\"product--properties-row row13\">\n<td class=\"product--properties-label is--bold\">Lenker:<\/td>\n<td class=\"product--properties-value\">ONOFF Sulfur 1.0 double butted 6061 alloy, rise: 20mm, width: 800mm, 9\u00ba backsweep, 5\u00ba upsweep, 31.8mm barbore<\/td>\n<\/tr>\n<tr class=\"product--properties-row row14\">\n<td class=\"product--properties-label is--bold\">Griffe:<\/td>\n<td class=\"product--properties-value\">Onoff Twin, 1lock-on, 135mm<\/td>\n<\/tr>\n<tr class=\"product--properties-row row15\">\n<td class=\"product--properties-label is--bold\">Sattel:<\/td>\n<td class=\"product--properties-value\">SDG BEL-AIR 3.0, LPU foam, steel rails<\/td>\n<\/tr>\n<\/tbody>\n<\/table>\n<table class=\"product--properties-table\">\n<tbody>\n<tr class=\"product--properties-row row16\">\n<td class=\"product--properties-label is--bold\">Sattelst\u00fctze:<\/td>\n<td class=\"product--properties-value\">Onoff Pija dropper internal, diameter 31.6mm, S size: 405&#215;95-125mm, M size 458&#215;120-150mm, L size: 498&#215;140-170mm, XL size: 498&#215;140-170mm<\/td>\n<\/tr>\n<tr class=\"product--properties-row row17\">\n<td class=\"product--properties-label is--bold\">\n<h5>Kurbel:<\/h5>\n<\/td>\n<td class=\"product--properties-value\">Sram SX Eagle, Boost, DUB axle, Direct Mount chain ring, S\/M size: 170mm, L\/XL size: 175mm, 32T, steel, X-Sync 2<\/td>\n<\/tr>\n<tr class=\"product--properties-row row18\">\n<td class=\"product--properties-label is--bold\">Tretlager\/Innenlager:<\/td>\n<td class=\"product--properties-value\">Sram DUB BSA, sealed bearings, 73mm<\/td>\n<\/tr>\n<tr class=\"product--properties-row row19\">\n<td class=\"product--properties-label is--bold\">Schaltwerk:<\/td>\n<td class=\"product--properties-value\">Sram SX Eagle, Type 3 roller bearing clutch, cage lock, long cage, 1x12s<\/td>\n<\/tr>\n<tr class=\"product--properties-row row20\">\n<td class=\"product--properties-label is--bold\">Schalthebel:<\/td>\n<td class=\"product--properties-value\">Sram Trigger SX Eagle, 12s, X-Actuation 1:1<\/td>\n<\/tr>\n<tr class=\"product--properties-row row21\">\n<td class=\"product--properties-label is--bold\">Kassette:<\/td>\n<td class=\"product--properties-value\">Sram PG-1210, 11-50T, 12s<\/td>\n<\/tr>\n<tr class=\"product--properties-row row22\">\n<td class=\"product--properties-label is--bold\">Kette:<\/td>\n<td class=\"product--properties-value\">Sram SX Eagle, 12s, Powerlock<\/td>\n<\/tr>\n<tr class=\"product--properties-row row23\">\n<td class=\"product--properties-label is--bold\">Reifen vorne:<\/td>\n<td class=\"product--properties-value\">Maxxis Minion DHF 29&#215;2.5 WT, tubeless ready, 3C MAXX TERRA compound, EXO+ protection, 120TPI, folding bead<\/td>\n<\/tr>\n<tr class=\"product--properties-row row24\">\n<td class=\"product--properties-label is--bold\">Reifen hinten:<\/td>\n<td class=\"product--properties-value\">Maxxis Aggressor 29&#215;2.3, tubeless ready, dual compound, Exo protection, 60TPI, folding bead<\/td>\n<\/tr>\n<tr class=\"product--properties-row row25\">\n<td class=\"product--properties-label is--bold\">Nabe Vorderrad:<\/td>\n<td class=\"product--properties-value\">e*thirteen Boost 15x110mm, triple-sealed, fully machined aluminum, IS 6 bolts<\/td>\n<\/tr>\n<tr class=\"product--properties-row row26\">\n<td class=\"product--properties-label is--bold\">Nabe Hinterrad:<\/td>\n<td class=\"product--properties-value\">e*thirteen Boost 12x148mm, triple-sealed, fully machined aluminum w\/6-degree engagement, IS 6 bolts, Shimano freehub<\/td>\n<\/tr>\n<tr class=\"product--properties-row row27\">\n<td class=\"product--properties-label is--bold\">Speichen:<\/td>\n<td class=\"product--properties-value\">e*thirteen custom Hive triple-butted black steel, alloy nipples, nipple washers<\/td>\n<\/tr>\n<tr class=\"product--properties-row row28\">\n<td class=\"product--properties-label is--bold\">Felgen:<\/td>\n<td class=\"product--properties-value\">e*thirteen LG1 Enduro, IW30 Hookless, 6069 Welded Aluminum, 30mm internal width, tubeless ready, 28 spokes<\/td>\n<\/tr>\n<tr class=\"product--properties-row row29\">\n<td class=\"product--properties-label is--bold\">Pedale:<\/td>\n<td class=\"product--properties-value\">nicht im Lieferumfang enthalten<\/td>\n<\/tr>\n<tr class=\"product--properties-row row30\">\n<td class=\"product--properties-label is--bold\">Sonstiges:<\/td>\n<td class=\"product--properties-value\">Derailleur hanger: Mondraker M068<\/td>\n<\/tr>\n<tr class=\"product--properties-row row31\">\n<td class=\"product--properties-label is--bold\">Gewicht Komplettrad:<\/td>\n<td class=\"product--properties-value\">15.6 kg<\/td>\n<\/tr>\n<\/tbody>\n<\/table><\/div>\n","protected":false},"excerpt":{"rendered":"<p><strong><label>EAN: <span style=\"font-size: 16px\">8435392857956<\/span><\/label><label>Modelljahr: <span style=\"font-size: 16px\">2023<\/span><\/label><\/strong><\/p>\n","protected":false},"featured_media":8500,"comment_status":"closed","ping_status":"closed","template":"","meta":[],"product_brand":[],"product_cat":[95,106,96],"product_tag":[],"class_list":{"0":"post-8496","1":"product","2":"type-product","3":"status-publish","4":"has-post-thumbnail","6":"product_cat-fahrrad","7":"product_cat-fullsuspension","8":"product_cat-mountainbike","10":"first","11":"instock","12":"sale","13":"shipping-taxable","14":"purchasable","15":"product-type-variable"},"_links":{"self":[{"href":"https:\/\/fatbike-de.com\/index.php\/wp-json\/wp\/v2\/product\/8496","targetHints":{"allow":["GET"]}}],"collection":[{"href":"https:\/\/fatbike-de.com\/index.php\/wp-json\/wp\/v2\/product"}],"about":[{"href":"https:\/\/fatbike-de.com\/index.php\/wp-json\/wp\/v2\/types\/product"}],"replies":[{"embeddable":true,"href":"https:\/\/fatbike-de.com\/index.php\/wp-json\/wp\/v2\/comments?post=8496"}],"wp:featuredmedia":[{"embeddable":true,"href":"https:\/\/fatbike-de.com\/index.php\/wp-json\/wp\/v2\/media\/8500"}],"wp:attachment":[{"href":"https:\/\/fatbike-de.com\/index.php\/wp-json\/wp\/v2\/media?parent=8496"}],"wp:term":[{"taxonomy":"product_brand","embeddable":true,"href":"https:\/\/fatbike-de.com\/index.php\/wp-json\/wp\/v2\/product_brand?post=8496"},{"taxonomy":"product_cat","embeddable":true,"href":"https:\/\/fatbike-de.com\/index.php\/wp-json\/wp\/v2\/product_cat?post=8496"},{"taxonomy":"product_tag","embeddable":true,"href":"https:\/\/fatbike-de.com\/index.php\/wp-json\/wp\/v2\/product_tag?post=8496"}],"curies":[{"name":"wp","href":"https:\/\/api.w.org\/{rel}","templated":true}]}}