{"id":8758,"date":"2024-02-27T14:30:29","date_gmt":"2024-02-27T13:30:29","guid":{"rendered":"https:\/\/fatbike-de.com\/?post_type=product&#038;p=8758"},"modified":"2024-02-27T14:30:42","modified_gmt":"2024-02-27T13:30:42","slug":"shimano-steps-bt-e8020-504wh-akku-integriert","status":"publish","type":"product","link":"https:\/\/fatbike-de.com\/index.php\/product\/shimano-steps-bt-e8020-504wh-akku-integriert\/","title":{"rendered":"Shimano STEPS BT-E8020 504Wh Akku integriert"},"content":{"rendered":"<h2 class=\"product--title\"><strong>Shimano<\/strong>\u00a0STEPS BT-E8020 504Wh Akku integriert<\/h2>\n<p>Der Shimano STEPS BT-E8020 extrem strapazierf\u00e4hige und wasserfeste Shimano Steps Akku besitzt ein speziell f\u00fcr E-MTBs entwickeltes Low-Profile-Design f\u00fcr mehr Sto\u00df- und Vibrationsfestigkeit. Der Hochleistungs-Akku mit ausgezeichneter Reichweite sowie 504 Wh bietet konsistente Wiederaufladung und ist mit der\u00a0 Serie kompatibel.<\/p>\n<hr \/>\n<h3>Features &#8211; Shimano Steps BT-E8020 Integrierter Akku f\u00fcr Unterrohr 504Wh<\/h3>\n<ul>\n<li>Der Akku BT-E8020 ist speziell f\u00fcr das SHIMANO STEPS System konzipiert, l\u00e4sst sich nahtlos in das Unterrohr integrieren und verf\u00fcgt \u00fcber eine Kapazit\u00e4t von 504 Wh<\/li>\n<li>Optimaler Schutz vor Witterungseinfl\u00fcssen, Oberfl\u00e4chensch\u00e4den und K\u00e4lte<\/li>\n<li>Hergestellt aus 4,5mm starkem, kaschiertem Neopren f\u00fcr optimale Isolationseigenschaften<\/li>\n<li>Aussparung f\u00fcr An-\/Ausschalttaste und Ladestandsanzeige<\/li>\n<li>F\u00fcr E-MTB optimiert<\/li>\n<li>Kapazit\u00e4t 504Wh (36V, 14Ah)<\/li>\n<\/ul>\n<h3>Produkteigenschaften<\/h3>\n<ul>\n<li><strong>Einsatzbereich:<\/strong>\u00a0E-Bike MTB<\/li>\n<li><b>Gruppe:\u00a0<\/b>Shimano Steps E8000<\/li>\n<li><strong>Modell:<\/strong>\u00a0BT-E8020<\/li>\n<li><strong>Ausf\u00fchrung:\u00a0<\/strong>Integriert<\/li>\n<li><strong>Akku Typ:<\/strong>\u00a0Li-Ion<\/li>\n<li><strong>Bemessungsspannung:\u00a0<\/strong>36V<\/li>\n<li><strong>Nennkapazit\u00e4t:<\/strong>\u00a014Ah<\/li>\n<li><strong>Nennkapazit\u00e4t:\u00a0<\/strong>504Wh<\/li>\n<li><strong>Ladedauer:<\/strong>\u00a0ca. 5 Stunden<\/li>\n<li><strong>Kompatibles Ladeger\u00e4t:<\/strong>\u00a0EC-E6000, EC-E6002, EC-E8004<\/li>\n<li><strong>Kompatibler Adapter zum Aufladen:<\/strong>\u00a0&#8211;<\/li>\n<li><strong>Kompatible Akkuhalterung:<\/strong>\u00a0BM-E8020<\/li>\n<\/ul>\n<h3>Farbe<\/h3>\n<ul>\n<li>schwarz<\/li>\n<\/ul>\n<h3>Gewicht<\/h3>\n<ul>\n<li>ca. 3050g (Herstellerangabe)<\/li>\n<\/ul>\n<hr \/>\n<h3>Lieferumfang<\/h3>\n<ul>\n<li>1 x Shimano Steps Rahmenakku BT-E8020 integriert<\/li>\n<\/ul>\n<p><em>Halterung BM-E8020 nicht im Lieferumfang enthalten!<\/em><\/p>\n<hr \/>\n<h3>Technologien<\/h3>\n<p><strong>Das intelligente, leise und einfach zu handhabende E-Bike-System\u00a0<\/strong><br \/> Ein System mit Komponenten, die den Bed\u00fcrfnissen aller Fahrer gerecht werden sowie ein H\u00f6chstma\u00df an Leistung und Zuverl\u00e4ssigkeit bieten, bildet das Herzst\u00fcck. Mit SHIMANO STEPS werden Sie voller Energie Grenzen \u00fcberschreiten. Egal, ob Sie auf dem Weg zur Arbeit oder Schule den Verkehr m\u00fchelos hinter sich lassen, an der frischen Luft etwas f\u00fcr die Gesundheit tun oder Erledigungen machen m\u00f6chten: SHIMANO STEPS bringt Sie ausgeruht und erfrischt ans Ziel.<\/p>\n<div>\n<p><strong>Ihr Ticket in die Freiheit<br \/> <\/strong>Erleben Sie Freiheit wie nie zuvor. Es ist wirklich einfach. Nur ein speziell f\u00fcr Mountainbikes entwickeltes System beschert Ihnen ein v\u00f6llig neues Fahrerlebnis. Mit SHIMANO STEPS MTB ist es kinderleicht, Kurven z\u00fcgig zu navigieren und das Vorderrad f\u00fcr Hindernisse vom Boden abzuheben. Das System bietet mehr Unterst\u00fctzung f\u00fcr die einfache Bew\u00e4ltigung von Anstiegen.<\/p>\n<p>Dank seinem geringen Gewicht ist es einfach zu handhaben und sorgt daf\u00fcr, dass Fahrer aller F\u00e4higkeitsstufen gleiche Voraussetzungen haben. Es bietet mehr Unterst\u00fctzung f\u00fcr eine h\u00f6here Trittfrequenz und beschert Ihnen trotzdem ein Fahrerlebnis, das sich rundum nat\u00fcrlich anf\u00fchlt. Mit diesem System sind pers\u00f6nliche Grenzen kein Thema mehr! Erleben Sie ultimative Freiheit!<\/p>\n<hr \/>\n<h3>Shimano Steps MTB<\/h3>\n<\/p><\/div>\n<h2 class=\"product--rating-container\"><\/h2>\n","protected":false},"excerpt":{"rendered":"<p>Shimano\u00a0STEPS BT-E8020 504Wh Akku integriert Der Shimano STEPS BT-E8020 extrem strapazierf\u00e4hige und wasserfeste Shimano Steps Akku besitzt ein speziell f\u00fcr E-MTBs entwickeltes Low-Profile-Design f\u00fcr mehr Sto\u00df- und Vibrationsfestigkeit. Der Hochleistungs-Akku mit ausgezeichneter Reichweite sowie 504 Wh bietet konsistente Wiederaufladung und ist mit der\u00a0 Serie kompatibel. Features &#8211; Shimano Steps BT-E8020 Integrierter Akku f\u00fcr Unterrohr 504Wh Der Akku BT-E8020 ist speziell\u2026<\/p>\n","protected":false},"featured_media":8777,"comment_status":"closed","ping_status":"closed","template":"","meta":[],"product_brand":[],"product_cat":[124,105],"product_tag":[],"class_list":{"0":"post-8758","1":"product","2":"type-product","3":"status-publish","4":"has-post-thumbnail","6":"product_cat-elektronik-outdoor","7":"product_cat-outdoor","9":"first","10":"instock","11":"sale","12":"shipping-taxable","13":"purchasable","14":"product-type-simple"},"_links":{"self":[{"href":"https:\/\/fatbike-de.com\/index.php\/wp-json\/wp\/v2\/product\/8758","targetHints":{"allow":["GET"]}}],"collection":[{"href":"https:\/\/fatbike-de.com\/index.php\/wp-json\/wp\/v2\/product"}],"about":[{"href":"https:\/\/fatbike-de.com\/index.php\/wp-json\/wp\/v2\/types\/product"}],"replies":[{"embeddable":true,"href":"https:\/\/fatbike-de.com\/index.php\/wp-json\/wp\/v2\/comments?post=8758"}],"wp:featuredmedia":[{"embeddable":true,"href":"https:\/\/fatbike-de.com\/index.php\/wp-json\/wp\/v2\/media\/8777"}],"wp:attachment":[{"href":"https:\/\/fatbike-de.com\/index.php\/wp-json\/wp\/v2\/media?parent=8758"}],"wp:term":[{"taxonomy":"product_brand","embeddable":true,"href":"https:\/\/fatbike-de.com\/index.php\/wp-json\/wp\/v2\/product_brand?post=8758"},{"taxonomy":"product_cat","embeddable":true,"href":"https:\/\/fatbike-de.com\/index.php\/wp-json\/wp\/v2\/product_cat?post=8758"},{"taxonomy":"product_tag","embeddable":true,"href":"https:\/\/fatbike-de.com\/index.php\/wp-json\/wp\/v2\/product_tag?post=8758"}],"curies":[{"name":"wp","href":"https:\/\/api.w.org\/{rel}","templated":true}]}}