{"id":8794,"date":"2024-02-27T14:30:52","date_gmt":"2024-02-27T13:30:52","guid":{"rendered":"https:\/\/fatbike-de.com\/?post_type=product&#038;p=8794"},"modified":"2024-02-27T14:32:40","modified_gmt":"2024-02-27T13:32:40","slug":"santa-cruz-hightower-cc-x01-axs-rsv","status":"publish","type":"product","link":"https:\/\/fatbike-de.com\/index.php\/product\/santa-cruz-hightower-cc-x01-axs-rsv\/","title":{"rendered":"Santa Cruz Hightower CC X01 AXS RSV"},"content":{"rendered":"<h2 class=\"content--title\"><strong>Santa Cruz<\/strong>\u00a0Hightower CC X01 AXS RSV<\/h2>\n<p class=\"product--description\">Die neueste Version des Hightower CC X01 bleibt Santa Cruz&#8217;s gr\u00f6\u00dfter Hit &#8211; vielseitig, gel\u00e4ndeg\u00e4ngig und technisch noch besser abgestimmt. Das Hightower ist ein Allrounder mit gro\u00dfen Laufr\u00e4dern, der richtigen Menge Federweg, ausgewogener Geometrie, vielseitiger Ausstattung und bew\u00e4hrter Haltbarkeit. Wenn Du nicht nach Extremen suchst, sondern einfach nur nach etwas extrem Gutem, ist das Hightower der Fahrstuhl, auf den Du gewartet hast.<\/p>\n<hr \/>\n<h3>Das Santa Cruz Hightower CC X01 AXS RSV 2023 im Detail<\/h3>\n<p>Das Hightower ist seit seiner Einf\u00fchrung Santa Cruz&#8217;s vielseitigstes Trailbike. Es ist agiler als sein gro\u00dfer Federwegs-Bruder Megatower, aber im technischen Terrain souver\u00e4ner als der flotte Cousin Tallboy. Das Hightower punktet dort, wo die Trails lang und fordernd sind und steile Anstiege mit echten Abfahrten belohnt werden. Der \u00fcber den unteren Umlenkhebel angesteuerte VPP-D\u00e4mpfer erzeugt eine nahezu lineare Federkennlinie, wodurch Schl\u00e4ge in allen Gr\u00f6\u00dfen aufgenommen werden und dennoch die Progressivit\u00e4t beibehalten wird.<\/p>\n<hr \/>\n<h3>Technologie<\/h3>\n<p><strong>Flip-Chip<\/strong><br \/> Auch das Hightower hat das gewisse Etwas, das dein Bike-Erlebnis nochmal intensiviert. Santa Cruz nennt es den Flip Chip. In der Low-Einstellung wird der Hinterbau etwas progressiver, vor allem am Ende des Hubs f\u00fcr mehr Support vorm Bottom-Out. In der High-Einstellung steht das Bike etwas h\u00f6her und bietet dem Fahrer mehr Support im mittleren Federwegsbereich. Alle T\u00fcftler und feinf\u00fchligen Shredder k\u00f6nnen das Fahrwerk so an ihre Fahrweise und Vorliebe anpassen.<\/p>\n<h4><strong>Der <\/strong>Santa Cruz Hightower CC X01 AXS RSV 2023 <strong>Voll-Carbon-Rahmen<\/strong><\/h4>\n<p>Bei den CC Carbonrahmen werden die besten Materialien und neusten Fertigungsverfahren genutzt. Sie haben die gleiche Steifigkeit und Stabilit\u00e4t wie die C Rahmen, und sind dabei noch leichter. CC Rahmen werden bei den Topmodellen verwendet.<\/p>\n<p><strong>Glovebox<\/strong><br \/> Pack alles, was Du brauchst, unter die solide Klappe in Deinem Unterrohr. Einschlie\u00dflich Deiner feinen Handschuhe. Das Bike kommt serienm\u00e4\u00dfig mit &#8222;Tool Wallet&#8220; und &#8222;Tube Purse&#8220;, zwei hochwertig verarbeiteten Taschen, die Deine Dinge sicher und praktisch verstauen.<\/p>\n<h4><strong>Das <\/strong>Santa Cruz Hightower CC X01 AXS RSV 2023 <strong>Virtual Pivot Point (VPP\u00ae) Hinterbau-System<\/strong><\/h4>\n<div class=\"product--description\">\n<table class=\"graf_tab\">\n<tbody>\n<tr>\n<td width=\"20%\"><img decoding=\"async\" title=\"Santa Cruz VPP\" src=\"https:\/\/cd.bike-discount.de\/media\/image\/55\/1b\/39\/santa-cruz-vpp_technology_htlt_action-01.jpg\" alt=\"\" data-src=\"media\/image\/santa-cruz-vpp_technology_htlt_action-01.jpg\" \/><\/td>\n<td>Santa Cruz arbeitet seit 2001 mit dem VPP\u00ae-System. Und sie halten an ihrem vielseitigen und extrem leistungsstarken Hinterbau-System weiter fest, anstatt eine Reihe von verr\u00fcckten Erfindern zu beauftragen, immer komplexere und undurchsichtigere Federungsdesigns oder gar eigene D\u00e4mpfer zu bauen, nur damit die Marketingabteilung neues Futter hat. VPP\u00ae wurde entwickelt, um stets mit der besten und zuverl\u00e4ssigsten Technologie der Fahrwerkshersteller arbeiten zu k\u00f6nnen. Es werden also keine neuartigen D\u00e4mpfer oder Bauteile ben\u00f6tigt, sondern nur Komponenten, die m\u00f6glichst langfristig verf\u00fcgbar sind.<\/td>\n<\/tr>\n<\/tbody>\n<\/table>\n<table class=\"graf_tab\">\n<tbody>\n<tr>\n<td width=\"20%\"><img decoding=\"async\" title=\"Santa Cruz VPP\" src=\"https:\/\/cd.bike-discount.de\/media\/image\/6b\/a2\/e8\/santa-cruz-vpp_technology_detail_02.jpg\" alt=\"\" data-src=\"media\/image\/santa-cruz-vpp_technology_detail_02.jpg\" \/><\/td>\n<td>Das VPP\u00ae-System kann f\u00fcr jedes Bike so optimiert werden, dass stets die richtige Balance zwischen Antriebs-Effizienz und Hinterbauperformance erreicht wird. Die Federung der XC-Bikes ist dabei so abgestimmt, dass trotz effektiver Federung s\u00e4mtliche Energie in Vortrieb umgesetzt wird. Bei den langhubigeren Trailbikes nimmt der Hinterbau souver\u00e4n auch gr\u00f6\u00dfte Schl\u00e4ge auf, um eine m\u00f6glichst sichere und effiziente Fahrt in grobem Gel\u00e4nde zu gew\u00e4hrleisten. Das Sch\u00f6ne am VPP\u00ae-System ist, dass die kurzen Umlenkhebel eine kompakte, aufger\u00e4umte Fahrwerkskonstruktionen erm\u00f6glichen. Kombiniert mit Achsen mit gro\u00dfem Durchmesser, die auf Schr\u00e4gkugellagern laufen, erh\u00e4lt man die Zuverl\u00e4ssigkeit, das Ansprechverhalten und die Pr\u00e4zision, f\u00fcr die Santa Cruz Rahmen ber\u00fchmt sind.<\/td>\n<\/tr>\n<\/tbody>\n<\/table>\n<table class=\"graf_tab\">\n<tbody>\n<tr>\n<td width=\"20%\"><img decoding=\"async\" title=\"Santa Cruz VPP\" src=\"https:\/\/cd.bike-discount.de\/media\/image\/8d\/3d\/09\/santa-cruz-vpp_technology_detail_03.jpg\" alt=\"\" data-src=\"media\/image\/santa-cruz-vpp_technology_detail_03.jpg\" \/><\/td>\n<td>Mittlerweile gibt es zwei Arten des VPP\u00ae-Designs. Die am unteren Umlenkhebel montierte D\u00e4mpferaufnahme bietet eine sehr progressiv-lineare Federkennlinie mit feinem Ansprechverhalten, guten Support im mittlerem Federweg und gegen Ende des Federwegs eine starke Progression. Ideal f\u00fcr Bikes, die f\u00fcr anspruchsvolles Gel\u00e4nde ausgelegt sind. Der am oberen Umlenkhebel gelagerte D\u00e4mpfer, der bei den kurzhubigeren Trail-Bikes verwendet wird, bietet mehr Pedalplattform und ist dadurch noch antriebsneutraler. Dieses Design ist ideal f\u00fcr schnelle und agile Bikes, die maximalen Support und guten Bottom-Out-Widerstand brauchen, und sich dadurch besonders leichtf\u00fc\u00dfig bewegen. Die Kontrolle \u00fcber ein vielseitiges Design wie dieses zu haben, erm\u00f6glicht es Santa Cruz, das Hinterbausystem eines Bikes jeweils mit den Eigenschaften auszustatten, die sie sich f\u00fcr den spezifischen Einsatzbereich w\u00fcnschen.<\/td>\n<\/tr>\n<\/tbody>\n<\/table>\n<div class=\"tab-menu--product js--tab-menu\">\n<div class=\"tab--container-list\">\n<div class=\"tab--container has--content is--active\">\n<div class=\"tab--content\">\n<div class=\"content--description\">\n<div class=\"product--description\">\n<h2>Ausstattung<\/h2>\n<div class=\"product--properties panel has--border\">\n<table class=\"product--properties-table\">\n<tbody>\n<tr class=\"product--properties-row row1\">\n<td class=\"product--properties-label is--bold\">Rahmen:<\/td>\n<td class=\"product--properties-value\">Carbon<\/td>\n<\/tr>\n<tr class=\"product--properties-row row2\">\n<td class=\"product--properties-label is--bold\">Rahmenmaterial:<\/td>\n<td class=\"product--properties-value\">Carbon CC 29&#8243; 145mm Travel VPP\u2122<\/td>\n<\/tr>\n<tr class=\"product--properties-row row3\">\n<td class=\"product--properties-label is--bold\">Laufradgr\u00f6\u00dfe:<\/td>\n<td class=\"product--properties-value\">29&#8243;<\/td>\n<\/tr>\n<tr class=\"product--properties-row row4\">\n<td class=\"product--properties-label is--bold\">Farbe:<\/td>\n<td class=\"product--properties-value\">Matte Evergreen<\/td>\n<\/tr>\n<tr class=\"product--properties-row row5\">\n<td class=\"product--properties-label is--bold\">Gabel:<\/td>\n<td class=\"product--properties-value\">FOX 36 Float Factory, 150mm, 29&#8243;<\/td>\n<\/tr>\n<tr class=\"product--properties-row row6\">\n<td class=\"product--properties-label is--bold\">D\u00e4mpfer:<\/td>\n<td class=\"product--properties-value\">RockShox Super Deluxe Ultimate 210&#215;55<\/td>\n<\/tr>\n<tr class=\"product--properties-row row7\">\n<td class=\"product--properties-label is--bold\">Federweg:<\/td>\n<td class=\"product--properties-value\">150mm \/ 145mm<\/td>\n<\/tr>\n<tr class=\"product--properties-row row8\">\n<td class=\"product--properties-label is--bold\">Bremsen:<\/td>\n<td class=\"product--properties-value\">SRAM Code RSC<\/td>\n<\/tr>\n<tr class=\"product--properties-row row9\">\n<td class=\"product--properties-label is--bold\">Bremsscheiben:<\/td>\n<td class=\"product--properties-value\">Avid Centerline 180mm<\/td>\n<\/tr>\n<tr class=\"product--properties-row row10\">\n<td class=\"product--properties-label is--bold\">Steuersatz:<\/td>\n<td class=\"product--properties-value\">Cane Creek 40 IS Integrated Headset<\/td>\n<\/tr>\n<tr class=\"product--properties-row row11\">\n<td class=\"product--properties-label is--bold\">Vorbau:<\/td>\n<td class=\"product--properties-value\">Burgtec Enduro MK3, 42mm<\/td>\n<\/tr>\n<tr class=\"product--properties-row row12\">\n<td class=\"product--properties-label is--bold\">Lenker:<\/td>\n<td class=\"product--properties-value\">Santa Cruz 35 Carbon Bar, 800mm, 35mm Rise<\/td>\n<\/tr>\n<tr class=\"product--properties-row row13\">\n<td class=\"product--properties-label is--bold\">Griffe:<\/td>\n<td class=\"product--properties-value\">Santa Cruz Bicycles House Grips<\/td>\n<\/tr>\n<tr class=\"product--properties-row row14\">\n<td class=\"product--properties-label is--bold\">Sattel:<\/td>\n<td class=\"product--properties-value\">WTB Silverado Medium Ti<\/td>\n<\/tr>\n<tr class=\"product--properties-row row15\">\n<td class=\"product--properties-label is--bold\">Sattelst\u00fctze:<\/td>\n<td class=\"product--properties-value\">RockShox Reverb Stealth, 31.6<\/td>\n<\/tr>\n<\/tbody>\n<\/table>\n<table class=\"product--properties-table\">\n<tbody>\n<tr class=\"product--properties-row row16\">\n<td class=\"product--properties-label is--bold\">Kurbel:<\/td>\n<td class=\"product--properties-value\">SRAM X1 Eagle Carbon 148 DUB 32t<\/td>\n<\/tr>\n<tr class=\"product--properties-row row17\">\n<td class=\"product--properties-label is--bold\">Tretlager\/Innenlager:<\/td>\n<td class=\"product--properties-value\">SRAM DUB 68\/73mm Threaded BB<\/td>\n<\/tr>\n<tr class=\"product--properties-row row18\">\n<td class=\"product--properties-label is--bold\">Schaltwerk:<\/td>\n<td class=\"product--properties-value\">SRAM X01 Eagle AXS, 12spd<\/td>\n<\/tr>\n<tr class=\"product--properties-row row19\">\n<td class=\"product--properties-label is--bold\">Schalthebel:<\/td>\n<td class=\"product--properties-value\">GX AXS Controller w\/Rocker Paddle<\/td>\n<\/tr>\n<tr class=\"product--properties-row row20\">\n<td class=\"product--properties-label is--bold\">Kassette:<\/td>\n<td class=\"product--properties-value\">SRAM XG1295 Eagle, 12spd, 10-50t<\/td>\n<\/tr>\n<tr class=\"product--properties-row row21\">\n<td class=\"product--properties-label is--bold\">Kette:<\/td>\n<td class=\"product--properties-value\">SRAM X01 Eagle AXS, 12spd<\/td>\n<\/tr>\n<tr class=\"product--properties-row row22\">\n<td class=\"product--properties-label is--bold\">Reifen vorne:<\/td>\n<td class=\"product--properties-value\">Maxxis Minion DHR II 29&#8243;x2.4&#8243;, 3C MaxxGrip, EXO, TR<\/td>\n<\/tr>\n<tr class=\"product--properties-row row23\">\n<td class=\"product--properties-label is--bold\">Reifen hinten:<\/td>\n<td class=\"product--properties-value\">Maxxis Minion DHR II 29&#8243;x2.4&#8243;, 3C Maxx-Terra, EXO, TR<\/td>\n<\/tr>\n<tr class=\"product--properties-row row24\">\n<td class=\"product--properties-label is--bold\">Nabe Vorderrad:<\/td>\n<td class=\"product--properties-value\">i9 1\/1, 15&#215;110, 28h<\/td>\n<\/tr>\n<tr class=\"product--properties-row row25\">\n<td class=\"product--properties-label is--bold\">Nabe Hinterrad:<\/td>\n<td class=\"product--properties-value\">i9 1\/1, 12&#215;148, XD, 28h<\/td>\n<\/tr>\n<tr class=\"product--properties-row row26\">\n<td class=\"product--properties-label is--bold\">Felgen:<\/td>\n<td class=\"product--properties-value\">Reserve 30|HD 29&#8243;, 28h<\/td>\n<\/tr>\n<tr class=\"product--properties-row row27\">\n<td class=\"product--properties-label is--bold\">Pedale:<\/td>\n<td class=\"product--properties-value\">nicht im Lieferumfang enthalten<\/td>\n<\/tr>\n<tr class=\"product--properties-row row28\">\n<td class=\"product--properties-label is--bold\">Zul\u00e4ssiges Gesamtgewicht:<\/td>\n<td class=\"product--properties-value\">136 kg (K\u00f6rpergewicht + Fahrrad + Ausr\u00fcstung)<\/td>\n<\/tr>\n<tr class=\"product--properties-row row29\">\n<td class=\"product--properties-label is--bold\">Gewicht Komplettrad:<\/td>\n<td class=\"product--properties-value\">14,01 kg<\/td>\n<\/tr>\n<\/tbody>\n<\/table><\/div>\n<\/p><\/div>\n<\/p><\/div>\n<\/p><\/div>\n<\/p><\/div>\n<\/p><\/div>\n<\/p><\/div>\n<div id=\"detail--product-reviews\" class=\"content--product-reviews 123\"><\/div>\n<\/p><\/div>\n","protected":false},"excerpt":{"rendered":"<div class=\"tab-menu--product js--tab-menu\">\n<div class=\"tab--container-list\">\n<div class=\"tab--container description has--content is--active\">\n<div class=\"tab--content box-description\">\n<div class=\"content--description\">\n<div class=\"ean-box\"><strong><label>Modelljahr: <span style=\"font-size: 16px\">2023<\/span><\/label><\/strong><\/div>\n<\/p><\/div>\n<\/p><\/div>\n<\/p><\/div>\n<\/p><\/div>\n<\/p><\/div>\n<p><a class=\"rating-link-info--box\" name=\"product--publish-comment\"><\/a><\/p>\n<div id=\"detail--product-reviews\" class=\"content--product-reviews 123\"><\/div>\n","protected":false},"featured_media":8884,"comment_status":"closed","ping_status":"closed","template":"","meta":[],"product_brand":[],"product_cat":[95,106,96],"product_tag":[],"class_list":{"0":"post-8794","1":"product","2":"type-product","3":"status-publish","4":"has-post-thumbnail","6":"product_cat-fahrrad","7":"product_cat-fullsuspension","8":"product_cat-mountainbike","10":"first","11":"instock","12":"sale","13":"shipping-taxable","14":"purchasable","15":"product-type-variable"},"_links":{"self":[{"href":"https:\/\/fatbike-de.com\/index.php\/wp-json\/wp\/v2\/product\/8794","targetHints":{"allow":["GET"]}}],"collection":[{"href":"https:\/\/fatbike-de.com\/index.php\/wp-json\/wp\/v2\/product"}],"about":[{"href":"https:\/\/fatbike-de.com\/index.php\/wp-json\/wp\/v2\/types\/product"}],"replies":[{"embeddable":true,"href":"https:\/\/fatbike-de.com\/index.php\/wp-json\/wp\/v2\/comments?post=8794"}],"wp:featuredmedia":[{"embeddable":true,"href":"https:\/\/fatbike-de.com\/index.php\/wp-json\/wp\/v2\/media\/8884"}],"wp:attachment":[{"href":"https:\/\/fatbike-de.com\/index.php\/wp-json\/wp\/v2\/media?parent=8794"}],"wp:term":[{"taxonomy":"product_brand","embeddable":true,"href":"https:\/\/fatbike-de.com\/index.php\/wp-json\/wp\/v2\/product_brand?post=8794"},{"taxonomy":"product_cat","embeddable":true,"href":"https:\/\/fatbike-de.com\/index.php\/wp-json\/wp\/v2\/product_cat?post=8794"},{"taxonomy":"product_tag","embeddable":true,"href":"https:\/\/fatbike-de.com\/index.php\/wp-json\/wp\/v2\/product_tag?post=8794"}],"curies":[{"name":"wp","href":"https:\/\/api.w.org\/{rel}","templated":true}]}}