{"id":8944,"date":"2024-02-27T14:32:59","date_gmt":"2024-02-27T13:32:59","guid":{"rendered":"https:\/\/fatbike-de.com\/?post_type=product&#038;p=8944"},"modified":"2024-02-27T14:33:24","modified_gmt":"2024-02-27T13:33:24","slug":"adidas-terrex-swift-r2-mid-gtx-wanderschuhe","status":"publish","type":"product","link":"https:\/\/fatbike-de.com\/index.php\/product\/adidas-terrex-swift-r2-mid-gtx-wanderschuhe\/","title":{"rendered":"adidas Terrex Swift R2 Mid GTX\u00ae &#8211; Wanderschuhe"},"content":{"rendered":"<h2 class=\"product--title\"><strong>adidas<\/strong>\u00a0Terrex Swift R2 Mid GTX\u00ae &#8211; Wanderschuhe<\/h2>\n<p>Mit diesem adidas Terrex Swift f\u00fcr M\u00e4nner bist du in den Bergen schnell und superbequem unterwegs.<\/p>\n<p>Sie sind leicht, atmungsaktiv und mit GORE-TEX\u00ae ausgestattet, das deine F\u00fc\u00dfe angenehm trocken h\u00e4lt. Die robuste Traxion Au\u00dfensohle mit Continental Gummi garantiert optimalen Grip auch bei N\u00e4sse.<\/p>\n<hr \/>\n<h3>Produkteigenschaften<\/h3>\n<ul>\n<li>Leichtes, atmungsaktives Ripstop-Obermaterial aus Mesh<\/li>\n<li>TPU-Overlays f\u00fcr mehr Halt und Strapazierf\u00e4higkeit<\/li>\n<li>Lace Bungee zur einfachen Fixierung der Schn\u00fcrsenkel; Haken\u00f6sen<\/li>\n<li>Vorgeformte TPU-Zehenkappe f\u00fcr mehr Schutz<\/li>\n<li>Wasserdichtes, atmungsaktives GORE-TEX\u00ae Futter<\/li>\n<li>Gewicht: 415 g (Gr\u00f6\u00dfe 42 2\/3)<\/li>\n<\/ul>\n<hr \/>\n<h3>Technologie<\/h3>\n<p><strong>GORE-TEX\u00ae<\/strong><br \/> GORE-TEX\u00ae Schuhe sorgen bei jedem Wetter f\u00fcr trockene und angenehm temperierte F\u00fc\u00dfe und erm\u00f6glichen dadurch ein perfektes Fu\u00dfklima. Sie sind wasserdicht, hoch atmungsaktiv und sch\u00fctzen deine F\u00fc\u00dfe selbst bei h\u00e4rtesten Bedingungen. Sowohl Trail-Runner als auch Outdoor-Athleten sind mit GORE-TEX\u00ae Produkten f\u00fcr jedes Wetter optimal ausgestattet.<\/p>\n","protected":false},"excerpt":{"rendered":"<p>adidas\u00a0Terrex Swift R2 Mid GTX\u00ae &#8211; Wanderschuhe Mit diesem adidas Terrex Swift f\u00fcr M\u00e4nner bist du in den Bergen schnell und superbequem unterwegs. Sie sind leicht, atmungsaktiv und mit GORE-TEX\u00ae ausgestattet, das deine F\u00fc\u00dfe angenehm trocken h\u00e4lt. Die robuste Traxion Au\u00dfensohle mit Continental Gummi garantiert optimalen Grip auch bei N\u00e4sse. Produkteigenschaften Leichtes, atmungsaktives Ripstop-Obermaterial aus Mesh TPU-Overlays f\u00fcr mehr Halt\u2026<\/p>\n","protected":false},"featured_media":8956,"comment_status":"closed","ping_status":"closed","template":"","meta":[],"product_brand":[],"product_cat":[105,125],"product_tag":[],"class_list":{"0":"post-8944","1":"product","2":"type-product","3":"status-publish","4":"has-post-thumbnail","6":"product_cat-outdoor","7":"product_cat-schuhe-outdoor","9":"first","10":"instock","11":"sale","12":"shipping-taxable","13":"purchasable","14":"product-type-variable"},"_links":{"self":[{"href":"https:\/\/fatbike-de.com\/index.php\/wp-json\/wp\/v2\/product\/8944","targetHints":{"allow":["GET"]}}],"collection":[{"href":"https:\/\/fatbike-de.com\/index.php\/wp-json\/wp\/v2\/product"}],"about":[{"href":"https:\/\/fatbike-de.com\/index.php\/wp-json\/wp\/v2\/types\/product"}],"replies":[{"embeddable":true,"href":"https:\/\/fatbike-de.com\/index.php\/wp-json\/wp\/v2\/comments?post=8944"}],"wp:featuredmedia":[{"embeddable":true,"href":"https:\/\/fatbike-de.com\/index.php\/wp-json\/wp\/v2\/media\/8956"}],"wp:attachment":[{"href":"https:\/\/fatbike-de.com\/index.php\/wp-json\/wp\/v2\/media?parent=8944"}],"wp:term":[{"taxonomy":"product_brand","embeddable":true,"href":"https:\/\/fatbike-de.com\/index.php\/wp-json\/wp\/v2\/product_brand?post=8944"},{"taxonomy":"product_cat","embeddable":true,"href":"https:\/\/fatbike-de.com\/index.php\/wp-json\/wp\/v2\/product_cat?post=8944"},{"taxonomy":"product_tag","embeddable":true,"href":"https:\/\/fatbike-de.com\/index.php\/wp-json\/wp\/v2\/product_tag?post=8944"}],"curies":[{"name":"wp","href":"https:\/\/api.w.org\/{rel}","templated":true}]}}