{"id":9186,"date":"2024-02-27T14:35:39","date_gmt":"2024-02-27T13:35:39","guid":{"rendered":"https:\/\/fatbike-de.com\/?post_type=product&#038;p=9186"},"modified":"2024-02-27T14:36:58","modified_gmt":"2024-02-27T13:36:58","slug":"cube-stereo-one22-hpc-tm-29-flashgreynolive","status":"publish","type":"product","link":"https:\/\/fatbike-de.com\/index.php\/product\/cube-stereo-one22-hpc-tm-29-flashgreynolive\/","title":{"rendered":"Cube Stereo ONE22 HPC TM 29 flashgrey\u00b4n\u00b4olive"},"content":{"rendered":"<h2 class=\"content--title\"><strong>Cube<\/strong>\u00a0Stereo ONE22 HPC TM 29 flashgrey\u00b4n\u00b4olive<\/h2>\n<div class=\"product--description\">\n<p>CUBE&#8217;s Trail Motion Linie steht f\u00fcr eine Extraportion Performance und Kontrolle \u2013 und das Cube Stereo ONE22 HPC TM ist keine Ausnahme. Mit seinem Carbonhauptrahmen, dem kurzen Rocker und einer feinabgestimmten Kinematik bist du perfekt f\u00fcr alle Trail-Abenteuer ger\u00fcstet \u2013 Fahrkomfort und Style inklusive!<\/p>\n<hr \/>\n<p><a href=\"https:\/\/www.cube.eu\/360\/653300\" target=\"_blank\" rel=\"noopener\"><img decoding=\"async\" title=\"360\u00b0\" src=\"https:\/\/cd.bike-discount.de\/media\/image\/3a\/ee\/83\/360.png\" alt=\"\" width=\"40\" height=\"39\" data-mid=\"729769\" data-src=\"media\/image\/360.png\" \/>360\u00b0-Ansicht \u00f6ffnen<\/a><\/p>\n<hr \/>\n<p>Wer leidenschaftlich gern anspruchsvolle Offroad-Trails f\u00e4hrt, wird mit dem CUBE Stereo ONE22 HPC TM 29 gl\u00fccklich. Dank seiner Sram GX Eagle 12-fach Schaltung samt breitbandiger Kassette mit bis zu 52T hast du stets den passenden Gang parat und meisterst selbst steilste Anstiege mit Leichtigkeit. Die leistungsstarken, progressiven hydraulischen XT Scheibenbremsen von Shimano setzen in Sachen Geschwindkeitskontrolle und Bremskraft neue Ma\u00dfst\u00e4be. Dabei zeigt sich die Fox 34 Rhythm Gabel im Team mit dem Float DPS D\u00e4mpfer von Buckeln, L\u00f6chern oder Wurzeln vollkommen unbeeindruckt. Spezifischen Support auf schwierigen Lines liefert zudem die versenkbare Sattelst\u00e4tze. Fazit: top Kontrolle und Fahrkomfort f\u00fcrs ambitionierte Trailriding.<\/p>\n<hr \/>\n<p><strong>In der Rahmengr\u00f6\u00dfe XS als 27,5er. In den Rahmengr\u00f6\u00dfen S, M, L, XL als 29er.<\/strong><\/p>\n<hr \/>\n<h3>RAHMEN Cube Stereo ONE22 HPC TM 29<\/h3>\n<p>CUBE&#8217;s Stereo ONE22 Rahmen sind der Inbegriff von Komfort f\u00fcr Trail-Bikes \u2013 der Stereo ONE22 HPC geht sogar noch einen Schritt weiter. Er \u00fcberzeugt mit einem leichten, steifen und eleganten Hauptrahmen samt Umlenkhebel aus Carbon f\u00fcr geringes Gewicht und 1a-Handling. Au\u00dferdem mit einem kurzen Rocker, optisch integrierten Drehpunkten und einer effizienten Kinematik f\u00fcr hervorragende Traktion, erstklassigen Komfort und top Kontrolle. Und das konische Steuerrohr und der Boost 148 Hinterbau sorgen f\u00fcr geniale Lenkpr\u00e4zision. Last, but not least beschenkt dich das Bike dank CUBE&#8217;s Agile Trail Geometry mit jeder Menge zuverl\u00e4ssiger Bodenhaftung und allerh\u00f6chstem Fahrspa\u00df.<\/p>\n<hr \/>\n<h3>Technologien<\/h3>\n<h4><strong>HPC<\/strong><\/h4>\n<p>Dank High Performance Carbon (HPC) kann CUBE noch leichtere, stabilere und steifere Rahmen aus diesem ohnehin schon unfassbar vielseitigen Material namens Carbon bauen. CUBE&#8217;s sorgf\u00e4ltig durchdachten Rahmendesigns sowie unterschiedlich dicke Materialschichten erm\u00f6glichen dabei die perfekte Feinabstimmung der Performance. So wird jedes einzelne Chassis CUBE&#8217;S hohen Anspruch an (wenig) Gewicht, Steifigkeit, Stabilit\u00e4t und Haltbarkeit gerecht.<\/p>\n<h4><strong>Boost 148<\/strong><\/h4>\n<p>Das Konzept hinter der Boost 148 Steckachse: Eine breitere Nabe f\u00fcr steifere, stabilere Laufr\u00e4der und damit besseres Handling und zudem gen\u00fcgend Platz f\u00fcr den Einbau breiterer Reifen f\u00fcr mehr Performance. Dabei bleiben die Schaltpr\u00e4zision beziehungsweise Effizienz des Antriebs voll erhalten. So kannst du noch kompromissloser Gas geben und profitierst zugleich von besserem Handling und stabileren Laufr\u00e4dern.<\/p>\n<h4><strong>Advanced Twin Mold<\/strong><\/h4>\n<p>Bei CUBE&#8217;s Advanced Twin Mold Verfahren f\u00fcr die C:62\u00ae, C:68\u00ae und C:68X\u00ae Carbonrahmen kommen zwei pr\u00e4zise Formen zum Einsatz. Die erste sorgt f\u00fcr ein exaktes Layup, die zweite (der Innenkern) h\u00e4lt jede einzelne Faser an ihrer vorgesehenen Position, w\u00e4hrend der Rahmen aush\u00e4rtet. Das Ergebnis ist ein enorm leichtes, stabiles Chassis mit einer jeweils optimal auf st\u00e4rker belastete Knotenpunkte abgestimmten Faserdichte.<\/p>\n<h4><strong>Efficient Trail Control<\/strong><\/h4>\n<p>CUBE&#8217;s Efficient Trail Control ist ein System, das im Hintergrund \u201edie F\u00e4den zieht&#8220;, damit du dein Trailriding-Erlebnis in vollen Z\u00fcgen genie\u00dfen kannst. Dabei sind die Fahrwerke trotz viel nutzbarem Federweg sehr gut bergauf zu pedalieren, sacken nicht ein und bleiben in jeder Situation sensibel und agil. Bei starken Schl\u00e4gen verhalten sie sich jedoch extrem ruhig, stellen den gesamten Federweg sofort wieder zur Verf\u00fcgung und bieten so ungeheure Reserven bei der Abfahrt.<\/p>\n<h4><strong>Agile Trail Geometry<\/strong><\/h4>\n<p>Die Agile Trail Geometry basiert auf CUBE&#8217;s beliebten Agile Ride Geometry, richtet sich aber an Mountainbiker, die auf dem Trail gern mal an ihre Grenzen gehen. Ein niedrigerer Standover l\u00e4sst dir hierbei mehr Bewegungsspielraum \u00fcber dem Bike. Mit diesem cleveren Set-up meisterst du selbst die haarigste Line souver\u00e4n \u2013 maximaler Fahrspa\u00df inklusive!<\/p>\n<h2>Ausstattung<\/h2>\n<div class=\"product--properties panel has--border\">\n<table class=\"product--properties-table\">\n<tbody>\n<tr class=\"product--properties-row row1\">\n<td class=\"product--properties-label is--bold\">Rahmen:<\/td>\n<td class=\"product--properties-value\">HPC Carbon Monocoque Advanced Twin Mold Technology, Aluminum 6061 T6 Rear Triangle, ATG, ETC 4-Link, Boost 148, AXH<\/td>\n<\/tr>\n<tr class=\"product--properties-row row2\">\n<td class=\"product--properties-label is--bold\">Rahmenmaterial:<\/td>\n<td class=\"product--properties-value\">Carbon<\/td>\n<\/tr>\n<tr class=\"product--properties-row row3\">\n<td class=\"product--properties-label is--bold\">Laufradgr\u00f6\u00dfe:<\/td>\n<td class=\"product--properties-value\">29&#8243;<\/td>\n<\/tr>\n<tr class=\"product--properties-row row4\">\n<td class=\"product--properties-label is--bold\">Farbe:<\/td>\n<td class=\"product--properties-value\">flashgrey\u00b4n\u00b4olive<\/td>\n<\/tr>\n<tr class=\"product--properties-row row5\">\n<td class=\"product--properties-label is--bold\">Gabel:<\/td>\n<td class=\"product--properties-value\">Fox 34 Float Rhythm, 2-Position Sweep-Adjust GRIP Damper, Tapered, 15x110mm, 130mm<\/td>\n<\/tr>\n<tr class=\"product--properties-row row6\">\n<td class=\"product--properties-label is--bold\">D\u00e4mpfer:<\/td>\n<td class=\"product--properties-value\">Fox Float DPS, 190x45mm, Open\/Medium\/Firm Mode<\/td>\n<\/tr>\n<tr class=\"product--properties-row row7\">\n<td class=\"product--properties-label is--bold\">Federweg:<\/td>\n<td class=\"product--properties-value\">130mm \/ 130mm<\/td>\n<\/tr>\n<tr class=\"product--properties-row row8\">\n<td class=\"product--properties-label is--bold\">Bremsen:<\/td>\n<td class=\"product--properties-value\">Shimano XT BR-M8120\/M8100, Hydr. Disc Brake<\/td>\n<\/tr>\n<tr class=\"product--properties-row row9\">\n<td class=\"product--properties-label is--bold\">Bremsscheiben:<\/td>\n<td class=\"product--properties-value\">203\/180 mm<\/td>\n<\/tr>\n<tr class=\"product--properties-row row10\">\n<td class=\"product--properties-label is--bold\">Steuersatz:<\/td>\n<td class=\"product--properties-value\">VP Integrated, Top 1 1\/8&#8243;, Bottom 1 1\/2&#8243;<\/td>\n<\/tr>\n<tr class=\"product--properties-row row11\">\n<td class=\"product--properties-label is--bold\">Vorbau:<\/td>\n<td class=\"product--properties-value\">Newmen Evolution SL 318.4, 31.8mm<\/td>\n<\/tr>\n<tr class=\"product--properties-row row12\">\n<td class=\"product--properties-label is--bold\">Lenker:<\/td>\n<td class=\"product--properties-value\">Newmen Evolution SL 318.25, 760mm<\/td>\n<\/tr>\n<tr class=\"product--properties-row row13\">\n<td class=\"product--properties-label is--bold\">Griffe:<\/td>\n<td class=\"product--properties-value\">SDG Thrice<\/td>\n<\/tr>\n<tr class=\"product--properties-row row14\">\n<td class=\"product--properties-label is--bold\">Sattel:<\/td>\n<td class=\"product--properties-value\">SDG Bel Air V3<\/td>\n<\/tr>\n<tr class=\"product--properties-row row15\">\n<td class=\"product--properties-label is--bold\">Sattelst\u00fctze:<\/td>\n<td class=\"product--properties-value\">CUBE Dropper Post, Handlebar Lever, Internal Cable Routing, 31.6mm<\/td>\n<\/tr>\n<\/tbody>\n<\/table>\n<table class=\"product--properties-table\">\n<tbody>\n<tr class=\"product--properties-row row16\">\n<td class=\"product--properties-label is--bold\">Sattelklemme:<\/td>\n<td class=\"product--properties-value\">CUBE Screwlock, 34.9mm<\/td>\n<\/tr>\n<tr class=\"product--properties-row row17\">\n<td class=\"product--properties-label is--bold\">Kurbel:<\/td>\n<td class=\"product--properties-value\">Sram X1 1000 Eagle\u2122 DUB 30T, Boost<\/td>\n<\/tr>\n<tr class=\"product--properties-row row18\">\n<td class=\"product--properties-label is--bold\">Tretlager\/Innenlager:<\/td>\n<td class=\"product--properties-value\">Sram DUB MTB, 92mm Pressfit<\/td>\n<\/tr>\n<tr class=\"product--properties-row row19\">\n<td class=\"product--properties-label is--bold\">Schaltwerk:<\/td>\n<td class=\"product--properties-value\">Sram GX Eagle\u2122, 12-Speed<\/td>\n<\/tr>\n<tr class=\"product--properties-row row20\">\n<td class=\"product--properties-label is--bold\">Schalthebel:<\/td>\n<td class=\"product--properties-value\">Sram NX Eagle\u2122 Trigger<\/td>\n<\/tr>\n<tr class=\"product--properties-row row21\">\n<td class=\"product--properties-label is--bold\">Kassette:<\/td>\n<td class=\"product--properties-value\">Sram XG-1275 Eagle\u2122, 10-52T<\/td>\n<\/tr>\n<tr class=\"product--properties-row row22\">\n<td class=\"product--properties-label is--bold\">Kette:<\/td>\n<td class=\"product--properties-value\">Sram SX Eagle\u2122<\/td>\n<\/tr>\n<tr class=\"product--properties-row row23\">\n<td class=\"product--properties-label is--bold\">Reifen:<\/td>\n<td class=\"product--properties-value\">Maxxis Ardent, EXO, Tubeless Ready, 2.4<\/td>\n<\/tr>\n<tr class=\"product--properties-row row24\">\n<td class=\"product--properties-label is--bold\">Laufradsatz:<\/td>\n<td class=\"product--properties-value\">Fulcrum Red Metal 500, 28\/28 Spokes, 15x110mm \/ 12x148mm, Tubeless Ready<\/td>\n<\/tr>\n<tr class=\"product--properties-row row25\">\n<td class=\"product--properties-label is--bold\">Lagerdimension:<\/td>\n<td class=\"product--properties-value\">Top: 40x8mm, Bottom: 22x8mm<\/td>\n<\/tr>\n<tr class=\"product--properties-row row26\">\n<td class=\"product--properties-label is--bold\">Pedale:<\/td>\n<td class=\"product--properties-value\">nicht im Lieferumfang enthalten<\/td>\n<\/tr>\n<tr class=\"product--properties-row row27\">\n<td class=\"product--properties-label is--bold\">Zul\u00e4ssiges Gesamtgewicht:<\/td>\n<td class=\"product--properties-value\">115 kg (K\u00f6rpergewicht + Fahrrad + Ausr\u00fcstung)<\/td>\n<\/tr>\n<tr class=\"product--properties-row row28\">\n<td class=\"product--properties-label is--bold\">Gewicht Komplettrad:<\/td>\n<td class=\"product--properties-value\">ab 13,5 kg<\/td>\n<\/tr>\n<\/tbody>\n<\/table><\/div>\n<\/p><\/div>\n","protected":false},"excerpt":{"rendered":"<div class=\"tab-menu--product js--tab-menu\">\n<div class=\"tab--container-list\">\n<div class=\"tab--container description has--content is--active\">\n<div class=\"tab--content box-description\">\n<div class=\"content--description\">\n<div class=\"ean-box\"><strong><label>Modelljahr: <span style=\"font-size: 16px\">2023<\/span><\/label><\/strong><\/div>\n<\/p><\/div>\n<\/p><\/div>\n<\/p><\/div>\n<\/p><\/div>\n<\/p><\/div>\n<p><a class=\"rating-link-info--box\" name=\"product--publish-comment\"><\/a><\/p>\n<div id=\"detail--product-reviews\" class=\"content--product-reviews 123\"><\/div>\n","protected":false},"featured_media":9242,"comment_status":"closed","ping_status":"closed","template":"","meta":[],"product_brand":[],"product_cat":[95,106,96],"product_tag":[],"class_list":{"0":"post-9186","1":"product","2":"type-product","3":"status-publish","4":"has-post-thumbnail","6":"product_cat-fahrrad","7":"product_cat-fullsuspension","8":"product_cat-mountainbike","10":"first","11":"instock","12":"sale","13":"shipping-taxable","14":"purchasable","15":"product-type-variable"},"_links":{"self":[{"href":"https:\/\/fatbike-de.com\/index.php\/wp-json\/wp\/v2\/product\/9186","targetHints":{"allow":["GET"]}}],"collection":[{"href":"https:\/\/fatbike-de.com\/index.php\/wp-json\/wp\/v2\/product"}],"about":[{"href":"https:\/\/fatbike-de.com\/index.php\/wp-json\/wp\/v2\/types\/product"}],"replies":[{"embeddable":true,"href":"https:\/\/fatbike-de.com\/index.php\/wp-json\/wp\/v2\/comments?post=9186"}],"wp:featuredmedia":[{"embeddable":true,"href":"https:\/\/fatbike-de.com\/index.php\/wp-json\/wp\/v2\/media\/9242"}],"wp:attachment":[{"href":"https:\/\/fatbike-de.com\/index.php\/wp-json\/wp\/v2\/media?parent=9186"}],"wp:term":[{"taxonomy":"product_brand","embeddable":true,"href":"https:\/\/fatbike-de.com\/index.php\/wp-json\/wp\/v2\/product_brand?post=9186"},{"taxonomy":"product_cat","embeddable":true,"href":"https:\/\/fatbike-de.com\/index.php\/wp-json\/wp\/v2\/product_cat?post=9186"},{"taxonomy":"product_tag","embeddable":true,"href":"https:\/\/fatbike-de.com\/index.php\/wp-json\/wp\/v2\/product_tag?post=9186"}],"curies":[{"name":"wp","href":"https:\/\/api.w.org\/{rel}","templated":true}]}}