{"id":9497,"date":"2024-02-27T14:40:14","date_gmt":"2024-02-27T13:40:14","guid":{"rendered":"https:\/\/fatbike-de.com\/?post_type=product&#038;p=9497"},"modified":"2024-02-27T14:41:11","modified_gmt":"2024-02-27T13:41:11","slug":"cube-stereo-one22-pro-swampgreynblack","status":"publish","type":"product","link":"https:\/\/fatbike-de.com\/index.php\/product\/cube-stereo-one22-pro-swampgreynblack\/","title":{"rendered":"Cube Stereo ONE22 Pro swampgrey\u00b4n\u00b4black"},"content":{"rendered":"<h2 class=\"content--title\"><strong>Cube<\/strong>\u00a0Stereo ONE22 Pro swampgrey\u00b4n\u00b4black<\/h2>\n<div class=\"product--description\">\n<p>Was ist besser als ein richtig gutes Mountainbike? Genau, ein richtig gutes Mountainbike, das komfortabel zu fahren ist. Das CUBE Stereo ONE22 Pro basiert auf CUBE&#8217;s bew\u00e4hrten Kinematik, kommt aber als neues Fully auf die Trails, das Fahrspa\u00df, unkompliziertes Handling und Komfort l\u00e4ssig auf einen Nenner bringt.<\/p>\n<hr \/>\n<p><a href=\"https:\/\/www.cube.eu\/360\/653100\" target=\"_blank\" rel=\"noopener\"><img decoding=\"async\" title=\"360\u00b0\" src=\"https:\/\/cd.bike-discount.de\/media\/image\/3a\/ee\/83\/360.png\" alt=\"\" width=\"40\" height=\"39\" data-mid=\"729769\" data-src=\"media\/image\/360.png\" \/>360\u00b0-Ansicht \u00f6ffnen<\/a><\/p>\n<hr \/>\n<p>Das CUBE Stereo ONE22 Pro setzt in puncto Komfort, Kontrolle und Agilit\u00e4t im Trail-Einsatz neue Ma\u00dfst\u00e4be. Wie es das macht? Zun\u00e4chst mit seiner RockShox Judy Silver Luftfedergabel und dem Manitou Radium Expert Luftd\u00e4mpfer, die s\u00e4mtliche Buckel und L\u00f6cher glattb\u00fcgeln wie nichts. Souver\u00e4ne Geschwindigkeitskontrolle und Bremsman\u00f6ver sind das Spezialgebiet der leistungsstarken hydraulischen MT Thirty Scheibenbremsen von Magura in Kombination mit supergriffigen Schwalbe Reifen. Au\u00dferdem hat sich CUBE wegen ihres weiten \u00dcbersetzungsbereichs und des einfachen Handlings f\u00fcr eine Sram NX Eagle 12-fach Schaltung entschieden \u2013 damit klickst du dich supergeschmeidig von Gang zu Gang. Also Trail-Features ohne Ende \u2013 bist du bereit?<\/p>\n<hr \/>\n<p><strong>In der Rahmengr\u00f6\u00dfe XS als 27,5er. In den Rahmengr\u00f6\u00dfen S, M, L, XL als 29er.<\/strong><\/p>\n<hr \/>\n<h3>RAHMEN Cube Stereo ONE22 Pro<\/h3>\n<p>Wie bei allen CUBE Rahmen geht es auch beim Stereo ONE22 um 1a-Performance bei zugleich so wenig Gewicht wie m\u00f6glich. Klingt unmachbar? Keineswegs. Durch den Einsatz dreifach konifizierter Rohre wurde effizient Gewicht gespart, und zwar ohne Einbu\u00dfen in Sachen Stabilit\u00e4t und Steifigkeit. Eine ausgekl\u00fcgelte Kombination aus konifiziertem Steuerrohr und Boost 148 Hinterbau sorgt f\u00fcr optimierte Lenkpr\u00e4zision und h\u00f6chste Pedaliereffizienz. Dazu kommen unsere Efficient Trail Control Kinematik, eine 130 mm Federgabel und die Agile Trail Geometry f\u00fcr ein stabiles, kontrolliertes Handling, immer und \u00fcberall. CUBE&#8217;s SizeSplit System umfasst sogar eine XS-Variante mit 27.5 Zoll Laufr\u00e4dern f\u00fcr kleinere Fahrer, die auf maximale Performance nicht verzichten wollen.<\/p>\n<hr \/>\n<h3>Technologie<\/h3>\n<p><strong>HPA<\/strong><br \/> Im hochwertigen Bereich kommt High Performance Aluminium zum Einsatz. Durch spezielle Legierungstechnik und die thermische Behandlung wird eine h\u00f6here Festigkeit erreicht. Dreifaches oder sogar vierfaches Konifizieren der Aluminiumrohe macht es m\u00f6glich, nur so viel Material wie notwendig zu verwenden. Die Wandst\u00e4rke kann dadurch exakt auf die H\u00f6he der Belastung angepasst werden. Zugleich nehmen spezielle Rohrformen, gefertigt im Hydroformingverfahren, auftretende Belastungen besser auf. Die geringe Dichte bei gleichzeitiger Festigkeit, das Konifizieren und das Hydroforming-Verfahren erm\u00f6glichen hochwertigste Rahmen mit komplexen Formen und besten Steifigkeitswerten.<\/p>\n<h4><strong>Boost 148<\/strong><\/h4>\n<p>Das Konzept hinter der Boost 148 Steckachse: Eine breitere Nabe f\u00fcr steifere, stabilere Laufr\u00e4der und damit besseres Handling und zudem gen\u00fcgend Platz f\u00fcr den Einbau breiterer Reifen f\u00fcr mehr Performance. Dabei bleiben die Schaltpr\u00e4zision beziehungsweise Effizienz des Antriebs voll erhalten. So kannst du noch kompromissloser Gas geben und profitierst zugleich von besserem Handling und stabileren Laufr\u00e4dern.<\/p>\n<h4><strong>Advanced Hydroforming<\/strong><\/h4>\n<p>CUBE&#8217;s hochwertigen Aluminiumrahmen werden per Advanced Hydroforming hergestellt. Bei diesem Verfahren werden die Aluminiumrohre mithilfe von Fl\u00fcssigkeit, die unter hohem Druck steht, in die gew\u00fcnschte Form gebracht. Die Vorteile: die optimale Nutzung der herausragenden Materialeigenschaften von Aluminium sowie hohe Stabilit\u00e4t bei zugleich weniger Gewicht. Au\u00dferdem gibt es so weniger Schwei\u00dfn\u00e4hte. Das Ergebnis ist ein leistungsstarker Rahmen, der noch dazu wundersch\u00f6n aussieht.<\/p>\n<p><strong>Efficient Trail Control<\/strong><\/p>\n<p>CUBE&#8217;s Efficient Trail Control ist ein System, das im Hintergrund \u201edie F\u00e4den zieht&#8220;, damit du dein Trailriding-Erlebnis in vollen Z\u00fcgen genie\u00dfen kannst. Dabei sind die Fahrwerke trotz viel nutzbarem Federweg sehr gut bergauf zu pedalieren, sacken nicht ein und bleiben in jeder Situation sensibel und agil. Bei starken Schl\u00e4gen verhalten sie sich jedoch extrem ruhig, stellen den gesamten Federweg sofort wieder zur Verf\u00fcgung und bieten so ungeheure Reserven bei der Abfahrt.<\/p>\n<h4><strong>SizeSplit<\/strong><\/h4>\n<p>Nur wenn ein Bike wirklich perfekt passt, ist es das richtige Bike. Deshalb hat CUBE das SizeSplit System entwickelt: Um Rahmen mit der optimalen Passform und zugleich einem agilen und zuverl\u00e4ssigen Handling anbieten zu k\u00f6nnen, verwendet CUBE f\u00fcr kleinere Fahrer 27.5 Zoll Laufr\u00e4der. F\u00fcr gr\u00f6\u00dfere Fahrer bietet CUBE die unterschiedlich gro\u00dfen Rahmen mit schnell dahinrollenden 29 Zoll Laufr\u00e4dern an. Doch egal welche Laufradgr\u00f6\u00dfe \u2013 dank SizeSplit bist du definitiv immer mit dem f\u00fcr dich individuell abgestimmten Rahmen unterwegs.<\/p>\n<h4><strong>Agile Trail Geometry<\/strong><\/h4>\n<p>Die Agile Trail Geometry basiert auf CUBE&#8217;s beliebten Agile Ride Geometry, richtet sich aber an Mountainbiker, die auf dem Trail gern mal an ihre Grenzen gehen. Ein niedrigerer Standover l\u00e4sst dir hierbei mehr Bewegungsspielraum \u00fcber dem Bike. Mit diesem cleveren Set-up meisterst du selbst die haarigste Line souver\u00e4n \u2013 maximaler Fahrspa\u00df inklusive!<\/p>\n<h2>Ausstattung<\/h2>\n<div class=\"product--properties panel has--border\">\n<table class=\"product--properties-table\">\n<tbody>\n<tr class=\"product--properties-row row1\">\n<td class=\"product--properties-label is--bold\">Rahmen:<\/td>\n<td class=\"product--properties-value\">HPA Advanced Hydroform, ATG, ETC 4-Link, AXH<\/td>\n<\/tr>\n<tr class=\"product--properties-row row2\">\n<td class=\"product--properties-label is--bold\">Rahmenmaterial:<\/td>\n<td class=\"product--properties-value\">Aluminium<\/td>\n<\/tr>\n<tr class=\"product--properties-row row3\">\n<td class=\"product--properties-label is--bold\">Laufradgr\u00f6\u00dfe:<\/td>\n<td class=\"product--properties-value\">Size Split: 27.5: XS \/\/ 29: S, M, L, XL<\/td>\n<\/tr>\n<tr class=\"product--properties-row row4\">\n<td class=\"product--properties-label is--bold\">Farbe:<\/td>\n<td class=\"product--properties-value\">swampgrey\u00b4n\u00b4black<\/td>\n<\/tr>\n<tr class=\"product--properties-row row5\">\n<td class=\"product--properties-label is--bold\">Gabel:<\/td>\n<td class=\"product--properties-value\">RockShox Judy Silver TK Air, Tapered, 15x110mm, 130mm<\/td>\n<\/tr>\n<tr class=\"product--properties-row row6\">\n<td class=\"product--properties-label is--bold\">D\u00e4mpfer:<\/td>\n<td class=\"product--properties-value\">Manitou Radium Expert RL, 190x45mm, Rebound Adjust, Lockout<\/td>\n<\/tr>\n<tr class=\"product--properties-row row7\">\n<td class=\"product--properties-label is--bold\">Federweg:<\/td>\n<td class=\"product--properties-value\">130mm \/ 130mm<\/td>\n<\/tr>\n<tr class=\"product--properties-row row8\">\n<td class=\"product--properties-label is--bold\">Bremsen:<\/td>\n<td class=\"product--properties-value\">Magura MT5, Hydr. Disc Brake<\/td>\n<\/tr>\n<tr class=\"product--properties-row row9\">\n<td class=\"product--properties-label is--bold\">Bremsscheiben:<\/td>\n<td class=\"product--properties-value\">203\/180 mm<\/td>\n<\/tr>\n<tr class=\"product--properties-row row10\">\n<td class=\"product--properties-label is--bold\">Steuersatz:<\/td>\n<td class=\"product--properties-value\">VP Tapered, Top Zero-Stack 1 1\/8&#8243; (OD 44mm), Bottom Zero-Stack 1 1\/2&#8243; (OD 56mm)<\/td>\n<\/tr>\n<tr class=\"product--properties-row row11\">\n<td class=\"product--properties-label is--bold\">Vorbau:<\/td>\n<td class=\"product--properties-value\">Newmen Evolution 318.4, 31.8mm<\/td>\n<\/tr>\n<tr class=\"product--properties-row row12\">\n<td class=\"product--properties-label is--bold\">Lenker:<\/td>\n<td class=\"product--properties-value\">Newmen Evolution SL 318.25, 760mm<\/td>\n<\/tr>\n<tr class=\"product--properties-row row13\">\n<td class=\"product--properties-label is--bold\">Griffe:<\/td>\n<td class=\"product--properties-value\">ACID React Pro<\/td>\n<\/tr>\n<tr class=\"product--properties-row row14\">\n<td class=\"product--properties-label is--bold\">Sattel:<\/td>\n<td class=\"product--properties-value\">Natural Fit Venec Lite<\/td>\n<\/tr>\n<tr class=\"product--properties-row row15\">\n<td class=\"product--properties-label is--bold\">Sattelst\u00fctze:<\/td>\n<td class=\"product--properties-value\">CUBE Dropper Post, Handlebar Lever, Internal Cable Routing, 31.6mm<\/td>\n<\/tr>\n<\/tbody>\n<\/table>\n<table class=\"product--properties-table\">\n<tbody>\n<tr class=\"product--properties-row row16\">\n<td class=\"product--properties-label is--bold\">Sattelklemme:<\/td>\n<td class=\"product--properties-value\">CUBE Screwlock, 34.9mm<\/td>\n<\/tr>\n<tr class=\"product--properties-row row17\">\n<td class=\"product--properties-label is--bold\">Kurbel:<\/td>\n<td class=\"product--properties-value\">Sram X1 1000 Eagle\u2122 DUB 30T, Boost<\/td>\n<\/tr>\n<tr class=\"product--properties-row row18\">\n<td class=\"product--properties-label is--bold\">Schaltwerk:<\/td>\n<td class=\"product--properties-value\">Sram NX Eagle\u2122, 12-Speed<\/td>\n<\/tr>\n<tr class=\"product--properties-row row19\">\n<td class=\"product--properties-label is--bold\">Schalthebel:<\/td>\n<td class=\"product--properties-value\">Sram SX Eagle\u2122 Trigger<\/td>\n<\/tr>\n<tr class=\"product--properties-row row20\">\n<td class=\"product--properties-label is--bold\">Kassette:<\/td>\n<td class=\"product--properties-value\">Sram PG-1210 Eagle\u2122, 11-50T<\/td>\n<\/tr>\n<tr class=\"product--properties-row row21\">\n<td class=\"product--properties-label is--bold\">Kette:<\/td>\n<td class=\"product--properties-value\">Sram SX Eagle\u2122<\/td>\n<\/tr>\n<tr class=\"product--properties-row row22\">\n<td class=\"product--properties-label is--bold\">Reifen:<\/td>\n<td class=\"product--properties-value\">Schwalbe Nobby Nic, Addix Performance, Kevlar, 2.4<\/td>\n<\/tr>\n<tr class=\"product--properties-row row23\">\n<td class=\"product--properties-label is--bold\">Nabe Vorderrad:<\/td>\n<td class=\"product--properties-value\">Shimano HB-MT400-B, 15mm, Boost, Centerlock<\/td>\n<\/tr>\n<tr class=\"product--properties-row row24\">\n<td class=\"product--properties-label is--bold\">Nabe Hinterrad:<\/td>\n<td class=\"product--properties-value\">Shimano FH-MT400-B, 12mm, Boost, Centerlock<\/td>\n<\/tr>\n<tr class=\"product--properties-row row25\">\n<td class=\"product--properties-label is--bold\">Felgen:<\/td>\n<td class=\"product--properties-value\">CUBE EX25, 32H, Disc<\/td>\n<\/tr>\n<tr class=\"product--properties-row row26\">\n<td class=\"product--properties-label is--bold\">Lagerdimension:<\/td>\n<td class=\"product--properties-value\">Top: 40x8mm, Bottom: 22x8mm<\/td>\n<\/tr>\n<tr class=\"product--properties-row row27\">\n<td class=\"product--properties-label is--bold\">Pedale:<\/td>\n<td class=\"product--properties-value\">nicht im Lieferumfang enthalten<\/td>\n<\/tr>\n<tr class=\"product--properties-row row28\">\n<td class=\"product--properties-label is--bold\">Zul\u00e4ssiges Gesamtgewicht:<\/td>\n<td class=\"product--properties-value\">115 kg (K\u00f6rpergewicht + Fahrrad + Ausr\u00fcstung)<\/td>\n<\/tr>\n<tr class=\"product--properties-row row29\">\n<td class=\"product--properties-label is--bold\">Gewicht Komplettrad:<\/td>\n<td class=\"product--properties-value\">ab 14,9 kg<\/td>\n<\/tr>\n<\/tbody>\n<\/table><\/div>\n<\/p><\/div>\n","protected":false},"excerpt":{"rendered":"<div class=\"tab-menu--product js--tab-menu\">\n<div class=\"tab--container-list\">\n<div class=\"tab--container description has--content is--active\">\n<div class=\"tab--content box-description\">\n<div class=\"content--description\">\n<div class=\"ean-box\"><strong><label>Modelljahr: <span style=\"font-size: 16px\">2023<\/span><\/label><\/strong><\/div>\n<\/p><\/div>\n<\/p><\/div>\n<\/p><\/div>\n<\/p><\/div>\n<\/p><\/div>\n<p><a class=\"rating-link-info--box\" name=\"product--publish-comment\"><\/a><\/p>\n<div id=\"detail--product-reviews\" class=\"content--product-reviews 123\"><\/div>\n","protected":false},"featured_media":9514,"comment_status":"closed","ping_status":"closed","template":"","meta":[],"product_brand":[],"product_cat":[95,106,96],"product_tag":[],"class_list":{"0":"post-9497","1":"product","2":"type-product","3":"status-publish","4":"has-post-thumbnail","6":"product_cat-fahrrad","7":"product_cat-fullsuspension","8":"product_cat-mountainbike","10":"first","11":"instock","12":"sale","13":"shipping-taxable","14":"purchasable","15":"product-type-variable"},"_links":{"self":[{"href":"https:\/\/fatbike-de.com\/index.php\/wp-json\/wp\/v2\/product\/9497","targetHints":{"allow":["GET"]}}],"collection":[{"href":"https:\/\/fatbike-de.com\/index.php\/wp-json\/wp\/v2\/product"}],"about":[{"href":"https:\/\/fatbike-de.com\/index.php\/wp-json\/wp\/v2\/types\/product"}],"replies":[{"embeddable":true,"href":"https:\/\/fatbike-de.com\/index.php\/wp-json\/wp\/v2\/comments?post=9497"}],"wp:featuredmedia":[{"embeddable":true,"href":"https:\/\/fatbike-de.com\/index.php\/wp-json\/wp\/v2\/media\/9514"}],"wp:attachment":[{"href":"https:\/\/fatbike-de.com\/index.php\/wp-json\/wp\/v2\/media?parent=9497"}],"wp:term":[{"taxonomy":"product_brand","embeddable":true,"href":"https:\/\/fatbike-de.com\/index.php\/wp-json\/wp\/v2\/product_brand?post=9497"},{"taxonomy":"product_cat","embeddable":true,"href":"https:\/\/fatbike-de.com\/index.php\/wp-json\/wp\/v2\/product_cat?post=9497"},{"taxonomy":"product_tag","embeddable":true,"href":"https:\/\/fatbike-de.com\/index.php\/wp-json\/wp\/v2\/product_tag?post=9497"}],"curies":[{"name":"wp","href":"https:\/\/api.w.org\/{rel}","templated":true}]}}