{"id":9711,"date":"2024-02-27T14:43:44","date_gmt":"2024-02-27T13:43:44","guid":{"rendered":"https:\/\/fatbike-de.com\/?post_type=product&#038;p=9711"},"modified":"2024-02-27T14:44:13","modified_gmt":"2024-02-27T13:44:13","slug":"shimano-xt-fc-m8100-1-12-fach-kurbel-32-zahne-175mm","status":"publish","type":"product","link":"https:\/\/fatbike-de.com\/index.php\/product\/shimano-xt-fc-m8100-1-12-fach-kurbel-32-zahne-175mm\/","title":{"rendered":"Shimano XT FC-M8100-1 12-fach Kurbel 32 Z\u00e4hne 175mm"},"content":{"rendered":"<h2 class=\"product--title\"><strong>Shimano<\/strong>\u00a0XT FC-M8100-1 12-fach Kurbel 32 Z\u00e4hne 175mm<\/h2>\n<p>Die Shimano XT FC-M8100-1 mit 172 mm Q-Faktor, 52 mm Kettenlinie und 142 \/ 148 mm Einbaubreite steht f\u00fcr h\u00f6chste Antriebseffizienz bei geringem Gewicht. Sie bietet optimale Kraft\u00fcbertragung und maximale Geschwindigkeit f\u00fcr das neue XT-System, die nur auf 1 Kettenblatt setzen.<\/p>\n<h2>Die urspr\u00fcngliche Mountainbike-Gruppe setzt ihr Verm\u00e4chtnis fort: die XT 1&#215;12-fach Kurbel FC-M8100-1 von Shimano<\/h2>\n<div>Neben einer neuen speziellen 12-fach-Kette (CN-M8100) mit entsprechend neuem 12-fach QUICK LINK Verschluss stattet SHIMANO die XT M8100 auch mit neuen Kurbelgarnituren f\u00fcr 12-fach aus (FC-M8100\/8120\/8130-1). Die \u00fcberwiegend auf 1-fach-Systeme setzen, steht eine gro\u00dfe Bandbreite an Kettenbl\u00e4ttern (28Z bis 36Z) zur Verf\u00fcgung.<\/div>\n<div>\n<p>Die neuen XT 1&#215;12-fach Kurbeln zeichnen sich durch die DYNAMIC CHAIN ENGAGEMENT+ Technologie aus, deren spezielles hochpr\u00e4zise gefertigtes Zahnprofil daf\u00fcr sorgt, dass die Kette auf rauem Gel\u00e4nde optimalen Halt auf dem oberen Teil des Kettenblattes findet, sich unten aber gleicherma\u00dfen gut wieder vom Kettenblatt l\u00f6st und damit Effizienz, Leichtg\u00e4ngigkeit und Ger\u00e4uscharmut des Antriebs sicherstellt.F\u00fcr schnelle und sichere Montage der Kettenbl\u00e4tter sind die Kurbeln mit einem Direct-Mount-System ausgestattet, das den Kettenblattwechsel in Windeseile erm\u00f6glicht. Verf\u00fcgbar ist die Kurbel in Boost- und Non-Boost-Spezifikation.Die Mountainbike-Gruppe der ersten Stunde setzt ihr Verm\u00e4chtnis fort, den Standard f\u00fcr die MTB-Enthusiasten dieser Welt zu setzen. Seit nunmehr fast drei Jahrzehnten zeichnet sich die DEORE XT durch bew\u00e4hrte Langlebigkeit, Zuverl\u00e4ssigkeit und Leistung aus. Die neueste Version der Schaltgruppe sah sich mit der Herausforderung konfrontiert, dass der moderne Mountainbiker in technisch immer anspruchsvollerem Terrain unterwegs ist \u2013 und zudem schneller \u00fcber die Trails jagt. SHIMANO hat alles daf\u00fcr getan, diesem Anspruch gerecht zu werden und bringt mit der DEORE XT M8100 auch im Jahr 2019 Spitzentechnologien f\u00fcr Mountainbikes an den Start.<\/p>\n<hr \/>\n<h3>Features &#8211; Shimano XT FC-M8100-1 12-fach Kurbel | 32 Z\u00e4hne | 175mm<\/h3>\n<div>\n<ul>\n<li><strong>FC-M8100-1 Q-Faktor\u00a0<\/strong>172mm<\/li>\n<li><strong>Kettenlinie:<\/strong>\u00a052mm<\/li>\n<li><strong>Einbaubreite<\/strong>\u00a0142mm \/ 148mm (Boost)<\/li>\n<li><strong>Kompatibilit\u00e4t\u00a0<\/strong>1&#215;12-fach mit CS-M8100 Kassetten 10-45 und 10-51<\/li>\n<li><strong>Befestigungssystem\u00a0<\/strong>Direktmontage (Leichtere und steifere Konstruktion und leicht zu wechselndes Kettenblatt durch Direktmontage und integriertem Abzieher)<\/li>\n<\/ul>\n<h3>Produkteigenschaften<\/h3>\n<ul>\n<li><strong>Einsatzbereich:\u00a0<\/strong>MTB<\/li>\n<li><strong>Gruppe:<\/strong>\u00a0XT M8100<\/li>\n<li><strong>Modell:\u00a0<\/strong>FC-M8100-1<\/li>\n<li><strong>Abstufung:<\/strong>\u00a032 Z\u00e4hne<\/li>\n<li><strong>Q-Factor:\u00a0<\/strong>172mm<\/li>\n<li><strong>Geh\u00e4usebreite:<\/strong>\u00a068 \/ 73mm<\/li>\n<li><strong>Schaltstufen hinten:<\/strong>\u00a012-fach<\/li>\n<li><strong>Aufnahme:<\/strong>\u00a0Hollowtech II<\/li>\n<li><strong>Kompatible Kette:<\/strong>\u00a0CN-M8100 12-fach<\/li>\n<li><strong>4-Arm Kurbelstern:<\/strong>\u00a0Ja<\/li>\n<li><b>Einbaubreite:\u00a0<\/b>142mm\u00a0\/ 148mm (Boost)<\/li>\n<li><strong>Kettenlinie:<\/strong>\u00a052mm<\/li>\n<\/ul>\n<h3>Kurbelarml\u00e4nge<\/h3>\n<ul>\n<li>175mm<\/li>\n<\/ul>\n<h3>Material<\/h3>\n<ul>\n<li><strong>Kurbelarme:<\/strong>\u00a0Aluminium, eloxiert<\/li>\n<li><strong>Kurbelachse:<\/strong>\u00a0Stahl, plattiert<\/li>\n<li><strong>Kettenblatt:<\/strong>\u00a0Aluminium, eloxiert<\/li>\n<\/ul>\n<h3>Gewicht<\/h3>\n<ul>\n<li>ca. 608g mit Kettenblatt (Herstellerangabe)<\/li>\n<\/ul>\n<hr \/>\n<h3>Lieferumfang<\/h3>\n<ul>\n<li>1 x Shimano XT FC-M8100-1 12-fach Kurbel 32 Z\u00e4hne 175mm (ohne Originalverpackung)<\/li>\n<\/ul><\/div>\n<\/p><\/div>\n<hr \/>\n<h3>Technologien<\/h3>\n<p><strong>DYNAMIC CHAIN ENGAGEMENT+<\/strong><br \/> Spezielle Zahnfunktion SHIMANOs DYNAMIC CHAIN ENGAGEMENT+ ist ein spezielles Zahnprofil f\u00fcr Einfach-Kettenbl\u00e4tter in den Einsatzbereichen XC, Enduro und Trail. Es verbessert den R\u00fcckhalt und die F\u00fchrung der Kette und erleichtert das Pedalieren auch in rauem Gel\u00e4nde. Durch die verbesserte Kettenf\u00fchrung in jedem Gang werden Abrieb und Verschlei\u00df reduziert.<\/p>\n<p><strong>HOLLOWTECH II<\/strong><br \/> Perfekte Ausgewogenheit zwischen Steifigkeit, Stabilit\u00e4t, Gewicht und Rotationseffizienz Das Konzept der HOLLOWTECH II Technologie wurde auf die Fertigung einer optimierten Kurbelgarnitur ausgerichtet, die den Kraftaufwand des Fahrers f\u00fcr den Antrieb minimiert.Die hohe Steifigkeit der Kurbelgarnitur gew\u00e4hrleistet die Effizienz der Kraft\u00fcbertragung beim Treten, w\u00e4hrend ihr geringes Gewicht insbesondere bei l\u00e4ngeren Strecken den Fahrer entlastet.Die Entwicklung der Kurbelgarnitur erfolgte im Hinblick auf ein optimales Verh\u00e4ltnis zwischen Steifigkeit und geringem Gewicht.<\/p>\n<p>Die HOLLOWTECH Technologie erm\u00f6glicht extrem leichte, hohle Kurbelarme, die unter Einsatz der exklusiven Schmiedetechnologie von SHIMANO hergestellt werden, um eine maximale Steifigkeit zu erhalten. Zus\u00e4tzlich ist bei der HOLLOWTECH II Garnitur die rechte Kurbel fest mit der Achse des Innenlagers verbunden, wodurch eine optimale Ausgewogenheit zwischen h\u00f6chster Steifigkeit und geringstem Gewicht erzielt wird.Das au\u00dfen gelagerte Innenlager bietet eine bessere Gewichtsverteilung und mehr Stabilit\u00e4t, was f\u00fcr eine effizientere Kraft\u00fcbertragung sorgt.Bei der Entwicklung der HOLLOWTECH II Kurbelgarnitur wurde Wert auf ein optimales Verh\u00e4ltnis zwischen Steifigkeit und Rotations-effizienz sowie geringem Gewicht und attraktiver Optik gelegt.Hochwertige Pr\u00e4zisionsdichtungen Die HOLLOWTECH II Kurbelgarnitur verf\u00fcgt dar\u00fcber hinaus \u00fcber hochwertige Pr\u00e4zisionsdichtungen im Lagerbereich, um die Haltbarkeit zu verl\u00e4ngern und die ausgezeichnete Rotationseffizienz langfristig zu erhalten.<\/p>\n<hr \/>\n<h3>Shimano&#8217;s 12-fach DEORE XT M8100<\/h3>\n<h3>Erster Blick: Shimano Deore XT M8100<\/h3>\n<h2 class=\"product--rating-container\"><\/h2>\n","protected":false},"excerpt":{"rendered":"<p>Shimano\u00a0XT FC-M8100-1 12-fach Kurbel 32 Z\u00e4hne 175mm Die Shimano XT FC-M8100-1 mit 172 mm Q-Faktor, 52 mm Kettenlinie und 142 \/ 148 mm Einbaubreite steht f\u00fcr h\u00f6chste Antriebseffizienz bei geringem Gewicht. Sie bietet optimale Kraft\u00fcbertragung und maximale Geschwindigkeit f\u00fcr das neue XT-System, die nur auf 1 Kettenblatt setzen. Die urspr\u00fcngliche Mountainbike-Gruppe setzt ihr Verm\u00e4chtnis fort: die XT 1&#215;12-fach Kurbel FC-M8100-1\u2026<\/p>\n","protected":false},"featured_media":9749,"comment_status":"closed","ping_status":"closed","template":"","meta":[],"product_brand":[],"product_cat":[128,123],"product_tag":[],"class_list":{"0":"post-9711","1":"product","2":"type-product","3":"status-publish","4":"has-post-thumbnail","6":"product_cat-mtb-teile","7":"product_cat-teile","9":"first","10":"instock","11":"sale","12":"shipping-taxable","13":"purchasable","14":"product-type-simple"},"_links":{"self":[{"href":"https:\/\/fatbike-de.com\/index.php\/wp-json\/wp\/v2\/product\/9711","targetHints":{"allow":["GET"]}}],"collection":[{"href":"https:\/\/fatbike-de.com\/index.php\/wp-json\/wp\/v2\/product"}],"about":[{"href":"https:\/\/fatbike-de.com\/index.php\/wp-json\/wp\/v2\/types\/product"}],"replies":[{"embeddable":true,"href":"https:\/\/fatbike-de.com\/index.php\/wp-json\/wp\/v2\/comments?post=9711"}],"wp:featuredmedia":[{"embeddable":true,"href":"https:\/\/fatbike-de.com\/index.php\/wp-json\/wp\/v2\/media\/9749"}],"wp:attachment":[{"href":"https:\/\/fatbike-de.com\/index.php\/wp-json\/wp\/v2\/media?parent=9711"}],"wp:term":[{"taxonomy":"product_brand","embeddable":true,"href":"https:\/\/fatbike-de.com\/index.php\/wp-json\/wp\/v2\/product_brand?post=9711"},{"taxonomy":"product_cat","embeddable":true,"href":"https:\/\/fatbike-de.com\/index.php\/wp-json\/wp\/v2\/product_cat?post=9711"},{"taxonomy":"product_tag","embeddable":true,"href":"https:\/\/fatbike-de.com\/index.php\/wp-json\/wp\/v2\/product_tag?post=9711"}],"curies":[{"name":"wp","href":"https:\/\/api.w.org\/{rel}","templated":true}]}}