{"id":9713,"date":"2024-02-27T14:43:45","date_gmt":"2024-02-27T13:43:45","guid":{"rendered":"https:\/\/fatbike-de.com\/?post_type=product&#038;p=9713"},"modified":"2024-02-27T14:44:20","modified_gmt":"2024-02-27T13:44:20","slug":"ergon-smc-men-sport-gel-sattel","status":"publish","type":"product","link":"https:\/\/fatbike-de.com\/index.php\/product\/ergon-smc-men-sport-gel-sattel\/","title":{"rendered":"Ergon SMC Men Sport Gel Sattel"},"content":{"rendered":"<h2 class=\"product--title\"><strong>Ergon<\/strong>\u00a0SMC Men Sport Gel Sattel<\/h2>\n<p>Das Ergon SMC Men sitzt! Komfort und Dynamik als unschlagbare Einheit: Der\u00a0 Men Sport Gel ist die ultimative L\u00f6sung f\u00fcr den optimalen Flow im Gel\u00e4nde. Der besonders dicke orthop\u00e4dische <a href=\"http:\/\/1-1\">Schaum<\/a> und gro\u00dffl\u00e4chige Gel-Pads reduzieren den Sitzdruck maximal, und der speziell f\u00fcr den Mann entwickelte Entlastungskanal verhindert Taubheitsgef\u00fchle.<\/p>\n<h2>Die L\u00f6sung bei Sitzproblemen: der SMC Sport Gel Men Sattel<\/h2>\n<p>Du sitzt in jeder Position perfekt, bringst volle Power aufs Pedal. Kein Gedanke mehr an irgendwelche Beschwerden &#8211; deine ganze Konzentration gilt dem Trail!<\/p>\n<hr \/>\n<h3>Features &#8211; Ergon SMC Sport Gel Men<\/h3>\n<ul>\n<li><strong>Sitzpolster-Aufbau &#8211;\u00a0<\/strong>Orthop\u00e4discher Sitzschaum bietet erh\u00f6hte St\u00fctzkraft und beste Druckverteilung.<\/li>\n<li><strong>Flexible Seiten\ufb02\u00fcgel &#8211;<\/strong>\u00a0Die \ufb02exiblen Seiten\ufb02\u00fcgel sorgen biomechanisch f\u00fcr optimale Kraft\u00fcbertragung und reduzieren den Druck auf die obere Beinmuskulatur.<\/li>\n<li><strong>Gro\u00dffl\u00e4chige Druckverteilung &#8211;<\/strong>\u00a0Optimale Druckverteilung im Bereich der Sitz- und Schambeinknochen durch eine flache, gleichm\u00e4\u00dfige Auflagefl\u00e4che und hochwertigste Sitzsch\u00e4ume.<\/li>\n<li><strong>Anatomisch angepasste Entlastung &#8211;\u00a0<\/strong>Entlastungskanal zur wirksamen Pr\u00e4vention von Beschwerden und Taubheitsgef\u00fchlen im Damm- und Genitalbereich. Speziell angepasst f\u00fcr M\u00e4nner.<\/li>\n<\/ul>\n<h3>Produkteigenschaften<\/h3>\n<ul>\n<li><strong>Einsatzbereich:<\/strong>\u00a0MTB<\/li>\n<li><strong>Sitzschale:\u00a0<\/strong>Nylon Composite<\/li>\n<li><strong>Gestell:\u00a0<\/strong>CroMo<\/li>\n<li><strong>Obermaterial:<\/strong>\u00a0Microfiber<\/li>\n<li><strong>Polsterung:\u00a0<\/strong>Orthopedic Comfort Foam mit Gel Pads<\/li>\n<li><strong>Geschlecht:<\/strong>\u00a0m\u00e4nnerspezifisch<\/li>\n<\/ul>\n<h3>Gr\u00f6\u00dfe (Variante w\u00e4hlen)<\/h3>\n<ul>\n<li><b>Small\/Medium:<\/b>\u00a0Sitzknochenabstand 9-12cm (27,3 x 14,9 cm)<\/li>\n<li><b>Medium\/Large:<\/b>\u00a0Sitzknochenabstand 12-16cm (27,6 x 16,4 cm)<\/li>\n<\/ul>\n<h3>Farbe<\/h3>\n<ul>\n<li>Stealth<\/li>\n<\/ul>\n<hr \/>\n<h3>Lieferumfang<\/h3>\n<ul>\n<li>1 Ergon SMC Sport Gel Men Sattel<\/li>\n<\/ul>\n","protected":false},"excerpt":{"rendered":"<p>Ergon\u00a0SMC Men Sport Gel Sattel Das Ergon SMC Men sitzt! Komfort und Dynamik als unschlagbare Einheit: Der\u00a0 Men Sport Gel ist die ultimative L\u00f6sung f\u00fcr den optimalen Flow im Gel\u00e4nde. Der besonders dicke orthop\u00e4dische Schaum und gro\u00dffl\u00e4chige Gel-Pads reduzieren den Sitzdruck maximal, und der speziell f\u00fcr den Mann entwickelte Entlastungskanal verhindert Taubheitsgef\u00fchle. Die L\u00f6sung bei Sitzproblemen: der SMC Sport Gel\u2026<\/p>\n","protected":false},"featured_media":9753,"comment_status":"closed","ping_status":"closed","template":"","meta":[],"product_brand":[],"product_cat":[128,123],"product_tag":[],"class_list":{"0":"post-9713","1":"product","2":"type-product","3":"status-publish","4":"has-post-thumbnail","6":"product_cat-mtb-teile","7":"product_cat-teile","9":"first","10":"instock","11":"sale","12":"shipping-taxable","13":"purchasable","14":"product-type-simple"},"_links":{"self":[{"href":"https:\/\/fatbike-de.com\/index.php\/wp-json\/wp\/v2\/product\/9713","targetHints":{"allow":["GET"]}}],"collection":[{"href":"https:\/\/fatbike-de.com\/index.php\/wp-json\/wp\/v2\/product"}],"about":[{"href":"https:\/\/fatbike-de.com\/index.php\/wp-json\/wp\/v2\/types\/product"}],"replies":[{"embeddable":true,"href":"https:\/\/fatbike-de.com\/index.php\/wp-json\/wp\/v2\/comments?post=9713"}],"wp:featuredmedia":[{"embeddable":true,"href":"https:\/\/fatbike-de.com\/index.php\/wp-json\/wp\/v2\/media\/9753"}],"wp:attachment":[{"href":"https:\/\/fatbike-de.com\/index.php\/wp-json\/wp\/v2\/media?parent=9713"}],"wp:term":[{"taxonomy":"product_brand","embeddable":true,"href":"https:\/\/fatbike-de.com\/index.php\/wp-json\/wp\/v2\/product_brand?post=9713"},{"taxonomy":"product_cat","embeddable":true,"href":"https:\/\/fatbike-de.com\/index.php\/wp-json\/wp\/v2\/product_cat?post=9713"},{"taxonomy":"product_tag","embeddable":true,"href":"https:\/\/fatbike-de.com\/index.php\/wp-json\/wp\/v2\/product_tag?post=9713"}],"curies":[{"name":"wp","href":"https:\/\/api.w.org\/{rel}","templated":true}]}}