{"id":9714,"date":"2024-02-27T14:43:45","date_gmt":"2024-02-27T13:43:45","guid":{"rendered":"https:\/\/fatbike-de.com\/?post_type=product&#038;p=9714"},"modified":"2024-02-27T14:44:27","modified_gmt":"2024-02-27T13:44:27","slug":"shimano-xt-sl-m8100-12-fach-schalthebel-rechts","status":"publish","type":"product","link":"https:\/\/fatbike-de.com\/index.php\/product\/shimano-xt-sl-m8100-12-fach-schalthebel-rechts\/","title":{"rendered":"Shimano XT SL-M8100 12-fach Schalthebel rechts"},"content":{"rendered":"<h2 class=\"product--title\"><strong>Shimano<\/strong>\u00a0XT SL-M8100 12-fach Schalthebel rechts<\/h2>\n<p>Der Shimano XT SL-M8100 Rapidfire Plus Schalthebel von Shimano zeichnet sich durch ein leichtes, ergonomisches und kompaktes Design aus. Neben dem Schaltverhalten legt auch die Performance einen Gang zu. Mit 20 % k\u00fcrzerer Hebelerreichbarkeit f\u00fcr ein schnelles Schalten und 35 % weniger Krafteinsatz.<\/p>\n<h2>Leicht und super ergonomischer Schalthebel: XT SL-M8100 von Shimano<\/h2>\n<p>Die Theorie hinter der Entwicklung der neuen Schalthebel war, es dem Fahrer zu erm\u00f6glichen, auf pl\u00f6tzliche Ver\u00e4nderungen durch den Kurs oder die Rennsituation unmittelbar reagieren zu k\u00f6nnen.Dazu wurde die intuitive Bedienung der Lenkerelemente noch einmal deutlich optimiert, was im Renngeschehen die entscheidenden Zehntelsekunden an Vorteil bedeuten kann.<\/p>\n<hr \/>\n<h3>Features &#8211; Shimano XT SL-M8100 12-fach Schalthebel rechts Rapidfire Plus<\/h3>\n<div>\n<ul>\n<li>Hebel ist 20% schneller erreichbar<\/li>\n<li>Kompakte Konstruktion in Leichtbauweise<\/li>\n<li>Schneller zug\u00e4nglicher Hebel und geringer Kraftaufwand bei der Bedienung f\u00fcr andauernde Konzentration beim Fahren<\/li>\n<li>H\u00f6here Flexibilit\u00e4t und aktionsoptimiertes Cockpit-Layout<\/li>\n<li>MULTI-Release l\u00e4sst zwei Gangspr\u00fcnge zu. So kann man mit dem Haupthebel oder dem Sekund\u00e4rhebel in beiden Richtungen \u00fcber mehrere G\u00e4nge schalten<\/li>\n<li>INSTANT-Release erm\u00f6glicht schnellere Schaltvorg\u00e4nge. Das Kabel wird sofort beim bet\u00e4tigen des Hebels freigegeben<\/li>\n<li>2-WAY-Release erlaubt das Freigeben des Zuges durch Dr\u00fccken mit dem Daumen oder Ziehen mit dem Zeigefinger. So m\u00fcssen Sie nicht ihren Fahrstil dem Schaltwerk anpassen, sondern das Schaltwerk passt sich Ihrem Fahrstil an<\/li>\n<\/ul>\n<h3>Produkteigenschaften<\/h3>\n<ul>\n<li><strong>Einsatzbereich:<\/strong>\u00a0MTB<\/li>\n<li><strong>Gruppe:<\/strong>\u00a0XT M8100<\/li>\n<li><strong>Modell:<\/strong>\u00a0SL-M8100-R<\/li>\n<li><strong>Shifter Typ:<\/strong>\u00a0Rapidfire Plus<\/li>\n<li><strong>Befestigung:\u00a0<\/strong>Schelle<\/li>\n<li><strong>Anbau:\u00a0<\/strong>rechts<\/li>\n<li><strong>Schaltstufen hinten:\u00a0<\/strong>12-fach<\/li>\n<li><strong>Optische Ganganzeige:<\/strong>\u00a0Nein<\/li>\n<li><strong>Instant Release:\u00a0<\/strong>Ja<\/li>\n<li><strong>Multi Release:\u00a0<\/strong>Ja<\/li>\n<li><strong>2-Way Release:\u00a0<\/strong>Ja<\/li>\n<li><strong>Schaltzugeinstellung:\u00a0<\/strong>Ja<\/li>\n<\/ul><\/div>\n<div>\n<h3>Material<\/h3>\n<ul>\n<li><strong>Griff:<\/strong>\u00a0Aluminium, lackiert<\/li>\n<li><strong>Hebel:\u00a0<\/strong>Aluminium, GFRP<\/li>\n<li><strong>Klemmschraube:\u00a0<\/strong>Edelstahl<\/li>\n<\/ul>\n<h3>Gewicht<\/h3>\n<ul>\n<li>\u00a0ca. 125g (Herstellerangabe)<\/li>\n<\/ul>\n<hr \/>\n<h3>Lieferumfang<\/h3>\n<ul>\n<li>1 x Shimano XT SL-M8100 12-fach Schalthebel rechts<\/li>\n<li>1 x Shimano Innenzug 2050mm<\/li>\n<li>1 x Shimano Au\u00dfenh\u00fclle SIS OT-SP41 1800mm<\/li>\n<li>1 x Endkappe + Endh\u00fclle<\/li>\n<\/ul>\n<hr \/>\n<h3>Technologien<\/h3>\n<\/p><\/div>\n<div><strong>Instant Release<\/strong><br \/> Der Instant Release-Schaltvorgang ersetzt den zweistufigen Klick- und Freigabevorgang. Beim Instant Release wird der Zug sofort bei Bet\u00e4tigung des Hebels freigegeben und so der schnellstm\u00f6gliche Gangwechsel erreicht. Unabh\u00e4ngig davon, ob ein Gangwechsel nach oben mit einem Top-Normal- Schaltwerk oder ein Gangwechsel nach unten mit einem Low-Normal-Schaltwerk erfolgen soll \u2013 ein schnellerer Schaltvorgang ist immer ein besserer Schaltvorgang.<\/div>\n<p><strong>Rapidfire Plus Mono<\/strong><\/p>\n<ul>\n<li>Die einfache und praktische Einhebel-Bedienung, der schnellere Zugriff und das leichtere Umschalten vorn f\u00f6rdern die Konzentration.<\/li>\n<li>Das doppelte Schalten vorn mit nat\u00fcrlicher Fingerstellung erleichtert den Gangwechsel.<\/li>\n<li>Fahrer k\u00f6nnen bequem vorm schalten, um schnell und pr\u00e4zise auf wechselnde Fahrbedingungen zu reagieren<\/li>\n<\/ul>\n<p>Der RAPIDFIRE PLUS MONO erm\u00f6glicht das Hoch- und Herunterschalten \u00fcber eine einfache und intuitive Einhebel-Bedienung. Er unterst\u00fctzt doppeltes Schalten vorn mit nat\u00fcrlicher Fingerstellung und intuitiven Schaltbewegungen, ohne den festen Griff am Lenker zu l\u00f6sen. Die 2WAY-RELEASE-Funktionalit\u00e4t erm\u00f6glicht unmittelbare Zieh- und Dr\u00fcckbewegungen. Das erleichtert es, schnell und pr\u00e4zise auf rasch wechselnde Bedingungen zu reagieren.<\/p>\n<p><strong>I-Spec-EV<\/strong><br \/> I-SPEC EV schafft ein sauberes, aktionsoptimiertes Cockpit-Layout, das mehr Fahrern zu erh\u00f6hter Konzentration und gr\u00f6\u00dferer Flexibilit\u00e4t verhilft.<\/p>\n<p>Vorteile und Merkmale<\/p>\n<ul>\n<li>Dank des gr\u00f6\u00dferen Einstellbereichs finden ganz unterschiedliche Fahrer ihre optimale Position \u2013 unabh\u00e4ngig von Fahrstil, Vorlieben und K\u00f6rperbau.<\/li>\n<li>Das ergonomische Design, der schnellere Hebelzugriff und die leichtg\u00e4ngige Bedienung erh\u00f6hen den Fahrkomfort und f\u00f6rdern die Konzentration.<\/li>\n<\/ul>\n<hr \/>\n<h3>Shimano&#8217;s 12-fach DEORE XT M8100<\/h3>\n","protected":false},"excerpt":{"rendered":"<p>Shimano\u00a0XT SL-M8100 12-fach Schalthebel rechts Der Shimano XT SL-M8100 Rapidfire Plus Schalthebel von Shimano zeichnet sich durch ein leichtes, ergonomisches und kompaktes Design aus. Neben dem Schaltverhalten legt auch die Performance einen Gang zu. Mit 20 % k\u00fcrzerer Hebelerreichbarkeit f\u00fcr ein schnelles Schalten und 35 % weniger Krafteinsatz. Leicht und super ergonomischer Schalthebel: XT SL-M8100 von Shimano Die Theorie hinter\u2026<\/p>\n","protected":false},"featured_media":9758,"comment_status":"closed","ping_status":"closed","template":"","meta":[],"product_brand":[],"product_cat":[128,123],"product_tag":[],"class_list":{"0":"post-9714","1":"product","2":"type-product","3":"status-publish","4":"has-post-thumbnail","6":"product_cat-mtb-teile","7":"product_cat-teile","9":"first","10":"instock","11":"sale","12":"shipping-taxable","13":"purchasable","14":"product-type-simple"},"_links":{"self":[{"href":"https:\/\/fatbike-de.com\/index.php\/wp-json\/wp\/v2\/product\/9714","targetHints":{"allow":["GET"]}}],"collection":[{"href":"https:\/\/fatbike-de.com\/index.php\/wp-json\/wp\/v2\/product"}],"about":[{"href":"https:\/\/fatbike-de.com\/index.php\/wp-json\/wp\/v2\/types\/product"}],"replies":[{"embeddable":true,"href":"https:\/\/fatbike-de.com\/index.php\/wp-json\/wp\/v2\/comments?post=9714"}],"wp:featuredmedia":[{"embeddable":true,"href":"https:\/\/fatbike-de.com\/index.php\/wp-json\/wp\/v2\/media\/9758"}],"wp:attachment":[{"href":"https:\/\/fatbike-de.com\/index.php\/wp-json\/wp\/v2\/media?parent=9714"}],"wp:term":[{"taxonomy":"product_brand","embeddable":true,"href":"https:\/\/fatbike-de.com\/index.php\/wp-json\/wp\/v2\/product_brand?post=9714"},{"taxonomy":"product_cat","embeddable":true,"href":"https:\/\/fatbike-de.com\/index.php\/wp-json\/wp\/v2\/product_cat?post=9714"},{"taxonomy":"product_tag","embeddable":true,"href":"https:\/\/fatbike-de.com\/index.php\/wp-json\/wp\/v2\/product_tag?post=9714"}],"curies":[{"name":"wp","href":"https:\/\/api.w.org\/{rel}","templated":true}]}}