{"id":9716,"date":"2024-02-27T14:43:45","date_gmt":"2024-02-27T13:43:45","guid":{"rendered":"https:\/\/fatbike-de.com\/?post_type=product&#038;p=9716"},"modified":"2024-02-27T14:44:38","modified_gmt":"2024-02-27T13:44:38","slug":"hayes-dominion-a4-scheibenbremse-stealth-black-grey","status":"publish","type":"product","link":"https:\/\/fatbike-de.com\/index.php\/product\/hayes-dominion-a4-scheibenbremse-stealth-black-grey\/","title":{"rendered":"Hayes Dominion A4 Scheibenbremse stealth-black\/grey"},"content":{"rendered":"<div class=\"product--headername\">\n<h2 class=\"product--title\"><strong>Hayes<\/strong> Dominion A4 Scheibenbremse stealth-black\/grey<\/h2>\n<\/p><\/div>\n<p>Mit der brandneuen Stealth Dominion in der Farbkombination Stealth Black\/Grau sind diee preisgekr\u00f6nten Hayes Dominion A4 Bremsen wieder da! Mit geringer Fingerkraft eine kompromisslos hohe Bremskraft zu verwirklichen &#8211; darauf liegt der Fokus . Bei harten Bremsvorg\u00e4ngen wird damit nie wieder unn\u00f6tig Kraft \u201everschwendet\u201c.<\/p>\n<hr \/>\n<table border=\"0\" width=\"100%\" cellspacing=\"1\" cellpadding=\"1\">\n<tbody>\n<tr>\n<td><a href=\"https:\/\/www.bike-magazin.de\/e_mtb.html\" target=\"_blank\" rel=\"nofollow noopener\"><img decoding=\"async\" title=\"EMTB 04\/2019 - Hayes Dominion\" src=\"https:\/\/cd.bike-discount.de\/media\/image\/4a\/07\/f1\/emtb_04_2019_hayes_dominion.png\" alt=\"\" width=\"161\" height=\"75\" data-mid=\"482426\" data-src=\"media\/image\/emtb_04_2019_hayes_dominion.png\" \/><\/a><br \/> EMTB 04\/2019<br \/> Test: &#8222;Kr\u00e4fte messen: Bremsen&#8220;<br \/> <strong>Testergebnis: Sehr gut<\/strong><\/td>\n<td width=\"2%\"><\/td>\n<td><a href=\"http:\/\/www.freeride-magazine.com\/\" target=\"_blank\" rel=\"noopener\"><img decoding=\"async\" title=\"Freeride 0219 - Hayes Dominion\" src=\"https:\/\/cd.bike-discount.de\/media\/image\/cb\/f2\/07\/freeride_02_2019_hayes_dominion.png\" alt=\"\" width=\"80\" height=\"72\" data-mid=\"455988\" data-src=\"media\/image\/freeride_02_2019_hayes_dominion.png\" \/><\/a><br \/> Freeride 02\/2019<br \/> Test: &#8222;Halt` an!: Gravity-Bremsen&#8220;<br \/> <strong>Testergebnis: 9,5 Punkte<br \/> <\/strong><\/td>\n<td width=\"2%\"><\/td>\n<td><a title=\"Bike 0519 - Hayes Dominion\" href=\"https:\/\/www.bike-magazin.de\/\" target=\"_blank\" rel=\"noopener\"><img decoding=\"async\" title=\"Bike 0519 - Hayes Dominion\" src=\"https:\/\/cd.bike-discount.de\/media\/image\/51\/fd\/0a\/bike_05_2019_hayes_dominion.png\" alt=\"\" width=\"133\" height=\"75\" data-mid=\"447049\" data-src=\"media\/image\/bike_05_2019_hayes_dominion.png\" \/><\/a><br \/> BIKE 05\/2019<br \/> Test: &#8222;Kr\u00e4ftemessen: Trail-Bremsen&#8220;<br \/> <strong>Testergebnis: Sehr gut<br \/> <\/strong><\/td>\n<\/tr>\n<\/tbody>\n<\/table>\n<hr \/>\n<h2>Hohe Bremskraft mit 4-Kolben: Scheibenbremse<\/h2>\n<p>Der neue Hebel der Dominion kommt robust daher und die Hebelweite l\u00e4sst sich werkzeuglos verstellen. Die Position der Bremszange l\u00e4sst sich an der Bremsverschraubung per 2 mm-Madenschraube anpassen. Die Verschraubung findet mit der Matchmaker-Technologie von SRAM statt, es gibt aber auch ein Adapter f\u00fcr Shimanos I-Spec 2-Befestigung. Die Bremszange bei der Dominion 4 wurde komplett neu entwickelt und verspricht extreme Bremspower. Es gibt eine Einstellung f\u00fcr den Hebelleerweg und die damit verbundene Position des Geberkolbens.<\/p>\n<p>Die Bremse verspricht intuitiv zu sein und beim Auftreffen der Bel\u00e4ge eine definierte Steigerung der Bremskraft aufzuweisen, was f\u00fcr hohe Berechenbarkeit und Kontrolle sorgt. Besonders stolz ist Hayes au\u00dferdem auf das neue Entl\u00fcftungssystem: Der Bremssattel ist mit zwei Entl\u00fcftungs\u00f6ffnungen ausgestattet, die eine optimale Entl\u00fcftung des Systems gew\u00e4hrleisten sollen.<\/p>\n<hr \/>\n<h3>Features &#8211; Hayes Dominion A4<\/h3>\n<ul>\n<li>Neuentwicklung mit Vierkolbentechnologie<\/li>\n<li>Kugelgelagerter Hebel f\u00fcr besseres Handgef\u00fchl<\/li>\n<li>Leerweg-Verstellung werkzeuglos<\/li>\n<li>Kolben aus Aluminium f\u00fcr Hitzemanagement<\/li>\n<li>Bremsfl\u00fcssigkeit DOT 5.1<\/li>\n<li>Sehr steife Bremszange<\/li>\n<li>Zwei Bleedports f\u00fcr m\u00f6glichst sichere Entl\u00fcftung<\/li>\n<li>Belagssicherungsstift dient gleichzeitig als dritte Schraube zur Zangenversteifung<\/li>\n<li>Crosshair Ausrichtungshilfe am Bremssattel<\/li>\n<li>Semi-metallisch und gesinterte Bel\u00e4ge verf\u00fcgbar<\/li>\n<\/ul>\n<h3>Produkteigenschaften<\/h3>\n<ul>\n<li><strong>Einsatzbereich:<\/strong>\u00a0MTB, E-Bike<\/li>\n<li><strong>Modell:<\/strong>\u00a0Dominion A4<\/li>\n<li><strong>Bremsentyp:<\/strong>\u00a0Disc-Brake<\/li>\n<li><strong>Hebell\u00e4nge:\u00a0<\/strong>2-Finger<\/li>\n<li><strong>Offene Klemmschelle:\u00a0<\/strong>Ja<\/li>\n<li><strong>Bremssattel:<\/strong>\u00a04-Kolben<\/li>\n<li><strong>Aufnahme Bremssattel:<\/strong>\u00a0Postmount<\/li>\n<li><strong>Bremsbelag:\u00a0<\/strong>T106 Semi-Metalisch und T100 Sintered<\/li>\n<li><strong>Leitungsl\u00e4nge:<\/strong>\u00a0vorne 1000mm \/ hinten 1800mm (k\u00fcrzbar)<\/li>\n<li><strong>Bremsfl\u00fcssigkeit:<\/strong>\u00a0DOT 5.1<\/li>\n<li><strong>Empfohlene Bremsscheibe:\u00a0<\/strong>D-Series<\/li>\n<\/ul>\n<h3>Anbau (Variante w\u00e4hlen)<\/h3>\n<ul>\n<li>Vorderrad &#8211; links<\/li>\n<li>Hinterrad &#8211; rechts<\/li>\n<\/ul>\n<h3>Material<\/h3>\n<ul>\n<li><strong>Hebel:\u00a0<\/strong>Aluminium<\/li>\n<li><strong>Bremssattel:<\/strong>\u00a0Aluminium<\/li>\n<li><strong>Kolben:<\/strong>\u00a0aus Aluminium f\u00fcr Hitzemanagement<\/li>\n<\/ul>\n<h3>Farbe<\/h3>\n<ul>\n<li>stealth-black\/grey<\/li>\n<\/ul>\n<h3>Gewicht<\/h3>\n<ul>\n<li>ca. 310g (Herstellerangabe)<\/li>\n<\/ul>\n<h3><\/h3>\n<hr \/>\n<h3>Lieferumfang<\/h3>\n<ul>\n<li>1 Bremshebel<\/li>\n<li>1 Bremssattel<\/li>\n<li>1 Bremsleitung (k\u00fcrzbar)<\/li>\n<li>1 Olive<\/li>\n<li>1 Insertpin<\/li>\n<li>1 Paar T106 Semi-Metalisch Bel\u00e4ge<\/li>\n<li>1 Paar T100 Sintered Bel\u00e4ge<\/li>\n<li>2 Befestigungsschrauben f\u00fcr Bremssattel<\/li>\n<li><em>Bremse ist montagefertig, bef\u00fcllt und entl\u00fcftet!<\/em><\/li>\n<\/ul>\n<div><em>Bremsscheibe und Adapter nicht im Lieferumfang enthalten!<\/em><\/div>\n<hr \/>\n<h3>Hayes Dominion A4 Installation<\/h3>\n<h3>Hayes Dominion A4<\/h3>\n<h3>Hayes Dominion A4 Service<\/h3>\n","protected":false},"excerpt":{"rendered":"<p>Hayes Dominion A4 Scheibenbremse stealth-black\/grey Mit der brandneuen Stealth Dominion in der Farbkombination Stealth Black\/Grau sind diee preisgekr\u00f6nten Hayes Dominion A4 Bremsen wieder da! Mit geringer Fingerkraft eine kompromisslos hohe Bremskraft zu verwirklichen &#8211; darauf liegt der Fokus . Bei harten Bremsvorg\u00e4ngen wird damit nie wieder unn\u00f6tig Kraft \u201everschwendet\u201c. EMTB 04\/2019 Test: &#8222;Kr\u00e4fte messen: Bremsen&#8220; Testergebnis: Sehr gut Freeride 02\/2019\u2026<\/p>\n","protected":false},"featured_media":9773,"comment_status":"closed","ping_status":"closed","template":"","meta":[],"product_brand":[],"product_cat":[128,123],"product_tag":[],"class_list":{"0":"post-9716","1":"product","2":"type-product","3":"status-publish","4":"has-post-thumbnail","6":"product_cat-mtb-teile","7":"product_cat-teile","9":"first","10":"instock","11":"sale","12":"shipping-taxable","13":"purchasable","14":"product-type-simple"},"_links":{"self":[{"href":"https:\/\/fatbike-de.com\/index.php\/wp-json\/wp\/v2\/product\/9716","targetHints":{"allow":["GET"]}}],"collection":[{"href":"https:\/\/fatbike-de.com\/index.php\/wp-json\/wp\/v2\/product"}],"about":[{"href":"https:\/\/fatbike-de.com\/index.php\/wp-json\/wp\/v2\/types\/product"}],"replies":[{"embeddable":true,"href":"https:\/\/fatbike-de.com\/index.php\/wp-json\/wp\/v2\/comments?post=9716"}],"wp:featuredmedia":[{"embeddable":true,"href":"https:\/\/fatbike-de.com\/index.php\/wp-json\/wp\/v2\/media\/9773"}],"wp:attachment":[{"href":"https:\/\/fatbike-de.com\/index.php\/wp-json\/wp\/v2\/media?parent=9716"}],"wp:term":[{"taxonomy":"product_brand","embeddable":true,"href":"https:\/\/fatbike-de.com\/index.php\/wp-json\/wp\/v2\/product_brand?post=9716"},{"taxonomy":"product_cat","embeddable":true,"href":"https:\/\/fatbike-de.com\/index.php\/wp-json\/wp\/v2\/product_cat?post=9716"},{"taxonomy":"product_tag","embeddable":true,"href":"https:\/\/fatbike-de.com\/index.php\/wp-json\/wp\/v2\/product_tag?post=9716"}],"curies":[{"name":"wp","href":"https:\/\/api.w.org\/{rel}","templated":true}]}}