{"id":9717,"date":"2024-02-27T14:43:45","date_gmt":"2024-02-27T13:43:45","guid":{"rendered":"https:\/\/fatbike-de.com\/?post_type=product&#038;p=9717"},"modified":"2024-02-27T14:44:42","modified_gmt":"2024-02-27T13:44:42","slug":"rockshox-sid-rl-29-debon-air-110-tapered-boost-oneloc","status":"publish","type":"product","link":"https:\/\/fatbike-de.com\/index.php\/product\/rockshox-sid-rl-29-debon-air-110-tapered-boost-oneloc\/","title":{"rendered":"RockShox SID RL 29&#8243; Debon Air 110 Tapered Boost OneLoc"},"content":{"rendered":"<h2 class=\"product--title\"><strong>RockShox<\/strong>\u00a0SID RL 29&#8243; Debon Air 110 Tapered Boost OneLoc<\/h2>\n<p class=\"product--description\">Die RockShox SID ist mit einem steifen, leichten 35-mm-Chassis konstruiert und besitzt den Rush-D\u00e4mpfer, der einen festen Lockout und eine einfach einzustellende Zugstufe bietet. Bew\u00e4hrt und bereit f\u00fcr eine neue Generation von leistungsf\u00e4higeren XC-<a href=\"http:\/\/1-1\">Bikes<\/a>.<\/p>\n<hr \/>\n<h3>Features &#8211; RockShox SID 29&#8243; Debon Air 110 Tapered Boost mit OneLoc<\/h3>\n<ul>\n<li>Das bew\u00e4hrte 35-mm-Chassis ist eine perfekte Kombination aus niedrigem Gewicht und Steifigkeit f\u00fcr moderne XC-Bikes<\/li>\n<li>Neuer Rush-D\u00e4mpfer bietet Open oder Lockout Positionen mit werkseitig abgestimmter Druckstufe und unabh\u00e4ngiger Zugstufe<\/li>\n<li>DebonAir\u2122 Luftfeder, die auf die Anforderungen von XC abgestimmt ist und h\u00f6her im Federweg steht &#8211; f\u00fcr mehr Vertrauen und Kontrolle<\/li>\n<li>SKF Abstreiferdichtungen mit extrem niedriger Reibung bieten langlebige Gabel-Performance und verbessern das Ansprechverhalten<\/li>\n<li>Neu: Kompatibel mit kurzen Mudguards RockShox Premium Fender separat erh\u00e4ltlich<\/li>\n<li>Maxima Plush-D\u00e4mpfer\u00f6l reduziert Reibung und D\u00e4mpferger\u00e4usche<\/li>\n<\/ul>\n<h3>Produkteigenschaften<\/h3>\n<ul>\n<li><strong>Einsatzbereich:<\/strong>\u00a0MTB, Cross Country<\/li>\n<li><strong>Laufradgr\u00f6\u00dfe:<\/strong>\u00a029&#8243;<\/li>\n<li><strong>Federweg:<\/strong>\u00a0110mm<\/li>\n<li><strong>Federung:<\/strong>\u00a0Debon Air<\/li>\n<li><strong>D\u00e4mpfung:\u00a0<\/strong>Rush RL<\/li>\n<li><strong>Einstellbarkeit:\u00a0<\/strong>Externe Zugstufenverstellung, 2-Position Druckstufenverstellung (Open\/Lock) bis zum Lockout mit OneLoc-Fernbedienung<\/li>\n<li><strong>Gabelschaft:\u00a0<\/strong>Tapered 1.5&#8243; auf 1 1\/8&#8243; (konisch)<\/li>\n<li><strong>Gabelschaftl\u00e4nge:<\/strong>\u00a0230mm<\/li>\n<li><strong>Standrohre:<\/strong>\u00a035mm<\/li>\n<li><strong>Scheibenbremsaufnahme<\/strong><strong>:<\/strong>\u00a0Post Mount\u00a0(PM7 &#8211; Direct Mount 180mm)<\/li>\n<li><strong>H\u00f6chste empfohlene Bremsscheibengr\u00f6\u00dfe:<\/strong>\u00a0220mm<\/li>\n<li><strong>Ausfallenden:\u00a0<\/strong>15x110mm Maxle Stealth Boost Steckachse<\/li>\n<li><strong>Max Reifen Durchmesser:<\/strong>\u00a0758mm<\/li>\n<li><strong>Max Reifen Breite:\u00a0<\/strong>66mm<\/li>\n<li><strong>Einbauh\u00f6he:\u00a0<\/strong>531mm<\/li>\n<li><strong>Offset:<\/strong>\u00a044mm<\/li>\n<li><strong>Durchmesser Gabelkrone:<\/strong>\u00a058mm<\/li>\n<\/ul>\n<h3>Material<\/h3>\n<ul>\n<li><strong>Gabelschaft:\u00a0<\/strong>Aluminium<\/li>\n<li><strong>Gabelkrone:<\/strong>\u00a0Geschmiedetes Aluminium<\/li>\n<li><strong>Standrohre:<\/strong>\u00a0Aluminium, Fast Black<\/li>\n<li><strong>Tauchrohre:\u00a0<\/strong>Magnesium<\/li>\n<\/ul>\n<h3>Farbe<\/h3>\n<ul>\n<li>Glossy Black<\/li>\n<\/ul>\n<h3>Gewicht<\/h3>\n<ul>\n<li>ca. 1600g<\/li>\n<\/ul>\n<hr \/>\n<h3>Lieferumfang<\/h3>\n<div>\n<ul>\n<li>1 x RockShox SID RL 29&#8243; Debon Air 110 Tapered Boost (ohne Originalverpackung)<\/li>\n<li>1 x RockShox 15x110mm Maxle Stealth Boost Steckachse<\/li>\n<li>1 x RockShox OneLoc Hebel f\u00fcr rechts oben inkl. Innenzug und Au\u00dfenh\u00fclle<\/li>\n<\/ul>\n<p><em>Einschlagkralle und Fender nicht im Lieferumfang enthalten!<\/em><\/p>\n<\/p><\/div>\n<hr \/>\n<h3>Technologien<\/h3>\n<div><strong>DebonAir<\/strong><\/div>\n<div>\n<div>\n<p>Es ist in Ordnung, weich zu sein. Die DebonAir sch\u00e4mt sich nicht daf\u00fcr, bei der kleinsten Ersch\u00fctterung nachzugeben. Tats\u00e4chlich werden damit Monarch- und Monarch Plus-D\u00e4mpfer von Beginn an weicher denn je. Du magst das als Schw\u00e4che betrachten, bis du dich mit der DebonAir auf die Strecke begibst. Es wird eine nahtlose Verbindung zwischen deinem Fahrrad und dem Terrain bestehen, denn dein mit DebonAir ausgestatteter D\u00e4mpfer schluckt jeden einzelnen Schlag, ohne dass dein K\u00f6rper in Mitleidenschaft gezogen wird. Bei derart weichen Schl\u00e4gen kannst du noch mehr Vollgas geben.<\/p>\n<p><strong>Torque Caps<\/strong><\/p>\n<\/p><\/div>\n<div>Torque Caps verst\u00e4rken die Verbindung zwischen der Nabe und dem Gabel-Dropout durch eine vergr\u00f6\u00dferte Oberfl\u00e4che, die beide verbindet. Das schafft eine st\u00e4rkere und steifere Schnittstelle mit der man eine bessere R\u00fcckmeldung und mehr Kontrolle erh\u00e4lt. So kann man sich auf die wichtigste Verbindung konzentrieren: Die zwischen deinem Bike und dem Trail. Im Vergleich zu herk\u00f6mmlich dimensionierten Endkappen bieten Torque Caps eine deutlich h\u00f6here Steifigkeit an der Gabel-Naben Schnittstelle.<\/div>\n<div><\/div>\n<div>\n<p>Es gibt aber keinen technischen Nachteil bei der Benutzung von Standard-Endkappen auf Torque Cap-kompatiblen RockShox Federgabeln.<\/p>\n<hr \/>\n<h3>RockShox DebonAir\u2122 Technology<\/h3>\n<\/p><\/div>\n<\/p><\/div>\n","protected":false},"excerpt":{"rendered":"<p>RockShox\u00a0SID RL 29&#8243; Debon Air 110 Tapered Boost OneLoc Die RockShox SID ist mit einem steifen, leichten 35-mm-Chassis konstruiert und besitzt den Rush-D\u00e4mpfer, der einen festen Lockout und eine einfach einzustellende Zugstufe bietet. Bew\u00e4hrt und bereit f\u00fcr eine neue Generation von leistungsf\u00e4higeren XC-Bikes. Features &#8211; RockShox SID 29&#8243; Debon Air 110 Tapered Boost mit OneLoc Das bew\u00e4hrte 35-mm-Chassis ist eine\u2026<\/p>\n","protected":false},"featured_media":9779,"comment_status":"closed","ping_status":"closed","template":"","meta":[],"product_brand":[],"product_cat":[128,123],"product_tag":[],"class_list":{"0":"post-9717","1":"product","2":"type-product","3":"status-publish","4":"has-post-thumbnail","6":"product_cat-mtb-teile","7":"product_cat-teile","9":"first","10":"instock","11":"sale","12":"shipping-taxable","13":"purchasable","14":"product-type-simple"},"_links":{"self":[{"href":"https:\/\/fatbike-de.com\/index.php\/wp-json\/wp\/v2\/product\/9717","targetHints":{"allow":["GET"]}}],"collection":[{"href":"https:\/\/fatbike-de.com\/index.php\/wp-json\/wp\/v2\/product"}],"about":[{"href":"https:\/\/fatbike-de.com\/index.php\/wp-json\/wp\/v2\/types\/product"}],"replies":[{"embeddable":true,"href":"https:\/\/fatbike-de.com\/index.php\/wp-json\/wp\/v2\/comments?post=9717"}],"wp:featuredmedia":[{"embeddable":true,"href":"https:\/\/fatbike-de.com\/index.php\/wp-json\/wp\/v2\/media\/9779"}],"wp:attachment":[{"href":"https:\/\/fatbike-de.com\/index.php\/wp-json\/wp\/v2\/media?parent=9717"}],"wp:term":[{"taxonomy":"product_brand","embeddable":true,"href":"https:\/\/fatbike-de.com\/index.php\/wp-json\/wp\/v2\/product_brand?post=9717"},{"taxonomy":"product_cat","embeddable":true,"href":"https:\/\/fatbike-de.com\/index.php\/wp-json\/wp\/v2\/product_cat?post=9717"},{"taxonomy":"product_tag","embeddable":true,"href":"https:\/\/fatbike-de.com\/index.php\/wp-json\/wp\/v2\/product_tag?post=9717"}],"curies":[{"name":"wp","href":"https:\/\/api.w.org\/{rel}","templated":true}]}}