{"id":9720,"date":"2024-02-27T14:43:45","date_gmt":"2024-02-27T13:43:45","guid":{"rendered":"https:\/\/fatbike-de.com\/?post_type=product&#038;p=9720"},"modified":"2024-02-27T14:44:52","modified_gmt":"2024-02-27T13:44:52","slug":"sram-gx-eagle-xg-1275-12-fach-kassette-10-50t","status":"publish","type":"product","link":"https:\/\/fatbike-de.com\/index.php\/product\/sram-gx-eagle-xg-1275-12-fach-kassette-10-50t\/","title":{"rendered":"SRAM GX Eagle XG-1275 12-fach Kassette 10-50T"},"content":{"rendered":"<h2 class=\"product--title\"><strong>SRAM<\/strong>\u00a0GX Eagle XG-1275 12-fach Kassette 10-50T<\/h2>\n<p>Fahr einfach \u00fcberall mit der SRAM GX Eagle XG-1275 Freilaufk\u00f6rper, die dir mit ihrer riesigen Bandbreite von 10 bis 50 Z\u00e4hnen immer den richtigen Gang liefert. Schnell in der Ebene, kontrolliert im steilsten Uphill.<\/p>\n<p>Du bestimmst die Geschwindigkeit, egal wo. Eagle\u2122 ist der 1x-Antrieb, der f\u00fcr die ganz gro\u00dfe Freiheit konzipiert wurde. Die FULL PIN\u2122-Technologie setzt auf leichtgewichtige, gestanzte Stahlritzel, die durch hochfeste Pins aus rostfreiem Stahl verbunden sind. Das Ergebnis, eine leichte, haltbare Kassette. Die offene Bauweise, vergleichbar mit unseren X-DOME\u2122-Kassetten, sorgt f\u00fcr bessere Selbstreinigung, pr\u00e4zisere Schaltvorg\u00e4nge und l\u00e4ngere Lebensdauer. X-GLIDE\u21222 verbessert das Schaltverhalten in beide Richtungen und sorgt f\u00fcr eine sichere F\u00fchrung der Kette.<\/p>\n<hr \/>\n<h3>Features &#8211; Sram GX Eagle XG-1275<\/h3>\n<ul>\n<li>Die Kassette XG-1275 ist integraler Bestandteil des SRAM Eagle\u2122-Antriebssystems.<\/li>\n<li>Die FULL PIN\u2122-Technologie setzt auf elf leichtgewichtige, gestanzte Stahlritzel und ein 50-Z\u00e4hne-Ritzel aus Aluminium, verbunden mit hochfesten Pins aus rostfreiem Stahl.<\/li>\n<li>Gro\u00dfe Bandbreite von 10-50 Z\u00e4hnen mit XD-Freilaufk\u00f6rper: perfekt f\u00fcr jeden Trail<\/li>\n<li>Optimierte Gangspr\u00fcnge \u00fcber die gesamte Bandbreite<\/li>\n<li>Offene Bauweise f\u00fcr bessere Selbstreinigung<\/li>\n<\/ul>\n<h3>Produkteigenschaften<\/h3>\n<ul>\n<li><strong>G\u00e4nge:<\/strong>\u00a012-fach<\/li>\n<li><strong>Kompatibel mit:<\/strong>\u00a0Mit allen Eagle\u2122-Antriebssystemen<\/li>\n<li><strong>Kettenempfehlung:<\/strong>\u00a0nur Eagle\u2122 Ketten<\/li>\n<li><strong>Abstufung:<\/strong>\u00a010-12-14-16-18-21-24-28-32-36-42-50<\/li>\n<\/ul>\n<h3>Kompatibilit\u00e4t<\/h3>\n<ul>\n<li>Nur kompatibel mit XD-Driver Freilaufk\u00f6rpern<\/li>\n<\/ul>\n<h3>Material<\/h3>\n<ul>\n<li>gestanzter Stahl<\/li>\n<\/ul>\n<h3>Farbe<\/h3>\n<ul>\n<li>schwarz<\/li>\n<\/ul>\n<h3>Gewicht<\/h3>\n<ul>\n<li>450g (Herstellerangabe)<\/li>\n<\/ul>\n<hr \/>\n<h3>Lieferumfang<\/h3>\n<ul>\n<li>1 x\u00a0Sram GX Eagle 12-fach Kassette 10-50<\/li>\n<\/ul>\n<hr \/>\n<h3>Technologien<\/h3>\n<p><strong>XD\u2122 DRIVER BODY<br \/> <\/strong>XD\u2122 ist ein Antriebsk\u00f6rperdesign f\u00fcr Kassetten, mit dem ein kleines Ritzel mit 10 Z\u00e4hnen verwendet werden kann und das den Kontakt zur Kassette verbessert.<\/p>\n<p>FULL PIN\u2122<br \/> Die FULL PIN\u2122-Technologie verwendet elf leichte Zahnkr\u00e4nze aus Pressstahl, die mit 123 Stiften aus hochfestem Stahl sicher zusammengehalten werden. Das Ergebnis ist eine extrem leichte und langlebige Kassette, die sich mit einer ultrabreiten \u00dcbersetzung von 10 bis 50 Z\u00e4hnen perfekt f\u00fcr jede Fahrt eignet. \u00c4hnlich wie bei der X-DOME\u2122-Kassette h\u00e4lt das offene Design Schlamm und Schmutz ab und sorgt gleichzeitig f\u00fcr saubere Schaltvorg\u00e4nge und eine lange Lebensdauer der Komponenten.<\/p>\n<p><strong>X-Glide 2<\/strong><br \/> Die X-GLIDE 2\u2122 ist die n\u00e4chste Generation unserer X-GLIDE\u2122-Technologie. Sie wurde speziell f\u00fcr die EAGLE\u2122-Zw\u00f6lffach-Kassette optimiert \u2013 f\u00fcr eine schnelle und pr\u00e4zise Schalt-Performance in allen G\u00e4ngen. Die X-GLIDE\u2122-Technologie erh\u00f6ht die Kettenspannung auf den gr\u00f6\u00dferen Ritzeln.<\/p>\n<div class=\"product--rating-container\"><\/div>\n","protected":false},"excerpt":{"rendered":"<p>SRAM\u00a0GX Eagle XG-1275 12-fach Kassette 10-50T Fahr einfach \u00fcberall mit der SRAM GX Eagle XG-1275 Freilaufk\u00f6rper, die dir mit ihrer riesigen Bandbreite von 10 bis 50 Z\u00e4hnen immer den richtigen Gang liefert. Schnell in der Ebene, kontrolliert im steilsten Uphill. Du bestimmst die Geschwindigkeit, egal wo. Eagle\u2122 ist der 1x-Antrieb, der f\u00fcr die ganz gro\u00dfe Freiheit konzipiert wurde. Die FULL\u2026<\/p>\n","protected":false},"featured_media":9789,"comment_status":"closed","ping_status":"closed","template":"","meta":[],"product_brand":[],"product_cat":[128,123],"product_tag":[],"class_list":{"0":"post-9720","1":"product","2":"type-product","3":"status-publish","4":"has-post-thumbnail","6":"product_cat-mtb-teile","7":"product_cat-teile","9":"first","10":"instock","11":"sale","12":"shipping-taxable","13":"purchasable","14":"product-type-simple"},"_links":{"self":[{"href":"https:\/\/fatbike-de.com\/index.php\/wp-json\/wp\/v2\/product\/9720","targetHints":{"allow":["GET"]}}],"collection":[{"href":"https:\/\/fatbike-de.com\/index.php\/wp-json\/wp\/v2\/product"}],"about":[{"href":"https:\/\/fatbike-de.com\/index.php\/wp-json\/wp\/v2\/types\/product"}],"replies":[{"embeddable":true,"href":"https:\/\/fatbike-de.com\/index.php\/wp-json\/wp\/v2\/comments?post=9720"}],"wp:featuredmedia":[{"embeddable":true,"href":"https:\/\/fatbike-de.com\/index.php\/wp-json\/wp\/v2\/media\/9789"}],"wp:attachment":[{"href":"https:\/\/fatbike-de.com\/index.php\/wp-json\/wp\/v2\/media?parent=9720"}],"wp:term":[{"taxonomy":"product_brand","embeddable":true,"href":"https:\/\/fatbike-de.com\/index.php\/wp-json\/wp\/v2\/product_brand?post=9720"},{"taxonomy":"product_cat","embeddable":true,"href":"https:\/\/fatbike-de.com\/index.php\/wp-json\/wp\/v2\/product_cat?post=9720"},{"taxonomy":"product_tag","embeddable":true,"href":"https:\/\/fatbike-de.com\/index.php\/wp-json\/wp\/v2\/product_tag?post=9720"}],"curies":[{"name":"wp","href":"https:\/\/api.w.org\/{rel}","templated":true}]}}