{"id":9741,"date":"2024-02-27T14:44:08","date_gmt":"2024-02-27T13:44:08","guid":{"rendered":"https:\/\/fatbike-de.com\/?post_type=product&#038;p=9741"},"modified":"2024-02-27T14:45:08","modified_gmt":"2024-02-27T13:45:08","slug":"rockshox-monarch-rc3-debon-air-mid-reb-mid-comp","status":"publish","type":"product","link":"https:\/\/fatbike-de.com\/index.php\/product\/rockshox-monarch-rc3-debon-air-mid-reb-mid-comp\/","title":{"rendered":"RockShox Monarch+ RC3 Debon Air Mid Reb Mid Comp"},"content":{"rendered":"<h2 class=\"product--title\"><strong>RockShox<\/strong>\u00a0Monarch+ RC3 Debon Air Mid Reb Mid Comp<\/h2>\n<div class=\"product--rating-container\">Der RockShox Monarch+ RC3 D\u00e4mpfer ist ein Wolf im Schafspelz.Die enorme Geschmeidigkeit der <a href=\"http:\/\/1-1\">Monarch<\/a> Plus erh\u00f6ht die Bodenhaftung und verleiht dir mehr Kontrolle auf jedem Terrain \u2013 und das alles in einem \u00e4u\u00dferst leichten, aber bombenfesten Paket. Die bew\u00e4hrten Rapid Recovery-, DebonAir- und Solo Air-Technologien geh\u00f6ren bei diesem Leichtgewicht mit gro\u00dfer Durchschlagskraft zur Standardausstattung.<\/div>\n<div><\/div>\n<div class=\"product--rating-container\">Die Monarch Plus verf\u00fcgt nun \u00fcber einen doppelt so gro\u00dfen Zugstufenbereich und erm\u00f6glicht dir dadurch, auf Terrains zu fahren, die mit einer Luftfeder mit kurzem und mittlerem Federweg bislang noch un\u00fcberwindbar schienen.<\/div>\n<div class=\"product--rating-container\">\n<hr \/>\n<h3>Produkteigenschaften<\/h3>\n<ul>\n<li><strong>Einsatzbereich:<\/strong>\u00a0MTB<\/li>\n<li><strong>Feder:<\/strong>\u00a0Debon Air<\/li>\n<li><strong>D\u00e4mpfung:\u00a0<\/strong>Zugstufe extern, 3-Positionen-Druckstufe (Open\/Pedal\/Lock)<\/li>\n<li><strong>Ausf\u00fchrungen:<\/strong>\u00a0<em>(W\u00e4hle eine Variante!)<\/em><\/li>\n<li><strong>Zugstufend\u00e4mpfung:<\/strong>\u00a0Rapid Recovery<\/li>\n<li><strong>Federeinstellung:\u00a0<\/strong>Luftdruck via einzelnes Autoventil<\/li>\n<li><strong>Schaftdurchmesser:<\/strong>\u00a010mm<\/li>\n<\/ul>\n<h3>Material<\/h3>\n<ul>\n<li><strong>Schaft:<\/strong>\u00a0Aluminium 7075 &#8211; Fast Black<\/li>\n<li><strong>Geh\u00e4us:<\/strong>\u00a0Aluminium<\/li>\n<\/ul>\n<h3>Einbaul\u00e4nge x Hub (Variante w\u00e4hlen)<\/h3>\n<ul>\n<li>216 x 63mm<\/li>\n<li>200 x 57mm<\/li>\n<li>200 x 51mm<\/li>\n<li>190 x 51mm<\/li>\n<\/ul>\n<h3>Farbe<\/h3>\n<ul>\n<li><strong>Geh\u00e4use:\u00a0<\/strong>schwarz<strong>\u00a0(<\/strong>Hartanodisiert mit D\u00e4mpfungsmarkierungen)<\/li>\n<\/ul>\n<h3>Gewicht<\/h3>\n<ul>\n<li>380g (200 x 57mm)<\/li>\n<\/ul>\n<hr \/>\n<h3>Lieferumfang<\/h3>\n<ul>\n<li>Rock Shox Monarch+ RC3 Debon Air Mid Tune D\u00e4mpfer<\/li>\n<li>Ersatzdichtungen<\/li>\n<\/ul>\n<hr \/>\n<h3>Technologien<\/h3>\n<p><strong>D\u00e4mpfungsmarkierungen\u2122<\/strong><br \/> Wer seine D\u00e4mpfung nicht richtig einstellt, der kann genauso gut auf einem fremden Rad unterwegs sein. Aber warum Plastikclips oder Lineale verschwenden, um die Federung immer wieder anzupassen? Unsere D\u00e4mpfungsmarkierungen sind f\u00fcr eine einfache und exakte Einrichtung der perfekten Federung direkt auf die Standrohre der Federgabel und das D\u00e4mpfergeh\u00e4use aufgedruckt. Du kannst deiner Mutter also Plastikclip und Lineal wieder zur\u00fcckgeben.<\/p>\n<p><strong>Rapid Recovery\u2122<\/strong><br \/> Wer w\u00fcnscht sich nicht einen gr\u00f6\u00dferen Federweg f\u00fcr aufeinanderfolgende Schl\u00e4ge? Dank des Rapid Recovery-Systems kehrt der D\u00e4mpfer nach aufeinanderfolgenden Schl\u00e4gen schneller in seine Ausgangsposition zur\u00fcck, was dem Rad eine pr\u00e4zisere Bodenhaftung erm\u00f6glicht. Dieses aktivere D\u00e4mpfungssystem versagt nicht und sorgt f\u00fcr eine Fahrt mit h\u00f6herer und weicherer Federh\u00e4rte. Mit Rapid Recovery profitiert der Fahrer von einem gr\u00f6\u00dferen Federweg f\u00fcr eine sanftere und kontrolliertere Fahrt bei jedem Schlag.<\/p>\n<div><strong>DebonAir\u2122<\/strong><br \/> Eine Vergr\u00f6\u00dferung des Volumens der Positiv- und Negativluftkammer bewirken ein lineareres, softeres Ansprechverhalten und ein um 30% geringeres Losbrechmoment gegen\u00fcber dem Vorg\u00e4nger.<\/div>\n<\/p><\/div>\n","protected":false},"excerpt":{"rendered":"<p>RockShox\u00a0Monarch+ RC3 Debon Air Mid Reb Mid Comp Der RockShox Monarch+ RC3 D\u00e4mpfer ist ein Wolf im Schafspelz.Die enorme Geschmeidigkeit der Monarch Plus erh\u00f6ht die Bodenhaftung und verleiht dir mehr Kontrolle auf jedem Terrain \u2013 und das alles in einem \u00e4u\u00dferst leichten, aber bombenfesten Paket. Die bew\u00e4hrten Rapid Recovery-, DebonAir- und Solo Air-Technologien geh\u00f6ren bei diesem Leichtgewicht mit gro\u00dfer Durchschlagskraft\u2026<\/p>\n","protected":false},"featured_media":9801,"comment_status":"closed","ping_status":"closed","template":"","meta":[],"product_brand":[],"product_cat":[128,123],"product_tag":[],"class_list":{"0":"post-9741","1":"product","2":"type-product","3":"status-publish","4":"has-post-thumbnail","6":"product_cat-mtb-teile","7":"product_cat-teile","9":"first","10":"instock","11":"sale","12":"shipping-taxable","13":"purchasable","14":"product-type-simple"},"_links":{"self":[{"href":"https:\/\/fatbike-de.com\/index.php\/wp-json\/wp\/v2\/product\/9741","targetHints":{"allow":["GET"]}}],"collection":[{"href":"https:\/\/fatbike-de.com\/index.php\/wp-json\/wp\/v2\/product"}],"about":[{"href":"https:\/\/fatbike-de.com\/index.php\/wp-json\/wp\/v2\/types\/product"}],"replies":[{"embeddable":true,"href":"https:\/\/fatbike-de.com\/index.php\/wp-json\/wp\/v2\/comments?post=9741"}],"wp:featuredmedia":[{"embeddable":true,"href":"https:\/\/fatbike-de.com\/index.php\/wp-json\/wp\/v2\/media\/9801"}],"wp:attachment":[{"href":"https:\/\/fatbike-de.com\/index.php\/wp-json\/wp\/v2\/media?parent=9741"}],"wp:term":[{"taxonomy":"product_brand","embeddable":true,"href":"https:\/\/fatbike-de.com\/index.php\/wp-json\/wp\/v2\/product_brand?post=9741"},{"taxonomy":"product_cat","embeddable":true,"href":"https:\/\/fatbike-de.com\/index.php\/wp-json\/wp\/v2\/product_cat?post=9741"},{"taxonomy":"product_tag","embeddable":true,"href":"https:\/\/fatbike-de.com\/index.php\/wp-json\/wp\/v2\/product_tag?post=9741"}],"curies":[{"name":"wp","href":"https:\/\/api.w.org\/{rel}","templated":true}]}}