{"id":9743,"date":"2024-02-27T14:44:08","date_gmt":"2024-02-27T13:44:08","guid":{"rendered":"https:\/\/fatbike-de.com\/?post_type=product&#038;p=9743"},"modified":"2024-02-27T14:45:13","modified_gmt":"2024-02-27T13:45:13","slug":"shimano-b05s-rx-resin-disc-belage-50er-werkstattverpackung","status":"publish","type":"product","link":"https:\/\/fatbike-de.com\/index.php\/product\/shimano-b05s-rx-resin-disc-belage-50er-werkstattverpackung\/","title":{"rendered":"Shimano B05S-RX Resin Disc Bel\u00e4ge (50er Werkstattverpackung)"},"content":{"rendered":"<h2 class=\"product--title\"><strong>Shimano<\/strong>\u00a0B05S-RX Resin Disc Bel\u00e4ge (50er Werkstattverpackung)<\/h2>\n<p>Der Shimano B05S-RX Bremsbelag von f\u00fcr 2-Kolben Scheibenbremse hat eine bessere <a href=\"http:\/\/1-1\">Verschlei\u00dffestigkeit<\/a> als bisherige Modelle. Mit gut absch\u00e4tzbarer Bremskraft f\u00fcr einen gleichm\u00e4\u00dfigen und ger\u00e4uschlosen Bremsvorgang. Jetzt in der praktischen 50er Werkstattverpackung verf\u00fcgbar!<\/p>\n<hr \/>\n<h3>Features 2-Kolben B05S-RX Resin Bremsbel\u00e4ge (50er Werkstattverpackung)<\/h3>\n<ul>\n<li>Belagform: Breit<\/li>\n<li>BR TYP: 2-Kolben<\/li>\n<li>Weichere Belagsmischung<\/li>\n<li>Ger\u00e4uscharmer als Metallbelag<\/li>\n<li>Schwerpunkt auf guter Dosierbarkeit<\/li>\n<li>Spezielles Design f\u00fcr Trockenheit und N\u00e4sse<\/li>\n<li>Inklusive 3 Sorten Splinte<\/li>\n<li>Nachfolgemodell von B03S<\/li>\n<\/ul>\n<h3>Produkteigenschaften<\/h3>\n<ul>\n<li><strong>Modell:<\/strong>\u00a0B05S-RX<\/li>\n<li><strong>Resin (Kunststoff-Bremsbel\u00e4ge):<\/strong>\u00a0Ger\u00e4usch\u00e4rmer als SinterMetallbel\u00e4ge, Bremswirkung leichter zu dosieren<\/li>\n<li><strong>K\u00fchlrippen:<\/strong>\u00a0Nein<\/li>\n<li><strong>Belagsform:\u00a0<\/strong>Breit<\/li>\n<li><strong>BR Typ:<\/strong>\u00a02-Kolben<\/li>\n<li><strong>Modulation:<\/strong>\u00a0Hoch (5 von 5)<\/li>\n<li><strong>Leistung:<\/strong>\u00a0\u00dcberdurchschnittlich (4 von 5)<\/li>\n<li><strong>Haltbarkeit:<\/strong>\u00a0\u00dcberdurchschnittlich (5 von 5)<\/li>\n<li><strong>Anti-Fading:<\/strong>\u00a0Durchschnittlich (3 von 5)<\/li>\n<li><strong>Leise:<\/strong>\u00a0Hoch (5 von 5)<\/li>\n<\/ul>\n<h3>Kompatibilit\u00e4t<\/h3>\n<ul>\n<li>BR-C501, BR-M575, BR-M525, BR-M495, BR-M486, BR-M485, BR-M475, BR-M465, BR-M447, BR-M446, BR-M445, BR-M416, BR-M416A, BR-M415, BR-M4050, BR-M3050, BR-M395, BR-M375, BR-M365, BR-M355, BR-M315, BR-T675, BR-T615, BR-TX805, BR-MT500, BR-MT400, BR-MT200, BR-UR300<\/li>\n<\/ul>\n<h3>Material<\/h3>\n<ul>\n<li><strong>Belag:<\/strong>\u00a0Resin (organisch)<\/li>\n<li><strong>Tr\u00e4gerplatte:<\/strong>\u00a0Stahl<\/li>\n<\/ul>\n<hr \/>\n<h3>Lieferumfang<\/h3>\n<ul>\n<li>50 Paar Shimano Bremsbel\u00e4ge B05S-RX<\/li>\n<li>50 x R\u00fcckstellfeder<\/li>\n<li>50 x Sicherungssplint Typ 1<\/li>\n<li>50 x Sicherungssplint Typ 2<\/li>\n<li>50 x Sicherungssplint Typ 3<\/li>\n<\/ul>\n","protected":false},"excerpt":{"rendered":"<p>Shimano\u00a0B05S-RX Resin Disc Bel\u00e4ge (50er Werkstattverpackung) Der Shimano B05S-RX Bremsbelag von f\u00fcr 2-Kolben Scheibenbremse hat eine bessere Verschlei\u00dffestigkeit als bisherige Modelle. Mit gut absch\u00e4tzbarer Bremskraft f\u00fcr einen gleichm\u00e4\u00dfigen und ger\u00e4uschlosen Bremsvorgang. Jetzt in der praktischen 50er Werkstattverpackung verf\u00fcgbar! Features 2-Kolben B05S-RX Resin Bremsbel\u00e4ge (50er Werkstattverpackung) Belagform: Breit BR TYP: 2-Kolben Weichere Belagsmischung Ger\u00e4uscharmer als Metallbelag Schwerpunkt auf guter Dosierbarkeit Spezielles\u2026<\/p>\n","protected":false},"featured_media":9810,"comment_status":"closed","ping_status":"closed","template":"","meta":[],"product_brand":[],"product_cat":[128,123],"product_tag":[],"class_list":{"0":"post-9743","1":"product","2":"type-product","3":"status-publish","4":"has-post-thumbnail","6":"product_cat-mtb-teile","7":"product_cat-teile","9":"first","10":"instock","11":"sale","12":"shipping-taxable","13":"purchasable","14":"product-type-simple"},"_links":{"self":[{"href":"https:\/\/fatbike-de.com\/index.php\/wp-json\/wp\/v2\/product\/9743","targetHints":{"allow":["GET"]}}],"collection":[{"href":"https:\/\/fatbike-de.com\/index.php\/wp-json\/wp\/v2\/product"}],"about":[{"href":"https:\/\/fatbike-de.com\/index.php\/wp-json\/wp\/v2\/types\/product"}],"replies":[{"embeddable":true,"href":"https:\/\/fatbike-de.com\/index.php\/wp-json\/wp\/v2\/comments?post=9743"}],"wp:featuredmedia":[{"embeddable":true,"href":"https:\/\/fatbike-de.com\/index.php\/wp-json\/wp\/v2\/media\/9810"}],"wp:attachment":[{"href":"https:\/\/fatbike-de.com\/index.php\/wp-json\/wp\/v2\/media?parent=9743"}],"wp:term":[{"taxonomy":"product_brand","embeddable":true,"href":"https:\/\/fatbike-de.com\/index.php\/wp-json\/wp\/v2\/product_brand?post=9743"},{"taxonomy":"product_cat","embeddable":true,"href":"https:\/\/fatbike-de.com\/index.php\/wp-json\/wp\/v2\/product_cat?post=9743"},{"taxonomy":"product_tag","embeddable":true,"href":"https:\/\/fatbike-de.com\/index.php\/wp-json\/wp\/v2\/product_tag?post=9743"}],"curies":[{"name":"wp","href":"https:\/\/api.w.org\/{rel}","templated":true}]}}