{"id":9744,"date":"2024-02-27T14:44:09","date_gmt":"2024-02-27T13:44:09","guid":{"rendered":"https:\/\/fatbike-de.com\/?post_type=product&#038;p=9744"},"modified":"2024-02-27T14:45:15","modified_gmt":"2024-02-27T13:45:15","slug":"rockshox-super-deluxe-ultimate-rc2t-debonair-t","status":"publish","type":"product","link":"https:\/\/fatbike-de.com\/index.php\/product\/rockshox-super-deluxe-ultimate-rc2t-debonair-t\/","title":{"rendered":"RockShox Super Deluxe Ultimate RC2T DebonAir+ T"},"content":{"rendered":"<h2 class=\"product--title\"><strong>RockShox<\/strong> Super Deluxe Ultimate RC2T DebonAir+<\/h2>\n<p>Der RockShox Super Deluxee\u00a0 ist der fortschrittlichste D\u00e4mpfer, den RockShox je hergestellt hat, vollgepackt mit mehr Optionen f\u00fcr die Feinabstimmung, die die Federungsleistung deutlich <a href=\"http:\/\/1-1\">verbessern<\/a>.Der neue RC2T-D\u00e4mpfer, der die n\u00e4chste Revolution in der D\u00e4mpfertechnologie einl\u00e4utet, ist nur in der Ultimate-Stufe zu finden und verf\u00fcgt \u00fcber <a href=\"http:\/\/1.1\">eine<\/a> von au\u00dfen einstellbare, wirklich unabh\u00e4ngige High und Low Speed Compression sowie einen erweiterten Einstellbereich f\u00fcr die Zugstufe.<\/p>\n<p>Der Fahrer kann die D\u00e4mpfung ausgehend von der werksseitigen Grundeinstellung fein abstimmen, um ein individuelleres Fahrgef\u00fchl unter Ber\u00fccksichtigung von Fahrstil und Gel\u00e4nde zu erreichen. Der Super Deluxe Ultimate setzt neue Ma\u00dfst\u00e4be. Wenn du gewinnen willst, ist der Super Deluxe Ultimate der D\u00e4mpfer der Wahl f\u00fcr das Podium.<\/p>\n<hr \/>\n<h3>Features &#8211; RockShox Super Deluxe Ultimate RC2T DebonAir+<\/h3>\n<ul>\n<li>RC2T D\u00e4mpfer mit extern einstellbarer, unabh\u00e4ngiger High und Low Speed<\/li>\n<li>Druckstufend\u00e4mpfung und einem leicht zug\u00e4nglichen Hebel, um intuitiv zwischen zwei Druckstufenpositionen zu wechseln &#8211; Offen oder Pedal. Finde die vollst\u00e4ndige Balance zwischen D\u00e4mpfer und Gabel<\/li>\n<li>DebonAir+\u2122 Luftfeder mit zwei neuen Luftdosenoptionen erm\u00f6glicht die Einstellung des negativen und positiven Luftvolumens, um die perfekte Anpassung an jedes Bike zu finden<\/li>\n<li>HotDog Piston\u2122 bietet die gleiche Low-Speed-Compression-Kontrolle, f\u00fcr die der Super Deluxe bekannt ist, jedoch mit weniger High-Speed-Compression, so dass die R\u00e4der in rauem Gel\u00e4nde ausweichen k\u00f6nnen, w\u00e4hrend sie bei hohen Geschwindigkeiten mehr Grip bieten<\/li>\n<li>Der integrierte Bottom-Out-D\u00e4mpfer reduziert harte Einschl\u00e4ge, so dass du die Luftfederung so einstellen kannst, dass du maximalen Grip, Komfort und Kontrolle hast<\/li>\n<li>Erh\u00f6hte Zugstufe mit 15 Klicks f\u00fcr mehr Spielraum und Wiedergabetreue<\/li>\n<li>Erh\u00f6hte Buchsen\u00fcberlappung verbessert die Leistung bei kleinen St\u00f6\u00dfen und den Grip<\/li>\n<li>Separate und unabh\u00e4ngige \u00d6ffnungs- und Pedalkolben, die genau auf dein Fahrverhalten abgestimmt sind<\/li>\n<li>Maxima Plush D\u00e4mpfungsfl\u00fcssigkeit reduziert Reibung und reduziert D\u00e4mpferger\u00e4usche<\/li>\n<\/ul>\n<h3>Produkteigenschaften<\/h3>\n<ul>\n<li><strong>Einsatzbereich:<\/strong>\u00a0Trail, Enduro<\/li>\n<li><strong>Shaft Hardware:\u00a0<\/strong>Trunnion<\/li>\n<li><strong>Body Hardware:\u00a0<\/strong>Standard<\/li>\n<li><strong>Feder:<\/strong>\u00a0Debon Air Linear<\/li>\n<li><strong>Federung:\u00a0<\/strong>RC2T<\/li>\n<li><strong>D\u00e4mpfung:\u00a0<\/strong>Einstellbare Druck- und Zugstufe<strong>\u00a0<\/strong>bis zum Lockout (open\/firm), High-\/Low Speed Compression<strong><br \/> <\/strong><\/li>\n<li><strong>Lockout Force:\u00a0<\/strong>320<strong><br \/> <\/strong><\/li>\n<li><strong>Federeinstellung:\u00a0<\/strong>Luftdruck via einzelnes Autoventil<\/li>\n<li><strong>Rebound tune:<\/strong>\u00a0Linear<\/li>\n<li><strong>Compression tune:\u00a0<\/strong>L<\/li>\n<li><strong>Rebound Clicks:<\/strong>\u00a015<\/li>\n<li><strong>E-Bike approved:<\/strong>\u00a0Ja<\/li>\n<\/ul>\n<h3>Einbaul\u00e4nge x Hub (Variante w\u00e4hlen)<\/h3>\n<ul>\n<li>165 x 45mm<\/li>\n<li>185 x 47,5mm<\/li>\n<li>185 x 50mm<\/li>\n<li>185 x 52,5mm<\/li>\n<li>185 x 55mm<\/li>\n<li>205 x 57,5mm<\/li>\n<li>205 x 60mm<\/li>\n<li>205 x 62,5mm<\/li>\n<li>205 x 65mm<\/li>\n<\/ul>\n<h3>Farbe<\/h3>\n<ul>\n<li>Black<\/li>\n<\/ul>\n<hr \/>\n<h3>Lieferumfang<\/h3>\n<ul>\n<li>1 x Rock Shox Super Deluxe Ultimate RC2T Debon Air+<\/li>\n<\/ul>\n<h2 class=\"product--rating-container\"><\/h2>\n","protected":false},"excerpt":{"rendered":"<p>RockShox Super Deluxe Ultimate RC2T DebonAir+ Der RockShox Super Deluxee\u00a0 ist der fortschrittlichste D\u00e4mpfer, den RockShox je hergestellt hat, vollgepackt mit mehr Optionen f\u00fcr die Feinabstimmung, die die Federungsleistung deutlich verbessern.Der neue RC2T-D\u00e4mpfer, der die n\u00e4chste Revolution in der D\u00e4mpfertechnologie einl\u00e4utet, ist nur in der Ultimate-Stufe zu finden und verf\u00fcgt \u00fcber eine von au\u00dfen einstellbare, wirklich unabh\u00e4ngige High und Low\u2026<\/p>\n","protected":false},"featured_media":9811,"comment_status":"closed","ping_status":"closed","template":"","meta":[],"product_brand":[],"product_cat":[128,123],"product_tag":[],"class_list":{"0":"post-9744","1":"product","2":"type-product","3":"status-publish","4":"has-post-thumbnail","6":"product_cat-mtb-teile","7":"product_cat-teile","9":"first","10":"instock","11":"sale","12":"shipping-taxable","13":"purchasable","14":"product-type-simple"},"_links":{"self":[{"href":"https:\/\/fatbike-de.com\/index.php\/wp-json\/wp\/v2\/product\/9744","targetHints":{"allow":["GET"]}}],"collection":[{"href":"https:\/\/fatbike-de.com\/index.php\/wp-json\/wp\/v2\/product"}],"about":[{"href":"https:\/\/fatbike-de.com\/index.php\/wp-json\/wp\/v2\/types\/product"}],"replies":[{"embeddable":true,"href":"https:\/\/fatbike-de.com\/index.php\/wp-json\/wp\/v2\/comments?post=9744"}],"wp:featuredmedia":[{"embeddable":true,"href":"https:\/\/fatbike-de.com\/index.php\/wp-json\/wp\/v2\/media\/9811"}],"wp:attachment":[{"href":"https:\/\/fatbike-de.com\/index.php\/wp-json\/wp\/v2\/media?parent=9744"}],"wp:term":[{"taxonomy":"product_brand","embeddable":true,"href":"https:\/\/fatbike-de.com\/index.php\/wp-json\/wp\/v2\/product_brand?post=9744"},{"taxonomy":"product_cat","embeddable":true,"href":"https:\/\/fatbike-de.com\/index.php\/wp-json\/wp\/v2\/product_cat?post=9744"},{"taxonomy":"product_tag","embeddable":true,"href":"https:\/\/fatbike-de.com\/index.php\/wp-json\/wp\/v2\/product_tag?post=9744"}],"curies":[{"name":"wp","href":"https:\/\/api.w.org\/{rel}","templated":true}]}}