{"id":9792,"date":"2024-02-27T14:44:54","date_gmt":"2024-02-27T13:44:54","guid":{"rendered":"https:\/\/fatbike-de.com\/?post_type=product&#038;p=9792"},"modified":"2024-02-27T14:45:35","modified_gmt":"2024-02-27T13:45:35","slug":"radon-slide-trail-al-7-0","status":"publish","type":"product","link":"https:\/\/fatbike-de.com\/index.php\/product\/radon-slide-trail-al-7-0\/","title":{"rendered":"Radon Slide Trail AL 7.0"},"content":{"rendered":"<h2 class=\"content--title\"><strong>Radon<\/strong>\u00a0Slide Trail AL 7.0<\/h2>\n<p>Du willst das Maximum aus deinem Budget rausholen? Dann bist Du bei unserem neuen Radon SLIDE TRAIL AL 7.0 genau richtig! Der Aluminiumrahmen \u00fcberzeugt mit seiner taktvollen und matten Beschichtung! Klassische und dezente Farbakzente setzen den Trend!<\/p>\n<hr \/>\n<h4>Die Highlights des SLIDE TRAIL AL 7.0<\/h4>\n<p>Die RockShox Lyrik Select Gabel mit 150mm Federweg spricht sehr sensibel an und gibt Dir dennoch bei steilen Passagen und Stufen optimale Sicherheit. Mit den 140mm Federweg des RockShox Deluxe Select+ D\u00e4mpfers l\u00e4sst sich jede Wurzel glatt b\u00fcgeln und der Trail Spa\u00df kann beginnen! Eine klare Linie durchl\u00e4uft das Cockpit bestehend aus Lenker und Vorbau aus der Race Face Ride Serie.<\/p>\n<p>So l\u00e4sst sich super Druck auf das Vorderrad aufbauen und die Kontrolle liegt in deiner Hand. Die Magura MT Thirty Custom Bremse mit ihrem Vierkolben Bremssattel vorne bringt Dich in brenzligen Situationen schnell zum Stehen. Maximalen Speed erm\u00f6glicht Dir das Zusammenspiel des 12-fach Shimano Antriebs. Vollendet wird das Bike durch den griffigen Allroundreifen Nobby Nic in ADDIX Speedgrip Gummimischung und mit Superground Karkasse aus dem Hause Schwalbe. Gepaart mit dem soliden SUNringl\u00e9 D\u00fcroc 35 Laufradsatz l\u00e4sst sich jedes Hindernis mit Leichtigkeit bew\u00e4ltigen. Ready, Steady, Go &#8211; das SLIDE TRAIL AL 7.0!<\/p>\n<hr \/>\n<h4>Die SLIDE TRAIL AL Familie<\/h4>\n<p>Wir kredenzen Euch eine komplette Neuentwicklung! Angelehnt an die Geometrie des SLIDE TRAIL pr\u00e4sentieren wir erstmals die Aluminiumversion! Wenn man von Multitasking spricht, dann von unserem SLIDE TRAIL AL. Du suchst ein wendiges, schnelles und leichtes Bike mit ausreichend Federweg? Dann bist Du bei dem SLIDE TRAIL AL genau richtig! Es ist nicht nur ein treuer Trail Begleiter, sondern erm\u00f6glicht Dir auch jeden Anstieg. Dem H\u00f6henmeter sammeln steht also nichts mehr im Wege! Mit 150mm Federweg an der Front und 140mm am Heck lassen sich selbst steile Passagen bew\u00e4ltigen. Mach Dich gefasst auf ein nie dagewesenes Feeling von Verspieltheit, Freiheit und Variabilit\u00e4t! Diese Leichtf\u00fc\u00dfigkeit wird Dich umhauen, sodass jede Wurzel oder Unebenheit zum Kinderspiel wird!<\/p>\n<hr \/>\n<h4>Der SLIDE TRAIL AL Rahmen<\/h4>\n<p>Die moderne Rahmengeometrie des SLIDE TRAIL AL gleicht der Carbon Version. Der flache Lenk- und der steile Sitzwinkel bietet ein Spektrum an Einsatzgebieten. Der ultimative Flip-Chip erm\u00f6glicht Dir eine nur auf dich angepasste Einstellung der Geometrie, sodass Du den optimalen Fahrspa\u00df erf\u00e4hrst! Unsere Trail Maschine liefert Dir 29 Zoll Laufr\u00e4der, in Kombination mit 150mm Federweg an der Front und 140mm am Heck. Damit l\u00e4sst sich jeder Trail problemlos bew\u00e4ltigen. Dem Speed sind keine Grenzen gesetzt, denn die Geometrie setzt den Fokus auf Laufruhe und Stabilit\u00e4t.<\/p>\n<div class=\"product--description\">\n<hr \/>\n<p><img fetchpriority=\"high\" decoding=\"async\" title=\" BikeSize Slide Trail \" src=\"https:\/\/cd.bike-discount.de\/media\/image\/22\/b0\/b8\/bikesize_slidetrail.jpg\" alt=\"\" width=\"640\" height=\"401\" data-mid=\"618199\" data-src=\"media\/image\/bikesize_slidetrail.jpg\" \/><br \/> Mit Hilfe unserer Grafik wollen wir Dir eine Empfehlung bei der Suche nach Deiner richtigen Rahmengr\u00f6\u00dfe geben. Neben Schrittl\u00e4nge sowie K\u00f6rpergr\u00f6\u00dfe spielt nat\u00fcrlich auch Dein pers\u00f6nlicher Fahrstil, Einsatzbereich sowie Vorliebe eine gro\u00dfe Rolle. Wenn Du mit Deinen Angaben im Grenzbereich liegen solltest, kannst Du zwischen zwei Rahmenh\u00f6hen w\u00e4hlen: die kleinere Rahmengr\u00f6\u00dfe ist agiler\/wendiger\/verspielter, die n\u00e4chstgr\u00f6\u00dfere Rahmenh\u00f6he laufruhiger\/spurtreuer und hat im Uphill die Nase vorn.<\/p>\n<h4>Ausstattung<\/h4>\n<div class=\"product--properties panel has--border\">\n<table class=\"product--properties-table\">\n<tbody>\n<tr class=\"product--properties-row row1\">\n<td class=\"product--properties-label is--bold\">Rahmen:<\/td>\n<td class=\"product--properties-value\">SLIDE TRAIL AL 29, Maximale Reifenbreite: 2.4&#8243;, Flip Chip Technology, Schaltaube #10240<\/td>\n<\/tr>\n<tr class=\"product--properties-row row2\">\n<td class=\"product--properties-label is--bold\">Rahmenmaterial:<\/td>\n<td class=\"product--properties-value\">Aluminium<\/td>\n<\/tr>\n<tr class=\"product--properties-row row3\">\n<td class=\"product--properties-label is--bold\">Laufradgr\u00f6\u00dfe:<\/td>\n<td class=\"product--properties-value\">29&#8243;<\/td>\n<\/tr>\n<tr class=\"product--properties-row row4\">\n<td class=\"product--properties-label is--bold\">Farbe:<\/td>\n<td class=\"product--properties-value\">swoopgrey \/ darksilver<\/td>\n<\/tr>\n<tr class=\"product--properties-row row5\">\n<td class=\"product--properties-label is--bold\">Gabel:<\/td>\n<td class=\"product--properties-value\">RockShox Lyrik Select, Charger RC, Boost<\/td>\n<\/tr>\n<tr class=\"product--properties-row row6\">\n<td class=\"product--properties-label is--bold\">D\u00e4mpfer:<\/td>\n<td class=\"product--properties-value\">RockShox Deluxe Select+, Debon Air (Einbauma\u00df: 185 x 55mm, Buchsenma\u00df: oben: Trunnion, unten: 8 x 22,2mm)<\/td>\n<\/tr>\n<tr class=\"product--properties-row row7\">\n<td class=\"product--properties-label is--bold\">Federweg:<\/td>\n<td class=\"product--properties-value\">150mm \/ 140mm<\/td>\n<\/tr>\n<tr class=\"product--properties-row row8\">\n<td class=\"product--properties-label is--bold\">Bremsen:<\/td>\n<td class=\"product--properties-value\">Magura MT Thirty Custom<\/td>\n<\/tr>\n<tr class=\"product--properties-row row9\">\n<td class=\"product--properties-label is--bold\">Bremsscheiben:<\/td>\n<td class=\"product--properties-value\">Magura MDR-C, 180\/180mm, 6-bolt<\/td>\n<\/tr>\n<tr class=\"product--properties-row row10\">\n<td class=\"product--properties-label is--bold\">Steuersatz:<\/td>\n<td class=\"product--properties-value\">VP, ZS44\/ZS56<\/td>\n<\/tr>\n<tr class=\"product--properties-row row11\">\n<td class=\"product--properties-label is--bold\">Vorbau:<\/td>\n<td class=\"product--properties-value\">Race Face Ride, \u00d835mm (16&#8243;: 50mm, 18&#8243;: 50mm, 20&#8243;: 50mm, 22&#8243;: 60mm)<\/td>\n<\/tr>\n<tr class=\"product--properties-row row12\">\n<td class=\"product--properties-label is--bold\">Lenker:<\/td>\n<td class=\"product--properties-value\">Race Face Ride, 35 x 760mm, 20mm rise<\/td>\n<\/tr>\n<tr class=\"product--properties-row row13\">\n<td class=\"product--properties-label is--bold\">Griffe:<\/td>\n<td class=\"product--properties-value\">SDG Thrice<\/td>\n<\/tr>\n<tr class=\"product--properties-row row14\">\n<td class=\"product--properties-label is--bold\">Sattel:<\/td>\n<td class=\"product--properties-value\">SDG Bel Air V3<\/td>\n<\/tr>\n<tr class=\"product--properties-row row15\">\n<td class=\"product--properties-label is--bold\">Sattelst\u00fctze:<\/td>\n<td class=\"product--properties-value\">Radon Dropper, 31.6mm (16&#8243;: 130mm Hub, 18&#8243;: 130mm Hub, 20&#8243;: 130mm Hub, 22&#8243;: 130mm Hub)<\/td>\n<\/tr>\n<\/tbody>\n<\/table>\n<table class=\"product--properties-table\">\n<tbody>\n<tr class=\"product--properties-row row16\">\n<td class=\"product--properties-label is--bold\">Kurbel:<\/td>\n<td class=\"product--properties-value\">Shimano SLX FC-M7100, 30T, 170mm<\/td>\n<\/tr>\n<tr class=\"product--properties-row row17\">\n<td class=\"product--properties-label is--bold\">Tretlager\/Innenlager:<\/td>\n<td class=\"product--properties-value\">Shimano BB-MT500PA, Pressfit, 92mm<\/td>\n<\/tr>\n<tr class=\"product--properties-row row18\">\n<td class=\"product--properties-label is--bold\">Schaltwerk:<\/td>\n<td class=\"product--properties-value\">Shimano SLX RD-M7100-SGS, 12-speed<\/td>\n<\/tr>\n<tr class=\"product--properties-row row19\">\n<td class=\"product--properties-label is--bold\">Schalthebel:<\/td>\n<td class=\"product--properties-value\">Shimano DEORE SL-M6100-R<\/td>\n<\/tr>\n<tr class=\"product--properties-row row20\">\n<td class=\"product--properties-label is--bold\">Kettenf\u00fchrung:<\/td>\n<td class=\"product--properties-value\">MRP 1X, ISCG05<\/td>\n<\/tr>\n<tr class=\"product--properties-row row21\">\n<td class=\"product--properties-label is--bold\">Kassette:<\/td>\n<td class=\"product--properties-value\">Shimano Deore CS-M6100, 10-51<\/td>\n<\/tr>\n<tr class=\"product--properties-row row22\">\n<td class=\"product--properties-label is--bold\">Kette:<\/td>\n<td class=\"product--properties-value\">Shimano Deore CN-M6100<\/td>\n<\/tr>\n<tr class=\"product--properties-row row23\">\n<td class=\"product--properties-label is--bold\">Reifen:<\/td>\n<td class=\"product--properties-value\">Schwalbe Nobby Nic, Addix-Speedgrip, Super Ground, TLE, 29&#8243; x 2.4&#8243;<\/td>\n<\/tr>\n<tr class=\"product--properties-row row24\">\n<td class=\"product--properties-label is--bold\">Pedale:<\/td>\n<td class=\"product--properties-value\">nicht im Lieferumfang enthalten<\/td>\n<\/tr>\n<tr class=\"product--properties-row row25\">\n<td class=\"product--properties-label is--bold\">Zul\u00e4ssiges Gesamtgewicht:<\/td>\n<td class=\"product--properties-value\">115 kg (K\u00f6rpergewicht + Fahrrad + Ausr\u00fcstung)<\/td>\n<\/tr>\n<tr class=\"product--properties-row row26\">\n<td class=\"product--properties-label is--bold\">Gewicht Komplettrad:<\/td>\n<td class=\"product--properties-value\">ab 14,65 Kg<\/td>\n<\/tr>\n<\/tbody>\n<\/table><\/div>\n<hr \/><\/div>\n<div class=\"ean-box\"><label>\u00a0<\/label><\/div>\n","protected":false},"excerpt":{"rendered":"<div class=\"tab-menu--product js--tab-menu\">\n<div class=\"tab--container-list\">\n<div class=\"tab--container description has--content is--active\">\n<div class=\"tab--content box-description\">\n<div class=\"content--description\">\n<div class=\"ean-box\"><label>Modelljahr: <span style=\"font-size: 16px\">2022<\/span><\/label><\/div>\n<\/p><\/div>\n<\/p><\/div>\n<\/p><\/div>\n<\/p><\/div>\n<\/p><\/div>\n<p><a class=\"rating-link-info--box\" name=\"product--publish-comment\"><\/a><\/p>\n<div id=\"detail--product-reviews\" class=\"content--product-reviews 123\"><\/div>\n","protected":false},"featured_media":9827,"comment_status":"closed","ping_status":"closed","template":"","meta":[],"product_brand":[],"product_cat":[95,106,96],"product_tag":[],"class_list":{"0":"post-9792","1":"product","2":"type-product","3":"status-publish","4":"has-post-thumbnail","6":"product_cat-fahrrad","7":"product_cat-fullsuspension","8":"product_cat-mountainbike","10":"first","11":"instock","12":"shipping-taxable","13":"purchasable","14":"product-type-variable"},"_links":{"self":[{"href":"https:\/\/fatbike-de.com\/index.php\/wp-json\/wp\/v2\/product\/9792","targetHints":{"allow":["GET"]}}],"collection":[{"href":"https:\/\/fatbike-de.com\/index.php\/wp-json\/wp\/v2\/product"}],"about":[{"href":"https:\/\/fatbike-de.com\/index.php\/wp-json\/wp\/v2\/types\/product"}],"replies":[{"embeddable":true,"href":"https:\/\/fatbike-de.com\/index.php\/wp-json\/wp\/v2\/comments?post=9792"}],"wp:featuredmedia":[{"embeddable":true,"href":"https:\/\/fatbike-de.com\/index.php\/wp-json\/wp\/v2\/media\/9827"}],"wp:attachment":[{"href":"https:\/\/fatbike-de.com\/index.php\/wp-json\/wp\/v2\/media?parent=9792"}],"wp:term":[{"taxonomy":"product_brand","embeddable":true,"href":"https:\/\/fatbike-de.com\/index.php\/wp-json\/wp\/v2\/product_brand?post=9792"},{"taxonomy":"product_cat","embeddable":true,"href":"https:\/\/fatbike-de.com\/index.php\/wp-json\/wp\/v2\/product_cat?post=9792"},{"taxonomy":"product_tag","embeddable":true,"href":"https:\/\/fatbike-de.com\/index.php\/wp-json\/wp\/v2\/product_tag?post=9792"}],"curies":[{"name":"wp","href":"https:\/\/api.w.org\/{rel}","templated":true}]}}