{"id":9893,"date":"2024-02-27T14:46:09","date_gmt":"2024-02-27T13:46:09","guid":{"rendered":"https:\/\/fatbike-de.com\/?post_type=product&#038;p=9893"},"modified":"2024-02-27T14:46:50","modified_gmt":"2024-02-27T13:46:50","slug":"radon-slide-trail-8-0","status":"publish","type":"product","link":"https:\/\/fatbike-de.com\/index.php\/product\/radon-slide-trail-8-0\/","title":{"rendered":"Radon Slide Trail 8.0"},"content":{"rendered":"<h2 class=\"content--title\"><strong>Radon<\/strong>\u00a0Slide Trail 8.0<\/h2>\n<p>Mit leichten Ausstattungs\u00e4nderungen startet unser Dauerbrenner Radon Slide Trail 8.0 in die neue Saison. Der Preis-Leistungssieger im All-Mountain Segment bekommt f\u00fcr das Jahr 2022 den beliebten wie zuverl\u00e4ssigen SUNringl\u00e9 D\u00fcroc 35 Expert mit 31 mm Maulweite spendiert &#8211; die superleichte Felge mit Straightpull Speichen und moderner SRX Nabe lassen dein Bikerherz h\u00f6herschlagen.<\/p>\n<hr \/>\n<h3>Die Highlights des Slide Trail 8.0<\/h3>\n<p>Zusammen mit der Maxxis Reifenkombination, bestehend aus den griffigen Minion DHF &amp; DHR II &#8211; nat\u00fcrlich in der hochwertigen Maxxterra 3C EXO Ausf\u00fchrung &#8211; erh\u00e4ltst Du hier ein Traum-Set-up welches in Sachen Grip und Zuverl\u00e4ssigkeit in der ersten Liga mitspielt. Die leichte RockShox Pike Select+ punktet mit der neuen Charger 2.1 RC D\u00e4mpfung: volle Performance auf dem Trail und eine leicht erreichbare Low-Speed Druckstufen-Verstellung sorgen f\u00fcr ein breites Grinsen &#8211; egal ob im Downhill oder dem n\u00e4chsten Gegenanstieg.<\/p>\n<p>Damit das Heck auf gleich hohem Level performt, verbauen wir auch in dieser Saison den RockShox Deluxe Select+ mit der wirkungsvollen und intuitiv bedienbaren RT D\u00e4mpfung. Beim Antrieb setzen wir auf einen zuverl\u00e4ssigen Mix aus SRAM&#8217;s 1&#215;12 GX &amp; NX Eagle Komponenten, welche ein riesiges \u00dcbersetzungsverh\u00e4ltnis von 454 % bieten und somit in jeder Situation den perfekten Gang bieten. Wenn es auf der Abfahrt mal wieder brenzlig werden sollte, keine Angst &#8211; die bissige 4-Kolben-Bremse MT5 aus dem Hause Magura sorgt f\u00fcr massive Bremspower selbst auf steilsten Passagen. Das n\u00e4chste Trail-Abenteuer kann kommen!<\/p>\n<hr \/>\n<h3>Die Slide Trail Familie<\/h3>\n<p>Unser RADON SLIDE TRAIL ist das breitbandigste Bike in der ganzen Modellpalette. Es gibt quasi nichts, was es nicht kann. Wilde Enduro-Eins\u00e4tze, epische Trailtouren mit ordentlich H\u00f6henmetern, die Runde mit den Kumpels auf den Hometrails&#8230; alles hat es schon gesehen und gemeistert. Das SLIDE TRAIL wurde von unseren Teamfahrern \u00fcber EWS-Strecken gepr\u00fcgelt, kennt Bikeparks in- und auswendig und ist einfach der supersolide treue Begleiter in allen Lebenslagen. Zahlreiche Testsiege, Pr\u00e4dikate und Empfehlungen in der internationalen Presse untermauern den Platz an der Spitze f\u00fcr das SLIDE TRAIL. Allesk\u00f6nner und everybody&#8217;s Darling!<\/p>\n<hr \/>\n<h3>Der Slide Trail Rahmen<\/h3>\n<p>Die Rahmengeometrie des SLIDE TRAIL ist modern mit flachem Lenk- und steilem Sitzwinkel und f\u00fcr Spa\u00df optimiert. Mit dem im Hinterbau integrierten Flip-Chip kannst Du den Lenk- und Sitzwinkel um ein Grad ver\u00e4ndern und an Deine W\u00fcnsche anpassen. Unser SLIDE TRAIL kommt mit 29 Zoll Laufr\u00e4dern, dabei stehen 150 Millimeter Federweg an der Front und 140mm am Heck bereit. Das Rad geht flink um jede Kurve und es l\u00e4sst sich mit viel Pop \u00fcber die Trails fliegen. In Highspeed-Passagen liegt es satt auf der Strecke und durch die hohe Laufruhe gibt es viel Selbstvertrauen in der Abfahrt.<\/p>\n<hr \/>\n<hr \/>\n<p class=\"product--description\"><img fetchpriority=\"high\" decoding=\"async\" title=\" BikeSize Slide Trail \" src=\"https:\/\/cd.bike-discount.de\/media\/image\/22\/b0\/b8\/bikesize_slidetrail.jpg\" alt=\"\" width=\"640\" height=\"401\" data-mid=\"618199\" data-src=\"media\/image\/bikesize_slidetrail.jpg\" \/><\/p>\n<p>Mit Hilfe unserer Grafik wollen wir Dir eine Empfehlung bei der Suche nach Deiner richtigen Rahmengr\u00f6\u00dfe geben. Neben Schrittl\u00e4nge sowie K\u00f6rpergr\u00f6\u00dfe spielt nat\u00fcrlich auch Dein pers\u00f6nlicher Fahrstil, Einsatzbereich sowie Vorliebe eine gro\u00dfe Rolle. Wenn Du mit Deinen Angaben im Grenzbereich liegen solltest, kannst Du zwischen zwei Rahmenh\u00f6hen w\u00e4hlen: die kleinere Rahmengr\u00f6\u00dfe ist agiler\/wendiger\/verspielter, die n\u00e4chstgr\u00f6\u00dfere Rahmenh\u00f6he laufruhiger\/spurtreuer und hat im Uphill die Nase vorn.<\/p>\n<h2>Ausstattung<\/h2>\n<div class=\"product--properties panel has--border\">\n<table class=\"product--properties-table\">\n<tbody>\n<tr class=\"product--properties-row row1\">\n<td class=\"product--properties-label is--bold\">Rahmen:<\/td>\n<td class=\"product--properties-value\">SLIDE TRAIL 29, Maximale Reifenbreite: 2.4&#8243;, Flip Chip zur Geometrie-Variation, Schaltauge: #10240<\/td>\n<\/tr>\n<tr class=\"product--properties-row row2\">\n<td class=\"product--properties-label is--bold\">Rahmenmaterial:<\/td>\n<td class=\"product--properties-value\">Carbonfrontrahmen, Aluminium Hinterbau<\/td>\n<\/tr>\n<tr class=\"product--properties-row row3\">\n<td class=\"product--properties-label is--bold\">Laufradgr\u00f6\u00dfe:<\/td>\n<td class=\"product--properties-value\">29&#8243;<\/td>\n<\/tr>\n<tr class=\"product--properties-row row4\">\n<td class=\"product--properties-label is--bold\">Farbe:<\/td>\n<td class=\"product--properties-value\">titansilver \/ flatsilver<\/td>\n<\/tr>\n<tr class=\"product--properties-row row5\">\n<td class=\"product--properties-label is--bold\">Gabel:<\/td>\n<td class=\"product--properties-value\">Rock Shox Pike Select+, Charger 2.1 RC, Debon Air, Boost<\/td>\n<\/tr>\n<tr class=\"product--properties-row row6\">\n<td class=\"product--properties-label is--bold\">D\u00e4mpfer:<\/td>\n<td class=\"product--properties-value\">Rock Shox Deluxe Select+, Debon Air | Einbauma\u00df: 185 x 55mm, Buchsenma\u00df: Trunnion \/ 8 x 22.2mm<\/td>\n<\/tr>\n<tr class=\"product--properties-row row7\">\n<td class=\"product--properties-label is--bold\">Federweg:<\/td>\n<td class=\"product--properties-value\">150mm \/ 140mm<\/td>\n<\/tr>\n<tr class=\"product--properties-row row8\">\n<td class=\"product--properties-label is--bold\">Bremsen:<\/td>\n<td class=\"product--properties-value\">Magura MT5<\/td>\n<\/tr>\n<tr class=\"product--properties-row row9\">\n<td class=\"product--properties-label is--bold\">Bremsscheiben:<\/td>\n<td class=\"product--properties-value\">Magura Storm HC, 203\/180mm, 6-bolt<\/td>\n<\/tr>\n<tr class=\"product--properties-row row10\">\n<td class=\"product--properties-label is--bold\">Steuersatz:<\/td>\n<td class=\"product--properties-value\">Acros AzX, ZS44\/ZS56<\/td>\n<\/tr>\n<tr class=\"product--properties-row row11\">\n<td class=\"product--properties-label is--bold\">Vorbau:<\/td>\n<td class=\"product--properties-value\">Race Face \u00c6ffect R, \u00d835mm (16&#8243;\/40mm, 18&#8243;\/50mm, 20&#8243;\/50mm, 22&#8243;\/60mm)<\/td>\n<\/tr>\n<tr class=\"product--properties-row row12\">\n<td class=\"product--properties-label is--bold\">Lenker:<\/td>\n<td class=\"product--properties-value\">Race Face \u00c6ffect, 35 x 760mm, 20mm rise<\/td>\n<\/tr>\n<tr class=\"product--properties-row row13\">\n<td class=\"product--properties-label is--bold\">Griffe:<\/td>\n<td class=\"product--properties-value\">SDG Thrice<\/td>\n<\/tr>\n<tr class=\"product--properties-row row14\">\n<td class=\"product--properties-label is--bold\">Sattel:<\/td>\n<td class=\"product--properties-value\">SDG Radar<\/td>\n<\/tr>\n<tr class=\"product--properties-row row15\">\n<td class=\"product--properties-label is--bold\">Sattelst\u00fctze:<\/td>\n<td class=\"product--properties-value\">RADON Dropper, 31.6mm (16&#8243;\/130mm Hub, 18&#8243;\/130mm Hub, 20&#8243;\/130mm Hub, 22&#8243;\/130mm Hub)<\/td>\n<\/tr>\n<\/tbody>\n<\/table>\n<table class=\"product--properties-table\">\n<tbody>\n<tr class=\"product--properties-row row16\">\n<td class=\"product--properties-label is--bold\">Kurbel:<\/td>\n<td class=\"product--properties-value\">SRAM X1 1000 Eagle, DUB, 30T, Boost, 170mm<\/td>\n<\/tr>\n<tr class=\"product--properties-row row17\">\n<td class=\"product--properties-label is--bold\">Tretlager\/Innenlager:<\/td>\n<td class=\"product--properties-value\">SRAM DUB, Pressfit, 92mm<\/td>\n<\/tr>\n<tr class=\"product--properties-row row18\">\n<td class=\"product--properties-label is--bold\">Schaltwerk:<\/td>\n<td class=\"product--properties-value\">SRAM GX Eagle, 12-speed<\/td>\n<\/tr>\n<tr class=\"product--properties-row row19\">\n<td class=\"product--properties-label is--bold\">Schalthebel:<\/td>\n<td class=\"product--properties-value\">SRAM GX Eagle, Shiftmix<\/td>\n<\/tr>\n<tr class=\"product--properties-row row20\">\n<td class=\"product--properties-label is--bold\">Kettenf\u00fchrung:<\/td>\n<td class=\"product--properties-value\">MRP 1X, ISCG05<\/td>\n<\/tr>\n<tr class=\"product--properties-row row21\">\n<td class=\"product--properties-label is--bold\">Kassette:<\/td>\n<td class=\"product--properties-value\">SRAM NX Eagle PG-1230, 11-50<\/td>\n<\/tr>\n<tr class=\"product--properties-row row22\">\n<td class=\"product--properties-label is--bold\">Kette:<\/td>\n<td class=\"product--properties-value\">Sram SX Eagle<\/td>\n<\/tr>\n<tr class=\"product--properties-row row23\">\n<td class=\"product--properties-label is--bold\">Reifen vorne:<\/td>\n<td class=\"product--properties-value\">Maxxis Minion DHF 3C, Maxxterra, EXO, TR, 29&#8243; x 2.5&#8243; WT<\/td>\n<\/tr>\n<tr class=\"product--properties-row row24\">\n<td class=\"product--properties-label is--bold\">Reifen hinten:<\/td>\n<td class=\"product--properties-value\">Maxxis Minion DHR II 3C, Maxxterra, EXO, TR, 29&#8243; x 2.4&#8243; WT<\/td>\n<\/tr>\n<tr class=\"product--properties-row row25\">\n<td class=\"product--properties-label is--bold\">Laufradsatz:<\/td>\n<td class=\"product--properties-value\">SUNringl\u00e9 D\u00fcroc 35 Expert, 31mm, 110\/148mm<\/td>\n<\/tr>\n<tr class=\"product--properties-row row26\">\n<td class=\"product--properties-label is--bold\">Pedale:<\/td>\n<td class=\"product--properties-value\">nicht im Lieferumfang enthalten<\/td>\n<\/tr>\n<tr class=\"product--properties-row row27\">\n<td class=\"product--properties-label is--bold\">Zul\u00e4ssiges Gesamtgewicht:<\/td>\n<td class=\"product--properties-value\">115 kg (K\u00f6rpergewicht + Fahrrad + Ausr\u00fcstung)<\/td>\n<\/tr>\n<tr class=\"product--properties-row row28\">\n<td class=\"product--properties-label is--bold\">Gewicht Komplettrad:<\/td>\n<td class=\"product--properties-value\">ab 14,20 kg<\/td>\n<\/tr>\n<\/tbody>\n<\/table><\/div>\n<hr \/>\n<div class=\"ean-box\"><label>\u00a0<\/label><\/div>\n","protected":false},"excerpt":{"rendered":"<div class=\"tab-menu--product js--tab-menu\">\n<div class=\"tab--container-list\">\n<div class=\"tab--container description has--content is--active\">\n<div class=\"tab--content box-description\">\n<div class=\"content--description\">\n<div class=\"ean-box\"><label>Modelljahr: <span style=\"font-size: 16px\">2022<\/span><\/label><\/div>\n<\/p><\/div>\n<\/p><\/div>\n<\/p><\/div>\n<\/p><\/div>\n<\/p><\/div>\n<p><a class=\"rating-link-info--box\" name=\"product--publish-comment\"><\/a><\/p>\n<div id=\"detail--product-reviews\" class=\"content--product-reviews 123\"><\/div>\n","protected":false},"featured_media":9911,"comment_status":"closed","ping_status":"closed","template":"","meta":[],"product_brand":[],"product_cat":[95,106,96],"product_tag":[],"class_list":{"0":"post-9893","1":"product","2":"type-product","3":"status-publish","4":"has-post-thumbnail","6":"product_cat-fahrrad","7":"product_cat-fullsuspension","8":"product_cat-mountainbike","10":"first","11":"instock","12":"sale","13":"shipping-taxable","14":"purchasable","15":"product-type-variable"},"_links":{"self":[{"href":"https:\/\/fatbike-de.com\/index.php\/wp-json\/wp\/v2\/product\/9893","targetHints":{"allow":["GET"]}}],"collection":[{"href":"https:\/\/fatbike-de.com\/index.php\/wp-json\/wp\/v2\/product"}],"about":[{"href":"https:\/\/fatbike-de.com\/index.php\/wp-json\/wp\/v2\/types\/product"}],"replies":[{"embeddable":true,"href":"https:\/\/fatbike-de.com\/index.php\/wp-json\/wp\/v2\/comments?post=9893"}],"wp:featuredmedia":[{"embeddable":true,"href":"https:\/\/fatbike-de.com\/index.php\/wp-json\/wp\/v2\/media\/9911"}],"wp:attachment":[{"href":"https:\/\/fatbike-de.com\/index.php\/wp-json\/wp\/v2\/media?parent=9893"}],"wp:term":[{"taxonomy":"product_brand","embeddable":true,"href":"https:\/\/fatbike-de.com\/index.php\/wp-json\/wp\/v2\/product_brand?post=9893"},{"taxonomy":"product_cat","embeddable":true,"href":"https:\/\/fatbike-de.com\/index.php\/wp-json\/wp\/v2\/product_cat?post=9893"},{"taxonomy":"product_tag","embeddable":true,"href":"https:\/\/fatbike-de.com\/index.php\/wp-json\/wp\/v2\/product_tag?post=9893"}],"curies":[{"name":"wp","href":"https:\/\/api.w.org\/{rel}","templated":true}]}}