{"id":9957,"date":"2024-02-27T14:46:52","date_gmt":"2024-02-27T13:46:52","guid":{"rendered":"https:\/\/fatbike-de.com\/?post_type=product&#038;p=9957"},"modified":"2024-02-27T14:47:14","modified_gmt":"2024-02-27T13:47:14","slug":"dt-swiss-m-1900-spline-29-30mm-cl-boost-laufradsatz","status":"publish","type":"product","link":"https:\/\/fatbike-de.com\/index.php\/product\/dt-swiss-m-1900-spline-29-30mm-cl-boost-laufradsatz\/","title":{"rendered":"DT Swiss M 1900 Spline\u00ae 29&#8243; 30mm CL Boost Laufradsatz"},"content":{"rendered":"<h2 class=\"product--title\"><strong>DT Swiss<\/strong>\u00a0M 1900 Spline\u00ae 29&#8243; 30mm CL Boost Laufradsatz<\/h2>\n<p>Dein verl\u00e4sslicher Einstieg in die Freiheit der Bergwelt. Nach einem langen Anstieg liegt der perfekte Trail vor deinen Reifen: flowig, staubig, abwechslungsreich, endlos. Mit dem DT Swiss M 1900 SPLINE gibt es eine Ausrede weniger, um in die All-Mountain-Welt einzutauchen. Entwickelt f\u00fcr ein optimales Verh\u00e4ltnis zwischen Haltbarkeit und Gewicht, bietet die Felge effiziente Klettereigenschaften sowie eine grosse Widerstandsf\u00e4higkeit auf nat\u00fcrlichen Singletrails.<\/p>\n<p>Dank des neuen Ratchet LN- Freilaufsystems und dem bew\u00e4hrten Aufbau von Hand ist dieses Laufrad ein verl\u00e4sslicher Partner, wenn es darum geht, Momente der Freiheit in den Bergen zu erleben.<\/p>\n<hr \/>\n<h3>Produkteigenschaften &#8211; DT Swiss M 1900 Spline<sup>\u00ae<\/sup>\u00a030<\/h3>\n<ul>\n<li><b>Einsatzbereich:<\/b>\u00a0All Mountain<\/li>\n<li><b>Modell:<\/b>\u00a0M 1900 Spline<sup>\u00ae<\/sup><\/li>\n<li><b>Laufradgr\u00f6\u00dfe:<\/b>\u00a029&#8243;<\/li>\n<li><b>Laufraddurchmesser:<\/b>\u00a0622 mm<\/li>\n<li><b>Felgentyp:<\/b>\u00a0Hooked \/ Crotchet tubeless TC<\/li>\n<li><b>Tubeless Ready:<\/b>\u00a0\u2714<\/li>\n<li><b>Maulweite:<\/b>\u00a030 mm<\/li>\n<li><b>\u00c4u\u00dfere Breite:<\/b>\u00a035 mm<\/li>\n<li><strong>Felgenh\u00f6he:<\/strong>\u00a020 mm<\/li>\n<li><b>Achssystem:<\/b>\n<ul>\n<li><strong>Vorderrad:<\/strong>\u00a0Boost 15 x 110 mm (Thru Axle)<\/li>\n<li><strong>Hinterrad:<\/strong>\u00a0Boost 12 x 148 mm (Thru Axle)<\/li>\n<\/ul>\n<\/li>\n<li><b>Nabentyp:<\/b>\u00a0370<\/li>\n<li><strong>Freilaufk\u00f6rper:<\/strong>\u00a0Ratchet LN 18<\/li>\n<li><b>Speichen:<\/b>\u00a0DT champion\u00ae straightpull<\/li>\n<li><b>Nippel:<\/b>\u00a0DT ProLock Squorx ProHead alu<\/li>\n<li><b>Lochzahl\/Speichen:<\/b>\u00a028<\/li>\n<li><b>Einspeichung<\/b>: 3-cross (1:1)<\/li>\n<li><b>Ventilloch:<\/b>\u00a0Presta \/ SV \u00d8 6.5 mm<\/li>\n<li><b>Bremsscheibenaufnahme:<\/b>\u00a0Center Lock<\/li>\n<li><b>Maximalgewicht:<\/b>\u00a0120 kg (K\u00f6rpergewicht + Fahrrad + Ausr\u00fcstung)<\/li>\n<li><b>ASTM Klassifizierung:<\/b>\u00a04<\/li>\n<\/ul>\n<h3>Freilauf (Variante w\u00e4hlen)<\/h3>\n<ul>\n<li>Shimano Micro Spline<\/li>\n<li>Shimano<\/li>\n<li>Sram XD<\/li>\n<\/ul>\n<h3>Material<\/h3>\n<ul>\n<li><b>Felge:<\/b>\u00a0Aluminium<\/li>\n<li><b>Nabenk\u00f6rper:<\/b>\u00a0Aluminium<\/li>\n<li><b>Speichen:<\/b>\u00a0Edelstahl<\/li>\n<li><b>Nippel:<\/b>\u00a0Aluminium<\/li>\n<li><strong>Freilauf:<\/strong>\u00a0Aluminium<\/li>\n<\/ul>\n<h3>Gewicht (Herstellerangabe)<\/h3>\n<ul>\n<li><strong>Shimano Micro Spline<\/strong>\u00a0&#8211; 2023 g<\/li>\n<li><strong>Shimano<\/strong>\u00a0&#8211; 2037 g<\/li>\n<li><strong>Sram XD<\/strong>\u00a0&#8211; 2014 g<\/li>\n<\/ul>\n<hr \/>\n<h3>Lieferumfang<\/h3>\n<ul>\n<li>DT Swiss M 1900 Spline 29&#8243; 30 mm Center Lock boost Laufradsatz<\/li>\n<li>2 x Tubeless Tape 32 mm<\/li>\n<li>2 x Tubelessventil MTB 32 mm<\/li>\n<\/ul>\n<hr \/>\n<h3>Technologien<\/h3>\n<p><strong>SPLINE<sup>\u00ae<\/sup>\u00a0Technologie<\/strong><br \/> Der aufw\u00e4ndig bearbeitete Nabenbody, die clever platzierten Speichen und die bew\u00e4hrte Freilauftechnik der neuen DT Swiss SPLINE\u00ae Laufradlinie haben ein einziges Ziel: Den hohen Bed\u00fcrfnissen heutiger RadfahrerInnen gerecht zu werden. Es sind Komponenten wie die SPLINE\u00ae Laufr\u00e4der, welche es erlauben immer weiter und immer schneller zu fahren und so die Freude am Fahrradfahren weiter steigern. Dank der vielen durchdachten Details und der legend\u00e4ren DT Swiss Zuverl\u00e4ssigkeit erlebt man mit SPLINE\u00ae Laufr\u00e4dern Fahrspass pur.<\/p>\n<p><strong>Straightpull technology<\/strong><br \/> Straightpull steht f\u00fcr gerade, ungekr\u00f6pfte Speichen. Dank dieser Technologie ist es m\u00f6glich ein ideales Verh\u00e4ltnis zwischen Gewicht und Stabilit\u00e4t zu erreichen. Die Straightpull Speichen erlauben eine sehr pr\u00e4zise Ausrichtung und optimierte Positionierung im Laufrad und sorgen damit f\u00fcr ein steiferes und reaktionsfreudigeres Laufrad.<\/p>\n<hr \/>\n<h3>DT-Swiss-Support f\u00fcr Umr\u00fcstung<\/h3>\n<p>Auf der Support-Seite findest du eine \u00dcbersicht, um deine bestehende Nabe mit dem richtigen Umr\u00fcst-Kit in ein neues Achsma\u00df oder f\u00fcr eine neue Schaltgruppe umzubauen.<\/p>\n","protected":false},"excerpt":{"rendered":"<p>DT Swiss\u00a0M 1900 Spline\u00ae 29&#8243; 30mm CL Boost Laufradsatz Dein verl\u00e4sslicher Einstieg in die Freiheit der Bergwelt. Nach einem langen Anstieg liegt der perfekte Trail vor deinen Reifen: flowig, staubig, abwechslungsreich, endlos. Mit dem DT Swiss M 1900 SPLINE gibt es eine Ausrede weniger, um in die All-Mountain-Welt einzutauchen. Entwickelt f\u00fcr ein optimales Verh\u00e4ltnis zwischen Haltbarkeit und Gewicht, bietet die\u2026<\/p>\n","protected":false},"featured_media":9984,"comment_status":"closed","ping_status":"closed","template":"","meta":[],"product_brand":[],"product_cat":[128,123],"product_tag":[],"class_list":{"0":"post-9957","1":"product","2":"type-product","3":"status-publish","4":"has-post-thumbnail","6":"product_cat-mtb-teile","7":"product_cat-teile","9":"first","10":"instock","11":"sale","12":"shipping-taxable","13":"purchasable","14":"product-type-simple"},"_links":{"self":[{"href":"https:\/\/fatbike-de.com\/index.php\/wp-json\/wp\/v2\/product\/9957","targetHints":{"allow":["GET"]}}],"collection":[{"href":"https:\/\/fatbike-de.com\/index.php\/wp-json\/wp\/v2\/product"}],"about":[{"href":"https:\/\/fatbike-de.com\/index.php\/wp-json\/wp\/v2\/types\/product"}],"replies":[{"embeddable":true,"href":"https:\/\/fatbike-de.com\/index.php\/wp-json\/wp\/v2\/comments?post=9957"}],"wp:featuredmedia":[{"embeddable":true,"href":"https:\/\/fatbike-de.com\/index.php\/wp-json\/wp\/v2\/media\/9984"}],"wp:attachment":[{"href":"https:\/\/fatbike-de.com\/index.php\/wp-json\/wp\/v2\/media?parent=9957"}],"wp:term":[{"taxonomy":"product_brand","embeddable":true,"href":"https:\/\/fatbike-de.com\/index.php\/wp-json\/wp\/v2\/product_brand?post=9957"},{"taxonomy":"product_cat","embeddable":true,"href":"https:\/\/fatbike-de.com\/index.php\/wp-json\/wp\/v2\/product_cat?post=9957"},{"taxonomy":"product_tag","embeddable":true,"href":"https:\/\/fatbike-de.com\/index.php\/wp-json\/wp\/v2\/product_tag?post=9957"}],"curies":[{"name":"wp","href":"https:\/\/api.w.org\/{rel}","templated":true}]}}