{"id":9990,"date":"2024-02-27T14:47:16","date_gmt":"2024-02-27T13:47:16","guid":{"rendered":"https:\/\/fatbike-de.com\/?post_type=product&#038;p=9990"},"modified":"2024-02-27T14:47:39","modified_gmt":"2024-02-27T13:47:39","slug":"rockshox-lyrik-ultimate-charger-3-rc2-29-debonair-tapered","status":"publish","type":"product","link":"https:\/\/fatbike-de.com\/index.php\/product\/rockshox-lyrik-ultimate-charger-3-rc2-29-debonair-tapered\/","title":{"rendered":"RockShox Lyrik Ultimate Charger 3 RC2 29&#8243; DebonAir+ Tapered"},"content":{"rendered":"<h2>RockShox Lyrik Ultimate Charger 3 RC2 29&#8243; DebonAir+ Tapered Boost<\/h2>\n<p>Schneller. St\u00e4rker . Erbarmungslos effizient. Die neue Lyrik ist f\u00fcr alles zu haben und f\u00fcr alle F\u00e4lle ger\u00fcstet. Die vielseitigste Gabel im RockShox-Sortiment verf\u00fcgt \u00fcber ein neues Chassis, das leichter ist und dennoch die legend\u00e4re Performance und Party-Attit\u00fcde der Lyrik gew\u00e4hrleistet. Die Lyrik Ultimate verf\u00fcgt \u00fcber den neuen Charger 3 RC2 D\u00e4mpfer mit vibrationsd\u00e4mpfender ButterCup Technologie und der neuesten DebonAir+ Luftfeder.<\/p>\n<hr \/>\n<h3>Features &#8211; RockShox Lyrik Ultimate Charger 3 RC2 29&#8243; DebonAir+ Tapered Boost<\/h3>\n<ul>\n<li>35-mm-Chassis mit All-Mountain-Ausrichtung &#8211; zufriedenstellend steif, effizient und mit dem Ziel, so <a href=\"http:\/\/1.1\">viel<\/a> Gewicht wie m\u00f6glich zu eliminieren<\/li>\n<li>ButterCups blockieren 20% der hochfrequenten &#8222;Trail Chatter&#8220;. Die Begrenzung dieser Vibrationen reduziert massiv die Erm\u00fcdung von Hand und Arm, so dass du dich frisch f\u00fchlst und mehr Kontrolle hast<\/li>\n<li>Der Charger 3\u2122 verf\u00fcgt \u00fcber ein v\u00f6llig neues Internal Floating Piston (IFP)-Design mit besserer Impulstreue, Leistung und wirklich unabh\u00e4ngigen Einstellungen ohne &#8222;cross talk&#8220;. Mit High Speed Compression, Low Speed Compression und einem \u00fcberarbeiteten Low Speed Rebound ist jeder Klick sinnvoll und exakt. Dieses ger\u00e4uscharme Design erm\u00f6glicht es dem Fahrer, mit jedem Klick eine perfekte Abstimmung vorzunehmen<\/li>\n<li>DebonAir+ wurde entwickelt, um die perfekte Balance zwischen dem zu finden, was Fahrer wirklich wollen: ein butterweiches Gef\u00fchl bei kleinen Unebenheiten, ein erh\u00f6htes Luftvolumen f\u00fcr mehr Unterst\u00fctzung w\u00e4hrend des gesamten Federwegs und eine h\u00f6here Gesamth\u00f6he f\u00fcr mehr Vertrauen, wenn es steil wird<\/li>\n<li>Das ultimative Buchsenpaket maximiert die \u00dcberlappung der Gabelbuchsen, reduziert die Reibung und sorgt f\u00fcr ein m\u00f6glichst sanftes Fahrverhalten<\/li>\n<li>Druckentlastungsventile verhindern einen unerw\u00fcnschten Luftdruckanstieg im Unterschenkel, der durch H\u00f6hen- oder Temperaturschwankungen verursacht wird. Mit nur ein oder zwei Knopfdr\u00fccken stellen die Druckentlastungsventile das erstklassige Gabelgef\u00fchl wieder her<\/li>\n<li>Maxima Plush Dynamic Suspension Lube reduziert die Reibung und verbessert die Gabelleistung bei jeder Fahrt<\/li>\n<li>Einschraubbare Adapter f\u00fcr Drehmomentkappen sind jetzt f\u00fcr die Verwendung mit Standard-Nabenendkappen enthalten<\/li>\n<li>Leichte, maschinell bearbeitete und eloxierte Krone f\u00fcr erstklassige Optik und Haltbarkeit<\/li>\n<li>Signature Series Grafikpaket<\/li>\n<li>Kompatibilit\u00e4t mit RockShox Premium-Schutzblechen<\/li>\n<li>SKF Abstreifdichtungen mit extrem geringer Reibung sorgen f\u00fcr eine lang anhaltende Gabelperformance und verbessern das gesamte Federungsgef\u00fchl<\/li>\n<li>Maxima Plush D\u00e4mpfungsfl\u00fcssigkeit reduziert Reibung und d\u00e4mpft D\u00e4mpferger\u00e4usche<\/li>\n<\/ul>\n<h3>Produkteigenschaften<\/h3>\n<ul>\n<li><strong>Einsatzbereich:<\/strong>\u00a0MTB<\/li>\n<li><strong>Laufradgr\u00f6\u00dfe:<\/strong>\u00a029&#8243;<\/li>\n<li><strong>Federung:<\/strong>\u00a0Debon Air+<\/li>\n<li><strong>D\u00e4mpfung:\u00a0<\/strong>Charger 3 RC2<\/li>\n<li><strong>Einstellbarkeit:\u00a0<\/strong>Externe Zugstufenverstellung, Low Speed\/High Speed Druckstufenverstellung<\/li>\n<li><strong>Gabelschaft:\u00a0<\/strong>Tapered 1.5&#8243; auf 1 1\/8&#8243; (konisch)<\/li>\n<li><strong>Gabelschaftl\u00e4nge:<\/strong>\u00a0262mm<\/li>\n<li><strong>Standrohre:<\/strong>\u00a035mm<\/li>\n<li><strong>Scheibenbremsaufnahme<\/strong><strong>:<\/strong>\u00a0Post Mount\u00a0(PM7 &#8211; Direct Mount 180mm)<\/li>\n<li><strong>H\u00f6chste empfohlene Bremsscheibengr\u00f6\u00dfe:<\/strong>\u00a0220mm<\/li>\n<li><strong>Ausfallenden:\u00a0<\/strong>15x110mm Boost Maxle Stealth Steckachse<\/li>\n<li><strong>Max. Reifendurchmesser:\u00a0<\/strong>770mm<\/li>\n<li><strong>Max. Reifenbreite:\u00a0<\/strong>81mm<\/li>\n<li><strong>Einbauh\u00f6he:\u00a0<\/strong>551mm (140mm), 561mm (150mm), 571mm (160mm)<\/li>\n<li><strong>Gabelkrone\/-kopf:<\/strong>\u00a059mm<\/li>\n<li><strong>E-Bike geeignet:<\/strong>\u00a0Ja<\/li>\n<li><strong>Schutzblech-Kompatibilit\u00e4t:<\/strong>\u00a0Kurz, 3-Punkt-Befestigung<\/li>\n<\/ul>\n<h3>Federweg \/ Offset (Variante w\u00e4hlen)<\/h3>\n<ul>\n<li>140mm \/ 44mm Offset<\/li>\n<li>150mm \/ 44mm Offset<\/li>\n<li>160mm \/ 44mm Offset<\/li>\n<\/ul>\n<h3>Material<\/h3>\n<ul>\n<li><strong>Gabelschaft:\u00a0<\/strong>Aluminium<\/li>\n<li><strong>Gabelkrone:<\/strong>\u00a0Geschmiedetes 7050 Aluminium<\/li>\n<li><strong>Standrohre:<\/strong>\u00a0Tapered Wall Aluminium, Fast Black<\/li>\n<li><strong>Tauchrohre:\u00a0<\/strong>Magnesium<\/li>\n<\/ul>\n<h3>Farbe<\/h3>\n<ul>\n<li>Gloss Black<\/li>\n<\/ul>\n<hr \/>\n<h3>Lieferumfang<\/h3>\n<ul>\n<li>Rock Shox Lyrik Ultimate Charger 3 RC2 29&#8243; Debon Air+ Tapered Boost<\/li>\n<li>Rock Shox 15x110mm Boost Maxle Stealth Steckachse<\/li>\n<li>Einschlagkralle<\/li>\n<li>Fender<\/li>\n<li>2 Bottomless Tokens<\/li>\n<\/ul>\n<hr \/>\n<h3>Technologien<\/h3>\n<div><strong>Rapid Recovery\u2122<\/strong><br \/> Wer w\u00fcnscht sich nicht einen gr\u00f6\u00dferen Federweg f\u00fcr aufeinanderfolgende Schl\u00e4ge? Dank des Rapid Recovery-Systems kehrt der D\u00e4mpfer nach aufeinanderfolgenden Schl\u00e4gen schneller in seine Ausgangsposition zur\u00fcck, was dem Rad eine pr\u00e4zisere Bodenhaftung erm\u00f6glicht. Dieses aktivere D\u00e4mpfungssystem versagt nicht und sorgt f\u00fcr eine Fahrt mit h\u00f6herer und weicherer Federh\u00e4rte. Mit Rapid Recovery profitiert der Fahrer von einem gr\u00f6\u00dferen Federweg f\u00fcr eine sanftere und kontrolliertere Fahrt bei jedem Schlag.<\/div>\n<div>\n<div><strong><br \/> BOOST\u2122<\/strong><br \/> BOOST\u2122 ist eine neue Laufrad- und Antriebsspezifikation, welche eine verbesserte Rahmengeometrie mit ku\u0308rzeren Kettenstreben, breitere und h\u00e4rtere Federung, eine gr\u00f6\u00dfere Anzahl an Kettenblattoptionen, mehr Spielraum fu\u0308r breitere Reifen und eine erh\u00f6hte Steifigkeit und Robustheit des Laufrads bietet.<strong>D\u00e4mpfungsmarkierungen\u2122<\/strong><br \/> Wer seine D\u00e4mpfung nicht richtig einstellt, der kann genauso gut auf einem fremden Rad unterwegs sein. Aber warum Plastikclips oder Lineale verschwenden, um die Federung immer wieder anzupassen? Unsere D\u00e4mpfungsmarkierungen sind f\u00fcr eine einfache und exakte Einrichtung der perfekten Federung direkt auf die Standrohre der Federgabel und das D\u00e4mpfergeh\u00e4use aufgedruckt. Du kannst deiner Mutter also Plastikclip und Lineal wieder zur\u00fcckgeben.<\/div>\n<\/p><\/div>\n","protected":false},"excerpt":{"rendered":"<p>RockShox Lyrik Ultimate Charger 3 RC2 29&#8243; DebonAir+ Tapered Boost Schneller. St\u00e4rker . Erbarmungslos effizient. Die neue Lyrik ist f\u00fcr alles zu haben und f\u00fcr alle F\u00e4lle ger\u00fcstet. Die vielseitigste Gabel im RockShox-Sortiment verf\u00fcgt \u00fcber ein neues Chassis, das leichter ist und dennoch die legend\u00e4re Performance und Party-Attit\u00fcde der Lyrik gew\u00e4hrleistet. Die Lyrik Ultimate verf\u00fcgt \u00fcber den neuen Charger 3\u2026<\/p>\n","protected":false},"featured_media":10007,"comment_status":"closed","ping_status":"closed","template":"","meta":[],"product_brand":[],"product_cat":[128,123],"product_tag":[],"class_list":{"0":"post-9990","1":"product","2":"type-product","3":"status-publish","4":"has-post-thumbnail","6":"product_cat-mtb-teile","7":"product_cat-teile","9":"first","10":"instock","11":"sale","12":"shipping-taxable","13":"purchasable","14":"product-type-simple"},"_links":{"self":[{"href":"https:\/\/fatbike-de.com\/index.php\/wp-json\/wp\/v2\/product\/9990","targetHints":{"allow":["GET"]}}],"collection":[{"href":"https:\/\/fatbike-de.com\/index.php\/wp-json\/wp\/v2\/product"}],"about":[{"href":"https:\/\/fatbike-de.com\/index.php\/wp-json\/wp\/v2\/types\/product"}],"replies":[{"embeddable":true,"href":"https:\/\/fatbike-de.com\/index.php\/wp-json\/wp\/v2\/comments?post=9990"}],"wp:featuredmedia":[{"embeddable":true,"href":"https:\/\/fatbike-de.com\/index.php\/wp-json\/wp\/v2\/media\/10007"}],"wp:attachment":[{"href":"https:\/\/fatbike-de.com\/index.php\/wp-json\/wp\/v2\/media?parent=9990"}],"wp:term":[{"taxonomy":"product_brand","embeddable":true,"href":"https:\/\/fatbike-de.com\/index.php\/wp-json\/wp\/v2\/product_brand?post=9990"},{"taxonomy":"product_cat","embeddable":true,"href":"https:\/\/fatbike-de.com\/index.php\/wp-json\/wp\/v2\/product_cat?post=9990"},{"taxonomy":"product_tag","embeddable":true,"href":"https:\/\/fatbike-de.com\/index.php\/wp-json\/wp\/v2\/product_tag?post=9990"}],"curies":[{"name":"wp","href":"https:\/\/api.w.org\/{rel}","templated":true}]}}